{"id":9,"date":"2013-01-23T20:17:56","date_gmt":"2013-01-23T19:17:56","guid":{"rendered":"http:\/\/ilc-poland.com\/?page_id=9"},"modified":"2024-02-09T21:34:19","modified_gmt":"2024-02-09T20:34:19","slug":"our-values","status":"publish","type":"page","link":"https:\/\/ilc-poland.com\/pl\/firma\/our-values\/","title":{"rendered":"NASZE WARTO\u015aCI"},"content":{"rendered":"<p><\/p>\n<h3>Profesjonalizm<\/h3>\n<p>Kancelaria\u00a0ma rozleg\u0142e do\u015bwiadczenie w dziedzinie mi\u0119dzynarodowych standard\u00f3w korporacyjnych dzi\u0119ki czemu oferuje obs\u0142ug\u0119 prawn\u0105 odpowiadaj\u0105c\u0105 najwy\u017cszym standardom merytorycznym. Nasi adwokaci ciesz\u0105 si\u0119 uznaniem ze strony naszych klient\u00f3w z uwagi na swoj\u0105 wiedz\u0119, umiej\u0119tno\u015bci i profesjonalizm, dzi\u0119ki kt\u00f3rym s\u0105 w stanie sprosta\u0107 ich wysokim wymaganiom. Nasz\u0105 prac\u0119 cechuj\u0105 r\u00f3wnie\u017c wysokie standardy etyczne oraz rygorystyczne podej\u015bcie do zasad adwokackiej tajemnicy zawodowej. Wiemy, i\u017c zaw\u00f3d adwokata jest zawodem zaufania publicznego, poniewa\u017c dzi\u0119ki niemu realizuje si\u0119 dost\u0119p obywateli do wymiaru sprawiedliwo\u015bci. Dlatego zapewniaj\u0105c naszym klientom wysokiej jako\u015bci pomoc prawn\u0105, zawsze dzia\u0142amy w ich najlepiej poj\u0119tym interesie.<\/p>\n<h3>Innowacyjno\u015b\u0107, Pasja, Skuteczno\u015b\u0107<\/h3>\n<p>Pasja, z jak\u0105 wykonujemy sw\u00f3j zaw\u00f3d, sprawia, \u017ce nieustannie pog\u0142\u0119biamy\u00a0swoj\u0105 wiedz\u0119. Umo\u017cliwia to nam nie tylko dostosowanie\u00a0si\u0119 do zmieniaj\u0105cych si\u0119 uwarunkowa\u0144 rynkowych, ale i na niezw\u0142oczne reagowanie na zmieniaj\u0105ce si\u0119 potrzeby naszych klient\u00f3w. Nasza innowacyjno\u015b\u0107 pozwala nam na wypracowywanie praktycznych, nowoczesnych i skutecznych rozwi\u0105za\u0144 codziennych problem\u00f3w naszych klient\u00f3w.<\/p>\n<h3>Elastyczno\u015b\u0107, Zaanga\u017cowanie<\/h3>\n<p>Prawnicy Kancelarii s\u0105 nie tylko ekspertami w swoich dziedzinach, ale posiadaj\u0105 tak\u017ce zdolno\u015bci komunikacyjne i \u015bwiadomo\u015b\u0107 r\u00f3\u017cnic kulturowych, kt\u00f3re pozwalaj\u0105 im w doskona\u0142y spos\u00f3b reagowa\u0107 na potrzeby naszych klient\u00f3w. Jeste\u015bmy otwarci na potrzeby naszych klient\u00f3w i staramy si\u0119 by\u0107 elastyczni w proponowanych rozwi\u0105zaniach. Zawsze staramy si\u0119 zrozumie\u0107, czego oczekuje klient i zapewni\u0107 mu to w oczekiwany przez niego spos\u00f3b. Naszym g\u0142\u00f3wnym celem jest wypracowanie zaufania klient\u00f3w na d\u0142ugie lata.<\/p>","protected":false},"excerpt":{"rendered":"<p>Profesjonalizm Kancelaria\u00a0ma rozleg\u0142e do\u015bwiadczenie w dziedzinie mi\u0119dzynarodowych standard\u00f3w korporacyjnych dzi\u0119ki czemu oferuje obs\u0142ug\u0119 prawn\u0105 odpowiadaj\u0105c\u0105 najwy\u017cszym standardom merytorycznym. Nasi adwokaci ciesz\u0105 si\u0119 uznaniem ze strony naszych klient\u00f3w z uwagi na swoj\u0105 wiedz\u0119, umiej\u0119tno\u015bci i profesjonalizm, dzi\u0119ki kt\u00f3rym s\u0105 w stanie sprosta\u0107 ich wysokim wymaganiom. Nasz\u0105 <span class=\"ellipsis\">&hellip;<\/span> <span class=\"more-link-wrap\"><a href=\"https:\/\/ilc-poland.com\/pl\/firma\/our-values\/\" class=\"more-link\"><span>Wi\u0119cej&#8230;<\/span><\/a><\/span><\/p>\n","protected":false},"author":2,"featured_media":0,"parent":57,"menu_order":10,"comment_status":"closed","ping_status":"closed","template":"","meta":{"footnotes":""},"yoast_head":"<!-- This site is optimized with the Yoast SEO plugin v22.9 - https:\/\/yoast.com\/wordpress\/plugins\/seo\/ -->\n<title>NASZE WARTO\u015aCI - International Legal Consulting Poland<\/title>\n<meta name=\"robots\" content=\"index, follow, max-snippet:-1, max-image-preview:large, max-video-preview:-1\" \/>\n<link rel=\"canonical\" href=\"https:\/\/ilc-poland.com\/firma\/our-values\/\" \/>\n<meta property=\"og:locale\" content=\"pl_PL\" \/>\n<meta property=\"og:type\" content=\"article\" \/>\n<meta property=\"og:title\" content=\"NASZE WARTO\u015aCI - International Legal Consulting Poland\" \/>\n<meta property=\"og:description\" content=\"Profesjonalizm Kancelaria\u00a0ma rozleg\u0142e do\u015bwiadczenie w dziedzinie mi\u0119dzynarodowych standard\u00f3w korporacyjnych dzi\u0119ki czemu oferuje obs\u0142ug\u0119 prawn\u0105 odpowiadaj\u0105c\u0105 najwy\u017cszym standardom merytorycznym. Nasi adwokaci ciesz\u0105 si\u0119 uznaniem ze strony naszych klient\u00f3w z uwagi na swoj\u0105 wiedz\u0119, umiej\u0119tno\u015bci i profesjonalizm, dzi\u0119ki kt\u00f3rym s\u0105 w stanie sprosta\u0107 ich wysokim wymaganiom. Nasz\u0105 &hellip; Wi\u0119cej...\" \/>\n<meta property=\"og:url\" content=\"https:\/\/ilc-poland.com\/firma\/our-values\/\" \/>\n<meta property=\"og:site_name\" content=\"International Legal Consulting Poland\" \/>\n<meta property=\"article:modified_time\" content=\"2024-02-09T20:34:19+00:00\" \/>\n<meta name=\"twitter:card\" content=\"summary_large_image\" \/>\n<meta name=\"twitter:label1\" content=\"Szacowany czas czytania\" \/>\n\t<meta name=\"twitter:data1\" content=\"1 minuta\" \/>\n<script type=\"application\/ld+json\" class=\"yoast-schema-graph\">{\"@context\":\"https:\/\/schema.org\",\"@graph\":[{\"@type\":\"WebPage\",\"@id\":\"https:\/\/ilc-poland.com\/firma\/our-values\/\",\"url\":\"https:\/\/ilc-poland.com\/firma\/our-values\/\",\"name\":\"[:en]OUR VALUES[:pl]NASZE WARTO\u015aCI[:it]I NOSTRI VALORI[:] - International Legal Consulting Poland\",\"isPartOf\":{\"@id\":\"https:\/\/ilc-poland.com\/pl\/#website\"},\"datePublished\":\"2013-01-23T19:17:56+00:00\",\"dateModified\":\"2024-02-09T20:34:19+00:00\",\"breadcrumb\":{\"@id\":\"https:\/\/ilc-poland.com\/firma\/our-values\/#breadcrumb\"},\"inLanguage\":\"pl-PL\",\"potentialAction\":[{\"@type\":\"ReadAction\",\"target\":[\"https:\/\/ilc-poland.com\/firma\/our-values\/\"]}]},{\"@type\":\"BreadcrumbList\",\"@id\":\"https:\/\/ilc-poland.com\/firma\/our-values\/#breadcrumb\",\"itemListElement\":[{\"@type\":\"ListItem\",\"position\":1,\"name\":\"Home\",\"item\":\"https:\/\/ilc-poland.com\/pl\/\"},{\"@type\":\"ListItem\",\"position\":2,\"name\":\"KANCELARIA\",\"item\":\"https:\/\/ilc-poland.com\/pl\/\"},{\"@type\":\"ListItem\",\"position\":3,\"name\":\"OUR VALUES\"}]},{\"@type\":\"WebSite\",\"@id\":\"https:\/\/ilc-poland.com\/pl\/#website\",\"url\":\"https:\/\/ilc-poland.com\/pl\/\",\"name\":\"International Legal Consulting Poland\",\"description\":\"a law firm presented by Emilia Di Salvo\",\"publisher\":{\"@id\":\"https:\/\/ilc-poland.com\/pl\/#organization\"},\"potentialAction\":[{\"@type\":\"SearchAction\",\"target\":{\"@type\":\"EntryPoint\",\"urlTemplate\":\"https:\/\/ilc-poland.com\/pl\/?s={search_term_string}\"},\"query-input\":\"required name=search_term_string\"}],\"inLanguage\":\"pl-PL\"},{\"@type\":\"Organization\",\"@id\":\"https:\/\/ilc-poland.com\/pl\/#organization\",\"name\":\"International Legal Consulting Poland\",\"url\":\"https:\/\/ilc-poland.com\/pl\/\",\"logo\":{\"@type\":\"ImageObject\",\"inLanguage\":\"pl-PL\",\"@id\":\"https:\/\/ilc-poland.com\/pl\/#\/schema\/logo\/image\/\",\"url\":\"https:\/\/ilc-poland.com\/wp-content\/uploads\/2013\/02\/logo_text_med.png\",\"contentUrl\":\"https:\/\/ilc-poland.com\/wp-content\/uploads\/2013\/02\/logo_text_med.png\",\"width\":200,\"height\":93,\"caption\":\"International Legal Consulting Poland\"},\"image\":{\"@id\":\"https:\/\/ilc-poland.com\/pl\/#\/schema\/logo\/image\/\"},\"sameAs\":[\"https:\/\/www.linkedin.com\/in\/emiliadisalvo\/\"]}]}<\/script>\n<!-- \/ Yoast SEO plugin. -->","yoast_head_json":{"title":"NASZE WARTO\u015aCI - International Legal Consulting Poland","robots":{"index":"index","follow":"follow","max-snippet":"max-snippet:-1","max-image-preview":"max-image-preview:large","max-video-preview":"max-video-preview:-1"},"canonical":"https:\/\/ilc-poland.com\/firma\/our-values\/","og_locale":"pl_PL","og_type":"article","og_title":"NASZE WARTO\u015aCI - International Legal Consulting Poland","og_description":"Profesjonalizm Kancelaria\u00a0ma rozleg\u0142e do\u015bwiadczenie w dziedzinie mi\u0119dzynarodowych standard\u00f3w korporacyjnych dzi\u0119ki czemu oferuje obs\u0142ug\u0119 prawn\u0105 odpowiadaj\u0105c\u0105 najwy\u017cszym standardom merytorycznym. Nasi adwokaci ciesz\u0105 si\u0119 uznaniem ze strony naszych klient\u00f3w z uwagi na swoj\u0105 wiedz\u0119, umiej\u0119tno\u015bci i profesjonalizm, dzi\u0119ki kt\u00f3rym s\u0105 w stanie sprosta\u0107 ich wysokim wymaganiom. Nasz\u0105 &hellip; Wi\u0119cej...","og_url":"https:\/\/ilc-poland.com\/firma\/our-values\/","og_site_name":"International Legal Consulting Poland","article_modified_time":"2024-02-09T20:34:19+00:00","twitter_card":"summary_large_image","twitter_misc":{"Szacowany czas czytania":"1 minuta"},"schema":{"@context":"https:\/\/schema.org","@graph":[{"@type":"WebPage","@id":"https:\/\/ilc-poland.com\/firma\/our-values\/","url":"https:\/\/ilc-poland.com\/firma\/our-values\/","name":"[:en]OUR VALUES[:pl]NASZE WARTO\u015aCI[:it]I NOSTRI VALORI[:] - International Legal Consulting Poland","isPartOf":{"@id":"https:\/\/ilc-poland.com\/pl\/#website"},"datePublished":"2013-01-23T19:17:56+00:00","dateModified":"2024-02-09T20:34:19+00:00","breadcrumb":{"@id":"https:\/\/ilc-poland.com\/firma\/our-values\/#breadcrumb"},"inLanguage":"pl-PL","potentialAction":[{"@type":"ReadAction","target":["https:\/\/ilc-poland.com\/firma\/our-values\/"]}]},{"@type":"BreadcrumbList","@id":"https:\/\/ilc-poland.com\/firma\/our-values\/#breadcrumb","itemListElement":[{"@type":"ListItem","position":1,"name":"Home","item":"https:\/\/ilc-poland.com\/pl\/"},{"@type":"ListItem","position":2,"name":"KANCELARIA","item":"https:\/\/ilc-poland.com\/pl\/"},{"@type":"ListItem","position":3,"name":"OUR VALUES"}]},{"@type":"WebSite","@id":"https:\/\/ilc-poland.com\/pl\/#website","url":"https:\/\/ilc-poland.com\/pl\/","name":"International Legal Consulting Poland","description":"a law firm presented by Emilia Di Salvo","publisher":{"@id":"https:\/\/ilc-poland.com\/pl\/#organization"},"potentialAction":[{"@type":"SearchAction","target":{"@type":"EntryPoint","urlTemplate":"https:\/\/ilc-poland.com\/pl\/?s={search_term_string}"},"query-input":"required name=search_term_string"}],"inLanguage":"pl-PL"},{"@type":"Organization","@id":"https:\/\/ilc-poland.com\/pl\/#organization","name":"International Legal Consulting Poland","url":"https:\/\/ilc-poland.com\/pl\/","logo":{"@type":"ImageObject","inLanguage":"pl-PL","@id":"https:\/\/ilc-poland.com\/pl\/#\/schema\/logo\/image\/","url":"https:\/\/ilc-poland.com\/wp-content\/uploads\/2013\/02\/logo_text_med.png","contentUrl":"https:\/\/ilc-poland.com\/wp-content\/uploads\/2013\/02\/logo_text_med.png","width":200,"height":93,"caption":"International Legal Consulting Poland"},"image":{"@id":"https:\/\/ilc-poland.com\/pl\/#\/schema\/logo\/image\/"},"sameAs":["https:\/\/www.linkedin.com\/in\/emiliadisalvo\/"]}]}},"_links":{"self":[{"href":"https:\/\/ilc-poland.com\/pl\/wp-json\/wp\/v2\/pages\/9"}],"collection":[{"href":"https:\/\/ilc-poland.com\/pl\/wp-json\/wp\/v2\/pages"}],"about":[{"href":"https:\/\/ilc-poland.com\/pl\/wp-json\/wp\/v2\/types\/page"}],"author":[{"embeddable":true,"href":"https:\/\/ilc-poland.com\/pl\/wp-json\/wp\/v2\/users\/2"}],"replies":[{"embeddable":true,"href":"https:\/\/ilc-poland.com\/pl\/wp-json\/wp\/v2\/comments?post=9"}],"version-history":[{"count":70,"href":"https:\/\/ilc-poland.com\/pl\/wp-json\/wp\/v2\/pages\/9\/revisions"}],"predecessor-version":[{"id":1642,"href":"https:\/\/ilc-poland.com\/pl\/wp-json\/wp\/v2\/pages\/9\/revisions\/1642"}],"up":[{"embeddable":true,"href":"https:\/\/ilc-poland.com\/pl\/wp-json\/wp\/v2\/pages\/57"}],"wp:attachment":[{"href":"https:\/\/ilc-poland.com\/pl\/wp-json\/wp\/v2\/media?parent=9"}],"curies":[{"name":"wp","href":"https:\/\/api.w.org\/{rel}","templated":true}]}}