{"id":288,"date":"2013-02-02T15:30:04","date_gmt":"2013-02-02T14:30:04","guid":{"rendered":"http:\/\/ilc-poland.com\/?page_id=288"},"modified":"2013-05-31T17:52:17","modified_gmt":"2013-05-31T16:52:17","slug":"damage-in-obstetrics","status":"publish","type":"page","link":"https:\/\/ilc-poland.com\/pl\/medical-law\/damage-in-obstetrics\/","title":{"rendered":"SZKODY ZWI\u0104ZANE z PORODEM"},"content":{"rendered":"<p>W naszej praktyce szczeg\u00f3ln\u0105 rol\u0119 odgrywa problematyka szk\u00f3d poniesionych przez matk\u0119 i dziecko w okresie ci\u0105\u017cy i porodu. Ten szczeg\u00f3lny okres jest obarczony znacznym ryzykiem zdrowotnym. Niezb\u0119dne jest przestrzeganie przez personel medyczny zasad i standard\u00f3w opieki oko\u0142oporodowej i opieki nad noworodkiem. Post\u0119powanie zwi\u0105zane z porodem, niezgodne z og\u00f3lnie przyj\u0119tym post\u0119powaniem medycznym, jest bezprawne.<\/p>\n<p>Reprezentujemy rodzic\u00f3w dziecka w sprawach przeciwko lekarzom lub personelowi medycznemu, kt\u00f3rzy swoim post\u0119powaniem spowodowali \u015bmier\u0107, nieodwracalne upo\u015bledzenie dziecka lub zaniechali zmniejszenia b\u0105d\u017a usuni\u0119cia jego defekt\u00f3w zdrowotnych.<\/p>\n<p>Walczymy o odszkodowania i zado\u015b\u0107uczynienia za:<\/p>\n<ul>\n<li>szkody matki lub dziecka w zwi\u0105zku z wyborem niew\u0142a\u015bciwej drogi porodu lub niew\u0142a\u015bciwym jego przeprowadzeniem (m.in. odmowa przeprowadzenia lub zbyt p\u00f3\u017ane przeprowadzenie zabiegu cesarskiego ci\u0119cia);<\/li>\n<li>szkody wynik\u0142e z zaniedba\u0144 w kontrolowaniu stanu p\u0142odu i zaniechania przeprowadzenia koniecznych bada\u0144;<\/li>\n<li>szkody wynik\u0142e z zaniedbania intensywnego nadzoru nad matk\u0105 dziecka w sytuacji zagro\u017cenia powik\u0142a\u0144 ci\u0105\u017cy i porodu;<\/li>\n<li>pozbawienia matki prawa do informacji i do podejmowania wa\u017cnych decyzji dotycz\u0105cych porodu.<\/li>\n<\/ul>\n<p><\/p>","protected":false},"excerpt":{"rendered":"<p>W naszej praktyce szczeg\u00f3ln\u0105 rol\u0119 odgrywa problematyka szk\u00f3d poniesionych przez matk\u0119 i dziecko w okresie ci\u0105\u017cy i porodu. Ten szczeg\u00f3lny okres jest obarczony znacznym ryzykiem zdrowotnym. Niezb\u0119dne jest przestrzeganie przez personel medyczny zasad i standard\u00f3w opieki oko\u0142oporodowej i opieki nad noworodkiem. Post\u0119powanie zwi\u0105zane z porodem, <span class=\"ellipsis\">&hellip;<\/span> <span class=\"more-link-wrap\"><a href=\"https:\/\/ilc-poland.com\/pl\/medical-law\/damage-in-obstetrics\/\" class=\"more-link\"><span>Wi\u0119cej&#8230;<\/span><\/a><\/span><\/p>\n","protected":false},"author":3,"featured_media":0,"parent":13,"menu_order":15,"comment_status":"closed","ping_status":"closed","template":"","meta":{"footnotes":""},"yoast_head":"<!-- This site is optimized with the Yoast SEO plugin v22.9 - https:\/\/yoast.com\/wordpress\/plugins\/seo\/ -->\n<title>SZKODY ZWI\u0104ZANE z PORODEM - International Legal Consulting Poland<\/title>\n<meta name=\"robots\" content=\"index, follow, max-snippet:-1, max-image-preview:large, max-video-preview:-1\" \/>\n<link rel=\"canonical\" href=\"https:\/\/ilc-poland.com\/it\/medical-law\/damage-in-obstetrics\/\" \/>\n<meta property=\"og:locale\" content=\"pl_PL\" \/>\n<meta property=\"og:type\" content=\"article\" \/>\n<meta property=\"og:title\" content=\"SZKODY ZWI\u0104ZANE z PORODEM - International Legal Consulting Poland\" \/>\n<meta property=\"og:description\" content=\"W naszej praktyce szczeg\u00f3ln\u0105 rol\u0119 odgrywa problematyka szk\u00f3d poniesionych przez matk\u0119 i dziecko w okresie ci\u0105\u017cy i porodu. Ten szczeg\u00f3lny okres jest obarczony znacznym ryzykiem zdrowotnym. Niezb\u0119dne jest przestrzeganie przez personel medyczny zasad i standard\u00f3w opieki oko\u0142oporodowej i opieki nad noworodkiem. Post\u0119powanie zwi\u0105zane z porodem, &hellip; Wi\u0119cej...\" \/>\n<meta property=\"og:url\" content=\"https:\/\/ilc-poland.com\/it\/medical-law\/damage-in-obstetrics\/\" \/>\n<meta property=\"og:site_name\" content=\"International Legal Consulting Poland\" \/>\n<meta property=\"article:modified_time\" content=\"2013-05-31T16:52:17+00:00\" \/>\n<meta name=\"twitter:card\" content=\"summary_large_image\" \/>\n<meta name=\"twitter:label1\" content=\"Szacowany czas czytania\" \/>\n\t<meta name=\"twitter:data1\" content=\"2 minuty\" \/>\n<script type=\"application\/ld+json\" class=\"yoast-schema-graph\">{\"@context\":\"https:\/\/schema.org\",\"@graph\":[{\"@type\":\"WebPage\",\"@id\":\"https:\/\/ilc-poland.com\/it\/medical-law\/damage-in-obstetrics\/\",\"url\":\"https:\/\/ilc-poland.com\/it\/medical-law\/damage-in-obstetrics\/\",\"name\":\"[:en]CHILDBIRTH ASSOCIATED DAMAGE[:pl]SZKODY ZWI\u0104ZANE z PORODEM[:it]DANNI in OSTETRICIA[:] - International Legal Consulting Poland\",\"isPartOf\":{\"@id\":\"https:\/\/ilc-poland.com\/pl\/#website\"},\"datePublished\":\"2013-02-02T14:30:04+00:00\",\"dateModified\":\"2013-05-31T16:52:17+00:00\",\"breadcrumb\":{\"@id\":\"https:\/\/ilc-poland.com\/it\/medical-law\/damage-in-obstetrics\/#breadcrumb\"},\"inLanguage\":\"pl-PL\",\"potentialAction\":[{\"@type\":\"ReadAction\",\"target\":[\"https:\/\/ilc-poland.com\/it\/medical-law\/damage-in-obstetrics\/\"]}]},{\"@type\":\"BreadcrumbList\",\"@id\":\"https:\/\/ilc-poland.com\/it\/medical-law\/damage-in-obstetrics\/#breadcrumb\",\"itemListElement\":[{\"@type\":\"ListItem\",\"position\":1,\"name\":\"Home\",\"item\":\"https:\/\/ilc-poland.com\/pl\/\"},{\"@type\":\"ListItem\",\"position\":2,\"name\":\"DIRITTO MEDICO\",\"item\":\"https:\/\/ilc-poland.com\/it\/medical-law\/\"},{\"@type\":\"ListItem\",\"position\":3,\"name\":\"DANNI in OSTETRICIA\"}]},{\"@type\":\"WebSite\",\"@id\":\"https:\/\/ilc-poland.com\/pl\/#website\",\"url\":\"https:\/\/ilc-poland.com\/pl\/\",\"name\":\"International Legal Consulting Poland\",\"description\":\"a law firm presented by Emilia Di Salvo\",\"publisher\":{\"@id\":\"https:\/\/ilc-poland.com\/pl\/#organization\"},\"potentialAction\":[{\"@type\":\"SearchAction\",\"target\":{\"@type\":\"EntryPoint\",\"urlTemplate\":\"https:\/\/ilc-poland.com\/pl\/?s={search_term_string}\"},\"query-input\":\"required name=search_term_string\"}],\"inLanguage\":\"pl-PL\"},{\"@type\":\"Organization\",\"@id\":\"https:\/\/ilc-poland.com\/pl\/#organization\",\"name\":\"International Legal Consulting Poland\",\"url\":\"https:\/\/ilc-poland.com\/pl\/\",\"logo\":{\"@type\":\"ImageObject\",\"inLanguage\":\"pl-PL\",\"@id\":\"https:\/\/ilc-poland.com\/pl\/#\/schema\/logo\/image\/\",\"url\":\"https:\/\/ilc-poland.com\/wp-content\/uploads\/2013\/02\/logo_text_med.png\",\"contentUrl\":\"https:\/\/ilc-poland.com\/wp-content\/uploads\/2013\/02\/logo_text_med.png\",\"width\":200,\"height\":93,\"caption\":\"International Legal Consulting Poland\"},\"image\":{\"@id\":\"https:\/\/ilc-poland.com\/pl\/#\/schema\/logo\/image\/\"},\"sameAs\":[\"https:\/\/www.linkedin.com\/in\/emiliadisalvo\/\"]}]}<\/script>\n<!-- \/ Yoast SEO plugin. -->","yoast_head_json":{"title":"SZKODY ZWI\u0104ZANE z PORODEM - International Legal Consulting Poland","robots":{"index":"index","follow":"follow","max-snippet":"max-snippet:-1","max-image-preview":"max-image-preview:large","max-video-preview":"max-video-preview:-1"},"canonical":"https:\/\/ilc-poland.com\/it\/medical-law\/damage-in-obstetrics\/","og_locale":"pl_PL","og_type":"article","og_title":"SZKODY ZWI\u0104ZANE z PORODEM - International Legal Consulting Poland","og_description":"W naszej praktyce szczeg\u00f3ln\u0105 rol\u0119 odgrywa problematyka szk\u00f3d poniesionych przez matk\u0119 i dziecko w okresie ci\u0105\u017cy i porodu. Ten szczeg\u00f3lny okres jest obarczony znacznym ryzykiem zdrowotnym. Niezb\u0119dne jest przestrzeganie przez personel medyczny zasad i standard\u00f3w opieki oko\u0142oporodowej i opieki nad noworodkiem. Post\u0119powanie zwi\u0105zane z porodem, &hellip; Wi\u0119cej...","og_url":"https:\/\/ilc-poland.com\/it\/medical-law\/damage-in-obstetrics\/","og_site_name":"International Legal Consulting Poland","article_modified_time":"2013-05-31T16:52:17+00:00","twitter_card":"summary_large_image","twitter_misc":{"Szacowany czas czytania":"2 minuty"},"schema":{"@context":"https:\/\/schema.org","@graph":[{"@type":"WebPage","@id":"https:\/\/ilc-poland.com\/it\/medical-law\/damage-in-obstetrics\/","url":"https:\/\/ilc-poland.com\/it\/medical-law\/damage-in-obstetrics\/","name":"[:en]CHILDBIRTH ASSOCIATED DAMAGE[:pl]SZKODY ZWI\u0104ZANE z PORODEM[:it]DANNI in OSTETRICIA[:] - International Legal Consulting Poland","isPartOf":{"@id":"https:\/\/ilc-poland.com\/pl\/#website"},"datePublished":"2013-02-02T14:30:04+00:00","dateModified":"2013-05-31T16:52:17+00:00","breadcrumb":{"@id":"https:\/\/ilc-poland.com\/it\/medical-law\/damage-in-obstetrics\/#breadcrumb"},"inLanguage":"pl-PL","potentialAction":[{"@type":"ReadAction","target":["https:\/\/ilc-poland.com\/it\/medical-law\/damage-in-obstetrics\/"]}]},{"@type":"BreadcrumbList","@id":"https:\/\/ilc-poland.com\/it\/medical-law\/damage-in-obstetrics\/#breadcrumb","itemListElement":[{"@type":"ListItem","position":1,"name":"Home","item":"https:\/\/ilc-poland.com\/pl\/"},{"@type":"ListItem","position":2,"name":"DIRITTO MEDICO","item":"https:\/\/ilc-poland.com\/it\/medical-law\/"},{"@type":"ListItem","position":3,"name":"DANNI in OSTETRICIA"}]},{"@type":"WebSite","@id":"https:\/\/ilc-poland.com\/pl\/#website","url":"https:\/\/ilc-poland.com\/pl\/","name":"International Legal Consulting Poland","description":"a law firm presented by Emilia Di Salvo","publisher":{"@id":"https:\/\/ilc-poland.com\/pl\/#organization"},"potentialAction":[{"@type":"SearchAction","target":{"@type":"EntryPoint","urlTemplate":"https:\/\/ilc-poland.com\/pl\/?s={search_term_string}"},"query-input":"required name=search_term_string"}],"inLanguage":"pl-PL"},{"@type":"Organization","@id":"https:\/\/ilc-poland.com\/pl\/#organization","name":"International Legal Consulting Poland","url":"https:\/\/ilc-poland.com\/pl\/","logo":{"@type":"ImageObject","inLanguage":"pl-PL","@id":"https:\/\/ilc-poland.com\/pl\/#\/schema\/logo\/image\/","url":"https:\/\/ilc-poland.com\/wp-content\/uploads\/2013\/02\/logo_text_med.png","contentUrl":"https:\/\/ilc-poland.com\/wp-content\/uploads\/2013\/02\/logo_text_med.png","width":200,"height":93,"caption":"International Legal Consulting Poland"},"image":{"@id":"https:\/\/ilc-poland.com\/pl\/#\/schema\/logo\/image\/"},"sameAs":["https:\/\/www.linkedin.com\/in\/emiliadisalvo\/"]}]}},"_links":{"self":[{"href":"https:\/\/ilc-poland.com\/pl\/wp-json\/wp\/v2\/pages\/288"}],"collection":[{"href":"https:\/\/ilc-poland.com\/pl\/wp-json\/wp\/v2\/pages"}],"about":[{"href":"https:\/\/ilc-poland.com\/pl\/wp-json\/wp\/v2\/types\/page"}],"author":[{"embeddable":true,"href":"https:\/\/ilc-poland.com\/pl\/wp-json\/wp\/v2\/users\/3"}],"replies":[{"embeddable":true,"href":"https:\/\/ilc-poland.com\/pl\/wp-json\/wp\/v2\/comments?post=288"}],"version-history":[{"count":17,"href":"https:\/\/ilc-poland.com\/pl\/wp-json\/wp\/v2\/pages\/288\/revisions"}],"predecessor-version":[{"id":489,"href":"https:\/\/ilc-poland.com\/pl\/wp-json\/wp\/v2\/pages\/288\/revisions\/489"}],"up":[{"embeddable":true,"href":"https:\/\/ilc-poland.com\/pl\/wp-json\/wp\/v2\/pages\/13"}],"wp:attachment":[{"href":"https:\/\/ilc-poland.com\/pl\/wp-json\/wp\/v2\/media?parent=288"}],"curies":[{"name":"wp","href":"https:\/\/api.w.org\/{rel}","templated":true}]}}