{"id":285,"date":"2013-02-02T15:27:33","date_gmt":"2013-02-02T14:27:33","guid":{"rendered":"http:\/\/ilc-poland.com\/?page_id=285"},"modified":"2013-05-31T17:47:50","modified_gmt":"2013-05-31T16:47:50","slug":"nosocomial-infections","status":"publish","type":"page","link":"https:\/\/ilc-poland.com\/pl\/medical-law\/nosocomial-infections\/","title":{"rendered":"ZAKA\u017bENIA SZPITALNE"},"content":{"rendered":"<p>W realiach polskiej opieki zdrowotnej zaka\u017cenia szpitalne niestety wci\u0105\u017c pozostaj\u0105 istotnym problemem. W sytuacji nienale\u017cytej\u00a0higieny, nieprzestrzegania przez personel szpitala zasad aseptyki i stosownych procedur, niestety w zasadzie ka\u017cdy zabieg medyczny zwi\u0119ksza ryzyko zaka\u017cenia pacjenta wirusami, grzybami czy bakteriami, najcz\u0119\u015bciej gronkowcem z\u0142ocistym, HCV lub HCB, czy te\u017c bakteri\u0105 coli.<\/p>\n<p>Dow\u00f3d, i\u017c w momencie przyjmowania do szpitala zaka\u017cenie nie wyst\u0119powa\u0142o, jak r\u00f3wnie\u017c nie znajdowa\u0142o si\u0119 w okresie wyl\u0119gania, umo\u017cliwia dochodzenie odszkodowania od plac\u00f3wki medycznej. Oczywi\u015bcie szpital nie odpowiada za ka\u017cde zaka\u017cenie, jednak w sprawach zaka\u017ce\u0144 medycznych istniej\u0105 specyficzne regulacje dowodowe u\u0142atwiaj\u0105ce poszkodowanym pacjentom dochodzenie roszcze\u0144.<\/p>\n<p>Kancelaria pomaga w uzyskaniu odszkodowa\u0144 z tytu\u0142u:<\/p>\n<ul>\n<li>pogorszenia si\u0119 stanu zdrowia na skutek zaka\u017cenia;<\/li>\n<li>powik\u0142a\u0144 gojenia rany pooperacyjnej na skutek zaka\u017cenia;<\/li>\n<li>powik\u0142a\u0144 w leczeniu choroby podstawowej na skutek zaka\u017cenia;<\/li>\n<li>nieprawid\u0142owego leczenia przez szpital stwierdzonego zaka\u017cenia.<\/li>\n<\/ul>\n<p><\/p>","protected":false},"excerpt":{"rendered":"<p>W realiach polskiej opieki zdrowotnej zaka\u017cenia szpitalne niestety wci\u0105\u017c pozostaj\u0105 istotnym problemem. W sytuacji nienale\u017cytej\u00a0higieny, nieprzestrzegania przez personel szpitala zasad aseptyki i stosownych procedur, niestety w zasadzie ka\u017cdy zabieg medyczny zwi\u0119ksza ryzyko zaka\u017cenia pacjenta wirusami, grzybami czy bakteriami, najcz\u0119\u015bciej gronkowcem z\u0142ocistym, HCV lub HCB, czy <span class=\"ellipsis\">&hellip;<\/span> <span class=\"more-link-wrap\"><a href=\"https:\/\/ilc-poland.com\/pl\/medical-law\/nosocomial-infections\/\" class=\"more-link\"><span>Wi\u0119cej&#8230;<\/span><\/a><\/span><\/p>\n","protected":false},"author":3,"featured_media":0,"parent":13,"menu_order":20,"comment_status":"closed","ping_status":"closed","template":"","meta":{"footnotes":""},"yoast_head":"<!-- This site is optimized with the Yoast SEO plugin v22.9 - https:\/\/yoast.com\/wordpress\/plugins\/seo\/ -->\n<title>ZAKA\u017bENIA SZPITALNE - International Legal Consulting Poland<\/title>\n<meta name=\"robots\" content=\"index, follow, max-snippet:-1, max-image-preview:large, max-video-preview:-1\" \/>\n<link rel=\"canonical\" href=\"https:\/\/ilc-poland.com\/pl\/medical-law\/nosocomial-infections\/\" \/>\n<meta property=\"og:locale\" content=\"pl_PL\" \/>\n<meta property=\"og:type\" content=\"article\" \/>\n<meta property=\"og:title\" content=\"ZAKA\u017bENIA SZPITALNE - International Legal Consulting Poland\" \/>\n<meta property=\"og:description\" content=\"W realiach polskiej opieki zdrowotnej zaka\u017cenia szpitalne niestety wci\u0105\u017c pozostaj\u0105 istotnym problemem. W sytuacji nienale\u017cytej\u00a0higieny, nieprzestrzegania przez personel szpitala zasad aseptyki i stosownych procedur, niestety w zasadzie ka\u017cdy zabieg medyczny zwi\u0119ksza ryzyko zaka\u017cenia pacjenta wirusami, grzybami czy bakteriami, najcz\u0119\u015bciej gronkowcem z\u0142ocistym, HCV lub HCB, czy &hellip; Wi\u0119cej...\" \/>\n<meta property=\"og:url\" content=\"https:\/\/ilc-poland.com\/pl\/medical-law\/nosocomial-infections\/\" \/>\n<meta property=\"og:site_name\" content=\"International Legal Consulting Poland\" \/>\n<meta property=\"article:modified_time\" content=\"2013-05-31T16:47:50+00:00\" \/>\n<meta name=\"twitter:card\" content=\"summary_large_image\" \/>\n<meta name=\"twitter:label1\" content=\"Szacowany czas czytania\" \/>\n\t<meta name=\"twitter:data1\" content=\"2 minuty\" \/>\n<script type=\"application\/ld+json\" class=\"yoast-schema-graph\">{\"@context\":\"https:\/\/schema.org\",\"@graph\":[{\"@type\":\"WebPage\",\"@id\":\"https:\/\/ilc-poland.com\/pl\/medical-law\/nosocomial-infections\/\",\"url\":\"https:\/\/ilc-poland.com\/pl\/medical-law\/nosocomial-infections\/\",\"name\":\"[:en]NOSOCOMIAL INFECTIONS[:pl]ZAKA\u017bENIA SZPITALNE[:it]INFEZIONI OSPEDALIERE[:] - International Legal Consulting Poland\",\"isPartOf\":{\"@id\":\"https:\/\/ilc-poland.com\/pl\/#website\"},\"datePublished\":\"2013-02-02T14:27:33+00:00\",\"dateModified\":\"2013-05-31T16:47:50+00:00\",\"breadcrumb\":{\"@id\":\"https:\/\/ilc-poland.com\/pl\/medical-law\/nosocomial-infections\/#breadcrumb\"},\"inLanguage\":\"pl-PL\",\"potentialAction\":[{\"@type\":\"ReadAction\",\"target\":[\"https:\/\/ilc-poland.com\/pl\/medical-law\/nosocomial-infections\/\"]}]},{\"@type\":\"BreadcrumbList\",\"@id\":\"https:\/\/ilc-poland.com\/pl\/medical-law\/nosocomial-infections\/#breadcrumb\",\"itemListElement\":[{\"@type\":\"ListItem\",\"position\":1,\"name\":\"Home\",\"item\":\"https:\/\/ilc-poland.com\/pl\/\"},{\"@type\":\"ListItem\",\"position\":2,\"name\":\"DIRITTO MEDICO\",\"item\":\"https:\/\/ilc-poland.com\/it\/medical-law\/\"},{\"@type\":\"ListItem\",\"position\":3,\"name\":\"ZAKA\u017bENIA SZPITALNE\"}]},{\"@type\":\"WebSite\",\"@id\":\"https:\/\/ilc-poland.com\/pl\/#website\",\"url\":\"https:\/\/ilc-poland.com\/pl\/\",\"name\":\"International Legal Consulting Poland\",\"description\":\"a law firm presented by Emilia Di Salvo\",\"publisher\":{\"@id\":\"https:\/\/ilc-poland.com\/pl\/#organization\"},\"potentialAction\":[{\"@type\":\"SearchAction\",\"target\":{\"@type\":\"EntryPoint\",\"urlTemplate\":\"https:\/\/ilc-poland.com\/pl\/?s={search_term_string}\"},\"query-input\":\"required name=search_term_string\"}],\"inLanguage\":\"pl-PL\"},{\"@type\":\"Organization\",\"@id\":\"https:\/\/ilc-poland.com\/pl\/#organization\",\"name\":\"International Legal Consulting Poland\",\"url\":\"https:\/\/ilc-poland.com\/pl\/\",\"logo\":{\"@type\":\"ImageObject\",\"inLanguage\":\"pl-PL\",\"@id\":\"https:\/\/ilc-poland.com\/pl\/#\/schema\/logo\/image\/\",\"url\":\"https:\/\/ilc-poland.com\/wp-content\/uploads\/2013\/02\/logo_text_med.png\",\"contentUrl\":\"https:\/\/ilc-poland.com\/wp-content\/uploads\/2013\/02\/logo_text_med.png\",\"width\":200,\"height\":93,\"caption\":\"International Legal Consulting Poland\"},\"image\":{\"@id\":\"https:\/\/ilc-poland.com\/pl\/#\/schema\/logo\/image\/\"},\"sameAs\":[\"https:\/\/www.linkedin.com\/in\/emiliadisalvo\/\"]}]}<\/script>\n<!-- \/ Yoast SEO plugin. -->","yoast_head_json":{"title":"ZAKA\u017bENIA SZPITALNE - International Legal Consulting Poland","robots":{"index":"index","follow":"follow","max-snippet":"max-snippet:-1","max-image-preview":"max-image-preview:large","max-video-preview":"max-video-preview:-1"},"canonical":"https:\/\/ilc-poland.com\/pl\/medical-law\/nosocomial-infections\/","og_locale":"pl_PL","og_type":"article","og_title":"ZAKA\u017bENIA SZPITALNE - International Legal Consulting Poland","og_description":"W realiach polskiej opieki zdrowotnej zaka\u017cenia szpitalne niestety wci\u0105\u017c pozostaj\u0105 istotnym problemem. W sytuacji nienale\u017cytej\u00a0higieny, nieprzestrzegania przez personel szpitala zasad aseptyki i stosownych procedur, niestety w zasadzie ka\u017cdy zabieg medyczny zwi\u0119ksza ryzyko zaka\u017cenia pacjenta wirusami, grzybami czy bakteriami, najcz\u0119\u015bciej gronkowcem z\u0142ocistym, HCV lub HCB, czy &hellip; Wi\u0119cej...","og_url":"https:\/\/ilc-poland.com\/pl\/medical-law\/nosocomial-infections\/","og_site_name":"International Legal Consulting Poland","article_modified_time":"2013-05-31T16:47:50+00:00","twitter_card":"summary_large_image","twitter_misc":{"Szacowany czas czytania":"2 minuty"},"schema":{"@context":"https:\/\/schema.org","@graph":[{"@type":"WebPage","@id":"https:\/\/ilc-poland.com\/pl\/medical-law\/nosocomial-infections\/","url":"https:\/\/ilc-poland.com\/pl\/medical-law\/nosocomial-infections\/","name":"[:en]NOSOCOMIAL INFECTIONS[:pl]ZAKA\u017bENIA SZPITALNE[:it]INFEZIONI OSPEDALIERE[:] - International Legal Consulting Poland","isPartOf":{"@id":"https:\/\/ilc-poland.com\/pl\/#website"},"datePublished":"2013-02-02T14:27:33+00:00","dateModified":"2013-05-31T16:47:50+00:00","breadcrumb":{"@id":"https:\/\/ilc-poland.com\/pl\/medical-law\/nosocomial-infections\/#breadcrumb"},"inLanguage":"pl-PL","potentialAction":[{"@type":"ReadAction","target":["https:\/\/ilc-poland.com\/pl\/medical-law\/nosocomial-infections\/"]}]},{"@type":"BreadcrumbList","@id":"https:\/\/ilc-poland.com\/pl\/medical-law\/nosocomial-infections\/#breadcrumb","itemListElement":[{"@type":"ListItem","position":1,"name":"Home","item":"https:\/\/ilc-poland.com\/pl\/"},{"@type":"ListItem","position":2,"name":"DIRITTO MEDICO","item":"https:\/\/ilc-poland.com\/it\/medical-law\/"},{"@type":"ListItem","position":3,"name":"ZAKA\u017bENIA SZPITALNE"}]},{"@type":"WebSite","@id":"https:\/\/ilc-poland.com\/pl\/#website","url":"https:\/\/ilc-poland.com\/pl\/","name":"International Legal Consulting Poland","description":"a law firm presented by Emilia Di Salvo","publisher":{"@id":"https:\/\/ilc-poland.com\/pl\/#organization"},"potentialAction":[{"@type":"SearchAction","target":{"@type":"EntryPoint","urlTemplate":"https:\/\/ilc-poland.com\/pl\/?s={search_term_string}"},"query-input":"required name=search_term_string"}],"inLanguage":"pl-PL"},{"@type":"Organization","@id":"https:\/\/ilc-poland.com\/pl\/#organization","name":"International Legal Consulting Poland","url":"https:\/\/ilc-poland.com\/pl\/","logo":{"@type":"ImageObject","inLanguage":"pl-PL","@id":"https:\/\/ilc-poland.com\/pl\/#\/schema\/logo\/image\/","url":"https:\/\/ilc-poland.com\/wp-content\/uploads\/2013\/02\/logo_text_med.png","contentUrl":"https:\/\/ilc-poland.com\/wp-content\/uploads\/2013\/02\/logo_text_med.png","width":200,"height":93,"caption":"International Legal Consulting Poland"},"image":{"@id":"https:\/\/ilc-poland.com\/pl\/#\/schema\/logo\/image\/"},"sameAs":["https:\/\/www.linkedin.com\/in\/emiliadisalvo\/"]}]}},"_links":{"self":[{"href":"https:\/\/ilc-poland.com\/pl\/wp-json\/wp\/v2\/pages\/285"}],"collection":[{"href":"https:\/\/ilc-poland.com\/pl\/wp-json\/wp\/v2\/pages"}],"about":[{"href":"https:\/\/ilc-poland.com\/pl\/wp-json\/wp\/v2\/types\/page"}],"author":[{"embeddable":true,"href":"https:\/\/ilc-poland.com\/pl\/wp-json\/wp\/v2\/users\/3"}],"replies":[{"embeddable":true,"href":"https:\/\/ilc-poland.com\/pl\/wp-json\/wp\/v2\/comments?post=285"}],"version-history":[{"count":10,"href":"https:\/\/ilc-poland.com\/pl\/wp-json\/wp\/v2\/pages\/285\/revisions"}],"predecessor-version":[{"id":931,"href":"https:\/\/ilc-poland.com\/pl\/wp-json\/wp\/v2\/pages\/285\/revisions\/931"}],"up":[{"embeddable":true,"href":"https:\/\/ilc-poland.com\/pl\/wp-json\/wp\/v2\/pages\/13"}],"wp:attachment":[{"href":"https:\/\/ilc-poland.com\/pl\/wp-json\/wp\/v2\/media?parent=285"}],"curies":[{"name":"wp","href":"https:\/\/api.w.org\/{rel}","templated":true}]}}