{"id":282,"date":"2013-02-02T15:25:48","date_gmt":"2013-02-02T14:25:48","guid":{"rendered":"http:\/\/ilc-poland.com\/?page_id=282"},"modified":"2013-05-31T17:43:23","modified_gmt":"2013-05-31T16:43:23","slug":"organizational-hospital-negligence","status":"publish","type":"page","link":"https:\/\/ilc-poland.com\/pl\/medical-law\/organizational-hospital-negligence\/","title":{"rendered":"ZANIEDBANIA ORGANIZACYJNE SZPITALI"},"content":{"rendered":"<p>Kancelaria \u015bwiadczy pomoc prawn\u0105 przy uzyskiwaniu odszkodowa\u0144 z tytu\u0142u niedoci\u0105gni\u0119\u0107 i zaniedba\u0144 plac\u00f3wek medycznych o charakterze <i>stricte<\/i> technicznym lub organizacyjnym takich jak:<\/p>\n<ul>\n<li>op\u00f3\u017anienie w udzieleniu choremu pomocy lub nieudzielenie pomocy;<\/li>\n<li>pozostawienie w polu operacyjnym cia\u0142 obcych (chust, narz\u0119dzi, tampon\u00f3w i materia\u0142\u00f3w chirurgicznych);<\/li>\n<li>przeprowadzenie zabiegu oczywi\u015bcie zb\u0119dnego w wyniku wadliwej identyfikacji chorego lub organu;<\/li>\n<li>niezachowanie zasad aseptyki przy przeprowadzaniu zabieg\u00f3w i operacji chirurgicznych;<\/li>\n<li>pomy\u0142ek o charakterze technicznym np. podanie niew\u0142a\u015bciwego \u015brodka leczniczego, przetoczenie niew\u0142a\u015bciwej grupy krwi;<\/li>\n<li>niezapewnienie pacjentowi bezpiecze\u0144stwa i higieny w czasie pobytu w zak\u0142adzie leczniczym;<\/li>\n<li>nieudzielenia pacjentowi wyczerpuj\u0105cych informacji o jego stanie zdrowia.<\/li>\n<\/ul>\n<p><\/p>","protected":false},"excerpt":{"rendered":"<p>Kancelaria \u015bwiadczy pomoc prawn\u0105 przy uzyskiwaniu odszkodowa\u0144 z tytu\u0142u niedoci\u0105gni\u0119\u0107 i zaniedba\u0144 plac\u00f3wek medycznych o charakterze stricte technicznym lub organizacyjnym takich jak: op\u00f3\u017anienie w udzieleniu choremu pomocy lub nieudzielenie pomocy; pozostawienie w polu operacyjnym cia\u0142 obcych (chust, narz\u0119dzi, tampon\u00f3w i materia\u0142\u00f3w chirurgicznych); przeprowadzenie zabiegu oczywi\u015bcie <span class=\"ellipsis\">&hellip;<\/span> <span class=\"more-link-wrap\"><a href=\"https:\/\/ilc-poland.com\/pl\/medical-law\/organizational-hospital-negligence\/\" class=\"more-link\"><span>Wi\u0119cej&#8230;<\/span><\/a><\/span><\/p>\n","protected":false},"author":3,"featured_media":0,"parent":13,"menu_order":30,"comment_status":"closed","ping_status":"closed","template":"","meta":{"footnotes":""},"yoast_head":"<!-- This site is optimized with the Yoast SEO plugin v22.9 - https:\/\/yoast.com\/wordpress\/plugins\/seo\/ -->\n<title>ZANIEDBANIA ORGANIZACYJNE SZPITALI - International Legal Consulting Poland<\/title>\n<meta name=\"robots\" content=\"index, follow, max-snippet:-1, max-image-preview:large, max-video-preview:-1\" \/>\n<link rel=\"canonical\" href=\"https:\/\/ilc-poland.com\/medical-law\/organizational-hospital-negligence\/\" \/>\n<meta property=\"og:locale\" content=\"pl_PL\" \/>\n<meta property=\"og:type\" content=\"article\" \/>\n<meta property=\"og:title\" content=\"ZANIEDBANIA ORGANIZACYJNE SZPITALI - International Legal Consulting Poland\" \/>\n<meta property=\"og:description\" content=\"Kancelaria \u015bwiadczy pomoc prawn\u0105 przy uzyskiwaniu odszkodowa\u0144 z tytu\u0142u niedoci\u0105gni\u0119\u0107 i zaniedba\u0144 plac\u00f3wek medycznych o charakterze stricte technicznym lub organizacyjnym takich jak: op\u00f3\u017anienie w udzieleniu choremu pomocy lub nieudzielenie pomocy; pozostawienie w polu operacyjnym cia\u0142 obcych (chust, narz\u0119dzi, tampon\u00f3w i materia\u0142\u00f3w chirurgicznych); przeprowadzenie zabiegu oczywi\u015bcie &hellip; Wi\u0119cej...\" \/>\n<meta property=\"og:url\" content=\"https:\/\/ilc-poland.com\/medical-law\/organizational-hospital-negligence\/\" \/>\n<meta property=\"og:site_name\" content=\"International Legal Consulting Poland\" \/>\n<meta property=\"article:modified_time\" content=\"2013-05-31T16:43:23+00:00\" \/>\n<meta name=\"twitter:card\" content=\"summary_large_image\" \/>\n<meta name=\"twitter:label1\" content=\"Szacowany czas czytania\" \/>\n\t<meta name=\"twitter:data1\" content=\"1 minuta\" \/>\n<script type=\"application\/ld+json\" class=\"yoast-schema-graph\">{\"@context\":\"https:\/\/schema.org\",\"@graph\":[{\"@type\":\"WebPage\",\"@id\":\"https:\/\/ilc-poland.com\/medical-law\/organizational-hospital-negligence\/\",\"url\":\"https:\/\/ilc-poland.com\/medical-law\/organizational-hospital-negligence\/\",\"name\":\"[:en]NEGLIGENT HOSPITAL ORGANIZATION[:pl]ZANIEDBANIA ORGANIZACYJNE SZPITALI[:it]NEGLIGENZA OSPEDALIERA[:] - International Legal Consulting Poland\",\"isPartOf\":{\"@id\":\"https:\/\/ilc-poland.com\/pl\/#website\"},\"datePublished\":\"2013-02-02T14:25:48+00:00\",\"dateModified\":\"2013-05-31T16:43:23+00:00\",\"breadcrumb\":{\"@id\":\"https:\/\/ilc-poland.com\/medical-law\/organizational-hospital-negligence\/#breadcrumb\"},\"inLanguage\":\"pl-PL\",\"potentialAction\":[{\"@type\":\"ReadAction\",\"target\":[\"https:\/\/ilc-poland.com\/medical-law\/organizational-hospital-negligence\/\"]}]},{\"@type\":\"BreadcrumbList\",\"@id\":\"https:\/\/ilc-poland.com\/medical-law\/organizational-hospital-negligence\/#breadcrumb\",\"itemListElement\":[{\"@type\":\"ListItem\",\"position\":1,\"name\":\"Home\",\"item\":\"https:\/\/ilc-poland.com\/pl\/\"},{\"@type\":\"ListItem\",\"position\":2,\"name\":\"DIRITTO MEDICO\",\"item\":\"https:\/\/ilc-poland.com\/it\/medical-law\/\"},{\"@type\":\"ListItem\",\"position\":3,\"name\":\"NEGLIGENT HOSPITAL ORGANIZATION\"}]},{\"@type\":\"WebSite\",\"@id\":\"https:\/\/ilc-poland.com\/pl\/#website\",\"url\":\"https:\/\/ilc-poland.com\/pl\/\",\"name\":\"International Legal Consulting Poland\",\"description\":\"a law firm presented by Emilia Di Salvo\",\"publisher\":{\"@id\":\"https:\/\/ilc-poland.com\/pl\/#organization\"},\"potentialAction\":[{\"@type\":\"SearchAction\",\"target\":{\"@type\":\"EntryPoint\",\"urlTemplate\":\"https:\/\/ilc-poland.com\/pl\/?s={search_term_string}\"},\"query-input\":\"required name=search_term_string\"}],\"inLanguage\":\"pl-PL\"},{\"@type\":\"Organization\",\"@id\":\"https:\/\/ilc-poland.com\/pl\/#organization\",\"name\":\"International Legal Consulting Poland\",\"url\":\"https:\/\/ilc-poland.com\/pl\/\",\"logo\":{\"@type\":\"ImageObject\",\"inLanguage\":\"pl-PL\",\"@id\":\"https:\/\/ilc-poland.com\/pl\/#\/schema\/logo\/image\/\",\"url\":\"https:\/\/ilc-poland.com\/wp-content\/uploads\/2013\/02\/logo_text_med.png\",\"contentUrl\":\"https:\/\/ilc-poland.com\/wp-content\/uploads\/2013\/02\/logo_text_med.png\",\"width\":200,\"height\":93,\"caption\":\"International Legal Consulting Poland\"},\"image\":{\"@id\":\"https:\/\/ilc-poland.com\/pl\/#\/schema\/logo\/image\/\"},\"sameAs\":[\"https:\/\/www.linkedin.com\/in\/emiliadisalvo\/\"]}]}<\/script>\n<!-- \/ Yoast SEO plugin. -->","yoast_head_json":{"title":"ZANIEDBANIA ORGANIZACYJNE SZPITALI - International Legal Consulting Poland","robots":{"index":"index","follow":"follow","max-snippet":"max-snippet:-1","max-image-preview":"max-image-preview:large","max-video-preview":"max-video-preview:-1"},"canonical":"https:\/\/ilc-poland.com\/medical-law\/organizational-hospital-negligence\/","og_locale":"pl_PL","og_type":"article","og_title":"ZANIEDBANIA ORGANIZACYJNE SZPITALI - International Legal Consulting Poland","og_description":"Kancelaria \u015bwiadczy pomoc prawn\u0105 przy uzyskiwaniu odszkodowa\u0144 z tytu\u0142u niedoci\u0105gni\u0119\u0107 i zaniedba\u0144 plac\u00f3wek medycznych o charakterze stricte technicznym lub organizacyjnym takich jak: op\u00f3\u017anienie w udzieleniu choremu pomocy lub nieudzielenie pomocy; pozostawienie w polu operacyjnym cia\u0142 obcych (chust, narz\u0119dzi, tampon\u00f3w i materia\u0142\u00f3w chirurgicznych); przeprowadzenie zabiegu oczywi\u015bcie &hellip; Wi\u0119cej...","og_url":"https:\/\/ilc-poland.com\/medical-law\/organizational-hospital-negligence\/","og_site_name":"International Legal Consulting Poland","article_modified_time":"2013-05-31T16:43:23+00:00","twitter_card":"summary_large_image","twitter_misc":{"Szacowany czas czytania":"1 minuta"},"schema":{"@context":"https:\/\/schema.org","@graph":[{"@type":"WebPage","@id":"https:\/\/ilc-poland.com\/medical-law\/organizational-hospital-negligence\/","url":"https:\/\/ilc-poland.com\/medical-law\/organizational-hospital-negligence\/","name":"[:en]NEGLIGENT HOSPITAL ORGANIZATION[:pl]ZANIEDBANIA ORGANIZACYJNE SZPITALI[:it]NEGLIGENZA OSPEDALIERA[:] - International Legal Consulting Poland","isPartOf":{"@id":"https:\/\/ilc-poland.com\/pl\/#website"},"datePublished":"2013-02-02T14:25:48+00:00","dateModified":"2013-05-31T16:43:23+00:00","breadcrumb":{"@id":"https:\/\/ilc-poland.com\/medical-law\/organizational-hospital-negligence\/#breadcrumb"},"inLanguage":"pl-PL","potentialAction":[{"@type":"ReadAction","target":["https:\/\/ilc-poland.com\/medical-law\/organizational-hospital-negligence\/"]}]},{"@type":"BreadcrumbList","@id":"https:\/\/ilc-poland.com\/medical-law\/organizational-hospital-negligence\/#breadcrumb","itemListElement":[{"@type":"ListItem","position":1,"name":"Home","item":"https:\/\/ilc-poland.com\/pl\/"},{"@type":"ListItem","position":2,"name":"DIRITTO MEDICO","item":"https:\/\/ilc-poland.com\/it\/medical-law\/"},{"@type":"ListItem","position":3,"name":"NEGLIGENT HOSPITAL ORGANIZATION"}]},{"@type":"WebSite","@id":"https:\/\/ilc-poland.com\/pl\/#website","url":"https:\/\/ilc-poland.com\/pl\/","name":"International Legal Consulting Poland","description":"a law firm presented by Emilia Di Salvo","publisher":{"@id":"https:\/\/ilc-poland.com\/pl\/#organization"},"potentialAction":[{"@type":"SearchAction","target":{"@type":"EntryPoint","urlTemplate":"https:\/\/ilc-poland.com\/pl\/?s={search_term_string}"},"query-input":"required name=search_term_string"}],"inLanguage":"pl-PL"},{"@type":"Organization","@id":"https:\/\/ilc-poland.com\/pl\/#organization","name":"International Legal Consulting Poland","url":"https:\/\/ilc-poland.com\/pl\/","logo":{"@type":"ImageObject","inLanguage":"pl-PL","@id":"https:\/\/ilc-poland.com\/pl\/#\/schema\/logo\/image\/","url":"https:\/\/ilc-poland.com\/wp-content\/uploads\/2013\/02\/logo_text_med.png","contentUrl":"https:\/\/ilc-poland.com\/wp-content\/uploads\/2013\/02\/logo_text_med.png","width":200,"height":93,"caption":"International Legal Consulting Poland"},"image":{"@id":"https:\/\/ilc-poland.com\/pl\/#\/schema\/logo\/image\/"},"sameAs":["https:\/\/www.linkedin.com\/in\/emiliadisalvo\/"]}]}},"_links":{"self":[{"href":"https:\/\/ilc-poland.com\/pl\/wp-json\/wp\/v2\/pages\/282"}],"collection":[{"href":"https:\/\/ilc-poland.com\/pl\/wp-json\/wp\/v2\/pages"}],"about":[{"href":"https:\/\/ilc-poland.com\/pl\/wp-json\/wp\/v2\/types\/page"}],"author":[{"embeddable":true,"href":"https:\/\/ilc-poland.com\/pl\/wp-json\/wp\/v2\/users\/3"}],"replies":[{"embeddable":true,"href":"https:\/\/ilc-poland.com\/pl\/wp-json\/wp\/v2\/comments?post=282"}],"version-history":[{"count":11,"href":"https:\/\/ilc-poland.com\/pl\/wp-json\/wp\/v2\/pages\/282\/revisions"}],"predecessor-version":[{"id":933,"href":"https:\/\/ilc-poland.com\/pl\/wp-json\/wp\/v2\/pages\/282\/revisions\/933"}],"up":[{"embeddable":true,"href":"https:\/\/ilc-poland.com\/pl\/wp-json\/wp\/v2\/pages\/13"}],"wp:attachment":[{"href":"https:\/\/ilc-poland.com\/pl\/wp-json\/wp\/v2\/media?parent=282"}],"curies":[{"name":"wp","href":"https:\/\/api.w.org\/{rel}","templated":true}]}}