{"id":278,"date":"2013-02-02T15:23:12","date_gmt":"2013-02-02T14:23:12","guid":{"rendered":"http:\/\/ilc-poland.com\/?page_id=278"},"modified":"2013-05-31T17:34:37","modified_gmt":"2013-05-31T16:34:37","slug":"redress-for-death-of-a-loved-on","status":"publish","type":"page","link":"https:\/\/ilc-poland.com\/pl\/medical-law\/redress-for-death-of-a-loved-on\/","title":{"rendered":"ZADO\u015a\u0106UCZYNIENIE za SMIER\u0106&nbsp;BLISKIEJ&nbsp;OSOBY"},"content":{"rendered":"<p>Kancelaria pomaga w realizacji roszcze\u0144 odszkodowawczych z tytu\u0142u \u015bmierci bliskiej osoby na skutek uszkodzenia cia\u0142a\/ spowodowania rozstroju zdrowia w postaci:<\/p>\n<p>1) zwrotu koszt\u00f3w leczenia i pogrzebu w zakresie odpowiadaj\u0105cym zwyczajom miejscowym\u2013 roszczenie przys\u0142uguje temu, kto je faktycznie poni\u00f3s\u0142;<\/p>\n<p>2) renty \u2013 roszczenie przys\u0142uguje:<\/p>\n<ul>\n<li>osobom, wzgl\u0119dem kt\u00f3rych na zmar\u0142ym ci\u0105\u017cy\u0142 ustawowy obowi\u0105zek alimentacyjny oraz<\/li>\n<li>osobom bliskim, kt\u00f3rym zmar\u0142y dobrowolnie i stale dostarcza\u0142 \u015brodk\u00f3w utrzymania (te\u017c np. konkubina, faktyczny wychowanek);<\/li>\n<\/ul>\n<p>3) jednorazowego odszkodowania dla najbli\u017cszych cz\u0142onk\u00f3w rodziny zmar\u0142ego z tytu\u0142u szeroko poj\u0119tej szkody maj\u0105tkowej w zwi\u0105zku ze \u015bmierci\u0105 w postaci:<\/p>\n<ul>\n<li>znacznego pogorszenia si\u0119 sytuacji \u017cyciowej (np. utrata przez dziecko osobistych stara\u0144 matki o jego utrzymanie i wychowanie, os\u0142abienia aktywno\u015bci \u017cyciowej na skutek wstrz\u0105su psychicznego wskutek \u015bmierci, a w konsekwencji zmniejszenia zarobk\u00f3w, zwi\u0119kszenia wydatk\u00f3w np. potrzebnych na leczenie, konieczno\u015bci rezygnacji z realizacji plan\u00f3w \u017cyciowych np. podj\u0119cia studi\u00f3w);<\/li>\n<li>utraty realnej mo\u017cliwo\u015bci polepszenia warunk\u00f3w \u017cycia (\u015bmier\u0107 osoby bliskiej, z kt\u00f3r\u0105 by\u0142a zwi\u0105zana realizacji plan\u00f3w \u017cyciowych maj\u0105cych poprawi\u0107 warunki materialne \u2013 np. dorastaj\u0105cego syna);<\/li>\n<\/ul>\n<p>4) zado\u015b\u0107uczynienia za krzywd\u0119 z powodu \u015bmierci bliskiej osoby np. b\u00f3l wynikaj\u0105cy z uczucia osamotnienia, utraty pomocy i opieki osoby bliskiej, bezsilno\u015bci wobec trudno\u015bci \u017cyciowych, poczucia zawiedzonych nadziei.<\/p>","protected":false},"excerpt":{"rendered":"<p>Kancelaria pomaga w realizacji roszcze\u0144 odszkodowawczych z tytu\u0142u \u015bmierci bliskiej osoby na skutek uszkodzenia cia\u0142a\/ spowodowania rozstroju zdrowia w postaci: 1) zwrotu koszt\u00f3w leczenia i pogrzebu w zakresie odpowiadaj\u0105cym zwyczajom miejscowym\u2013 roszczenie przys\u0142uguje temu, kto je faktycznie poni\u00f3s\u0142; 2) renty \u2013 roszczenie przys\u0142uguje: osobom, wzgl\u0119dem <span class=\"ellipsis\">&hellip;<\/span> <span class=\"more-link-wrap\"><a href=\"https:\/\/ilc-poland.com\/pl\/medical-law\/redress-for-death-of-a-loved-on\/\" class=\"more-link\"><span>Wi\u0119cej&#8230;<\/span><\/a><\/span><\/p>\n","protected":false},"author":3,"featured_media":0,"parent":13,"menu_order":40,"comment_status":"closed","ping_status":"closed","template":"","meta":{"footnotes":""},"yoast_head":"<!-- This site is optimized with the Yoast SEO plugin v22.9 - https:\/\/yoast.com\/wordpress\/plugins\/seo\/ -->\n<title>ZADO\u015a\u0106UCZYNIENIE za SMIER\u0106&nbsp;BLISKIEJ&nbsp;OSOBY - International Legal Consulting Poland<\/title>\n<meta name=\"robots\" content=\"index, follow, max-snippet:-1, max-image-preview:large, max-video-preview:-1\" \/>\n<link rel=\"canonical\" href=\"https:\/\/ilc-poland.com\/it\/medical-law\/redress-for-death-of-a-loved-on\/\" \/>\n<meta property=\"og:locale\" content=\"pl_PL\" \/>\n<meta property=\"og:type\" content=\"article\" \/>\n<meta property=\"og:title\" content=\"ZADO\u015a\u0106UCZYNIENIE za SMIER\u0106&nbsp;BLISKIEJ&nbsp;OSOBY - International Legal Consulting Poland\" \/>\n<meta property=\"og:description\" content=\"Kancelaria pomaga w realizacji roszcze\u0144 odszkodowawczych z tytu\u0142u \u015bmierci bliskiej osoby na skutek uszkodzenia cia\u0142a\/ spowodowania rozstroju zdrowia w postaci: 1) zwrotu koszt\u00f3w leczenia i pogrzebu w zakresie odpowiadaj\u0105cym zwyczajom miejscowym\u2013 roszczenie przys\u0142uguje temu, kto je faktycznie poni\u00f3s\u0142; 2) renty \u2013 roszczenie przys\u0142uguje: osobom, wzgl\u0119dem &hellip; Wi\u0119cej...\" \/>\n<meta property=\"og:url\" content=\"https:\/\/ilc-poland.com\/it\/medical-law\/redress-for-death-of-a-loved-on\/\" \/>\n<meta property=\"og:site_name\" content=\"International Legal Consulting Poland\" \/>\n<meta property=\"article:modified_time\" content=\"2013-05-31T16:34:37+00:00\" \/>\n<meta name=\"twitter:card\" content=\"summary_large_image\" \/>\n<meta name=\"twitter:label1\" content=\"Szacowany czas czytania\" \/>\n\t<meta name=\"twitter:data1\" content=\"2 minuty\" \/>\n<script type=\"application\/ld+json\" class=\"yoast-schema-graph\">{\"@context\":\"https:\/\/schema.org\",\"@graph\":[{\"@type\":\"WebPage\",\"@id\":\"https:\/\/ilc-poland.com\/it\/medical-law\/redress-for-death-of-a-loved-on\/\",\"url\":\"https:\/\/ilc-poland.com\/it\/medical-law\/redress-for-death-of-a-loved-on\/\",\"name\":\"[:en]REDRESS for DEATH of a LOVED&nbsp;ONE[:pl]ZADO\u015a\u0106UCZYNIENIE za SMIER\u0106&nbsp;BLISKIEJ&nbsp;OSOBY[:it]PERDITA di una PERSONA&nbsp;CARA[:] - International Legal Consulting Poland\",\"isPartOf\":{\"@id\":\"https:\/\/ilc-poland.com\/pl\/#website\"},\"datePublished\":\"2013-02-02T14:23:12+00:00\",\"dateModified\":\"2013-05-31T16:34:37+00:00\",\"breadcrumb\":{\"@id\":\"https:\/\/ilc-poland.com\/it\/medical-law\/redress-for-death-of-a-loved-on\/#breadcrumb\"},\"inLanguage\":\"pl-PL\",\"potentialAction\":[{\"@type\":\"ReadAction\",\"target\":[\"https:\/\/ilc-poland.com\/it\/medical-law\/redress-for-death-of-a-loved-on\/\"]}]},{\"@type\":\"BreadcrumbList\",\"@id\":\"https:\/\/ilc-poland.com\/it\/medical-law\/redress-for-death-of-a-loved-on\/#breadcrumb\",\"itemListElement\":[{\"@type\":\"ListItem\",\"position\":1,\"name\":\"Home\",\"item\":\"https:\/\/ilc-poland.com\/pl\/\"},{\"@type\":\"ListItem\",\"position\":2,\"name\":\"DIRITTO MEDICO\",\"item\":\"https:\/\/ilc-poland.com\/it\/medical-law\/\"},{\"@type\":\"ListItem\",\"position\":3,\"name\":\"PERDITA di una PERSONA&nbsp;CARA\"}]},{\"@type\":\"WebSite\",\"@id\":\"https:\/\/ilc-poland.com\/pl\/#website\",\"url\":\"https:\/\/ilc-poland.com\/pl\/\",\"name\":\"International Legal Consulting Poland\",\"description\":\"a law firm presented by Emilia Di Salvo\",\"publisher\":{\"@id\":\"https:\/\/ilc-poland.com\/pl\/#organization\"},\"potentialAction\":[{\"@type\":\"SearchAction\",\"target\":{\"@type\":\"EntryPoint\",\"urlTemplate\":\"https:\/\/ilc-poland.com\/pl\/?s={search_term_string}\"},\"query-input\":\"required name=search_term_string\"}],\"inLanguage\":\"pl-PL\"},{\"@type\":\"Organization\",\"@id\":\"https:\/\/ilc-poland.com\/pl\/#organization\",\"name\":\"International Legal Consulting Poland\",\"url\":\"https:\/\/ilc-poland.com\/pl\/\",\"logo\":{\"@type\":\"ImageObject\",\"inLanguage\":\"pl-PL\",\"@id\":\"https:\/\/ilc-poland.com\/pl\/#\/schema\/logo\/image\/\",\"url\":\"https:\/\/ilc-poland.com\/wp-content\/uploads\/2013\/02\/logo_text_med.png\",\"contentUrl\":\"https:\/\/ilc-poland.com\/wp-content\/uploads\/2013\/02\/logo_text_med.png\",\"width\":200,\"height\":93,\"caption\":\"International Legal Consulting Poland\"},\"image\":{\"@id\":\"https:\/\/ilc-poland.com\/pl\/#\/schema\/logo\/image\/\"},\"sameAs\":[\"https:\/\/www.linkedin.com\/in\/emiliadisalvo\/\"]}]}<\/script>\n<!-- \/ Yoast SEO plugin. -->","yoast_head_json":{"title":"ZADO\u015a\u0106UCZYNIENIE za SMIER\u0106&nbsp;BLISKIEJ&nbsp;OSOBY - International Legal Consulting Poland","robots":{"index":"index","follow":"follow","max-snippet":"max-snippet:-1","max-image-preview":"max-image-preview:large","max-video-preview":"max-video-preview:-1"},"canonical":"https:\/\/ilc-poland.com\/it\/medical-law\/redress-for-death-of-a-loved-on\/","og_locale":"pl_PL","og_type":"article","og_title":"ZADO\u015a\u0106UCZYNIENIE za SMIER\u0106&nbsp;BLISKIEJ&nbsp;OSOBY - International Legal Consulting Poland","og_description":"Kancelaria pomaga w realizacji roszcze\u0144 odszkodowawczych z tytu\u0142u \u015bmierci bliskiej osoby na skutek uszkodzenia cia\u0142a\/ spowodowania rozstroju zdrowia w postaci: 1) zwrotu koszt\u00f3w leczenia i pogrzebu w zakresie odpowiadaj\u0105cym zwyczajom miejscowym\u2013 roszczenie przys\u0142uguje temu, kto je faktycznie poni\u00f3s\u0142; 2) renty \u2013 roszczenie przys\u0142uguje: osobom, wzgl\u0119dem &hellip; Wi\u0119cej...","og_url":"https:\/\/ilc-poland.com\/it\/medical-law\/redress-for-death-of-a-loved-on\/","og_site_name":"International Legal Consulting Poland","article_modified_time":"2013-05-31T16:34:37+00:00","twitter_card":"summary_large_image","twitter_misc":{"Szacowany czas czytania":"2 minuty"},"schema":{"@context":"https:\/\/schema.org","@graph":[{"@type":"WebPage","@id":"https:\/\/ilc-poland.com\/it\/medical-law\/redress-for-death-of-a-loved-on\/","url":"https:\/\/ilc-poland.com\/it\/medical-law\/redress-for-death-of-a-loved-on\/","name":"[:en]REDRESS for DEATH of a LOVED&nbsp;ONE[:pl]ZADO\u015a\u0106UCZYNIENIE za SMIER\u0106&nbsp;BLISKIEJ&nbsp;OSOBY[:it]PERDITA di una PERSONA&nbsp;CARA[:] - International Legal Consulting Poland","isPartOf":{"@id":"https:\/\/ilc-poland.com\/pl\/#website"},"datePublished":"2013-02-02T14:23:12+00:00","dateModified":"2013-05-31T16:34:37+00:00","breadcrumb":{"@id":"https:\/\/ilc-poland.com\/it\/medical-law\/redress-for-death-of-a-loved-on\/#breadcrumb"},"inLanguage":"pl-PL","potentialAction":[{"@type":"ReadAction","target":["https:\/\/ilc-poland.com\/it\/medical-law\/redress-for-death-of-a-loved-on\/"]}]},{"@type":"BreadcrumbList","@id":"https:\/\/ilc-poland.com\/it\/medical-law\/redress-for-death-of-a-loved-on\/#breadcrumb","itemListElement":[{"@type":"ListItem","position":1,"name":"Home","item":"https:\/\/ilc-poland.com\/pl\/"},{"@type":"ListItem","position":2,"name":"DIRITTO MEDICO","item":"https:\/\/ilc-poland.com\/it\/medical-law\/"},{"@type":"ListItem","position":3,"name":"PERDITA di una PERSONA&nbsp;CARA"}]},{"@type":"WebSite","@id":"https:\/\/ilc-poland.com\/pl\/#website","url":"https:\/\/ilc-poland.com\/pl\/","name":"International Legal Consulting Poland","description":"a law firm presented by Emilia Di Salvo","publisher":{"@id":"https:\/\/ilc-poland.com\/pl\/#organization"},"potentialAction":[{"@type":"SearchAction","target":{"@type":"EntryPoint","urlTemplate":"https:\/\/ilc-poland.com\/pl\/?s={search_term_string}"},"query-input":"required name=search_term_string"}],"inLanguage":"pl-PL"},{"@type":"Organization","@id":"https:\/\/ilc-poland.com\/pl\/#organization","name":"International Legal Consulting Poland","url":"https:\/\/ilc-poland.com\/pl\/","logo":{"@type":"ImageObject","inLanguage":"pl-PL","@id":"https:\/\/ilc-poland.com\/pl\/#\/schema\/logo\/image\/","url":"https:\/\/ilc-poland.com\/wp-content\/uploads\/2013\/02\/logo_text_med.png","contentUrl":"https:\/\/ilc-poland.com\/wp-content\/uploads\/2013\/02\/logo_text_med.png","width":200,"height":93,"caption":"International Legal Consulting Poland"},"image":{"@id":"https:\/\/ilc-poland.com\/pl\/#\/schema\/logo\/image\/"},"sameAs":["https:\/\/www.linkedin.com\/in\/emiliadisalvo\/"]}]}},"_links":{"self":[{"href":"https:\/\/ilc-poland.com\/pl\/wp-json\/wp\/v2\/pages\/278"}],"collection":[{"href":"https:\/\/ilc-poland.com\/pl\/wp-json\/wp\/v2\/pages"}],"about":[{"href":"https:\/\/ilc-poland.com\/pl\/wp-json\/wp\/v2\/types\/page"}],"author":[{"embeddable":true,"href":"https:\/\/ilc-poland.com\/pl\/wp-json\/wp\/v2\/users\/3"}],"replies":[{"embeddable":true,"href":"https:\/\/ilc-poland.com\/pl\/wp-json\/wp\/v2\/comments?post=278"}],"version-history":[{"count":16,"href":"https:\/\/ilc-poland.com\/pl\/wp-json\/wp\/v2\/pages\/278\/revisions"}],"predecessor-version":[{"id":482,"href":"https:\/\/ilc-poland.com\/pl\/wp-json\/wp\/v2\/pages\/278\/revisions\/482"}],"up":[{"embeddable":true,"href":"https:\/\/ilc-poland.com\/pl\/wp-json\/wp\/v2\/pages\/13"}],"wp:attachment":[{"href":"https:\/\/ilc-poland.com\/pl\/wp-json\/wp\/v2\/media?parent=278"}],"curies":[{"name":"wp","href":"https:\/\/api.w.org\/{rel}","templated":true}]}}