{"id":267,"date":"2013-02-02T15:14:21","date_gmt":"2013-02-02T14:14:21","guid":{"rendered":"http:\/\/ilc-poland.com\/?page_id=267"},"modified":"2023-12-31T00:15:29","modified_gmt":"2023-12-30T23:15:29","slug":"compensation-for-medical-malprac","status":"publish","type":"page","link":"https:\/\/ilc-poland.com\/pl\/medical-law\/compensation-for-medical-malprac\/","title":{"rendered":"ODSZKODOWANIA z TYTU\u0141U B\u0141\u0118D\u00d3W MEDYCZNYCH"},"content":{"rendered":"<p><img loading=\"lazy\" decoding=\"async\" class=\"alignleft size-full wp-image-1022\" alt=\"Surgeon at work\" src=\"https:\/\/ilc-poland.com\/wp-content\/uploads\/2013\/03\/42703636_XS.jpg\" width=\"540\" height=\"405\" srcset=\"https:\/\/ilc-poland.com\/wp-content\/uploads\/2013\/03\/42703636_XS.jpg 540w, https:\/\/ilc-poland.com\/wp-content\/uploads\/2013\/03\/42703636_XS-300x225.jpg 300w\" sizes=\"(max-width: 540px) 100vw, 540px\" \/><\/p>\n<p>Ka\u017cdy zabieg medyczny niesie za son\u0105 ryzyko niepowodze\u0144. Niejednokrotnie jednak przyczyn\u0105 szkody pacjenta jest niedo\u0142o\u017cenie przez lekarza nale\u017cytej staranno\u015bci lub dzia\u0142anie\/ zaniechanie niezgodne z aktualn\u0105 wiedz\u0105 medyczn\u0105.<\/p>\n<p>Udzielamy pomocy w egzekwowaniu roszcze\u0144 z tytu\u0142u b\u0142\u0119d\u00f3w lekarskich w sferze diagnozy i terapii, wadliwego leczenia i niepowodzenia w leczeniu, w tym w szczeg\u00f3lno\u015bci z tytu\u0142u:<\/p>\n<ul>\n<li>b\u0142\u0119d\u00f3w diagnostycznych (nierozpoznania rzeczywistej choroby lub mylnego stwierdzenia choroby nieistniej\u0105cej);<\/li>\n<li>zaniechania leczenia w czasie rokuj\u0105cym najwi\u0119kszymi szansami powodzenia;<\/li>\n<li>nieprzeprowadzenia wymaganych bada\u0144, niedokonania konsultacji medycznej;<\/li>\n<li>b\u0142\u0119d\u00f3w wynikaj\u0105cych z nieprawid\u0142owego wyboru sposobu porodu;<\/li>\n<li>przeprowadzenia leczenia mimo przeciwwskaza\u0144 zdrowotnych;<\/li>\n<li>zastosowanie metody leczenia niezgodnej z aktualnym stanem wiedzy medycznej;<\/li>\n<li>wadliwego przeprowadzenia operacji;<\/li>\n<li>b\u0142\u0119d\u00f3w prognozy (rokowania);<\/li>\n<li>b\u0142\u0119d\u00f3w w leczeniu (terapeutycznych);<\/li>\n<li>zaniechania opieki pooperacyjnej;<\/li>\n<li>niewdro\u017cenia koniecznej rehabilitacji.<\/li>\n<\/ul>\n<p>W ramach do\u0142o\u017cenia nale\u017cytej staranno\u015bci lekarz ma obowi\u0105zek zastosowa\u0107 optymalny spos\u00f3b post\u0119powania terapeutycznego w czasie rokuj\u0105cym najwi\u0119kszymi szansami powodzenia. Win\u0105 lekarza jest niewdro\u017cenie aktualnie stosowanych metod i zabieg\u00f3w, prowadz\u0105ce do niepowodzenia w leczeniu.<\/p>\n<p>Przeprowadzana na zlecenie Kancelarii analiza medyczna wskazuje, czy istniej\u0105 szanse na przyj\u0119cie, i\u017c dosz\u0142o do zastosowania sposobu leczenia niezgodnego ze wskazaniami aktualnej wiedzy medycznej co pozwala na uzyskanie odszkodowania.<\/p>","protected":false},"excerpt":{"rendered":"<p>Ka\u017cdy zabieg medyczny niesie za son\u0105 ryzyko niepowodze\u0144. Niejednokrotnie jednak przyczyn\u0105 szkody pacjenta jest niedo\u0142o\u017cenie przez lekarza nale\u017cytej staranno\u015bci lub dzia\u0142anie\/ zaniechanie niezgodne z aktualn\u0105 wiedz\u0105 medyczn\u0105. Udzielamy pomocy w egzekwowaniu roszcze\u0144 z tytu\u0142u b\u0142\u0119d\u00f3w lekarskich w sferze diagnozy i terapii, wadliwego leczenia i niepowodzenia <span class=\"ellipsis\">&hellip;<\/span> <span class=\"more-link-wrap\"><a href=\"https:\/\/ilc-poland.com\/pl\/medical-law\/compensation-for-medical-malprac\/\" class=\"more-link\"><span>Wi\u0119cej&#8230;<\/span><\/a><\/span><\/p>\n","protected":false},"author":3,"featured_media":0,"parent":13,"menu_order":10,"comment_status":"closed","ping_status":"closed","template":"","meta":{"footnotes":""},"yoast_head":"<!-- This site is optimized with the Yoast SEO plugin v22.9 - https:\/\/yoast.com\/wordpress\/plugins\/seo\/ -->\n<title>ODSZKODOWANIA z TYTU\u0141U B\u0141\u0118D\u00d3W MEDYCZNYCH - International Legal Consulting Poland<\/title>\n<meta name=\"robots\" content=\"index, follow, max-snippet:-1, max-image-preview:large, max-video-preview:-1\" \/>\n<link rel=\"canonical\" href=\"https:\/\/ilc-poland.com\/pl\/medical-law\/compensation-for-medical-malprac\/\" \/>\n<meta property=\"og:locale\" content=\"pl_PL\" \/>\n<meta property=\"og:type\" content=\"article\" \/>\n<meta property=\"og:title\" content=\"ODSZKODOWANIA z TYTU\u0141U B\u0141\u0118D\u00d3W MEDYCZNYCH - International Legal Consulting Poland\" \/>\n<meta property=\"og:description\" content=\"Ka\u017cdy zabieg medyczny niesie za son\u0105 ryzyko niepowodze\u0144. Niejednokrotnie jednak przyczyn\u0105 szkody pacjenta jest niedo\u0142o\u017cenie przez lekarza nale\u017cytej staranno\u015bci lub dzia\u0142anie\/ zaniechanie niezgodne z aktualn\u0105 wiedz\u0105 medyczn\u0105. Udzielamy pomocy w egzekwowaniu roszcze\u0144 z tytu\u0142u b\u0142\u0119d\u00f3w lekarskich w sferze diagnozy i terapii, wadliwego leczenia i niepowodzenia &hellip; Wi\u0119cej...\" \/>\n<meta property=\"og:url\" content=\"https:\/\/ilc-poland.com\/pl\/medical-law\/compensation-for-medical-malprac\/\" \/>\n<meta property=\"og:site_name\" content=\"International Legal Consulting Poland\" \/>\n<meta property=\"article:modified_time\" content=\"2023-12-30T23:15:29+00:00\" \/>\n<meta property=\"og:image\" content=\"https:\/\/ilc-poland.com\/wp-content\/uploads\/2013\/03\/42703636_XS.jpg\" \/>\n<meta name=\"twitter:card\" content=\"summary_large_image\" \/>\n<meta name=\"twitter:label1\" content=\"Szacowany czas czytania\" \/>\n\t<meta name=\"twitter:data1\" content=\"2 minuty\" \/>\n<script type=\"application\/ld+json\" class=\"yoast-schema-graph\">{\"@context\":\"https:\/\/schema.org\",\"@graph\":[{\"@type\":\"WebPage\",\"@id\":\"https:\/\/ilc-poland.com\/pl\/medical-law\/compensation-for-medical-malprac\/\",\"url\":\"https:\/\/ilc-poland.com\/pl\/medical-law\/compensation-for-medical-malprac\/\",\"name\":\"[:en]MEDICAL MALPRACTICE[:pl]ODSZKODOWANIA z TYTU\u0141U B\u0141\u0118D\u00d3W MEDYCZNYCH[:it]ERRORE MEDICO[:] - International Legal Consulting Poland\",\"isPartOf\":{\"@id\":\"https:\/\/ilc-poland.com\/pl\/#website\"},\"primaryImageOfPage\":{\"@id\":\"https:\/\/ilc-poland.com\/pl\/medical-law\/compensation-for-medical-malprac\/#primaryimage\"},\"image\":{\"@id\":\"https:\/\/ilc-poland.com\/pl\/medical-law\/compensation-for-medical-malprac\/#primaryimage\"},\"thumbnailUrl\":\"https:\/\/ilc-poland.com\/wp-content\/uploads\/2013\/03\/42703636_XS.jpg\",\"datePublished\":\"2013-02-02T14:14:21+00:00\",\"dateModified\":\"2023-12-30T23:15:29+00:00\",\"breadcrumb\":{\"@id\":\"https:\/\/ilc-poland.com\/pl\/medical-law\/compensation-for-medical-malprac\/#breadcrumb\"},\"inLanguage\":\"pl-PL\",\"potentialAction\":[{\"@type\":\"ReadAction\",\"target\":[\"https:\/\/ilc-poland.com\/pl\/medical-law\/compensation-for-medical-malprac\/\"]}]},{\"@type\":\"ImageObject\",\"inLanguage\":\"pl-PL\",\"@id\":\"https:\/\/ilc-poland.com\/pl\/medical-law\/compensation-for-medical-malprac\/#primaryimage\",\"url\":\"https:\/\/ilc-poland.com\/wp-content\/uploads\/2013\/03\/42703636_XS.jpg\",\"contentUrl\":\"https:\/\/ilc-poland.com\/wp-content\/uploads\/2013\/03\/42703636_XS.jpg\"},{\"@type\":\"BreadcrumbList\",\"@id\":\"https:\/\/ilc-poland.com\/pl\/medical-law\/compensation-for-medical-malprac\/#breadcrumb\",\"itemListElement\":[{\"@type\":\"ListItem\",\"position\":1,\"name\":\"Home\",\"item\":\"https:\/\/ilc-poland.com\/pl\/\"},{\"@type\":\"ListItem\",\"position\":2,\"name\":\"DIRITTO MEDICO\",\"item\":\"https:\/\/ilc-poland.com\/it\/medical-law\/\"},{\"@type\":\"ListItem\",\"position\":3,\"name\":\"ODSZKODOWANIA z TYTU\u0141U B\u0141\u0118D\u00d3W MEDYCZNYCH\"}]},{\"@type\":\"WebSite\",\"@id\":\"https:\/\/ilc-poland.com\/pl\/#website\",\"url\":\"https:\/\/ilc-poland.com\/pl\/\",\"name\":\"International Legal Consulting Poland\",\"description\":\"a law firm presented by Emilia Di Salvo\",\"publisher\":{\"@id\":\"https:\/\/ilc-poland.com\/pl\/#organization\"},\"potentialAction\":[{\"@type\":\"SearchAction\",\"target\":{\"@type\":\"EntryPoint\",\"urlTemplate\":\"https:\/\/ilc-poland.com\/pl\/?s={search_term_string}\"},\"query-input\":\"required name=search_term_string\"}],\"inLanguage\":\"pl-PL\"},{\"@type\":\"Organization\",\"@id\":\"https:\/\/ilc-poland.com\/pl\/#organization\",\"name\":\"International Legal Consulting Poland\",\"url\":\"https:\/\/ilc-poland.com\/pl\/\",\"logo\":{\"@type\":\"ImageObject\",\"inLanguage\":\"pl-PL\",\"@id\":\"https:\/\/ilc-poland.com\/pl\/#\/schema\/logo\/image\/\",\"url\":\"https:\/\/ilc-poland.com\/wp-content\/uploads\/2013\/02\/logo_text_med.png\",\"contentUrl\":\"https:\/\/ilc-poland.com\/wp-content\/uploads\/2013\/02\/logo_text_med.png\",\"width\":200,\"height\":93,\"caption\":\"International Legal Consulting Poland\"},\"image\":{\"@id\":\"https:\/\/ilc-poland.com\/pl\/#\/schema\/logo\/image\/\"},\"sameAs\":[\"https:\/\/www.linkedin.com\/in\/emiliadisalvo\/\"]}]}<\/script>\n<!-- \/ Yoast SEO plugin. -->","yoast_head_json":{"title":"ODSZKODOWANIA z TYTU\u0141U B\u0141\u0118D\u00d3W MEDYCZNYCH - International Legal Consulting Poland","robots":{"index":"index","follow":"follow","max-snippet":"max-snippet:-1","max-image-preview":"max-image-preview:large","max-video-preview":"max-video-preview:-1"},"canonical":"https:\/\/ilc-poland.com\/pl\/medical-law\/compensation-for-medical-malprac\/","og_locale":"pl_PL","og_type":"article","og_title":"ODSZKODOWANIA z TYTU\u0141U B\u0141\u0118D\u00d3W MEDYCZNYCH - International Legal Consulting Poland","og_description":"Ka\u017cdy zabieg medyczny niesie za son\u0105 ryzyko niepowodze\u0144. Niejednokrotnie jednak przyczyn\u0105 szkody pacjenta jest niedo\u0142o\u017cenie przez lekarza nale\u017cytej staranno\u015bci lub dzia\u0142anie\/ zaniechanie niezgodne z aktualn\u0105 wiedz\u0105 medyczn\u0105. Udzielamy pomocy w egzekwowaniu roszcze\u0144 z tytu\u0142u b\u0142\u0119d\u00f3w lekarskich w sferze diagnozy i terapii, wadliwego leczenia i niepowodzenia &hellip; Wi\u0119cej...","og_url":"https:\/\/ilc-poland.com\/pl\/medical-law\/compensation-for-medical-malprac\/","og_site_name":"International Legal Consulting Poland","article_modified_time":"2023-12-30T23:15:29+00:00","og_image":[{"url":"https:\/\/ilc-poland.com\/wp-content\/uploads\/2013\/03\/42703636_XS.jpg"}],"twitter_card":"summary_large_image","twitter_misc":{"Szacowany czas czytania":"2 minuty"},"schema":{"@context":"https:\/\/schema.org","@graph":[{"@type":"WebPage","@id":"https:\/\/ilc-poland.com\/pl\/medical-law\/compensation-for-medical-malprac\/","url":"https:\/\/ilc-poland.com\/pl\/medical-law\/compensation-for-medical-malprac\/","name":"[:en]MEDICAL MALPRACTICE[:pl]ODSZKODOWANIA z TYTU\u0141U B\u0141\u0118D\u00d3W MEDYCZNYCH[:it]ERRORE MEDICO[:] - International Legal Consulting Poland","isPartOf":{"@id":"https:\/\/ilc-poland.com\/pl\/#website"},"primaryImageOfPage":{"@id":"https:\/\/ilc-poland.com\/pl\/medical-law\/compensation-for-medical-malprac\/#primaryimage"},"image":{"@id":"https:\/\/ilc-poland.com\/pl\/medical-law\/compensation-for-medical-malprac\/#primaryimage"},"thumbnailUrl":"https:\/\/ilc-poland.com\/wp-content\/uploads\/2013\/03\/42703636_XS.jpg","datePublished":"2013-02-02T14:14:21+00:00","dateModified":"2023-12-30T23:15:29+00:00","breadcrumb":{"@id":"https:\/\/ilc-poland.com\/pl\/medical-law\/compensation-for-medical-malprac\/#breadcrumb"},"inLanguage":"pl-PL","potentialAction":[{"@type":"ReadAction","target":["https:\/\/ilc-poland.com\/pl\/medical-law\/compensation-for-medical-malprac\/"]}]},{"@type":"ImageObject","inLanguage":"pl-PL","@id":"https:\/\/ilc-poland.com\/pl\/medical-law\/compensation-for-medical-malprac\/#primaryimage","url":"https:\/\/ilc-poland.com\/wp-content\/uploads\/2013\/03\/42703636_XS.jpg","contentUrl":"https:\/\/ilc-poland.com\/wp-content\/uploads\/2013\/03\/42703636_XS.jpg"},{"@type":"BreadcrumbList","@id":"https:\/\/ilc-poland.com\/pl\/medical-law\/compensation-for-medical-malprac\/#breadcrumb","itemListElement":[{"@type":"ListItem","position":1,"name":"Home","item":"https:\/\/ilc-poland.com\/pl\/"},{"@type":"ListItem","position":2,"name":"DIRITTO MEDICO","item":"https:\/\/ilc-poland.com\/it\/medical-law\/"},{"@type":"ListItem","position":3,"name":"ODSZKODOWANIA z TYTU\u0141U B\u0141\u0118D\u00d3W MEDYCZNYCH"}]},{"@type":"WebSite","@id":"https:\/\/ilc-poland.com\/pl\/#website","url":"https:\/\/ilc-poland.com\/pl\/","name":"International Legal Consulting Poland","description":"a law firm presented by Emilia Di Salvo","publisher":{"@id":"https:\/\/ilc-poland.com\/pl\/#organization"},"potentialAction":[{"@type":"SearchAction","target":{"@type":"EntryPoint","urlTemplate":"https:\/\/ilc-poland.com\/pl\/?s={search_term_string}"},"query-input":"required name=search_term_string"}],"inLanguage":"pl-PL"},{"@type":"Organization","@id":"https:\/\/ilc-poland.com\/pl\/#organization","name":"International Legal Consulting Poland","url":"https:\/\/ilc-poland.com\/pl\/","logo":{"@type":"ImageObject","inLanguage":"pl-PL","@id":"https:\/\/ilc-poland.com\/pl\/#\/schema\/logo\/image\/","url":"https:\/\/ilc-poland.com\/wp-content\/uploads\/2013\/02\/logo_text_med.png","contentUrl":"https:\/\/ilc-poland.com\/wp-content\/uploads\/2013\/02\/logo_text_med.png","width":200,"height":93,"caption":"International Legal Consulting Poland"},"image":{"@id":"https:\/\/ilc-poland.com\/pl\/#\/schema\/logo\/image\/"},"sameAs":["https:\/\/www.linkedin.com\/in\/emiliadisalvo\/"]}]}},"_links":{"self":[{"href":"https:\/\/ilc-poland.com\/pl\/wp-json\/wp\/v2\/pages\/267"}],"collection":[{"href":"https:\/\/ilc-poland.com\/pl\/wp-json\/wp\/v2\/pages"}],"about":[{"href":"https:\/\/ilc-poland.com\/pl\/wp-json\/wp\/v2\/types\/page"}],"author":[{"embeddable":true,"href":"https:\/\/ilc-poland.com\/pl\/wp-json\/wp\/v2\/users\/3"}],"replies":[{"embeddable":true,"href":"https:\/\/ilc-poland.com\/pl\/wp-json\/wp\/v2\/comments?post=267"}],"version-history":[{"count":18,"href":"https:\/\/ilc-poland.com\/pl\/wp-json\/wp\/v2\/pages\/267\/revisions"}],"predecessor-version":[{"id":1626,"href":"https:\/\/ilc-poland.com\/pl\/wp-json\/wp\/v2\/pages\/267\/revisions\/1626"}],"up":[{"embeddable":true,"href":"https:\/\/ilc-poland.com\/pl\/wp-json\/wp\/v2\/pages\/13"}],"wp:attachment":[{"href":"https:\/\/ilc-poland.com\/pl\/wp-json\/wp\/v2\/media?parent=267"}],"curies":[{"name":"wp","href":"https:\/\/api.w.org\/{rel}","templated":true}]}}