{"id":248,"date":"2013-02-02T14:54:08","date_gmt":"2013-02-02T13:54:08","guid":{"rendered":"http:\/\/ilc-poland.com\/?page_id=248"},"modified":"2024-01-09T19:57:50","modified_gmt":"2024-01-09T18:57:50","slug":"acquisition-of-real-property","status":"publish","type":"page","link":"https:\/\/ilc-poland.com\/pl\/foreigners\/acquisition-of-real-property\/","title":{"rendered":"NABYWANIE NIERUCHOMO\u015aCI"},"content":{"rendered":"<p><img loading=\"lazy\" decoding=\"async\" class=\"size-full wp-image-561 alignleft\" src=\"http:\/\/ilc-poland.com\/wp-content\/uploads\/2013\/02\/39242097.jpg\" alt=\"Warszawa - Panorama\" width=\"540\" height=\"360\" srcset=\"https:\/\/ilc-poland.com\/wp-content\/uploads\/2013\/02\/39242097.jpg 540w, https:\/\/ilc-poland.com\/wp-content\/uploads\/2013\/02\/39242097-300x200.jpg 300w\" sizes=\"(max-width: 540px) 100vw, 540px\" \/><\/p>\n<p>Doradzamy w kwestiach zwi\u0105zanych z nabywaniem nieruchomo\u015bci przez cudzoziemc\u00f3w, w tym m.in.:<\/p>\n<ul>\n<li>zdarze\u0144 prawnych rodz\u0105cych obowi\u0105zek uzyskania zezwolenia na nabycie nieruchomo\u015bci, podmiot\u00f3w zobowi\u0105zanych do uzyskania zezwolenia oraz procedury jego uzyskania;<\/li>\n<li>obowi\u0105zku uzyskania zezwolenia na nabycie nieruchomo\u015bci w stosunkach korporacyjnych (zakup akcji\/ udzia\u0142\u00f3w, powstanie stosunku dominacji);<\/li>\n<li>obowi\u0105zku uzyskania zezwolenia na nabycie nieruchomo\u015bci nabytej na skutek dziedziczenia;<\/li>\n<li>obowi\u0105zku uzyskania zezwolenia na nabycie nieruchomo\u015bci na gruncie ma\u0142\u017ce\u0144skich stosunk\u00f3w maj\u0105tkowych.<\/li>\n<\/ul>\n<p>Nasze us\u0142ugi prawne z zakresu prawa nieruchomo\u015bci obejmuj\u0105 mi\u0119dzy innymi:<\/p>\n<ul>\n<li>sporz\u0105dzanie i opiniowanie um\u00f3w nabycia i zbycia nieruchomo\u015bci;<\/li>\n<li>doradzanie klientom przy nabywaniu nieruchomo\u015bci i reprezentowanie ich w stosownych negocjacjach;<\/li>\n<li>reprezentowanie klient\u00f3w w post\u0119powaniach administracyjnych w celu uzyskania zezwole\u0144 niezb\u0119dnych do prowadzenie inwestycji (pozwolenia na budow\u0119, decyzji o warunkach zabudowy itp.);<\/li>\n<li>analiza zgodno\u015b\u0107 planowanej inwestycji z miejscowymi planami zagospodarowania przestrzennego;<\/li>\n<li>audyt (\u201e<em>due dilligence<\/em>\u201d) stanu prawnego i faktycznego nieruchomo\u015bci dla potrzeb transakcji nabywania\/ zbywania nieruchomo\u015bci;<\/li>\n<li>przeprowadzamy analiz\u0119 zgodno\u015bci planowanej inwestycji z przepisami o ochronie \u015brodowiska;<\/li>\n<li>reprezentujemy naszych klient\u00f3w w sprawach spornych dotycz\u0105cych nieruchomo\u015bci przed s\u0105dami powszechnymi, arbitra\u017cowymi i administracyjnymi;<\/li>\n<li>udzielamy naszym klientom wsparcia prawnego w zakresie zarz\u0105dzania budynkami;<\/li>\n<li>przygotowujemy umowy najmu, dzier\u017cawy, u\u017cyczenia oraz leasingu nieruchomo\u015bci;<\/li>\n<li>przygotowujemy umowy o roboty budowlane;<\/li>\n<li>reprezentujemy naszych klient\u00f3w w post\u0119powaniach o zniesienie wsp\u00f3\u0142w\u0142asno\u015bci nieruchomo\u015bci;<\/li>\n<li>reprezentujemy naszych klient\u00f3w w sprawach o zasiedzenie nieruchomo\u015bci;<\/li>\n<li>reprezentujemy klient\u00f3w w sprawach o naruszenie posiadania, ustanowienie drogi koniecznej;<\/li>\n<li>reprezentujemy klient\u00f3w w post\u0119powaniach o ustanowienie s\u0142u\u017cebno\u015bci przesy\u0142u i zap\u0142at\u0119 odszkodowania za bezumowne korzystanie z nieruchomo\u015bci.<\/li>\n<\/ul>\n<p><\/p>","protected":false},"excerpt":{"rendered":"<p>Doradzamy w kwestiach zwi\u0105zanych z nabywaniem nieruchomo\u015bci przez cudzoziemc\u00f3w, w tym m.in.: zdarze\u0144 prawnych rodz\u0105cych obowi\u0105zek uzyskania zezwolenia na nabycie nieruchomo\u015bci, podmiot\u00f3w zobowi\u0105zanych do uzyskania zezwolenia oraz procedury jego uzyskania; obowi\u0105zku uzyskania zezwolenia na nabycie nieruchomo\u015bci w stosunkach korporacyjnych (zakup akcji\/ udzia\u0142\u00f3w, powstanie stosunku dominacji); <span class=\"ellipsis\">&hellip;<\/span> <span class=\"more-link-wrap\"><a href=\"https:\/\/ilc-poland.com\/pl\/foreigners\/acquisition-of-real-property\/\" class=\"more-link\"><span>Wi\u0119cej&#8230;<\/span><\/a><\/span><\/p>\n","protected":false},"author":3,"featured_media":0,"parent":12,"menu_order":5,"comment_status":"closed","ping_status":"closed","template":"","meta":{"footnotes":""},"yoast_head":"<!-- This site is optimized with the Yoast SEO plugin v22.9 - https:\/\/yoast.com\/wordpress\/plugins\/seo\/ -->\n<title>NABYWANIE NIERUCHOMO\u015aCI - International Legal Consulting Poland<\/title>\n<meta name=\"robots\" content=\"index, follow, max-snippet:-1, max-image-preview:large, max-video-preview:-1\" \/>\n<link rel=\"canonical\" href=\"https:\/\/ilc-poland.com\/foreigners\/acquisition-of-real-property\/\" \/>\n<meta property=\"og:locale\" content=\"pl_PL\" \/>\n<meta property=\"og:type\" content=\"article\" \/>\n<meta property=\"og:title\" content=\"NABYWANIE NIERUCHOMO\u015aCI - International Legal Consulting Poland\" \/>\n<meta property=\"og:description\" content=\"Doradzamy w kwestiach zwi\u0105zanych z nabywaniem nieruchomo\u015bci przez cudzoziemc\u00f3w, w tym m.in.: zdarze\u0144 prawnych rodz\u0105cych obowi\u0105zek uzyskania zezwolenia na nabycie nieruchomo\u015bci, podmiot\u00f3w zobowi\u0105zanych do uzyskania zezwolenia oraz procedury jego uzyskania; obowi\u0105zku uzyskania zezwolenia na nabycie nieruchomo\u015bci w stosunkach korporacyjnych (zakup akcji\/ udzia\u0142\u00f3w, powstanie stosunku dominacji); &hellip; Wi\u0119cej...\" \/>\n<meta property=\"og:url\" content=\"https:\/\/ilc-poland.com\/foreigners\/acquisition-of-real-property\/\" \/>\n<meta property=\"og:site_name\" content=\"International Legal Consulting Poland\" \/>\n<meta property=\"article:modified_time\" content=\"2024-01-09T18:57:50+00:00\" \/>\n<meta property=\"og:image\" content=\"http:\/\/ilc-poland.com\/wp-content\/uploads\/2013\/02\/39242097.jpg\" \/>\n<meta name=\"twitter:card\" content=\"summary_large_image\" \/>\n<meta name=\"twitter:label1\" content=\"Szacowany czas czytania\" \/>\n\t<meta name=\"twitter:data1\" content=\"2 minuty\" \/>\n<script type=\"application\/ld+json\" class=\"yoast-schema-graph\">{\"@context\":\"https:\/\/schema.org\",\"@graph\":[{\"@type\":\"WebPage\",\"@id\":\"https:\/\/ilc-poland.com\/foreigners\/acquisition-of-real-property\/\",\"url\":\"https:\/\/ilc-poland.com\/foreigners\/acquisition-of-real-property\/\",\"name\":\"[:en]ACQUISITION of REAL&nbsp;PROPERTY[:pl]NABYWANIE NIERUCHOMO\u015aCI[:it]ACQUISIZIONE di BENI&nbsp;IMMOBILI[:] - International Legal Consulting Poland\",\"isPartOf\":{\"@id\":\"https:\/\/ilc-poland.com\/pl\/#website\"},\"primaryImageOfPage\":{\"@id\":\"https:\/\/ilc-poland.com\/foreigners\/acquisition-of-real-property\/#primaryimage\"},\"image\":{\"@id\":\"https:\/\/ilc-poland.com\/foreigners\/acquisition-of-real-property\/#primaryimage\"},\"thumbnailUrl\":\"http:\/\/ilc-poland.com\/wp-content\/uploads\/2013\/02\/39242097.jpg\",\"datePublished\":\"2013-02-02T13:54:08+00:00\",\"dateModified\":\"2024-01-09T18:57:50+00:00\",\"breadcrumb\":{\"@id\":\"https:\/\/ilc-poland.com\/foreigners\/acquisition-of-real-property\/#breadcrumb\"},\"inLanguage\":\"pl-PL\",\"potentialAction\":[{\"@type\":\"ReadAction\",\"target\":[\"https:\/\/ilc-poland.com\/foreigners\/acquisition-of-real-property\/\"]}]},{\"@type\":\"ImageObject\",\"inLanguage\":\"pl-PL\",\"@id\":\"https:\/\/ilc-poland.com\/foreigners\/acquisition-of-real-property\/#primaryimage\",\"url\":\"http:\/\/ilc-poland.com\/wp-content\/uploads\/2013\/02\/39242097.jpg\",\"contentUrl\":\"http:\/\/ilc-poland.com\/wp-content\/uploads\/2013\/02\/39242097.jpg\"},{\"@type\":\"BreadcrumbList\",\"@id\":\"https:\/\/ilc-poland.com\/foreigners\/acquisition-of-real-property\/#breadcrumb\",\"itemListElement\":[{\"@type\":\"ListItem\",\"position\":1,\"name\":\"Home\",\"item\":\"https:\/\/ilc-poland.com\/pl\/\"},{\"@type\":\"ListItem\",\"position\":2,\"name\":\"SOGGETTI STRANIERI\",\"item\":\"https:\/\/ilc-poland.com\/it\/foreigners\/\"},{\"@type\":\"ListItem\",\"position\":3,\"name\":\"ACQUISITION of REAL&nbsp;PROPERTY\"}]},{\"@type\":\"WebSite\",\"@id\":\"https:\/\/ilc-poland.com\/pl\/#website\",\"url\":\"https:\/\/ilc-poland.com\/pl\/\",\"name\":\"International Legal Consulting Poland\",\"description\":\"a law firm presented by Emilia Di Salvo\",\"publisher\":{\"@id\":\"https:\/\/ilc-poland.com\/pl\/#organization\"},\"potentialAction\":[{\"@type\":\"SearchAction\",\"target\":{\"@type\":\"EntryPoint\",\"urlTemplate\":\"https:\/\/ilc-poland.com\/pl\/?s={search_term_string}\"},\"query-input\":\"required name=search_term_string\"}],\"inLanguage\":\"pl-PL\"},{\"@type\":\"Organization\",\"@id\":\"https:\/\/ilc-poland.com\/pl\/#organization\",\"name\":\"International Legal Consulting Poland\",\"url\":\"https:\/\/ilc-poland.com\/pl\/\",\"logo\":{\"@type\":\"ImageObject\",\"inLanguage\":\"pl-PL\",\"@id\":\"https:\/\/ilc-poland.com\/pl\/#\/schema\/logo\/image\/\",\"url\":\"https:\/\/ilc-poland.com\/wp-content\/uploads\/2013\/02\/logo_text_med.png\",\"contentUrl\":\"https:\/\/ilc-poland.com\/wp-content\/uploads\/2013\/02\/logo_text_med.png\",\"width\":200,\"height\":93,\"caption\":\"International Legal Consulting Poland\"},\"image\":{\"@id\":\"https:\/\/ilc-poland.com\/pl\/#\/schema\/logo\/image\/\"},\"sameAs\":[\"https:\/\/www.linkedin.com\/in\/emiliadisalvo\/\"]}]}<\/script>\n<!-- \/ Yoast SEO plugin. -->","yoast_head_json":{"title":"NABYWANIE NIERUCHOMO\u015aCI - International Legal Consulting Poland","robots":{"index":"index","follow":"follow","max-snippet":"max-snippet:-1","max-image-preview":"max-image-preview:large","max-video-preview":"max-video-preview:-1"},"canonical":"https:\/\/ilc-poland.com\/foreigners\/acquisition-of-real-property\/","og_locale":"pl_PL","og_type":"article","og_title":"NABYWANIE NIERUCHOMO\u015aCI - International Legal Consulting Poland","og_description":"Doradzamy w kwestiach zwi\u0105zanych z nabywaniem nieruchomo\u015bci przez cudzoziemc\u00f3w, w tym m.in.: zdarze\u0144 prawnych rodz\u0105cych obowi\u0105zek uzyskania zezwolenia na nabycie nieruchomo\u015bci, podmiot\u00f3w zobowi\u0105zanych do uzyskania zezwolenia oraz procedury jego uzyskania; obowi\u0105zku uzyskania zezwolenia na nabycie nieruchomo\u015bci w stosunkach korporacyjnych (zakup akcji\/ udzia\u0142\u00f3w, powstanie stosunku dominacji); &hellip; Wi\u0119cej...","og_url":"https:\/\/ilc-poland.com\/foreigners\/acquisition-of-real-property\/","og_site_name":"International Legal Consulting Poland","article_modified_time":"2024-01-09T18:57:50+00:00","og_image":[{"url":"http:\/\/ilc-poland.com\/wp-content\/uploads\/2013\/02\/39242097.jpg"}],"twitter_card":"summary_large_image","twitter_misc":{"Szacowany czas czytania":"2 minuty"},"schema":{"@context":"https:\/\/schema.org","@graph":[{"@type":"WebPage","@id":"https:\/\/ilc-poland.com\/foreigners\/acquisition-of-real-property\/","url":"https:\/\/ilc-poland.com\/foreigners\/acquisition-of-real-property\/","name":"[:en]ACQUISITION of REAL&nbsp;PROPERTY[:pl]NABYWANIE NIERUCHOMO\u015aCI[:it]ACQUISIZIONE di BENI&nbsp;IMMOBILI[:] - International Legal Consulting Poland","isPartOf":{"@id":"https:\/\/ilc-poland.com\/pl\/#website"},"primaryImageOfPage":{"@id":"https:\/\/ilc-poland.com\/foreigners\/acquisition-of-real-property\/#primaryimage"},"image":{"@id":"https:\/\/ilc-poland.com\/foreigners\/acquisition-of-real-property\/#primaryimage"},"thumbnailUrl":"http:\/\/ilc-poland.com\/wp-content\/uploads\/2013\/02\/39242097.jpg","datePublished":"2013-02-02T13:54:08+00:00","dateModified":"2024-01-09T18:57:50+00:00","breadcrumb":{"@id":"https:\/\/ilc-poland.com\/foreigners\/acquisition-of-real-property\/#breadcrumb"},"inLanguage":"pl-PL","potentialAction":[{"@type":"ReadAction","target":["https:\/\/ilc-poland.com\/foreigners\/acquisition-of-real-property\/"]}]},{"@type":"ImageObject","inLanguage":"pl-PL","@id":"https:\/\/ilc-poland.com\/foreigners\/acquisition-of-real-property\/#primaryimage","url":"http:\/\/ilc-poland.com\/wp-content\/uploads\/2013\/02\/39242097.jpg","contentUrl":"http:\/\/ilc-poland.com\/wp-content\/uploads\/2013\/02\/39242097.jpg"},{"@type":"BreadcrumbList","@id":"https:\/\/ilc-poland.com\/foreigners\/acquisition-of-real-property\/#breadcrumb","itemListElement":[{"@type":"ListItem","position":1,"name":"Home","item":"https:\/\/ilc-poland.com\/pl\/"},{"@type":"ListItem","position":2,"name":"SOGGETTI STRANIERI","item":"https:\/\/ilc-poland.com\/it\/foreigners\/"},{"@type":"ListItem","position":3,"name":"ACQUISITION of REAL&nbsp;PROPERTY"}]},{"@type":"WebSite","@id":"https:\/\/ilc-poland.com\/pl\/#website","url":"https:\/\/ilc-poland.com\/pl\/","name":"International Legal Consulting Poland","description":"a law firm presented by Emilia Di Salvo","publisher":{"@id":"https:\/\/ilc-poland.com\/pl\/#organization"},"potentialAction":[{"@type":"SearchAction","target":{"@type":"EntryPoint","urlTemplate":"https:\/\/ilc-poland.com\/pl\/?s={search_term_string}"},"query-input":"required name=search_term_string"}],"inLanguage":"pl-PL"},{"@type":"Organization","@id":"https:\/\/ilc-poland.com\/pl\/#organization","name":"International Legal Consulting Poland","url":"https:\/\/ilc-poland.com\/pl\/","logo":{"@type":"ImageObject","inLanguage":"pl-PL","@id":"https:\/\/ilc-poland.com\/pl\/#\/schema\/logo\/image\/","url":"https:\/\/ilc-poland.com\/wp-content\/uploads\/2013\/02\/logo_text_med.png","contentUrl":"https:\/\/ilc-poland.com\/wp-content\/uploads\/2013\/02\/logo_text_med.png","width":200,"height":93,"caption":"International Legal Consulting Poland"},"image":{"@id":"https:\/\/ilc-poland.com\/pl\/#\/schema\/logo\/image\/"},"sameAs":["https:\/\/www.linkedin.com\/in\/emiliadisalvo\/"]}]}},"_links":{"self":[{"href":"https:\/\/ilc-poland.com\/pl\/wp-json\/wp\/v2\/pages\/248"}],"collection":[{"href":"https:\/\/ilc-poland.com\/pl\/wp-json\/wp\/v2\/pages"}],"about":[{"href":"https:\/\/ilc-poland.com\/pl\/wp-json\/wp\/v2\/types\/page"}],"author":[{"embeddable":true,"href":"https:\/\/ilc-poland.com\/pl\/wp-json\/wp\/v2\/users\/3"}],"replies":[{"embeddable":true,"href":"https:\/\/ilc-poland.com\/pl\/wp-json\/wp\/v2\/comments?post=248"}],"version-history":[{"count":26,"href":"https:\/\/ilc-poland.com\/pl\/wp-json\/wp\/v2\/pages\/248\/revisions"}],"predecessor-version":[{"id":1639,"href":"https:\/\/ilc-poland.com\/pl\/wp-json\/wp\/v2\/pages\/248\/revisions\/1639"}],"up":[{"embeddable":true,"href":"https:\/\/ilc-poland.com\/pl\/wp-json\/wp\/v2\/pages\/12"}],"wp:attachment":[{"href":"https:\/\/ilc-poland.com\/pl\/wp-json\/wp\/v2\/media?parent=248"}],"curies":[{"name":"wp","href":"https:\/\/api.w.org\/{rel}","templated":true}]}}