{"id":222,"date":"2013-02-02T14:03:49","date_gmt":"2013-02-02T13:03:49","guid":{"rendered":"http:\/\/ilc-poland.com\/?page_id=222"},"modified":"2023-12-31T00:14:22","modified_gmt":"2023-12-30T23:14:22","slug":"real-estate-and-construction-law","status":"publish","type":"page","link":"https:\/\/ilc-poland.com\/pl\/entrepreneurs\/real-estate-and-construction-law\/","title":{"rendered":"NIERUCHOMO\u015aCI i PRAWO&nbsp;BUDOWLANE"},"content":{"rendered":"<p><img loading=\"lazy\" decoding=\"async\" class=\"alignleft size-full wp-image-1035\" alt=\"Building\" src=\"https:\/\/ilc-poland.com\/wp-content\/uploads\/2013\/03\/35679456_XS.jpg\" width=\"540\" height=\"360\" srcset=\"https:\/\/ilc-poland.com\/wp-content\/uploads\/2013\/03\/35679456_XS.jpg 540w, https:\/\/ilc-poland.com\/wp-content\/uploads\/2013\/03\/35679456_XS-300x200.jpg 300w\" sizes=\"(max-width: 540px) 100vw, 540px\" \/><\/p>\n<p>Kancelaria posiada znacz\u0105ce do\u015bwiadczenie w dziedzinie obrotu nieruchomo\u015bciami, ich zagospodarowania oraz w zakresie prawa rzeczowego.<\/p>\n<p>Nasze us\u0142ugi prawne z zakresu prawa nieruchomo\u015bci obejmuj\u0105 mi\u0119dzy innymi:<\/p>\n<ul>\n<li>sporz\u0105dzanie i opiniowanie um\u00f3w nabycia i zbycia nieruchomo\u015bci;<\/li>\n<li>doradzanie klientom przy nabywaniu nieruchomo\u015bci i reprezentowanie ich w stosownych negocjacjach;<\/li>\n<li>reprezentowanie klient\u00f3w w post\u0119powaniach administracyjnych w celu uzyskania zezwole\u0144 niezb\u0119dnych do prowadzenie inwestycji (pozwolenia na budow\u0119, decyzji o warunkach zabudowy itp.);<\/li>\n<li>analiza zgodno\u015b\u0107 planowanej inwestycji z miejscowymi planami zagospodarowania przestrzennego;<\/li>\n<li>audyt (\u201e<em>due dilligence<\/em>\u201d) stanu prawnego i faktycznego nieruchomo\u015bci dla potrzeb transakcji nabywania\/ zbywania nieruchomo\u015bci;<\/li>\n<li>przeprowadzamy analiz\u0119 zgodno\u015bci planowanej inwestycji z przepisami o ochronie \u015brodowiska;<\/li>\n<li>reprezentujemy naszych klient\u00f3w w sprawach spornych dotycz\u0105cych nieruchomo\u015bci przed s\u0105dami powszechnymi, arbitra\u017cowymi i administracyjnymi;<\/li>\n<li>udzielamy naszym klientom wsparcia prawnego w zakresie zarz\u0105dzania budynkami;<\/li>\n<li>przygotowujemy umowy najmu, dzier\u017cawy, u\u017cyczenia oraz leasingu nieruchomo\u015bci;<\/li>\n<li>przygotowujemy umowy o roboty budowlane.<\/li>\n<\/ul>\n<p>Doradzamy r\u00f3wnie\u017c w kwestiach zwi\u0105zanych z nabywaniem nieruchomo\u015bci przez cudzoziemc\u00f3w, w tym m.in.:<\/p>\n<ul>\n<li>zdarze\u0144 prawnych rodz\u0105cych obowi\u0105zek uzyskania zezwolenia na nabycie nieruchomo\u015bci, podmiot\u00f3w zobowi\u0105zanych do uzyskania zezwolenia oraz procedury jego uzyskania;<\/li>\n<li>obowi\u0105zku uzyskania zezwolenia na nabycie nieruchomo\u015bci w stosunkach korporacyjnych (zakup akcji\/ udzia\u0142\u00f3w, powstanie stosunku dominacji).<\/li>\n<\/ul>\n<p><\/p>","protected":false},"excerpt":{"rendered":"<p>Kancelaria posiada znacz\u0105ce do\u015bwiadczenie w dziedzinie obrotu nieruchomo\u015bciami, ich zagospodarowania oraz w zakresie prawa rzeczowego. Nasze us\u0142ugi prawne z zakresu prawa nieruchomo\u015bci obejmuj\u0105 mi\u0119dzy innymi: sporz\u0105dzanie i opiniowanie um\u00f3w nabycia i zbycia nieruchomo\u015bci; doradzanie klientom przy nabywaniu nieruchomo\u015bci i reprezentowanie ich w stosownych negocjacjach; reprezentowanie <span class=\"ellipsis\">&hellip;<\/span> <span class=\"more-link-wrap\"><a href=\"https:\/\/ilc-poland.com\/pl\/entrepreneurs\/real-estate-and-construction-law\/\" class=\"more-link\"><span>Wi\u0119cej&#8230;<\/span><\/a><\/span><\/p>\n","protected":false},"author":3,"featured_media":0,"parent":10,"menu_order":35,"comment_status":"closed","ping_status":"closed","template":"","meta":{"footnotes":""},"yoast_head":"<!-- This site is optimized with the Yoast SEO plugin v22.9 - https:\/\/yoast.com\/wordpress\/plugins\/seo\/ -->\n<title>NIERUCHOMO\u015aCI i PRAWO&nbsp;BUDOWLANE - International Legal Consulting Poland<\/title>\n<meta name=\"robots\" content=\"index, follow, max-snippet:-1, max-image-preview:large, max-video-preview:-1\" \/>\n<link rel=\"canonical\" href=\"https:\/\/ilc-poland.com\/pl\/entrepreneurs\/real-estate-and-construction-law\/\" \/>\n<meta property=\"og:locale\" content=\"pl_PL\" \/>\n<meta property=\"og:type\" content=\"article\" \/>\n<meta property=\"og:title\" content=\"NIERUCHOMO\u015aCI i PRAWO&nbsp;BUDOWLANE - International Legal Consulting Poland\" \/>\n<meta property=\"og:description\" content=\"Kancelaria posiada znacz\u0105ce do\u015bwiadczenie w dziedzinie obrotu nieruchomo\u015bciami, ich zagospodarowania oraz w zakresie prawa rzeczowego. Nasze us\u0142ugi prawne z zakresu prawa nieruchomo\u015bci obejmuj\u0105 mi\u0119dzy innymi: sporz\u0105dzanie i opiniowanie um\u00f3w nabycia i zbycia nieruchomo\u015bci; doradzanie klientom przy nabywaniu nieruchomo\u015bci i reprezentowanie ich w stosownych negocjacjach; reprezentowanie &hellip; Wi\u0119cej...\" \/>\n<meta property=\"og:url\" content=\"https:\/\/ilc-poland.com\/pl\/entrepreneurs\/real-estate-and-construction-law\/\" \/>\n<meta property=\"og:site_name\" content=\"International Legal Consulting Poland\" \/>\n<meta property=\"article:modified_time\" content=\"2023-12-30T23:14:22+00:00\" \/>\n<meta property=\"og:image\" content=\"https:\/\/ilc-poland.com\/wp-content\/uploads\/2013\/03\/35679456_XS.jpg\" \/>\n<meta name=\"twitter:card\" content=\"summary_large_image\" \/>\n<meta name=\"twitter:label1\" content=\"Szacowany czas czytania\" \/>\n\t<meta name=\"twitter:data1\" content=\"1 minuta\" \/>\n<script type=\"application\/ld+json\" class=\"yoast-schema-graph\">{\"@context\":\"https:\/\/schema.org\",\"@graph\":[{\"@type\":\"WebPage\",\"@id\":\"https:\/\/ilc-poland.com\/pl\/entrepreneurs\/real-estate-and-construction-law\/\",\"url\":\"https:\/\/ilc-poland.com\/pl\/entrepreneurs\/real-estate-and-construction-law\/\",\"name\":\"[:en]REAL ESTATE and BUILDING&nbsp;LAW[:pl]NIERUCHOMO\u015aCI i PRAWO&nbsp;BUDOWLANE[:it]DIRITTO IMMOBILIARE e delle COSTRUZIONI[:] - International Legal Consulting Poland\",\"isPartOf\":{\"@id\":\"https:\/\/ilc-poland.com\/pl\/#website\"},\"primaryImageOfPage\":{\"@id\":\"https:\/\/ilc-poland.com\/pl\/entrepreneurs\/real-estate-and-construction-law\/#primaryimage\"},\"image\":{\"@id\":\"https:\/\/ilc-poland.com\/pl\/entrepreneurs\/real-estate-and-construction-law\/#primaryimage\"},\"thumbnailUrl\":\"https:\/\/ilc-poland.com\/wp-content\/uploads\/2013\/03\/35679456_XS.jpg\",\"datePublished\":\"2013-02-02T13:03:49+00:00\",\"dateModified\":\"2023-12-30T23:14:22+00:00\",\"breadcrumb\":{\"@id\":\"https:\/\/ilc-poland.com\/pl\/entrepreneurs\/real-estate-and-construction-law\/#breadcrumb\"},\"inLanguage\":\"pl-PL\",\"potentialAction\":[{\"@type\":\"ReadAction\",\"target\":[\"https:\/\/ilc-poland.com\/pl\/entrepreneurs\/real-estate-and-construction-law\/\"]}]},{\"@type\":\"ImageObject\",\"inLanguage\":\"pl-PL\",\"@id\":\"https:\/\/ilc-poland.com\/pl\/entrepreneurs\/real-estate-and-construction-law\/#primaryimage\",\"url\":\"https:\/\/ilc-poland.com\/wp-content\/uploads\/2013\/03\/35679456_XS.jpg\",\"contentUrl\":\"https:\/\/ilc-poland.com\/wp-content\/uploads\/2013\/03\/35679456_XS.jpg\"},{\"@type\":\"BreadcrumbList\",\"@id\":\"https:\/\/ilc-poland.com\/pl\/entrepreneurs\/real-estate-and-construction-law\/#breadcrumb\",\"itemListElement\":[{\"@type\":\"ListItem\",\"position\":1,\"name\":\"Home\",\"item\":\"https:\/\/ilc-poland.com\/pl\/\"},{\"@type\":\"ListItem\",\"position\":2,\"name\":\"PRZEDSI\u0118BIORCY\",\"item\":\"https:\/\/ilc-poland.com\/pl\/entrepreneurs\/\"},{\"@type\":\"ListItem\",\"position\":3,\"name\":\"NIERUCHOMO\u015aCI i PRAWO&nbsp;BUDOWLANE\"}]},{\"@type\":\"WebSite\",\"@id\":\"https:\/\/ilc-poland.com\/pl\/#website\",\"url\":\"https:\/\/ilc-poland.com\/pl\/\",\"name\":\"International Legal Consulting Poland\",\"description\":\"a law firm presented by Emilia Di Salvo\",\"publisher\":{\"@id\":\"https:\/\/ilc-poland.com\/pl\/#organization\"},\"potentialAction\":[{\"@type\":\"SearchAction\",\"target\":{\"@type\":\"EntryPoint\",\"urlTemplate\":\"https:\/\/ilc-poland.com\/pl\/?s={search_term_string}\"},\"query-input\":\"required name=search_term_string\"}],\"inLanguage\":\"pl-PL\"},{\"@type\":\"Organization\",\"@id\":\"https:\/\/ilc-poland.com\/pl\/#organization\",\"name\":\"International Legal Consulting Poland\",\"url\":\"https:\/\/ilc-poland.com\/pl\/\",\"logo\":{\"@type\":\"ImageObject\",\"inLanguage\":\"pl-PL\",\"@id\":\"https:\/\/ilc-poland.com\/pl\/#\/schema\/logo\/image\/\",\"url\":\"https:\/\/ilc-poland.com\/wp-content\/uploads\/2013\/02\/logo_text_med.png\",\"contentUrl\":\"https:\/\/ilc-poland.com\/wp-content\/uploads\/2013\/02\/logo_text_med.png\",\"width\":200,\"height\":93,\"caption\":\"International Legal Consulting Poland\"},\"image\":{\"@id\":\"https:\/\/ilc-poland.com\/pl\/#\/schema\/logo\/image\/\"},\"sameAs\":[\"https:\/\/www.linkedin.com\/in\/emiliadisalvo\/\"]}]}<\/script>\n<!-- \/ Yoast SEO plugin. -->","yoast_head_json":{"title":"NIERUCHOMO\u015aCI i PRAWO&nbsp;BUDOWLANE - International Legal Consulting Poland","robots":{"index":"index","follow":"follow","max-snippet":"max-snippet:-1","max-image-preview":"max-image-preview:large","max-video-preview":"max-video-preview:-1"},"canonical":"https:\/\/ilc-poland.com\/pl\/entrepreneurs\/real-estate-and-construction-law\/","og_locale":"pl_PL","og_type":"article","og_title":"NIERUCHOMO\u015aCI i PRAWO&nbsp;BUDOWLANE - International Legal Consulting Poland","og_description":"Kancelaria posiada znacz\u0105ce do\u015bwiadczenie w dziedzinie obrotu nieruchomo\u015bciami, ich zagospodarowania oraz w zakresie prawa rzeczowego. Nasze us\u0142ugi prawne z zakresu prawa nieruchomo\u015bci obejmuj\u0105 mi\u0119dzy innymi: sporz\u0105dzanie i opiniowanie um\u00f3w nabycia i zbycia nieruchomo\u015bci; doradzanie klientom przy nabywaniu nieruchomo\u015bci i reprezentowanie ich w stosownych negocjacjach; reprezentowanie &hellip; Wi\u0119cej...","og_url":"https:\/\/ilc-poland.com\/pl\/entrepreneurs\/real-estate-and-construction-law\/","og_site_name":"International Legal Consulting Poland","article_modified_time":"2023-12-30T23:14:22+00:00","og_image":[{"url":"https:\/\/ilc-poland.com\/wp-content\/uploads\/2013\/03\/35679456_XS.jpg"}],"twitter_card":"summary_large_image","twitter_misc":{"Szacowany czas czytania":"1 minuta"},"schema":{"@context":"https:\/\/schema.org","@graph":[{"@type":"WebPage","@id":"https:\/\/ilc-poland.com\/pl\/entrepreneurs\/real-estate-and-construction-law\/","url":"https:\/\/ilc-poland.com\/pl\/entrepreneurs\/real-estate-and-construction-law\/","name":"[:en]REAL ESTATE and BUILDING&nbsp;LAW[:pl]NIERUCHOMO\u015aCI i PRAWO&nbsp;BUDOWLANE[:it]DIRITTO IMMOBILIARE e delle COSTRUZIONI[:] - International Legal Consulting Poland","isPartOf":{"@id":"https:\/\/ilc-poland.com\/pl\/#website"},"primaryImageOfPage":{"@id":"https:\/\/ilc-poland.com\/pl\/entrepreneurs\/real-estate-and-construction-law\/#primaryimage"},"image":{"@id":"https:\/\/ilc-poland.com\/pl\/entrepreneurs\/real-estate-and-construction-law\/#primaryimage"},"thumbnailUrl":"https:\/\/ilc-poland.com\/wp-content\/uploads\/2013\/03\/35679456_XS.jpg","datePublished":"2013-02-02T13:03:49+00:00","dateModified":"2023-12-30T23:14:22+00:00","breadcrumb":{"@id":"https:\/\/ilc-poland.com\/pl\/entrepreneurs\/real-estate-and-construction-law\/#breadcrumb"},"inLanguage":"pl-PL","potentialAction":[{"@type":"ReadAction","target":["https:\/\/ilc-poland.com\/pl\/entrepreneurs\/real-estate-and-construction-law\/"]}]},{"@type":"ImageObject","inLanguage":"pl-PL","@id":"https:\/\/ilc-poland.com\/pl\/entrepreneurs\/real-estate-and-construction-law\/#primaryimage","url":"https:\/\/ilc-poland.com\/wp-content\/uploads\/2013\/03\/35679456_XS.jpg","contentUrl":"https:\/\/ilc-poland.com\/wp-content\/uploads\/2013\/03\/35679456_XS.jpg"},{"@type":"BreadcrumbList","@id":"https:\/\/ilc-poland.com\/pl\/entrepreneurs\/real-estate-and-construction-law\/#breadcrumb","itemListElement":[{"@type":"ListItem","position":1,"name":"Home","item":"https:\/\/ilc-poland.com\/pl\/"},{"@type":"ListItem","position":2,"name":"PRZEDSI\u0118BIORCY","item":"https:\/\/ilc-poland.com\/pl\/entrepreneurs\/"},{"@type":"ListItem","position":3,"name":"NIERUCHOMO\u015aCI i PRAWO&nbsp;BUDOWLANE"}]},{"@type":"WebSite","@id":"https:\/\/ilc-poland.com\/pl\/#website","url":"https:\/\/ilc-poland.com\/pl\/","name":"International Legal Consulting Poland","description":"a law firm presented by Emilia Di Salvo","publisher":{"@id":"https:\/\/ilc-poland.com\/pl\/#organization"},"potentialAction":[{"@type":"SearchAction","target":{"@type":"EntryPoint","urlTemplate":"https:\/\/ilc-poland.com\/pl\/?s={search_term_string}"},"query-input":"required name=search_term_string"}],"inLanguage":"pl-PL"},{"@type":"Organization","@id":"https:\/\/ilc-poland.com\/pl\/#organization","name":"International Legal Consulting Poland","url":"https:\/\/ilc-poland.com\/pl\/","logo":{"@type":"ImageObject","inLanguage":"pl-PL","@id":"https:\/\/ilc-poland.com\/pl\/#\/schema\/logo\/image\/","url":"https:\/\/ilc-poland.com\/wp-content\/uploads\/2013\/02\/logo_text_med.png","contentUrl":"https:\/\/ilc-poland.com\/wp-content\/uploads\/2013\/02\/logo_text_med.png","width":200,"height":93,"caption":"International Legal Consulting Poland"},"image":{"@id":"https:\/\/ilc-poland.com\/pl\/#\/schema\/logo\/image\/"},"sameAs":["https:\/\/www.linkedin.com\/in\/emiliadisalvo\/"]}]}},"_links":{"self":[{"href":"https:\/\/ilc-poland.com\/pl\/wp-json\/wp\/v2\/pages\/222"}],"collection":[{"href":"https:\/\/ilc-poland.com\/pl\/wp-json\/wp\/v2\/pages"}],"about":[{"href":"https:\/\/ilc-poland.com\/pl\/wp-json\/wp\/v2\/types\/page"}],"author":[{"embeddable":true,"href":"https:\/\/ilc-poland.com\/pl\/wp-json\/wp\/v2\/users\/3"}],"replies":[{"embeddable":true,"href":"https:\/\/ilc-poland.com\/pl\/wp-json\/wp\/v2\/comments?post=222"}],"version-history":[{"count":53,"href":"https:\/\/ilc-poland.com\/pl\/wp-json\/wp\/v2\/pages\/222\/revisions"}],"predecessor-version":[{"id":1624,"href":"https:\/\/ilc-poland.com\/pl\/wp-json\/wp\/v2\/pages\/222\/revisions\/1624"}],"up":[{"embeddable":true,"href":"https:\/\/ilc-poland.com\/pl\/wp-json\/wp\/v2\/pages\/10"}],"wp:attachment":[{"href":"https:\/\/ilc-poland.com\/pl\/wp-json\/wp\/v2\/media?parent=222"}],"curies":[{"name":"wp","href":"https:\/\/api.w.org\/{rel}","templated":true}]}}