{"id":204,"date":"2013-02-02T13:43:25","date_gmt":"2013-02-02T12:43:25","guid":{"rendered":"http:\/\/ilc-poland.com\/?page_id=204"},"modified":"2013-05-29T12:56:03","modified_gmt":"2013-05-29T11:56:03","slug":"international-insolvency","status":"publish","type":"page","link":"https:\/\/ilc-poland.com\/pl\/entrepreneurs\/international-insolvency\/","title":{"rendered":"UPAD\u0141O\u015a\u0106 MI\u0118DZYNARODOWA"},"content":{"rendered":"<p>Wsp\u00f3\u0142praca mi\u0119dzynarodowa oraz mi\u0119dzynarodowy obr\u00f3t handlowy powoduj\u0105, i\u017c bardzo cz\u0119sto upad\u0142o\u015b\u0107 wywiera skutki w sferze stosunk\u00f3w gospodarczych na terytorium r\u00f3\u017cnych pa\u0144stw. W wyniku rosn\u0105cej ilo\u015bci przedsi\u0119biorstw z kapita\u0142em zagranicznym coraz cz\u0119\u015bciej d\u0142u\u017cnicy maj\u0105 w jednym kraju tylko borykaj\u0105ce si\u0119 z niewyp\u0142acalno\u015bci\u0105 oddzia\u0142y lub sp\u00f3\u0142ki c\u00f3rki, podczas gdy ich sp\u00f3\u0142ki matki maj\u0105 siedziby w innych krajach.<\/p>\n<p>Transgraniczne post\u0119powania upad\u0142o\u015bciowe s\u0105 r\u00f3wnie\u017c praktyczn\u0105 konsekwencj\u0105 wsp\u00f3lnego rynku w ramach Unii Europejskiej. Wielu przedsi\u0119biorc\u00f3w wsp\u00f3\u0142pracuje bowiem z kontrahentami z innych pa\u0144stw cz\u0142onkowskich. W konsekwencji coraz cz\u0119\u015bciej post\u0119powania upad\u0142o\u015bciowe s\u0105 prowadzone w oparciu o regulacje mi\u0119dzynarodowe. S\u0105d jednego pa\u0144stwa mo\u017ce og\u0142osi\u0107 upad\u0142o\u015b\u0107 podmiotu maj\u0105cego siedzib\u0119 w innym pa\u0144stwie, a krajowy przedsi\u0119biorca mo\u017ce zg\u0142osi\u0107 wierzytelno\u015b\u0107 bezpo\u015brednio w zagranicznym post\u0119powaniu upad\u0142o\u015bciowym.<\/p>\n<p>Kancelaria reprezentuje klient\u00f3w w post\u0119powaniach upad\u0142o\u015bciowych tocz\u0105cych si\u0119 w oparciu o przepisy <strong>Rozporz\u0105dzenia Rady WE nr 1346\/2000 z 29 maja 2000 r. <\/strong>oraz krajowe regulacje mi\u0119dzynarodowego prawa upad\u0142o\u015bciowego oraz prawa prywatnego mi\u0119dzynarodowego.<\/p>\n<p>Oczywistym jest, i\u017c upad\u0142o\u015b\u0107 d\u0142u\u017cnika najdotkliwsze skutki wywo\u0142uje w sferze interes\u00f3w prawnych wierzycieli, pozbawiaj\u0105c ich widok\u00f3w na pe\u0142ne zaspokojenie swoich wierzytelno\u015bci. Kancelaria podejmuje dzia\u0142ania w maksymalnym stopniu s\u0142u\u017c\u0105ce ochronie interes\u00f3w wierzycieli upad\u0142ego:<\/p>\n<ul>\n<li>reprezentujemy klient\u00f3w w tocz\u0105cym si\u0119 post\u0119powaniu upad\u0142o\u015bciowym w tym obejmuj\u0105cym likwidacj\u0119 maj\u0105tku upad\u0142ego, jak r\u00f3wnie\u017c z mo\u017cliwo\u015bci\u0105 zawarcia uk\u0142adu;<\/li>\n<li>reprezentujemy klient\u00f3w w zagranicznym post\u0119powaniu upad\u0142o\u015bciowym, a tak\u017ce w post\u0119powaniu upad\u0142o\u015bciowym toczonym w Polsce;<\/li>\n<li>zg\u0142aszamy w imieniu klient\u00f3w wierzytelno\u015bci w post\u0119powaniu upad\u0142o\u015bciowym;<\/li>\n<li>zaskar\u017camy czynno\u015bci podejmowane w toku post\u0119powania przez zarz\u0105dc\u00f3w lub syndyk\u00f3w;<\/li>\n<li>sk\u0142adamy wnioski o wy\u0142\u0105czenie z masy upad\u0142o\u015bci;<\/li>\n<li>prowadzimy post\u0119powania w przedmiocie uznania zagranicznego post\u0119powania upad\u0142o\u015bciowego, a tak\u017ce w przedmiocie uchylenia lub zmiany orzeczenia o uznaniu takiego post\u0119powania;<\/li>\n<li>podejmujemy wszelkie niezb\u0119dne dzia\u0142ania, aby post\u0119powanie upad\u0142o\u015bciowe mia\u0142o charakter przejrzysty i przewidywalny oraz doprowadzi\u0142o do szybkiego spieni\u0119\u017cenia masy upad\u0142o\u015bci lub do restrukturyzacji przedsi\u0119biorstwa d\u0142u\u017cnika (jego zobowi\u0105za\u0144, zatrudnienia oraz maj\u0105tku).<\/li>\n<\/ul>\n<p><\/p>","protected":false},"excerpt":{"rendered":"<p>Wsp\u00f3\u0142praca mi\u0119dzynarodowa oraz mi\u0119dzynarodowy obr\u00f3t handlowy powoduj\u0105, i\u017c bardzo cz\u0119sto upad\u0142o\u015b\u0107 wywiera skutki w sferze stosunk\u00f3w gospodarczych na terytorium r\u00f3\u017cnych pa\u0144stw. W wyniku rosn\u0105cej ilo\u015bci przedsi\u0119biorstw z kapita\u0142em zagranicznym coraz cz\u0119\u015bciej d\u0142u\u017cnicy maj\u0105 w jednym kraju tylko borykaj\u0105ce si\u0119 z niewyp\u0142acalno\u015bci\u0105 oddzia\u0142y lub sp\u00f3\u0142ki c\u00f3rki, <span class=\"ellipsis\">&hellip;<\/span> <span class=\"more-link-wrap\"><a href=\"https:\/\/ilc-poland.com\/pl\/entrepreneurs\/international-insolvency\/\" class=\"more-link\"><span>Wi\u0119cej&#8230;<\/span><\/a><\/span><\/p>\n","protected":false},"author":3,"featured_media":0,"parent":10,"menu_order":20,"comment_status":"closed","ping_status":"closed","template":"","meta":{"footnotes":""},"yoast_head":"<!-- This site is optimized with the Yoast SEO plugin v22.9 - https:\/\/yoast.com\/wordpress\/plugins\/seo\/ -->\n<title>UPAD\u0141O\u015a\u0106 MI\u0118DZYNARODOWA - International Legal Consulting Poland<\/title>\n<meta name=\"robots\" content=\"index, follow, max-snippet:-1, max-image-preview:large, max-video-preview:-1\" \/>\n<link rel=\"canonical\" href=\"https:\/\/ilc-poland.com\/pl\/entrepreneurs\/international-insolvency\/\" \/>\n<meta property=\"og:locale\" content=\"pl_PL\" \/>\n<meta property=\"og:type\" content=\"article\" \/>\n<meta property=\"og:title\" content=\"UPAD\u0141O\u015a\u0106 MI\u0118DZYNARODOWA - International Legal Consulting Poland\" \/>\n<meta property=\"og:description\" content=\"Wsp\u00f3\u0142praca mi\u0119dzynarodowa oraz mi\u0119dzynarodowy obr\u00f3t handlowy powoduj\u0105, i\u017c bardzo cz\u0119sto upad\u0142o\u015b\u0107 wywiera skutki w sferze stosunk\u00f3w gospodarczych na terytorium r\u00f3\u017cnych pa\u0144stw. W wyniku rosn\u0105cej ilo\u015bci przedsi\u0119biorstw z kapita\u0142em zagranicznym coraz cz\u0119\u015bciej d\u0142u\u017cnicy maj\u0105 w jednym kraju tylko borykaj\u0105ce si\u0119 z niewyp\u0142acalno\u015bci\u0105 oddzia\u0142y lub sp\u00f3\u0142ki c\u00f3rki, &hellip; Wi\u0119cej...\" \/>\n<meta property=\"og:url\" content=\"https:\/\/ilc-poland.com\/pl\/entrepreneurs\/international-insolvency\/\" \/>\n<meta property=\"og:site_name\" content=\"International Legal Consulting Poland\" \/>\n<meta property=\"article:modified_time\" content=\"2013-05-29T11:56:03+00:00\" \/>\n<meta name=\"twitter:card\" content=\"summary_large_image\" \/>\n<meta name=\"twitter:label1\" content=\"Szacowany czas czytania\" \/>\n\t<meta name=\"twitter:data1\" content=\"4 minuty\" \/>\n<script type=\"application\/ld+json\" class=\"yoast-schema-graph\">{\"@context\":\"https:\/\/schema.org\",\"@graph\":[{\"@type\":\"WebPage\",\"@id\":\"https:\/\/ilc-poland.com\/pl\/entrepreneurs\/international-insolvency\/\",\"url\":\"https:\/\/ilc-poland.com\/pl\/entrepreneurs\/international-insolvency\/\",\"name\":\"[:en]INTERNATIONAL INSOLVENCY[:pl]UPAD\u0141O\u015a\u0106 MI\u0118DZYNARODOWA[:it]DIRITTO FALLIMENTARE[:] - International Legal Consulting Poland\",\"isPartOf\":{\"@id\":\"https:\/\/ilc-poland.com\/pl\/#website\"},\"datePublished\":\"2013-02-02T12:43:25+00:00\",\"dateModified\":\"2013-05-29T11:56:03+00:00\",\"breadcrumb\":{\"@id\":\"https:\/\/ilc-poland.com\/pl\/entrepreneurs\/international-insolvency\/#breadcrumb\"},\"inLanguage\":\"pl-PL\",\"potentialAction\":[{\"@type\":\"ReadAction\",\"target\":[\"https:\/\/ilc-poland.com\/pl\/entrepreneurs\/international-insolvency\/\"]}]},{\"@type\":\"BreadcrumbList\",\"@id\":\"https:\/\/ilc-poland.com\/pl\/entrepreneurs\/international-insolvency\/#breadcrumb\",\"itemListElement\":[{\"@type\":\"ListItem\",\"position\":1,\"name\":\"Home\",\"item\":\"https:\/\/ilc-poland.com\/pl\/\"},{\"@type\":\"ListItem\",\"position\":2,\"name\":\"PRZEDSI\u0118BIORCY\",\"item\":\"https:\/\/ilc-poland.com\/pl\/entrepreneurs\/\"},{\"@type\":\"ListItem\",\"position\":3,\"name\":\"UPAD\u0141O\u015a\u0106 MI\u0118DZYNARODOWA\"}]},{\"@type\":\"WebSite\",\"@id\":\"https:\/\/ilc-poland.com\/pl\/#website\",\"url\":\"https:\/\/ilc-poland.com\/pl\/\",\"name\":\"International Legal Consulting Poland\",\"description\":\"a law firm presented by Emilia Di Salvo\",\"publisher\":{\"@id\":\"https:\/\/ilc-poland.com\/pl\/#organization\"},\"potentialAction\":[{\"@type\":\"SearchAction\",\"target\":{\"@type\":\"EntryPoint\",\"urlTemplate\":\"https:\/\/ilc-poland.com\/pl\/?s={search_term_string}\"},\"query-input\":\"required name=search_term_string\"}],\"inLanguage\":\"pl-PL\"},{\"@type\":\"Organization\",\"@id\":\"https:\/\/ilc-poland.com\/pl\/#organization\",\"name\":\"International Legal Consulting Poland\",\"url\":\"https:\/\/ilc-poland.com\/pl\/\",\"logo\":{\"@type\":\"ImageObject\",\"inLanguage\":\"pl-PL\",\"@id\":\"https:\/\/ilc-poland.com\/pl\/#\/schema\/logo\/image\/\",\"url\":\"https:\/\/ilc-poland.com\/wp-content\/uploads\/2013\/02\/logo_text_med.png\",\"contentUrl\":\"https:\/\/ilc-poland.com\/wp-content\/uploads\/2013\/02\/logo_text_med.png\",\"width\":200,\"height\":93,\"caption\":\"International Legal Consulting Poland\"},\"image\":{\"@id\":\"https:\/\/ilc-poland.com\/pl\/#\/schema\/logo\/image\/\"},\"sameAs\":[\"https:\/\/www.linkedin.com\/in\/emiliadisalvo\/\"]}]}<\/script>\n<!-- \/ Yoast SEO plugin. -->","yoast_head_json":{"title":"UPAD\u0141O\u015a\u0106 MI\u0118DZYNARODOWA - International Legal Consulting Poland","robots":{"index":"index","follow":"follow","max-snippet":"max-snippet:-1","max-image-preview":"max-image-preview:large","max-video-preview":"max-video-preview:-1"},"canonical":"https:\/\/ilc-poland.com\/pl\/entrepreneurs\/international-insolvency\/","og_locale":"pl_PL","og_type":"article","og_title":"UPAD\u0141O\u015a\u0106 MI\u0118DZYNARODOWA - International Legal Consulting Poland","og_description":"Wsp\u00f3\u0142praca mi\u0119dzynarodowa oraz mi\u0119dzynarodowy obr\u00f3t handlowy powoduj\u0105, i\u017c bardzo cz\u0119sto upad\u0142o\u015b\u0107 wywiera skutki w sferze stosunk\u00f3w gospodarczych na terytorium r\u00f3\u017cnych pa\u0144stw. W wyniku rosn\u0105cej ilo\u015bci przedsi\u0119biorstw z kapita\u0142em zagranicznym coraz cz\u0119\u015bciej d\u0142u\u017cnicy maj\u0105 w jednym kraju tylko borykaj\u0105ce si\u0119 z niewyp\u0142acalno\u015bci\u0105 oddzia\u0142y lub sp\u00f3\u0142ki c\u00f3rki, &hellip; Wi\u0119cej...","og_url":"https:\/\/ilc-poland.com\/pl\/entrepreneurs\/international-insolvency\/","og_site_name":"International Legal Consulting Poland","article_modified_time":"2013-05-29T11:56:03+00:00","twitter_card":"summary_large_image","twitter_misc":{"Szacowany czas czytania":"4 minuty"},"schema":{"@context":"https:\/\/schema.org","@graph":[{"@type":"WebPage","@id":"https:\/\/ilc-poland.com\/pl\/entrepreneurs\/international-insolvency\/","url":"https:\/\/ilc-poland.com\/pl\/entrepreneurs\/international-insolvency\/","name":"[:en]INTERNATIONAL INSOLVENCY[:pl]UPAD\u0141O\u015a\u0106 MI\u0118DZYNARODOWA[:it]DIRITTO FALLIMENTARE[:] - International Legal Consulting Poland","isPartOf":{"@id":"https:\/\/ilc-poland.com\/pl\/#website"},"datePublished":"2013-02-02T12:43:25+00:00","dateModified":"2013-05-29T11:56:03+00:00","breadcrumb":{"@id":"https:\/\/ilc-poland.com\/pl\/entrepreneurs\/international-insolvency\/#breadcrumb"},"inLanguage":"pl-PL","potentialAction":[{"@type":"ReadAction","target":["https:\/\/ilc-poland.com\/pl\/entrepreneurs\/international-insolvency\/"]}]},{"@type":"BreadcrumbList","@id":"https:\/\/ilc-poland.com\/pl\/entrepreneurs\/international-insolvency\/#breadcrumb","itemListElement":[{"@type":"ListItem","position":1,"name":"Home","item":"https:\/\/ilc-poland.com\/pl\/"},{"@type":"ListItem","position":2,"name":"PRZEDSI\u0118BIORCY","item":"https:\/\/ilc-poland.com\/pl\/entrepreneurs\/"},{"@type":"ListItem","position":3,"name":"UPAD\u0141O\u015a\u0106 MI\u0118DZYNARODOWA"}]},{"@type":"WebSite","@id":"https:\/\/ilc-poland.com\/pl\/#website","url":"https:\/\/ilc-poland.com\/pl\/","name":"International Legal Consulting Poland","description":"a law firm presented by Emilia Di Salvo","publisher":{"@id":"https:\/\/ilc-poland.com\/pl\/#organization"},"potentialAction":[{"@type":"SearchAction","target":{"@type":"EntryPoint","urlTemplate":"https:\/\/ilc-poland.com\/pl\/?s={search_term_string}"},"query-input":"required name=search_term_string"}],"inLanguage":"pl-PL"},{"@type":"Organization","@id":"https:\/\/ilc-poland.com\/pl\/#organization","name":"International Legal Consulting Poland","url":"https:\/\/ilc-poland.com\/pl\/","logo":{"@type":"ImageObject","inLanguage":"pl-PL","@id":"https:\/\/ilc-poland.com\/pl\/#\/schema\/logo\/image\/","url":"https:\/\/ilc-poland.com\/wp-content\/uploads\/2013\/02\/logo_text_med.png","contentUrl":"https:\/\/ilc-poland.com\/wp-content\/uploads\/2013\/02\/logo_text_med.png","width":200,"height":93,"caption":"International Legal Consulting Poland"},"image":{"@id":"https:\/\/ilc-poland.com\/pl\/#\/schema\/logo\/image\/"},"sameAs":["https:\/\/www.linkedin.com\/in\/emiliadisalvo\/"]}]}},"_links":{"self":[{"href":"https:\/\/ilc-poland.com\/pl\/wp-json\/wp\/v2\/pages\/204"}],"collection":[{"href":"https:\/\/ilc-poland.com\/pl\/wp-json\/wp\/v2\/pages"}],"about":[{"href":"https:\/\/ilc-poland.com\/pl\/wp-json\/wp\/v2\/types\/page"}],"author":[{"embeddable":true,"href":"https:\/\/ilc-poland.com\/pl\/wp-json\/wp\/v2\/users\/3"}],"replies":[{"embeddable":true,"href":"https:\/\/ilc-poland.com\/pl\/wp-json\/wp\/v2\/comments?post=204"}],"version-history":[{"count":11,"href":"https:\/\/ilc-poland.com\/pl\/wp-json\/wp\/v2\/pages\/204\/revisions"}],"predecessor-version":[{"id":1126,"href":"https:\/\/ilc-poland.com\/pl\/wp-json\/wp\/v2\/pages\/204\/revisions\/1126"}],"up":[{"embeddable":true,"href":"https:\/\/ilc-poland.com\/pl\/wp-json\/wp\/v2\/pages\/10"}],"wp:attachment":[{"href":"https:\/\/ilc-poland.com\/pl\/wp-json\/wp\/v2\/media?parent=204"}],"curies":[{"name":"wp","href":"https:\/\/api.w.org\/{rel}","templated":true}]}}