{"id":200,"date":"2013-02-02T13:39:14","date_gmt":"2013-02-02T12:39:14","guid":{"rendered":"http:\/\/ilc-poland.com\/?page_id=200"},"modified":"2014-01-15T20:27:18","modified_gmt":"2014-01-15T19:27:18","slug":"commercial-contracts","status":"publish","type":"page","link":"https:\/\/ilc-poland.com\/pl\/entrepreneurs\/commercial-contracts\/","title":{"rendered":"KONTRAKTY HANDLOWE"},"content":{"rendered":"<p>Przygotowanie kontrakt\u00f3w handlowych wymaga starannego dzia\u0142ania, rozwa\u017cenia potencjalnych mo\u017cliwo\u015bci i w\u0142a\u015bciwego zabezpieczenia interesu klienta, przy jednoczesnym\u00a0budowaniu relacji wzajemnego zaufania klienta z kontrahentem.<\/p>\n<p>Kancelaria posiada znacz\u0105ce do\u015bwiadczenie w zakresie sporz\u0105dzania i negocjowania kontrakt\u00f3w handlowych dla polskich i mi\u0119dzynarodowych podmiot\u00f3w w krajowym i mi\u0119dzynarodowym obrocie gospodarczym. Pomagamy klientom w konstruowaniu um\u00f3w we wszystkich mo\u017cliwych dziedzinach<b>, <\/b>poczynaj\u0105c od takich jak umowy sprzeda\u017cy, dostawy, o dzie\u0142o, najmu, zlecenia, darowizny, ko\u0144cz\u0105c na skomplikowanych umowach o roboty budowlane, jak r\u00f3wnie\u017c umowach nienazwanych.<b> <\/b>Proponujemy klientom zar\u00f3wno przygotowanie ca\u0142o\u015bci dokumentacji kontraktowej, jak r\u00f3wnie\u017c opiniowanie um\u00f3w przygotowanych przez kontrahent\u00f3w. Wspieramy naszych klient\u00f3w w negocjacjach dotycz\u0105cych zawieranych um\u00f3w lub reprezentujemy w nich klient\u00f3w.<\/p>\n<p>Doradzamy w zakresie wyboru optymalnych rozwi\u0105za\u0144 kontraktowych w maksymalnym stopniu zabezpieczaj\u0105cych interesy klienta. Przygotowuj\u0105c dla klient\u00f3w projekty um\u00f3w i uczestnicz\u0105c w negocjacjach, zwracamy szczeg\u00f3ln\u0105 uwag\u0119 na precyzyjn\u0105 identyfikacj\u0119 wszelkich ryzyk zwi\u0105zanych z obszarami regulowanymi w umowie. K\u0142adziemy szczeg\u00f3lny nacisk na zabezpieczenie w jak najszerszym zakresie realizacji umowy, jak r\u00f3wnie\u017c w miar\u0119 mo\u017cliwo\u015bci na unikni\u0119cie problem\u00f3w w zwi\u0105zku z jej realizacj\u0105.<\/p>\n<p>Naszym nadrz\u0119dnym celem jest\u00a0uchronienie klienta przed sporami s\u0105dowymi oraz umo\u017cliwienie mu zaoszcz\u0119dzenia koszt\u00f3w. Proponuj\u0105c kreatywne rozwi\u0105zania, jeste\u015bmy otwarci na potrzeby klient\u00f3w i staramy si\u0119 wciela\u0107 w \u017cycie rozwi\u0105zania jak w najwi\u0119kszym stopniu spe\u0142niaj\u0105ce ich oczekiwania.<\/p>\n<p>Uzupe\u0142nieniem dla przygotowanej umowy jest nadz\u00f3r prawny nad jej realizacj\u0105, w tym sporz\u0105dzanie porozumie\u0144, aneks\u00f3w, zam\u00f3wie\u0144, przygotowywanie analiz i opracowa\u0144 prawnych dla realizowanych kontrakt\u00f3w.<\/p>\n<p>Mamy bogate do\u015bwiadczenie w przygotowywaniu um\u00f3w w j\u0119zykach obcych, na potrzeby transakcji w mi\u0119dzynarodowym obrocie gospodarczym.<\/p>","protected":false},"excerpt":{"rendered":"<p>Przygotowanie kontrakt\u00f3w handlowych wymaga starannego dzia\u0142ania, rozwa\u017cenia potencjalnych mo\u017cliwo\u015bci i w\u0142a\u015bciwego zabezpieczenia interesu klienta, przy jednoczesnym\u00a0budowaniu relacji wzajemnego zaufania klienta z kontrahentem. Kancelaria posiada znacz\u0105ce do\u015bwiadczenie w zakresie sporz\u0105dzania i negocjowania kontrakt\u00f3w handlowych dla polskich i mi\u0119dzynarodowych podmiot\u00f3w w krajowym i mi\u0119dzynarodowym obrocie gospodarczym. Pomagamy <span class=\"ellipsis\">&hellip;<\/span> <span class=\"more-link-wrap\"><a href=\"https:\/\/ilc-poland.com\/pl\/entrepreneurs\/commercial-contracts\/\" class=\"more-link\"><span>Wi\u0119cej&#8230;<\/span><\/a><\/span><\/p>\n","protected":false},"author":3,"featured_media":0,"parent":10,"menu_order":5,"comment_status":"closed","ping_status":"closed","template":"","meta":{"footnotes":""},"yoast_head":"<!-- This site is optimized with the Yoast SEO plugin v22.9 - https:\/\/yoast.com\/wordpress\/plugins\/seo\/ -->\n<title>KONTRAKTY HANDLOWE - International Legal Consulting Poland<\/title>\n<meta name=\"robots\" content=\"index, follow, max-snippet:-1, max-image-preview:large, max-video-preview:-1\" \/>\n<link rel=\"canonical\" href=\"https:\/\/ilc-poland.com\/pl\/entrepreneurs\/commercial-contracts\/\" \/>\n<meta property=\"og:locale\" content=\"pl_PL\" \/>\n<meta property=\"og:type\" content=\"article\" \/>\n<meta property=\"og:title\" content=\"KONTRAKTY HANDLOWE - International Legal Consulting Poland\" \/>\n<meta property=\"og:description\" content=\"Przygotowanie kontrakt\u00f3w handlowych wymaga starannego dzia\u0142ania, rozwa\u017cenia potencjalnych mo\u017cliwo\u015bci i w\u0142a\u015bciwego zabezpieczenia interesu klienta, przy jednoczesnym\u00a0budowaniu relacji wzajemnego zaufania klienta z kontrahentem. Kancelaria posiada znacz\u0105ce do\u015bwiadczenie w zakresie sporz\u0105dzania i negocjowania kontrakt\u00f3w handlowych dla polskich i mi\u0119dzynarodowych podmiot\u00f3w w krajowym i mi\u0119dzynarodowym obrocie gospodarczym. Pomagamy &hellip; Wi\u0119cej...\" \/>\n<meta property=\"og:url\" content=\"https:\/\/ilc-poland.com\/pl\/entrepreneurs\/commercial-contracts\/\" \/>\n<meta property=\"og:site_name\" content=\"International Legal Consulting Poland\" \/>\n<meta property=\"article:modified_time\" content=\"2014-01-15T19:27:18+00:00\" \/>\n<meta name=\"twitter:card\" content=\"summary_large_image\" \/>\n<meta name=\"twitter:label1\" content=\"Szacowany czas czytania\" \/>\n\t<meta name=\"twitter:data1\" content=\"4 minuty\" \/>\n<script type=\"application\/ld+json\" class=\"yoast-schema-graph\">{\"@context\":\"https:\/\/schema.org\",\"@graph\":[{\"@type\":\"WebPage\",\"@id\":\"https:\/\/ilc-poland.com\/pl\/entrepreneurs\/commercial-contracts\/\",\"url\":\"https:\/\/ilc-poland.com\/pl\/entrepreneurs\/commercial-contracts\/\",\"name\":\"[:en]COMMERCIAL CONTRACTS[:pl]KONTRAKTY HANDLOWE[:it]CONTRATTUALISTICA COMMERCIALE[:] - International Legal Consulting Poland\",\"isPartOf\":{\"@id\":\"https:\/\/ilc-poland.com\/pl\/#website\"},\"datePublished\":\"2013-02-02T12:39:14+00:00\",\"dateModified\":\"2014-01-15T19:27:18+00:00\",\"breadcrumb\":{\"@id\":\"https:\/\/ilc-poland.com\/pl\/entrepreneurs\/commercial-contracts\/#breadcrumb\"},\"inLanguage\":\"pl-PL\",\"potentialAction\":[{\"@type\":\"ReadAction\",\"target\":[\"https:\/\/ilc-poland.com\/pl\/entrepreneurs\/commercial-contracts\/\"]}]},{\"@type\":\"BreadcrumbList\",\"@id\":\"https:\/\/ilc-poland.com\/pl\/entrepreneurs\/commercial-contracts\/#breadcrumb\",\"itemListElement\":[{\"@type\":\"ListItem\",\"position\":1,\"name\":\"Home\",\"item\":\"https:\/\/ilc-poland.com\/pl\/\"},{\"@type\":\"ListItem\",\"position\":2,\"name\":\"PRZEDSI\u0118BIORCY\",\"item\":\"https:\/\/ilc-poland.com\/pl\/entrepreneurs\/\"},{\"@type\":\"ListItem\",\"position\":3,\"name\":\"KONTRAKTY HANDLOWE\"}]},{\"@type\":\"WebSite\",\"@id\":\"https:\/\/ilc-poland.com\/pl\/#website\",\"url\":\"https:\/\/ilc-poland.com\/pl\/\",\"name\":\"International Legal Consulting Poland\",\"description\":\"a law firm presented by Emilia Di Salvo\",\"publisher\":{\"@id\":\"https:\/\/ilc-poland.com\/pl\/#organization\"},\"potentialAction\":[{\"@type\":\"SearchAction\",\"target\":{\"@type\":\"EntryPoint\",\"urlTemplate\":\"https:\/\/ilc-poland.com\/pl\/?s={search_term_string}\"},\"query-input\":\"required name=search_term_string\"}],\"inLanguage\":\"pl-PL\"},{\"@type\":\"Organization\",\"@id\":\"https:\/\/ilc-poland.com\/pl\/#organization\",\"name\":\"International Legal Consulting Poland\",\"url\":\"https:\/\/ilc-poland.com\/pl\/\",\"logo\":{\"@type\":\"ImageObject\",\"inLanguage\":\"pl-PL\",\"@id\":\"https:\/\/ilc-poland.com\/pl\/#\/schema\/logo\/image\/\",\"url\":\"https:\/\/ilc-poland.com\/wp-content\/uploads\/2013\/02\/logo_text_med.png\",\"contentUrl\":\"https:\/\/ilc-poland.com\/wp-content\/uploads\/2013\/02\/logo_text_med.png\",\"width\":200,\"height\":93,\"caption\":\"International Legal Consulting Poland\"},\"image\":{\"@id\":\"https:\/\/ilc-poland.com\/pl\/#\/schema\/logo\/image\/\"},\"sameAs\":[\"https:\/\/www.linkedin.com\/in\/emiliadisalvo\/\"]}]}<\/script>\n<!-- \/ Yoast SEO plugin. -->","yoast_head_json":{"title":"KONTRAKTY HANDLOWE - International Legal Consulting Poland","robots":{"index":"index","follow":"follow","max-snippet":"max-snippet:-1","max-image-preview":"max-image-preview:large","max-video-preview":"max-video-preview:-1"},"canonical":"https:\/\/ilc-poland.com\/pl\/entrepreneurs\/commercial-contracts\/","og_locale":"pl_PL","og_type":"article","og_title":"KONTRAKTY HANDLOWE - International Legal Consulting Poland","og_description":"Przygotowanie kontrakt\u00f3w handlowych wymaga starannego dzia\u0142ania, rozwa\u017cenia potencjalnych mo\u017cliwo\u015bci i w\u0142a\u015bciwego zabezpieczenia interesu klienta, przy jednoczesnym\u00a0budowaniu relacji wzajemnego zaufania klienta z kontrahentem. Kancelaria posiada znacz\u0105ce do\u015bwiadczenie w zakresie sporz\u0105dzania i negocjowania kontrakt\u00f3w handlowych dla polskich i mi\u0119dzynarodowych podmiot\u00f3w w krajowym i mi\u0119dzynarodowym obrocie gospodarczym. Pomagamy &hellip; Wi\u0119cej...","og_url":"https:\/\/ilc-poland.com\/pl\/entrepreneurs\/commercial-contracts\/","og_site_name":"International Legal Consulting Poland","article_modified_time":"2014-01-15T19:27:18+00:00","twitter_card":"summary_large_image","twitter_misc":{"Szacowany czas czytania":"4 minuty"},"schema":{"@context":"https:\/\/schema.org","@graph":[{"@type":"WebPage","@id":"https:\/\/ilc-poland.com\/pl\/entrepreneurs\/commercial-contracts\/","url":"https:\/\/ilc-poland.com\/pl\/entrepreneurs\/commercial-contracts\/","name":"[:en]COMMERCIAL CONTRACTS[:pl]KONTRAKTY HANDLOWE[:it]CONTRATTUALISTICA COMMERCIALE[:] - International Legal Consulting Poland","isPartOf":{"@id":"https:\/\/ilc-poland.com\/pl\/#website"},"datePublished":"2013-02-02T12:39:14+00:00","dateModified":"2014-01-15T19:27:18+00:00","breadcrumb":{"@id":"https:\/\/ilc-poland.com\/pl\/entrepreneurs\/commercial-contracts\/#breadcrumb"},"inLanguage":"pl-PL","potentialAction":[{"@type":"ReadAction","target":["https:\/\/ilc-poland.com\/pl\/entrepreneurs\/commercial-contracts\/"]}]},{"@type":"BreadcrumbList","@id":"https:\/\/ilc-poland.com\/pl\/entrepreneurs\/commercial-contracts\/#breadcrumb","itemListElement":[{"@type":"ListItem","position":1,"name":"Home","item":"https:\/\/ilc-poland.com\/pl\/"},{"@type":"ListItem","position":2,"name":"PRZEDSI\u0118BIORCY","item":"https:\/\/ilc-poland.com\/pl\/entrepreneurs\/"},{"@type":"ListItem","position":3,"name":"KONTRAKTY HANDLOWE"}]},{"@type":"WebSite","@id":"https:\/\/ilc-poland.com\/pl\/#website","url":"https:\/\/ilc-poland.com\/pl\/","name":"International Legal Consulting Poland","description":"a law firm presented by Emilia Di Salvo","publisher":{"@id":"https:\/\/ilc-poland.com\/pl\/#organization"},"potentialAction":[{"@type":"SearchAction","target":{"@type":"EntryPoint","urlTemplate":"https:\/\/ilc-poland.com\/pl\/?s={search_term_string}"},"query-input":"required name=search_term_string"}],"inLanguage":"pl-PL"},{"@type":"Organization","@id":"https:\/\/ilc-poland.com\/pl\/#organization","name":"International Legal Consulting Poland","url":"https:\/\/ilc-poland.com\/pl\/","logo":{"@type":"ImageObject","inLanguage":"pl-PL","@id":"https:\/\/ilc-poland.com\/pl\/#\/schema\/logo\/image\/","url":"https:\/\/ilc-poland.com\/wp-content\/uploads\/2013\/02\/logo_text_med.png","contentUrl":"https:\/\/ilc-poland.com\/wp-content\/uploads\/2013\/02\/logo_text_med.png","width":200,"height":93,"caption":"International Legal Consulting Poland"},"image":{"@id":"https:\/\/ilc-poland.com\/pl\/#\/schema\/logo\/image\/"},"sameAs":["https:\/\/www.linkedin.com\/in\/emiliadisalvo\/"]}]}},"_links":{"self":[{"href":"https:\/\/ilc-poland.com\/pl\/wp-json\/wp\/v2\/pages\/200"}],"collection":[{"href":"https:\/\/ilc-poland.com\/pl\/wp-json\/wp\/v2\/pages"}],"about":[{"href":"https:\/\/ilc-poland.com\/pl\/wp-json\/wp\/v2\/types\/page"}],"author":[{"embeddable":true,"href":"https:\/\/ilc-poland.com\/pl\/wp-json\/wp\/v2\/users\/3"}],"replies":[{"embeddable":true,"href":"https:\/\/ilc-poland.com\/pl\/wp-json\/wp\/v2\/comments?post=200"}],"version-history":[{"count":23,"href":"https:\/\/ilc-poland.com\/pl\/wp-json\/wp\/v2\/pages\/200\/revisions"}],"predecessor-version":[{"id":1451,"href":"https:\/\/ilc-poland.com\/pl\/wp-json\/wp\/v2\/pages\/200\/revisions\/1451"}],"up":[{"embeddable":true,"href":"https:\/\/ilc-poland.com\/pl\/wp-json\/wp\/v2\/pages\/10"}],"wp:attachment":[{"href":"https:\/\/ilc-poland.com\/pl\/wp-json\/wp\/v2\/media?parent=200"}],"curies":[{"name":"wp","href":"https:\/\/api.w.org\/{rel}","templated":true}]}}