{"id":190,"date":"2013-02-01T18:22:19","date_gmt":"2013-02-01T17:22:19","guid":{"rendered":"http:\/\/ilc-poland.com\/?page_id=190"},"modified":"2014-01-15T20:44:47","modified_gmt":"2014-01-15T19:44:47","slug":"company-law-and-business-support","status":"publish","type":"page","link":"https:\/\/ilc-poland.com\/pl\/entrepreneurs\/company-law-and-business-support\/","title":{"rendered":"PRAWO&nbsp;SP\u00d3\u0141EK i OBS\u0141UGA DZIA\u0141ALNO\u015aCI&nbsp;GOSPODARCZEJ"},"content":{"rendered":"<p><img loading=\"lazy\" decoding=\"async\" class=\"size-full wp-image-560 alignleft\" alt=\"Warszawa - Noc\u0105\" src=\"http:\/\/ilc-poland.com\/wp-content\/uploads\/2013\/02\/39242095.jpg\" width=\"540\" height=\"360\" srcset=\"https:\/\/ilc-poland.com\/wp-content\/uploads\/2013\/02\/39242095.jpg 540w, https:\/\/ilc-poland.com\/wp-content\/uploads\/2013\/02\/39242095-300x200.jpg 300w\" sizes=\"(max-width: 540px) 100vw, 540px\" \/><\/p>\n<p>Oferujemy profesjonalne us\u0142ugi doradcze w dziedzinie kompleksowej obs\u0142ugi dzia\u0142alno\u015bci gospodarczej, pocz\u0105wszy od jej rozpocz\u0119cia poprzez bie\u017c\u0105c\u0105\u00a0profesjonaln\u0105 obs\u0142ug\u0119 prawn\u0105 na ka\u017cdym etapie dzia\u0142alno\u015bci.<\/p>\n<p>Nasze us\u0142ugi prawne w tym zakresie obejmuj\u0105 w szczeg\u00f3lno\u015bci:<\/p>\n<ul>\n<li>doradztwo\u00a0w zakresie wyboru optymalnej formy prawnej dzia\u0142alno\u015bci w Polsce;<\/li>\n<li>tworzenie\u00a0i rejestracj\u0119 sp\u00f3\u0142ek, przedstawicielstw i oddzia\u0142\u00f3w przedsi\u0119biorc\u00f3w \u00a0\u00a0\u00a0\u00a0 zagranicznych, fundacji oraz stowarzysze\u0144;<\/li>\n<li>przygotowywanie\/ opiniowanie projekt\u00f3w um\u00f3w wsp\u00f3lnik\u00f3w;<\/li>\n<li>opracowywanie projekt\u00f3w uchwa\u0142 organ\u00f3w sp\u00f3\u0142ek kapita\u0142owych (zarz\u0105du, rady nadzorczej, zgromadzenia wsp\u00f3lnik\u00f3w\/ walnego zgromadzenia\u00a0akcjonariuszy);<\/li>\n<li>reprezentowanie wsp\u00f3lnik\u00f3w na zgromadzeniach wsp\u00f3lnik\u00f3w (walnych zgromadzeniach akcjonariuszy);<\/li>\n<li>bie\u017c\u0105c\u0105 obs\u0142ug\u0119 korporacyjn\u0105 na ka\u017cdym etapie\u00a0dzia\u0142alno\u015bci;<\/li>\n<li>redagowanie\u00a0um\u00f3w dotycz\u0105cych udzia\u0142\u00f3w\/ akcji w sp\u00f3\u0142kach (umowy przedwst\u0119pne, sprzeda\u017c, zastaw, u\u017cytkowanie);<\/li>\n<li>przekszta\u0142cenie i reorganizacj\u0119 sp\u00f3\u0142ek;<\/li>\n<li>przygotowywanie\/ opiniowanie projekt\u00f3w um\u00f3w i ich negocjowanie;<\/li>\n<li>opracowywanie\u00a0lub opiniowanie projekt\u00f3w um\u00f3w z cz\u0142onkami zarz\u0105du sp\u00f3\u0142ek (kontrakty\u00a0mened\u017cerskie);<\/li>\n<li>kompleksowe doradztwo prawne w zakresie bie\u017c\u0105cej dzia\u0142alno\u015bci sp\u00f3\u0142ki \u00a0\u00a0\u00a0\u00a0 (sporz\u0105dzanie opinii prawnych, analiz i memorandum);<\/li>\n<li>reprezentowanie\u00a0sp\u00f3\u0142ek w post\u0119powaniach przed s\u0105dami oraz organami administracji;<\/li>\n<li>doradztwo\u00a0prawne w zakresie ochrony praw i interes\u00f3w sp\u00f3\u0142ek i ich wsp\u00f3lnik\u00f3w\u00a0(akcjonariuszy);<\/li>\n<li>rozwi\u0105zywanie\u00a0konflikt\u00f3w mi\u0119dzy wsp\u00f3lnikami (akcjonariuszami), w tym w drodze mediacji przeds\u0105dowej;<\/li>\n<li>reprezentowanie\u00a0klient\u00f3w w sporach s\u0105dowych zwi\u0105zanych z wykonywaniem praw udzia\u0142owych pomi\u0119dzy wsp\u00f3lnikami (akcjonariuszami) albo mi\u0119dzy wsp\u00f3lnikami (akcjonariuszami) a\u00a0sp\u00f3\u0142k\u0105;<\/li>\n<li>rozwi\u0105zywanie i likwidacj\u0119 podmiot\u00f3w;<\/li>\n<li>negocjacje gospodarcze w obrocie krajowym i zagranicznym.<\/li>\n<\/ul>\n<p><\/p>","protected":false},"excerpt":{"rendered":"<p>Oferujemy profesjonalne us\u0142ugi doradcze w dziedzinie kompleksowej obs\u0142ugi dzia\u0142alno\u015bci gospodarczej, pocz\u0105wszy od jej rozpocz\u0119cia poprzez bie\u017c\u0105c\u0105\u00a0profesjonaln\u0105 obs\u0142ug\u0119 prawn\u0105 na ka\u017cdym etapie dzia\u0142alno\u015bci. Nasze us\u0142ugi prawne w tym zakresie obejmuj\u0105 w szczeg\u00f3lno\u015bci: doradztwo\u00a0w zakresie wyboru optymalnej formy prawnej dzia\u0142alno\u015bci w Polsce; tworzenie\u00a0i rejestracj\u0119 sp\u00f3\u0142ek, przedstawicielstw i <span class=\"ellipsis\">&hellip;<\/span> <span class=\"more-link-wrap\"><a href=\"https:\/\/ilc-poland.com\/pl\/entrepreneurs\/company-law-and-business-support\/\" class=\"more-link\"><span>Wi\u0119cej&#8230;<\/span><\/a><\/span><\/p>\n","protected":false},"author":3,"featured_media":0,"parent":10,"menu_order":10,"comment_status":"closed","ping_status":"closed","template":"","meta":{"footnotes":""},"yoast_head":"<!-- This site is optimized with the Yoast SEO plugin v22.9 - https:\/\/yoast.com\/wordpress\/plugins\/seo\/ -->\n<title>PRAWO&nbsp;SP\u00d3\u0141EK i OBS\u0141UGA DZIA\u0141ALNO\u015aCI&nbsp;GOSPODARCZEJ - International Legal Consulting Poland<\/title>\n<meta name=\"robots\" content=\"index, follow, max-snippet:-1, max-image-preview:large, max-video-preview:-1\" \/>\n<link rel=\"canonical\" href=\"https:\/\/ilc-poland.com\/pl\/entrepreneurs\/company-law-and-business-support\/\" \/>\n<meta property=\"og:locale\" content=\"pl_PL\" \/>\n<meta property=\"og:type\" content=\"article\" \/>\n<meta property=\"og:title\" content=\"PRAWO&nbsp;SP\u00d3\u0141EK i OBS\u0141UGA DZIA\u0141ALNO\u015aCI&nbsp;GOSPODARCZEJ - International Legal Consulting Poland\" \/>\n<meta property=\"og:description\" content=\"Oferujemy profesjonalne us\u0142ugi doradcze w dziedzinie kompleksowej obs\u0142ugi dzia\u0142alno\u015bci gospodarczej, pocz\u0105wszy od jej rozpocz\u0119cia poprzez bie\u017c\u0105c\u0105\u00a0profesjonaln\u0105 obs\u0142ug\u0119 prawn\u0105 na ka\u017cdym etapie dzia\u0142alno\u015bci. Nasze us\u0142ugi prawne w tym zakresie obejmuj\u0105 w szczeg\u00f3lno\u015bci: doradztwo\u00a0w zakresie wyboru optymalnej formy prawnej dzia\u0142alno\u015bci w Polsce; tworzenie\u00a0i rejestracj\u0119 sp\u00f3\u0142ek, przedstawicielstw i &hellip; Wi\u0119cej...\" \/>\n<meta property=\"og:url\" content=\"https:\/\/ilc-poland.com\/pl\/entrepreneurs\/company-law-and-business-support\/\" \/>\n<meta property=\"og:site_name\" content=\"International Legal Consulting Poland\" \/>\n<meta property=\"article:modified_time\" content=\"2014-01-15T19:44:47+00:00\" \/>\n<meta property=\"og:image\" content=\"http:\/\/ilc-poland.com\/wp-content\/uploads\/2013\/02\/39242095.jpg\" \/>\n<meta name=\"twitter:card\" content=\"summary_large_image\" \/>\n<meta name=\"twitter:label1\" content=\"Szacowany czas czytania\" \/>\n\t<meta name=\"twitter:data1\" content=\"4 minuty\" \/>\n<script type=\"application\/ld+json\" class=\"yoast-schema-graph\">{\"@context\":\"https:\/\/schema.org\",\"@graph\":[{\"@type\":\"WebPage\",\"@id\":\"https:\/\/ilc-poland.com\/pl\/entrepreneurs\/company-law-and-business-support\/\",\"url\":\"https:\/\/ilc-poland.com\/pl\/entrepreneurs\/company-law-and-business-support\/\",\"name\":\"[:en]COMPANY&nbsp;LAW and BUSINESS&nbsp;SUPPORT[:pl]PRAWO&nbsp;SP\u00d3\u0141EK i OBS\u0141UGA DZIA\u0141ALNO\u015aCI&nbsp;GOSPODARCZEJ[:it]DIRITTO&nbsp;COMMERCIALE e SOCIETARIO[:] - International Legal Consulting Poland\",\"isPartOf\":{\"@id\":\"https:\/\/ilc-poland.com\/pl\/#website\"},\"primaryImageOfPage\":{\"@id\":\"https:\/\/ilc-poland.com\/pl\/entrepreneurs\/company-law-and-business-support\/#primaryimage\"},\"image\":{\"@id\":\"https:\/\/ilc-poland.com\/pl\/entrepreneurs\/company-law-and-business-support\/#primaryimage\"},\"thumbnailUrl\":\"http:\/\/ilc-poland.com\/wp-content\/uploads\/2013\/02\/39242095.jpg\",\"datePublished\":\"2013-02-01T17:22:19+00:00\",\"dateModified\":\"2014-01-15T19:44:47+00:00\",\"breadcrumb\":{\"@id\":\"https:\/\/ilc-poland.com\/pl\/entrepreneurs\/company-law-and-business-support\/#breadcrumb\"},\"inLanguage\":\"pl-PL\",\"potentialAction\":[{\"@type\":\"ReadAction\",\"target\":[\"https:\/\/ilc-poland.com\/pl\/entrepreneurs\/company-law-and-business-support\/\"]}]},{\"@type\":\"ImageObject\",\"inLanguage\":\"pl-PL\",\"@id\":\"https:\/\/ilc-poland.com\/pl\/entrepreneurs\/company-law-and-business-support\/#primaryimage\",\"url\":\"http:\/\/ilc-poland.com\/wp-content\/uploads\/2013\/02\/39242095.jpg\",\"contentUrl\":\"http:\/\/ilc-poland.com\/wp-content\/uploads\/2013\/02\/39242095.jpg\"},{\"@type\":\"BreadcrumbList\",\"@id\":\"https:\/\/ilc-poland.com\/pl\/entrepreneurs\/company-law-and-business-support\/#breadcrumb\",\"itemListElement\":[{\"@type\":\"ListItem\",\"position\":1,\"name\":\"Home\",\"item\":\"https:\/\/ilc-poland.com\/pl\/\"},{\"@type\":\"ListItem\",\"position\":2,\"name\":\"PRZEDSI\u0118BIORCY\",\"item\":\"https:\/\/ilc-poland.com\/pl\/entrepreneurs\/\"},{\"@type\":\"ListItem\",\"position\":3,\"name\":\"PRAWO&nbsp;SP\u00d3\u0141EK i OBS\u0141UGA DZIA\u0141ALNO\u015aCI&nbsp;GOSPODARCZEJ\"}]},{\"@type\":\"WebSite\",\"@id\":\"https:\/\/ilc-poland.com\/pl\/#website\",\"url\":\"https:\/\/ilc-poland.com\/pl\/\",\"name\":\"International Legal Consulting Poland\",\"description\":\"a law firm presented by Emilia Di Salvo\",\"publisher\":{\"@id\":\"https:\/\/ilc-poland.com\/pl\/#organization\"},\"potentialAction\":[{\"@type\":\"SearchAction\",\"target\":{\"@type\":\"EntryPoint\",\"urlTemplate\":\"https:\/\/ilc-poland.com\/pl\/?s={search_term_string}\"},\"query-input\":\"required name=search_term_string\"}],\"inLanguage\":\"pl-PL\"},{\"@type\":\"Organization\",\"@id\":\"https:\/\/ilc-poland.com\/pl\/#organization\",\"name\":\"International Legal Consulting Poland\",\"url\":\"https:\/\/ilc-poland.com\/pl\/\",\"logo\":{\"@type\":\"ImageObject\",\"inLanguage\":\"pl-PL\",\"@id\":\"https:\/\/ilc-poland.com\/pl\/#\/schema\/logo\/image\/\",\"url\":\"https:\/\/ilc-poland.com\/wp-content\/uploads\/2013\/02\/logo_text_med.png\",\"contentUrl\":\"https:\/\/ilc-poland.com\/wp-content\/uploads\/2013\/02\/logo_text_med.png\",\"width\":200,\"height\":93,\"caption\":\"International Legal Consulting Poland\"},\"image\":{\"@id\":\"https:\/\/ilc-poland.com\/pl\/#\/schema\/logo\/image\/\"},\"sameAs\":[\"https:\/\/www.linkedin.com\/in\/emiliadisalvo\/\"]}]}<\/script>\n<!-- \/ Yoast SEO plugin. -->","yoast_head_json":{"title":"PRAWO&nbsp;SP\u00d3\u0141EK i OBS\u0141UGA DZIA\u0141ALNO\u015aCI&nbsp;GOSPODARCZEJ - International Legal Consulting Poland","robots":{"index":"index","follow":"follow","max-snippet":"max-snippet:-1","max-image-preview":"max-image-preview:large","max-video-preview":"max-video-preview:-1"},"canonical":"https:\/\/ilc-poland.com\/pl\/entrepreneurs\/company-law-and-business-support\/","og_locale":"pl_PL","og_type":"article","og_title":"PRAWO&nbsp;SP\u00d3\u0141EK i OBS\u0141UGA DZIA\u0141ALNO\u015aCI&nbsp;GOSPODARCZEJ - International Legal Consulting Poland","og_description":"Oferujemy profesjonalne us\u0142ugi doradcze w dziedzinie kompleksowej obs\u0142ugi dzia\u0142alno\u015bci gospodarczej, pocz\u0105wszy od jej rozpocz\u0119cia poprzez bie\u017c\u0105c\u0105\u00a0profesjonaln\u0105 obs\u0142ug\u0119 prawn\u0105 na ka\u017cdym etapie dzia\u0142alno\u015bci. Nasze us\u0142ugi prawne w tym zakresie obejmuj\u0105 w szczeg\u00f3lno\u015bci: doradztwo\u00a0w zakresie wyboru optymalnej formy prawnej dzia\u0142alno\u015bci w Polsce; tworzenie\u00a0i rejestracj\u0119 sp\u00f3\u0142ek, przedstawicielstw i &hellip; Wi\u0119cej...","og_url":"https:\/\/ilc-poland.com\/pl\/entrepreneurs\/company-law-and-business-support\/","og_site_name":"International Legal Consulting Poland","article_modified_time":"2014-01-15T19:44:47+00:00","og_image":[{"url":"http:\/\/ilc-poland.com\/wp-content\/uploads\/2013\/02\/39242095.jpg"}],"twitter_card":"summary_large_image","twitter_misc":{"Szacowany czas czytania":"4 minuty"},"schema":{"@context":"https:\/\/schema.org","@graph":[{"@type":"WebPage","@id":"https:\/\/ilc-poland.com\/pl\/entrepreneurs\/company-law-and-business-support\/","url":"https:\/\/ilc-poland.com\/pl\/entrepreneurs\/company-law-and-business-support\/","name":"[:en]COMPANY&nbsp;LAW and BUSINESS&nbsp;SUPPORT[:pl]PRAWO&nbsp;SP\u00d3\u0141EK i OBS\u0141UGA DZIA\u0141ALNO\u015aCI&nbsp;GOSPODARCZEJ[:it]DIRITTO&nbsp;COMMERCIALE e SOCIETARIO[:] - International Legal Consulting Poland","isPartOf":{"@id":"https:\/\/ilc-poland.com\/pl\/#website"},"primaryImageOfPage":{"@id":"https:\/\/ilc-poland.com\/pl\/entrepreneurs\/company-law-and-business-support\/#primaryimage"},"image":{"@id":"https:\/\/ilc-poland.com\/pl\/entrepreneurs\/company-law-and-business-support\/#primaryimage"},"thumbnailUrl":"http:\/\/ilc-poland.com\/wp-content\/uploads\/2013\/02\/39242095.jpg","datePublished":"2013-02-01T17:22:19+00:00","dateModified":"2014-01-15T19:44:47+00:00","breadcrumb":{"@id":"https:\/\/ilc-poland.com\/pl\/entrepreneurs\/company-law-and-business-support\/#breadcrumb"},"inLanguage":"pl-PL","potentialAction":[{"@type":"ReadAction","target":["https:\/\/ilc-poland.com\/pl\/entrepreneurs\/company-law-and-business-support\/"]}]},{"@type":"ImageObject","inLanguage":"pl-PL","@id":"https:\/\/ilc-poland.com\/pl\/entrepreneurs\/company-law-and-business-support\/#primaryimage","url":"http:\/\/ilc-poland.com\/wp-content\/uploads\/2013\/02\/39242095.jpg","contentUrl":"http:\/\/ilc-poland.com\/wp-content\/uploads\/2013\/02\/39242095.jpg"},{"@type":"BreadcrumbList","@id":"https:\/\/ilc-poland.com\/pl\/entrepreneurs\/company-law-and-business-support\/#breadcrumb","itemListElement":[{"@type":"ListItem","position":1,"name":"Home","item":"https:\/\/ilc-poland.com\/pl\/"},{"@type":"ListItem","position":2,"name":"PRZEDSI\u0118BIORCY","item":"https:\/\/ilc-poland.com\/pl\/entrepreneurs\/"},{"@type":"ListItem","position":3,"name":"PRAWO&nbsp;SP\u00d3\u0141EK i OBS\u0141UGA DZIA\u0141ALNO\u015aCI&nbsp;GOSPODARCZEJ"}]},{"@type":"WebSite","@id":"https:\/\/ilc-poland.com\/pl\/#website","url":"https:\/\/ilc-poland.com\/pl\/","name":"International Legal Consulting Poland","description":"a law firm presented by Emilia Di Salvo","publisher":{"@id":"https:\/\/ilc-poland.com\/pl\/#organization"},"potentialAction":[{"@type":"SearchAction","target":{"@type":"EntryPoint","urlTemplate":"https:\/\/ilc-poland.com\/pl\/?s={search_term_string}"},"query-input":"required name=search_term_string"}],"inLanguage":"pl-PL"},{"@type":"Organization","@id":"https:\/\/ilc-poland.com\/pl\/#organization","name":"International Legal Consulting Poland","url":"https:\/\/ilc-poland.com\/pl\/","logo":{"@type":"ImageObject","inLanguage":"pl-PL","@id":"https:\/\/ilc-poland.com\/pl\/#\/schema\/logo\/image\/","url":"https:\/\/ilc-poland.com\/wp-content\/uploads\/2013\/02\/logo_text_med.png","contentUrl":"https:\/\/ilc-poland.com\/wp-content\/uploads\/2013\/02\/logo_text_med.png","width":200,"height":93,"caption":"International Legal Consulting Poland"},"image":{"@id":"https:\/\/ilc-poland.com\/pl\/#\/schema\/logo\/image\/"},"sameAs":["https:\/\/www.linkedin.com\/in\/emiliadisalvo\/"]}]}},"_links":{"self":[{"href":"https:\/\/ilc-poland.com\/pl\/wp-json\/wp\/v2\/pages\/190"}],"collection":[{"href":"https:\/\/ilc-poland.com\/pl\/wp-json\/wp\/v2\/pages"}],"about":[{"href":"https:\/\/ilc-poland.com\/pl\/wp-json\/wp\/v2\/types\/page"}],"author":[{"embeddable":true,"href":"https:\/\/ilc-poland.com\/pl\/wp-json\/wp\/v2\/users\/3"}],"replies":[{"embeddable":true,"href":"https:\/\/ilc-poland.com\/pl\/wp-json\/wp\/v2\/comments?post=190"}],"version-history":[{"count":24,"href":"https:\/\/ilc-poland.com\/pl\/wp-json\/wp\/v2\/pages\/190\/revisions"}],"predecessor-version":[{"id":1456,"href":"https:\/\/ilc-poland.com\/pl\/wp-json\/wp\/v2\/pages\/190\/revisions\/1456"}],"up":[{"embeddable":true,"href":"https:\/\/ilc-poland.com\/pl\/wp-json\/wp\/v2\/pages\/10"}],"wp:attachment":[{"href":"https:\/\/ilc-poland.com\/pl\/wp-json\/wp\/v2\/media?parent=190"}],"curies":[{"name":"wp","href":"https:\/\/api.w.org\/{rel}","templated":true}]}}