{"id":181,"date":"2013-02-01T18:10:05","date_gmt":"2013-02-01T17:10:05","guid":{"rendered":"http:\/\/ilc-poland.com\/?page_id=181"},"modified":"2014-04-05T20:50:31","modified_gmt":"2014-04-05T19:50:31","slug":"debt-collection","status":"publish","type":"page","link":"https:\/\/ilc-poland.com\/pl\/individuals\/debt-collection\/","title":{"rendered":"WINDYKACJA WIERZYTELNO\u015aCI"},"content":{"rendered":"<p>Istotnym problemem dla podmiot\u00f3w indywidualnych\u00a0jest niesolidno\u015b\u0107 kontrahent\u00f3w, kt\u00f3rzy nie reguluj\u0105 nale\u017cno\u015bci lub znacz\u0105co op\u00f3\u017aniaj\u0105 si\u0119 w zap\u0142acie. Nasza Kancelaria zapewnia kompleksowe us\u0142ugi w zakresie windykacji wierzytelno\u015bci w celu jak najpe\u0142niejszej ochrony interesu wierzyciela w kontakcie z nierzetelnym\u00a0d\u0142u\u017cnikiem.<\/p>\n<p>Nasi prawnicy w skuteczny, a jednocze\u015bnie zgodny z prawem, spos\u00f3b realizuj\u0105 strategie maj\u0105ce na celu uzyskanie od d\u0142u\u017cnika ca\u0142kowitej sp\u0142aty zad\u0142u\u017cenia oraz zabezpieczenia jego sp\u0142aty. Zapewniamy pomoc prawn\u0105 w zakresie przeds\u0105dowego post\u0119powania windykacyjnego, jak r\u00f3wnie\u017c na etapie post\u0119powania s\u0105dowego oraz egzekucyjnego. Ka\u017cd\u0105 przekazan\u0105 nam spraw\u0119 rozpoczynamy od gruntownej analizy prawnej, co pozwala na opracowanie optymalnej strategii post\u0119powania. Dzi\u0119ki temu mo\u017cliwe jest uzyskanie maksymalnej skuteczno\u015bci przy maksymalnym ograniczeniu koszt\u00f3w ponoszonych przez klienta. Je\u017celi to tylko mo\u017cliwe, d\u0105\u017cymy do uzyskania sp\u0142aty zaleg\u0142o\u015bci w spos\u00f3b polubowny, gdy\u017c zapewnia to najszybsze, najta\u0144sze i najskuteczniejsze zaspokojenie wierzyciela.<\/p>\n<p>Uczestniczymy w negocjacjach pomi\u0119dzy stronami, kt\u00f3rych celem jest nak\u0142onienie d\u0142u\u017cnika do dobrowolnej sp\u0142aty wierzytelno\u015bci w pe\u0142nej wysoko\u015bci lub doprowadzenie do restrukturyzacji zad\u0142u\u017cenia. Procedura windykacyjna wymaga zachowania szczeg\u00f3lnej staranno\u015bci w \u00a0przypadku d\u0142u\u017cnik\u00f3w, z kt\u00f3rymi klient ma zamiar nadal kontynuowa\u0107 wsp\u00f3\u0142prac\u0119. Celem podejmowanych przez nas dzia\u0142a\u0144 jest pe\u0142na ochrona interes\u00f3w wierzyciela na ka\u017cdym etapie post\u0119powania.<\/p>\n<p>Nasze us\u0142ugi w zakresie windykacji wierzytelno\u015bci obejmuj\u0105 w szczeg\u00f3lno\u015bci:<\/p>\n<ul>\n<li>sporz\u0105dzanie opinii prawnych w przedmiocie celowo\u015bci dochodzenia\u00a0roszczenia na drodze s\u0105dowej;<\/li>\n<li>przygotowywanie\u00a0przeds\u0105dowych wezwa\u0144 do zap\u0142aty;<\/li>\n<li>reprezentowanie\u00a0klient\u00f3w w negocjacjach dotycz\u0105cych polubownej sp\u0142aty nale\u017cno\u015bci;<\/li>\n<li>sporz\u0105dzanie dokument\u00f3w porozumie\u0144 dotycz\u0105cych sp\u0142aty, w tym w\u00a0przedmiocie restrukturyzacji zad\u0142u\u017cenia;<\/li>\n<li>sporz\u0105dzanie\u00a0pozw\u00f3w, w tym w elektronicznym post\u0119powaniu upominawczym;<\/li>\n<li>zast\u0119pstwo\u00a0procesowe;<\/li>\n<li>sporz\u0105dzanie \u015brodk\u00f3w odwo\u0142awczych w post\u0119powaniu s\u0105dowym (sprzeciw, zarzuty, apelacja,\u00a0za\u017calenie);<\/li>\n<li>sporz\u0105dzanie\u00a0wniosk\u00f3w o wszcz\u0119cie egzekucji,<\/li>\n<li>sporz\u0105dzanie\u00a0\u015brodk\u00f3w odwo\u0142awczych w post\u0119powaniu egzekucyjnym;<\/li>\n<li>sporz\u0105dzanie\u00a0wniosk\u00f3w o podj\u0119cie czynno\u015bci w post\u0119powaniu komorniczym;<\/li>\n<li>przeprowadzanie\u00a0czynno\u015bci wspomagaj\u0105cych dla dzia\u0142a\u0144 komorniczych;<\/li>\n<li>przeciwdzia\u0142anie\u00a0dzia\u0142aniom d\u0142u\u017cnika podj\u0119tym w celu ubezskutecznienia egzekucji (skarga\u00a0Paulia\u0144ska, zawiadomienia o pope\u0142nieniu przest\u0119pstwa);<\/li>\n<li>sta\u0142e\u00a0monitorowanie przebiegu post\u0119powania egzekucyjnego;<\/li>\n<li>sporz\u0105dzanie\u00a0wniosk\u00f3w o zobowi\u0105zanie d\u0142u\u017cnika do wyjawienia maj\u0105tku;<\/li>\n<li>sporz\u0105dzanie\u00a0wniosk\u00f3w o podj\u0119cie umorzonego post\u0119powania egzekucyjnego.<\/li>\n<\/ul>\n<p>Podejmujemy r\u00f3wnie\u017c dzia\u0142ania o charakterze informacyjnym w celu okre\u015blenia kondycji finansowej d\u0142u\u017cnika i jego mo\u017cliwo\u015bci p\u0142atniczych. Istotn\u0105 kwesti\u0105 jest poznanie przyczyn nieregulowania przez d\u0142u\u017cnika p\u0142atno\u015bci czy jego niewyp\u0142acalno\u015bci. Ustalenie mo\u017cliwych zamiar\u00f3w d\u0142u\u017cnika czy te\u017c ewentualnych zagro\u017ce\u0144 dla jego dalszego funkcjonowania umo\u017cliwia podj\u0119cie odpowiednich krok\u00f3w prawnych (np. roz\u0142o\u017cenie nale\u017cno\u015bci na raty, z\u0142o\u017cenie wniosku o og\u0142oszenie upad\u0142o\u015bci d\u0142u\u017cnika, z\u0142o\u017cenie zawiadomienia o pope\u0142nieniu przest\u0119pstwa).<\/p>\n<p>W celu uzyskania informacji o d\u0142u\u017cniku prawnicy Kancelarii analizuj\u0105 m.in. dane zawarte w:<\/p>\n<ul>\n<li>dokumentach rejestrowych sp\u00f3\u0142ki, w tym w szczeg\u00f3lno\u015bci dotycz\u0105ce jej reprezentacji, dominuj\u0105cego przedmiotu dzia\u0142alno\u015bci oraz coroczne sprawozdania finansowe;<\/li>\n<li>ksi\u0119gach wieczystych w zakresie prawa \u00a0 w\u0142asno\u015bci nieruchomo\u015bci oraz obci\u0105\u017ce\u0144 hipotecznych;<\/li>\n<li>Krajowym Rejestrze D\u0142u\u017cnik\u00f3w Niewyp\u0142acalnych;<\/li>\n<li>wydziale upad\u0142o\u015bciowym w\u0142a\u015bciwego\u00a0terytorialnie s\u0105du rejonowego.<\/li>\n<\/ul>\n<p>W celu skutecznego\u00a0prowadzenia egzekucji niejednokrotnie konieczne jest podejmowanie dzia\u0142a\u0144\u00a0\u00a0 faktycznych w postaci aktywnego poszukiwania ruchomych i nieruchomych\u00a0\u00a0 sk\u0142adnik\u00f3w maj\u0105tkowych d\u0142u\u017cnika w celu wskazania ich prowadz\u0105cemu\u00a0post\u0119powanie komornikowi. Cz\u0119sto niezb\u0119dne jest r\u00f3wnie\u017c podejmowanie dzia\u0142a\u0144\u00a0\u00a0 w celu ustalania adresu (siedziby) d\u0142u\u017cnika czy zlokalizowania miejsca jego\u00a0faktycznego pobytu czy prowadzenia dzia\u0142alno\u015bci gospodarczej.<\/p>\n<p>Szczeg\u00f3lnie\u00a0starannego zabezpieczenia interesu klienta wymagaj\u0105 informacje o czynno\u015bciach, kt\u00f3rych dokona\u0142 d\u0142u\u017cnik celem uniemo\u017cliwienia egzekucji.\u00a0Niejednokrotnie czynno\u015bci te daj\u0105 podstawy do ich ubezskutecznienia lub\u00a0z\u0142o\u017cenia zawiadomienia do organ\u00f3w \u015bcigania, co ma istotny wp\u0142yw na przebieg\u00a0post\u0119powania egzekucyjnego.<\/p>\n<p>Sprawdzamy r\u00f3wnie\u017c ewentualne powi\u0105zania\u00a0kapita\u0142owo \u2013 osobowe windykowanego podmiotu z innymi podmiotami, to jest to,\u00a0czy dana sp\u00f3\u0142ka nie jest ju\u017c kt\u00f3r\u0105\u015b z kolei danego podmiotu oraz czy jej\u00a0powo\u0142anie do \u017cycia nie mia\u0142o na celu ubezskutecznienia egzekucji, co mo\u017ce by\u0107 podstaw\u0105 do podj\u0119cia odpowiednich krok\u00f3w prawnych. W przypadku\u00a0ustalenia sk\u0142adnik\u00f3w maj\u0105tku d\u0142u\u017cnika daj\u0105cych podstaw\u0119 do podj\u0119cia\u00a0umorzonego post\u0119powania egzekucyjnego sk\u0142adamy stosowne wnioski w celu\u00a0uruchomienia ponownej egzekucji komorniczej.<\/p>\n<table border=\"0\" cellpadding=\"0\">\n<tbody>\n<tr>\n<td valign=\"top\"><\/td>\n<\/tr>\n<\/tbody>\n<\/table>\n<p><\/p>","protected":false},"excerpt":{"rendered":"<p>Istotnym problemem dla podmiot\u00f3w indywidualnych\u00a0jest niesolidno\u015b\u0107 kontrahent\u00f3w, kt\u00f3rzy nie reguluj\u0105 nale\u017cno\u015bci lub znacz\u0105co op\u00f3\u017aniaj\u0105 si\u0119 w zap\u0142acie. Nasza Kancelaria zapewnia kompleksowe us\u0142ugi w zakresie windykacji wierzytelno\u015bci w celu jak najpe\u0142niejszej ochrony interesu wierzyciela w kontakcie z nierzetelnym\u00a0d\u0142u\u017cnikiem. Nasi prawnicy w skuteczny, a jednocze\u015bnie zgodny z <span class=\"ellipsis\">&hellip;<\/span> <span class=\"more-link-wrap\"><a href=\"https:\/\/ilc-poland.com\/pl\/individuals\/debt-collection\/\" class=\"more-link\"><span>Wi\u0119cej&#8230;<\/span><\/a><\/span><\/p>\n","protected":false},"author":3,"featured_media":0,"parent":11,"menu_order":20,"comment_status":"closed","ping_status":"closed","template":"","meta":{"footnotes":""},"yoast_head":"<!-- This site is optimized with the Yoast SEO plugin v22.9 - https:\/\/yoast.com\/wordpress\/plugins\/seo\/ -->\n<title>WINDYKACJA WIERZYTELNO\u015aCI - International Legal Consulting Poland<\/title>\n<meta name=\"robots\" content=\"index, follow, max-snippet:-1, max-image-preview:large, max-video-preview:-1\" \/>\n<link rel=\"canonical\" href=\"https:\/\/ilc-poland.com\/pl\/individuals\/debt-collection\/\" \/>\n<meta property=\"og:locale\" content=\"pl_PL\" \/>\n<meta property=\"og:type\" content=\"article\" \/>\n<meta property=\"og:title\" content=\"WINDYKACJA WIERZYTELNO\u015aCI - International Legal Consulting Poland\" \/>\n<meta property=\"og:description\" content=\"Istotnym problemem dla podmiot\u00f3w indywidualnych\u00a0jest niesolidno\u015b\u0107 kontrahent\u00f3w, kt\u00f3rzy nie reguluj\u0105 nale\u017cno\u015bci lub znacz\u0105co op\u00f3\u017aniaj\u0105 si\u0119 w zap\u0142acie. Nasza Kancelaria zapewnia kompleksowe us\u0142ugi w zakresie windykacji wierzytelno\u015bci w celu jak najpe\u0142niejszej ochrony interesu wierzyciela w kontakcie z nierzetelnym\u00a0d\u0142u\u017cnikiem. Nasi prawnicy w skuteczny, a jednocze\u015bnie zgodny z &hellip; Wi\u0119cej...\" \/>\n<meta property=\"og:url\" content=\"https:\/\/ilc-poland.com\/pl\/individuals\/debt-collection\/\" \/>\n<meta property=\"og:site_name\" content=\"International Legal Consulting Poland\" \/>\n<meta property=\"article:modified_time\" content=\"2014-04-05T19:50:31+00:00\" \/>\n<meta name=\"twitter:card\" content=\"summary_large_image\" \/>\n<meta name=\"twitter:label1\" content=\"Szacowany czas czytania\" \/>\n\t<meta name=\"twitter:data1\" content=\"10 minut\" \/>\n<script type=\"application\/ld+json\" class=\"yoast-schema-graph\">{\"@context\":\"https:\/\/schema.org\",\"@graph\":[{\"@type\":\"WebPage\",\"@id\":\"https:\/\/ilc-poland.com\/pl\/individuals\/debt-collection\/\",\"url\":\"https:\/\/ilc-poland.com\/pl\/individuals\/debt-collection\/\",\"name\":\"[:en]DEBT COLLECTION[:pl]WINDYKACJA WIERZYTELNO\u015aCI[:it]RECUPERO CREDITI[:] - International Legal Consulting Poland\",\"isPartOf\":{\"@id\":\"https:\/\/ilc-poland.com\/pl\/#website\"},\"datePublished\":\"2013-02-01T17:10:05+00:00\",\"dateModified\":\"2014-04-05T19:50:31+00:00\",\"breadcrumb\":{\"@id\":\"https:\/\/ilc-poland.com\/pl\/individuals\/debt-collection\/#breadcrumb\"},\"inLanguage\":\"pl-PL\",\"potentialAction\":[{\"@type\":\"ReadAction\",\"target\":[\"https:\/\/ilc-poland.com\/pl\/individuals\/debt-collection\/\"]}]},{\"@type\":\"BreadcrumbList\",\"@id\":\"https:\/\/ilc-poland.com\/pl\/individuals\/debt-collection\/#breadcrumb\",\"itemListElement\":[{\"@type\":\"ListItem\",\"position\":1,\"name\":\"Home\",\"item\":\"https:\/\/ilc-poland.com\/pl\/\"},{\"@type\":\"ListItem\",\"position\":2,\"name\":\"PRIVATE CLIENTS\",\"item\":\"https:\/\/ilc-poland.com\/individuals\/\"},{\"@type\":\"ListItem\",\"position\":3,\"name\":\"WINDYKACJA WIERZYTELNO\u015aCI\"}]},{\"@type\":\"WebSite\",\"@id\":\"https:\/\/ilc-poland.com\/pl\/#website\",\"url\":\"https:\/\/ilc-poland.com\/pl\/\",\"name\":\"International Legal Consulting Poland\",\"description\":\"a law firm presented by Emilia Di Salvo\",\"publisher\":{\"@id\":\"https:\/\/ilc-poland.com\/pl\/#organization\"},\"potentialAction\":[{\"@type\":\"SearchAction\",\"target\":{\"@type\":\"EntryPoint\",\"urlTemplate\":\"https:\/\/ilc-poland.com\/pl\/?s={search_term_string}\"},\"query-input\":\"required name=search_term_string\"}],\"inLanguage\":\"pl-PL\"},{\"@type\":\"Organization\",\"@id\":\"https:\/\/ilc-poland.com\/pl\/#organization\",\"name\":\"International Legal Consulting Poland\",\"url\":\"https:\/\/ilc-poland.com\/pl\/\",\"logo\":{\"@type\":\"ImageObject\",\"inLanguage\":\"pl-PL\",\"@id\":\"https:\/\/ilc-poland.com\/pl\/#\/schema\/logo\/image\/\",\"url\":\"https:\/\/ilc-poland.com\/wp-content\/uploads\/2013\/02\/logo_text_med.png\",\"contentUrl\":\"https:\/\/ilc-poland.com\/wp-content\/uploads\/2013\/02\/logo_text_med.png\",\"width\":200,\"height\":93,\"caption\":\"International Legal Consulting Poland\"},\"image\":{\"@id\":\"https:\/\/ilc-poland.com\/pl\/#\/schema\/logo\/image\/\"},\"sameAs\":[\"https:\/\/www.linkedin.com\/in\/emiliadisalvo\/\"]}]}<\/script>\n<!-- \/ Yoast SEO plugin. -->","yoast_head_json":{"title":"WINDYKACJA WIERZYTELNO\u015aCI - International Legal Consulting Poland","robots":{"index":"index","follow":"follow","max-snippet":"max-snippet:-1","max-image-preview":"max-image-preview:large","max-video-preview":"max-video-preview:-1"},"canonical":"https:\/\/ilc-poland.com\/pl\/individuals\/debt-collection\/","og_locale":"pl_PL","og_type":"article","og_title":"WINDYKACJA WIERZYTELNO\u015aCI - International Legal Consulting Poland","og_description":"Istotnym problemem dla podmiot\u00f3w indywidualnych\u00a0jest niesolidno\u015b\u0107 kontrahent\u00f3w, kt\u00f3rzy nie reguluj\u0105 nale\u017cno\u015bci lub znacz\u0105co op\u00f3\u017aniaj\u0105 si\u0119 w zap\u0142acie. Nasza Kancelaria zapewnia kompleksowe us\u0142ugi w zakresie windykacji wierzytelno\u015bci w celu jak najpe\u0142niejszej ochrony interesu wierzyciela w kontakcie z nierzetelnym\u00a0d\u0142u\u017cnikiem. Nasi prawnicy w skuteczny, a jednocze\u015bnie zgodny z &hellip; Wi\u0119cej...","og_url":"https:\/\/ilc-poland.com\/pl\/individuals\/debt-collection\/","og_site_name":"International Legal Consulting Poland","article_modified_time":"2014-04-05T19:50:31+00:00","twitter_card":"summary_large_image","twitter_misc":{"Szacowany czas czytania":"10 minut"},"schema":{"@context":"https:\/\/schema.org","@graph":[{"@type":"WebPage","@id":"https:\/\/ilc-poland.com\/pl\/individuals\/debt-collection\/","url":"https:\/\/ilc-poland.com\/pl\/individuals\/debt-collection\/","name":"[:en]DEBT COLLECTION[:pl]WINDYKACJA WIERZYTELNO\u015aCI[:it]RECUPERO CREDITI[:] - International Legal Consulting Poland","isPartOf":{"@id":"https:\/\/ilc-poland.com\/pl\/#website"},"datePublished":"2013-02-01T17:10:05+00:00","dateModified":"2014-04-05T19:50:31+00:00","breadcrumb":{"@id":"https:\/\/ilc-poland.com\/pl\/individuals\/debt-collection\/#breadcrumb"},"inLanguage":"pl-PL","potentialAction":[{"@type":"ReadAction","target":["https:\/\/ilc-poland.com\/pl\/individuals\/debt-collection\/"]}]},{"@type":"BreadcrumbList","@id":"https:\/\/ilc-poland.com\/pl\/individuals\/debt-collection\/#breadcrumb","itemListElement":[{"@type":"ListItem","position":1,"name":"Home","item":"https:\/\/ilc-poland.com\/pl\/"},{"@type":"ListItem","position":2,"name":"PRIVATE CLIENTS","item":"https:\/\/ilc-poland.com\/individuals\/"},{"@type":"ListItem","position":3,"name":"WINDYKACJA WIERZYTELNO\u015aCI"}]},{"@type":"WebSite","@id":"https:\/\/ilc-poland.com\/pl\/#website","url":"https:\/\/ilc-poland.com\/pl\/","name":"International Legal Consulting Poland","description":"a law firm presented by Emilia Di Salvo","publisher":{"@id":"https:\/\/ilc-poland.com\/pl\/#organization"},"potentialAction":[{"@type":"SearchAction","target":{"@type":"EntryPoint","urlTemplate":"https:\/\/ilc-poland.com\/pl\/?s={search_term_string}"},"query-input":"required name=search_term_string"}],"inLanguage":"pl-PL"},{"@type":"Organization","@id":"https:\/\/ilc-poland.com\/pl\/#organization","name":"International Legal Consulting Poland","url":"https:\/\/ilc-poland.com\/pl\/","logo":{"@type":"ImageObject","inLanguage":"pl-PL","@id":"https:\/\/ilc-poland.com\/pl\/#\/schema\/logo\/image\/","url":"https:\/\/ilc-poland.com\/wp-content\/uploads\/2013\/02\/logo_text_med.png","contentUrl":"https:\/\/ilc-poland.com\/wp-content\/uploads\/2013\/02\/logo_text_med.png","width":200,"height":93,"caption":"International Legal Consulting Poland"},"image":{"@id":"https:\/\/ilc-poland.com\/pl\/#\/schema\/logo\/image\/"},"sameAs":["https:\/\/www.linkedin.com\/in\/emiliadisalvo\/"]}]}},"_links":{"self":[{"href":"https:\/\/ilc-poland.com\/pl\/wp-json\/wp\/v2\/pages\/181"}],"collection":[{"href":"https:\/\/ilc-poland.com\/pl\/wp-json\/wp\/v2\/pages"}],"about":[{"href":"https:\/\/ilc-poland.com\/pl\/wp-json\/wp\/v2\/types\/page"}],"author":[{"embeddable":true,"href":"https:\/\/ilc-poland.com\/pl\/wp-json\/wp\/v2\/users\/3"}],"replies":[{"embeddable":true,"href":"https:\/\/ilc-poland.com\/pl\/wp-json\/wp\/v2\/comments?post=181"}],"version-history":[{"count":24,"href":"https:\/\/ilc-poland.com\/pl\/wp-json\/wp\/v2\/pages\/181\/revisions"}],"predecessor-version":[{"id":1464,"href":"https:\/\/ilc-poland.com\/pl\/wp-json\/wp\/v2\/pages\/181\/revisions\/1464"}],"up":[{"embeddable":true,"href":"https:\/\/ilc-poland.com\/pl\/wp-json\/wp\/v2\/pages\/11"}],"wp:attachment":[{"href":"https:\/\/ilc-poland.com\/pl\/wp-json\/wp\/v2\/media?parent=181"}],"curies":[{"name":"wp","href":"https:\/\/api.w.org\/{rel}","templated":true}]}}