{"id":176,"date":"2013-02-01T18:03:04","date_gmt":"2013-02-01T17:03:04","guid":{"rendered":"http:\/\/ilc-poland.com\/?page_id=176"},"modified":"2013-12-28T19:41:42","modified_gmt":"2013-12-28T18:41:42","slug":"litigation-and-arbitration","status":"publish","type":"page","link":"https:\/\/ilc-poland.com\/pl\/individuals\/litigation-and-arbitration\/","title":{"rendered":"SPORY S\u0104DOWE i ARBITRA\u017b"},"content":{"rendered":"<p>Posiadamy znacz\u0105ce\u00a0do\u015bwiadczenie w zakresie prowadzenia skomplikowanych spor\u00f3w s\u0105dowych i post\u0119powa\u0144 arbitra\u017cowych obejmuj\u0105cych r\u00f3\u017cnorodne dziedziny prawa.<\/p>\n<p>Wszechstronnie analizujemy ryzyko procesowe ka\u017cdego sporu. Celem naszej opracowanej indywidualnie w ka\u017cdej sprawie taktyki post\u0119powania jest zminimalizowanie ryzyka wynikaj\u0105cego z zaistnia\u0142ego sporu, przy\u015bpieszenie post\u0119powania, umo\u017cliwienie klientom zaoszcz\u0119dzenia koszt\u00f3w oraz w miar\u0119 mo\u017cliwo\u015bci doprowadzenie do polubownego zako\u0144czenia sporu.<\/p>\n<p>Mamy bogate do\u015bwiadczenie w zakresie spor\u00f3w o charakterze mi\u0119dzynarodowym. Doradzamy mi\u0119dzy innymi w sprawach o uznawanie i wykonywanie orzecze\u0144 s\u0105d\u00f3w zagranicznych.<\/p>\n<p>Nasze us\u0142ugi obejmuj\u0105 kompleksow\u0105 obs\u0142ug\u0119 prawn\u0105 w zakresie:<\/p>\n<ul>\n<li>doradztwa przedprocesowego w zakresie wszelkich dziedzin prawa i wszelkich rodzaj\u00f3w post\u0119powa\u0144;<\/li>\n<li>przygotowania pozw\u00f3w, wniosk\u00f3w, \u015brodk\u00f3w zaskar\u017cenia i innych pism procesowych;<\/li>\n<li>reprezentacji klient\u00f3w przed s\u0105dami powszechnymi, jak i w post\u0119powaniu arbitra\u017cowym;<\/li>\n<li>reprezentacji klient\u00f3w przed organami prowadz\u0105cymi post\u0119powania przygotowawcze oraz przed s\u0105dami karnymi w charakterze obro\u0144cy oraz pe\u0142nomocnika pokrzywdzonego;<\/li>\n<li>reprezentacji klient\u00f3w w post\u0119powaniach przed organami administracji oraz przed wojew\u00f3dzkimi s\u0105dami administracyjnymi i przed Naczelnym S\u0105dem Administracyjnym;<\/li>\n<li>prowadzenia post\u0119powa\u0144 zabezpieczaj\u0105cego i egzekucyjnego;<\/li>\n<li>prowadzenia spraw zwi\u0105zanych z uzyskaniem europejskiego tytu\u0142u egzekucyjnego oraz europejskiego nakazu zap\u0142aty.<\/li>\n<\/ul>\n<p>\u015awiadczymy doradztwo m.in. w zakresie:<\/p>\n<ul>\n<li>post\u0119powa\u0144 spadkowych tocz\u0105cych si\u0119 zar\u00f3wno w kraju, jak i za granic\u0105;<\/li>\n<li>spor\u00f3w z zakresu prawa pracy dotycz\u0105cych roszcze\u0144 pracowniczych, w szczeg\u00f3lno\u015bci wynikaj\u0105cych z rozwi\u0105zania stosunku pracy, dotycz\u0105cych wynagrodzenia za prac\u0119 oraz odpowiedzialno\u015bci materialnej pracownik\u00f3w;<\/li>\n<li>spor\u00f3w z zakresu prawa ubezpiecze\u0144 spo\u0142ecznych, przed organami rentowymi i s\u0105dami;<\/li>\n<li>spor\u00f3w z zakresu w\u0142asno\u015bci intelektualnej;<\/li>\n<li>post\u0119powa\u0144 z zakresu prawa karnego skarbowego;<\/li>\n<li>post\u0119powania administracyjnego, w szczeg\u00f3lno\u015bci w sprawach z zakresu prawa budowlanego, prawa zagospodarowania przestrzennego, prawa ochrony \u015brodowiska;<\/li>\n<li>reprezentacji klient\u00f3w w tocz\u0105cym si\u0119 post\u0119powaniu upad\u0142o\u015bciowym w tym obejmuj\u0105cych likwidacj\u0119 maj\u0105tku upad\u0142ego, jak r\u00f3wnie\u017c z mo\u017cliwo\u015bci\u0105 zawarcia uk\u0142adu.<\/li>\n<\/ul>\n<p><\/p>","protected":false},"excerpt":{"rendered":"<p>Posiadamy znacz\u0105ce\u00a0do\u015bwiadczenie w zakresie prowadzenia skomplikowanych spor\u00f3w s\u0105dowych i post\u0119powa\u0144 arbitra\u017cowych obejmuj\u0105cych r\u00f3\u017cnorodne dziedziny prawa. Wszechstronnie analizujemy ryzyko procesowe ka\u017cdego sporu. Celem naszej opracowanej indywidualnie w ka\u017cdej sprawie taktyki post\u0119powania jest zminimalizowanie ryzyka wynikaj\u0105cego z zaistnia\u0142ego sporu, przy\u015bpieszenie post\u0119powania, umo\u017cliwienie klientom zaoszcz\u0119dzenia koszt\u00f3w oraz w <span class=\"ellipsis\">&hellip;<\/span> <span class=\"more-link-wrap\"><a href=\"https:\/\/ilc-poland.com\/pl\/individuals\/litigation-and-arbitration\/\" class=\"more-link\"><span>Wi\u0119cej&#8230;<\/span><\/a><\/span><\/p>\n","protected":false},"author":3,"featured_media":0,"parent":11,"menu_order":50,"comment_status":"closed","ping_status":"closed","template":"","meta":{"footnotes":""},"yoast_head":"<!-- This site is optimized with the Yoast SEO plugin v22.9 - https:\/\/yoast.com\/wordpress\/plugins\/seo\/ -->\n<title>SPORY S\u0104DOWE i ARBITRA\u017b - International Legal Consulting Poland<\/title>\n<meta name=\"robots\" content=\"index, follow, max-snippet:-1, max-image-preview:large, max-video-preview:-1\" \/>\n<link rel=\"canonical\" href=\"https:\/\/ilc-poland.com\/pl\/individuals\/litigation-and-arbitration\/\" \/>\n<meta property=\"og:locale\" content=\"pl_PL\" \/>\n<meta property=\"og:type\" content=\"article\" \/>\n<meta property=\"og:title\" content=\"SPORY S\u0104DOWE i ARBITRA\u017b - International Legal Consulting Poland\" \/>\n<meta property=\"og:description\" content=\"Posiadamy znacz\u0105ce\u00a0do\u015bwiadczenie w zakresie prowadzenia skomplikowanych spor\u00f3w s\u0105dowych i post\u0119powa\u0144 arbitra\u017cowych obejmuj\u0105cych r\u00f3\u017cnorodne dziedziny prawa. Wszechstronnie analizujemy ryzyko procesowe ka\u017cdego sporu. Celem naszej opracowanej indywidualnie w ka\u017cdej sprawie taktyki post\u0119powania jest zminimalizowanie ryzyka wynikaj\u0105cego z zaistnia\u0142ego sporu, przy\u015bpieszenie post\u0119powania, umo\u017cliwienie klientom zaoszcz\u0119dzenia koszt\u00f3w oraz w &hellip; Wi\u0119cej...\" \/>\n<meta property=\"og:url\" content=\"https:\/\/ilc-poland.com\/pl\/individuals\/litigation-and-arbitration\/\" \/>\n<meta property=\"og:site_name\" content=\"International Legal Consulting Poland\" \/>\n<meta property=\"article:modified_time\" content=\"2013-12-28T18:41:42+00:00\" \/>\n<meta name=\"twitter:card\" content=\"summary_large_image\" \/>\n<meta name=\"twitter:label1\" content=\"Szacowany czas czytania\" \/>\n\t<meta name=\"twitter:data1\" content=\"5 minut\" \/>\n<script type=\"application\/ld+json\" class=\"yoast-schema-graph\">{\"@context\":\"https:\/\/schema.org\",\"@graph\":[{\"@type\":\"WebPage\",\"@id\":\"https:\/\/ilc-poland.com\/pl\/individuals\/litigation-and-arbitration\/\",\"url\":\"https:\/\/ilc-poland.com\/pl\/individuals\/litigation-and-arbitration\/\",\"name\":\"[:en]LITIGATION and ARBITRATION[:pl]SPORY S\u0104DOWE i ARBITRA\u017b[:it]CONTENZIOSO ed ARBITRATO[:] - International Legal Consulting Poland\",\"isPartOf\":{\"@id\":\"https:\/\/ilc-poland.com\/pl\/#website\"},\"datePublished\":\"2013-02-01T17:03:04+00:00\",\"dateModified\":\"2013-12-28T18:41:42+00:00\",\"breadcrumb\":{\"@id\":\"https:\/\/ilc-poland.com\/pl\/individuals\/litigation-and-arbitration\/#breadcrumb\"},\"inLanguage\":\"pl-PL\",\"potentialAction\":[{\"@type\":\"ReadAction\",\"target\":[\"https:\/\/ilc-poland.com\/pl\/individuals\/litigation-and-arbitration\/\"]}]},{\"@type\":\"BreadcrumbList\",\"@id\":\"https:\/\/ilc-poland.com\/pl\/individuals\/litigation-and-arbitration\/#breadcrumb\",\"itemListElement\":[{\"@type\":\"ListItem\",\"position\":1,\"name\":\"Home\",\"item\":\"https:\/\/ilc-poland.com\/pl\/\"},{\"@type\":\"ListItem\",\"position\":2,\"name\":\"PRIVATE CLIENTS\",\"item\":\"https:\/\/ilc-poland.com\/individuals\/\"},{\"@type\":\"ListItem\",\"position\":3,\"name\":\"SPORY S\u0104DOWE i ARBITRA\u017b\"}]},{\"@type\":\"WebSite\",\"@id\":\"https:\/\/ilc-poland.com\/pl\/#website\",\"url\":\"https:\/\/ilc-poland.com\/pl\/\",\"name\":\"International Legal Consulting Poland\",\"description\":\"a law firm presented by Emilia Di Salvo\",\"publisher\":{\"@id\":\"https:\/\/ilc-poland.com\/pl\/#organization\"},\"potentialAction\":[{\"@type\":\"SearchAction\",\"target\":{\"@type\":\"EntryPoint\",\"urlTemplate\":\"https:\/\/ilc-poland.com\/pl\/?s={search_term_string}\"},\"query-input\":\"required name=search_term_string\"}],\"inLanguage\":\"pl-PL\"},{\"@type\":\"Organization\",\"@id\":\"https:\/\/ilc-poland.com\/pl\/#organization\",\"name\":\"International Legal Consulting Poland\",\"url\":\"https:\/\/ilc-poland.com\/pl\/\",\"logo\":{\"@type\":\"ImageObject\",\"inLanguage\":\"pl-PL\",\"@id\":\"https:\/\/ilc-poland.com\/pl\/#\/schema\/logo\/image\/\",\"url\":\"https:\/\/ilc-poland.com\/wp-content\/uploads\/2013\/02\/logo_text_med.png\",\"contentUrl\":\"https:\/\/ilc-poland.com\/wp-content\/uploads\/2013\/02\/logo_text_med.png\",\"width\":200,\"height\":93,\"caption\":\"International Legal Consulting Poland\"},\"image\":{\"@id\":\"https:\/\/ilc-poland.com\/pl\/#\/schema\/logo\/image\/\"},\"sameAs\":[\"https:\/\/www.linkedin.com\/in\/emiliadisalvo\/\"]}]}<\/script>\n<!-- \/ Yoast SEO plugin. -->","yoast_head_json":{"title":"SPORY S\u0104DOWE i ARBITRA\u017b - International Legal Consulting Poland","robots":{"index":"index","follow":"follow","max-snippet":"max-snippet:-1","max-image-preview":"max-image-preview:large","max-video-preview":"max-video-preview:-1"},"canonical":"https:\/\/ilc-poland.com\/pl\/individuals\/litigation-and-arbitration\/","og_locale":"pl_PL","og_type":"article","og_title":"SPORY S\u0104DOWE i ARBITRA\u017b - International Legal Consulting Poland","og_description":"Posiadamy znacz\u0105ce\u00a0do\u015bwiadczenie w zakresie prowadzenia skomplikowanych spor\u00f3w s\u0105dowych i post\u0119powa\u0144 arbitra\u017cowych obejmuj\u0105cych r\u00f3\u017cnorodne dziedziny prawa. Wszechstronnie analizujemy ryzyko procesowe ka\u017cdego sporu. Celem naszej opracowanej indywidualnie w ka\u017cdej sprawie taktyki post\u0119powania jest zminimalizowanie ryzyka wynikaj\u0105cego z zaistnia\u0142ego sporu, przy\u015bpieszenie post\u0119powania, umo\u017cliwienie klientom zaoszcz\u0119dzenia koszt\u00f3w oraz w &hellip; Wi\u0119cej...","og_url":"https:\/\/ilc-poland.com\/pl\/individuals\/litigation-and-arbitration\/","og_site_name":"International Legal Consulting Poland","article_modified_time":"2013-12-28T18:41:42+00:00","twitter_card":"summary_large_image","twitter_misc":{"Szacowany czas czytania":"5 minut"},"schema":{"@context":"https:\/\/schema.org","@graph":[{"@type":"WebPage","@id":"https:\/\/ilc-poland.com\/pl\/individuals\/litigation-and-arbitration\/","url":"https:\/\/ilc-poland.com\/pl\/individuals\/litigation-and-arbitration\/","name":"[:en]LITIGATION and ARBITRATION[:pl]SPORY S\u0104DOWE i ARBITRA\u017b[:it]CONTENZIOSO ed ARBITRATO[:] - International Legal Consulting Poland","isPartOf":{"@id":"https:\/\/ilc-poland.com\/pl\/#website"},"datePublished":"2013-02-01T17:03:04+00:00","dateModified":"2013-12-28T18:41:42+00:00","breadcrumb":{"@id":"https:\/\/ilc-poland.com\/pl\/individuals\/litigation-and-arbitration\/#breadcrumb"},"inLanguage":"pl-PL","potentialAction":[{"@type":"ReadAction","target":["https:\/\/ilc-poland.com\/pl\/individuals\/litigation-and-arbitration\/"]}]},{"@type":"BreadcrumbList","@id":"https:\/\/ilc-poland.com\/pl\/individuals\/litigation-and-arbitration\/#breadcrumb","itemListElement":[{"@type":"ListItem","position":1,"name":"Home","item":"https:\/\/ilc-poland.com\/pl\/"},{"@type":"ListItem","position":2,"name":"PRIVATE CLIENTS","item":"https:\/\/ilc-poland.com\/individuals\/"},{"@type":"ListItem","position":3,"name":"SPORY S\u0104DOWE i ARBITRA\u017b"}]},{"@type":"WebSite","@id":"https:\/\/ilc-poland.com\/pl\/#website","url":"https:\/\/ilc-poland.com\/pl\/","name":"International Legal Consulting Poland","description":"a law firm presented by Emilia Di Salvo","publisher":{"@id":"https:\/\/ilc-poland.com\/pl\/#organization"},"potentialAction":[{"@type":"SearchAction","target":{"@type":"EntryPoint","urlTemplate":"https:\/\/ilc-poland.com\/pl\/?s={search_term_string}"},"query-input":"required name=search_term_string"}],"inLanguage":"pl-PL"},{"@type":"Organization","@id":"https:\/\/ilc-poland.com\/pl\/#organization","name":"International Legal Consulting Poland","url":"https:\/\/ilc-poland.com\/pl\/","logo":{"@type":"ImageObject","inLanguage":"pl-PL","@id":"https:\/\/ilc-poland.com\/pl\/#\/schema\/logo\/image\/","url":"https:\/\/ilc-poland.com\/wp-content\/uploads\/2013\/02\/logo_text_med.png","contentUrl":"https:\/\/ilc-poland.com\/wp-content\/uploads\/2013\/02\/logo_text_med.png","width":200,"height":93,"caption":"International Legal Consulting Poland"},"image":{"@id":"https:\/\/ilc-poland.com\/pl\/#\/schema\/logo\/image\/"},"sameAs":["https:\/\/www.linkedin.com\/in\/emiliadisalvo\/"]}]}},"_links":{"self":[{"href":"https:\/\/ilc-poland.com\/pl\/wp-json\/wp\/v2\/pages\/176"}],"collection":[{"href":"https:\/\/ilc-poland.com\/pl\/wp-json\/wp\/v2\/pages"}],"about":[{"href":"https:\/\/ilc-poland.com\/pl\/wp-json\/wp\/v2\/types\/page"}],"author":[{"embeddable":true,"href":"https:\/\/ilc-poland.com\/pl\/wp-json\/wp\/v2\/users\/3"}],"replies":[{"embeddable":true,"href":"https:\/\/ilc-poland.com\/pl\/wp-json\/wp\/v2\/comments?post=176"}],"version-history":[{"count":26,"href":"https:\/\/ilc-poland.com\/pl\/wp-json\/wp\/v2\/pages\/176\/revisions"}],"predecessor-version":[{"id":1406,"href":"https:\/\/ilc-poland.com\/pl\/wp-json\/wp\/v2\/pages\/176\/revisions\/1406"}],"up":[{"embeddable":true,"href":"https:\/\/ilc-poland.com\/pl\/wp-json\/wp\/v2\/pages\/11"}],"wp:attachment":[{"href":"https:\/\/ilc-poland.com\/pl\/wp-json\/wp\/v2\/media?parent=176"}],"curies":[{"name":"wp","href":"https:\/\/api.w.org\/{rel}","templated":true}]}}