{"id":160,"date":"2013-02-01T17:42:30","date_gmt":"2013-02-01T16:42:30","guid":{"rendered":"http:\/\/ilc-poland.com\/?page_id=160"},"modified":"2013-05-30T20:11:25","modified_gmt":"2013-05-30T19:11:25","slug":"labour-law-and-social-security","status":"publish","type":"page","link":"https:\/\/ilc-poland.com\/pl\/individuals\/labour-law-and-social-security\/","title":{"rendered":"PRAWO PRACY i UBEZPIECZE\u0143&nbsp;SPO\u0141ECZNYCH"},"content":{"rendered":"<p>Nasi prawnicy doradzaj\u0105 klientom w przedmiocie\u00a0szerokiej gamy regulacji prawnych z zakresu\u00a0prawa pracy i ubezpiecze\u0144 spo\u0142ecznych.<\/p>\n<p>Nasze us\u0142ugi prawne obejmuj\u0105 w szczeg\u00f3lno\u015bci kwestie dotycz\u0105ce:<\/p>\n<ul>\n<li>przygotowania i negocjowania um\u00f3w o prac\u0119 i innych um\u00f3w;<\/li>\n<li>przygotowania i negocjowania kontrakt\u00f3w managerskich;<\/li>\n<\/ul>\n<p>Nasi prawnicy reprezentuj\u0105 klient\u00f3w w sprawach spornych, w tym w szczeg\u00f3lno\u015bci w sporach wynik\u0142ych na gruncie rozwi\u0105zania stosunku pracy, dyskryminacji i mobbingu.<\/p>\n<p>Ponadto doradzamy klientom w zakresie:<\/p>\n<ul>\n<li>praw i obowi\u0105zk\u00f3w pracownik\u00f3w i pracodawc\u00f3w;<\/li>\n<li>dyskryminacji i mobbingu w zatrudnieniu;<\/li>\n<li>zakazu konkurencji w czasie trwania stosunku pracy i po jego ustaniu;<\/li>\n<li>system\u00f3w i rozk\u0142ad\u00f3w czasu pracy, w tym maksymalnego dopuszczalnego czasu pracy;<\/li>\n<li>dopuszczalno\u015bci pracy w godzinach nadliczbowych, w porze nocnej, w niedziele i \u015bwi\u0119ta i przys\u0142uguj\u0105cego w zwi\u0105zku z tym wynagrodzenia;<\/li>\n<li>dy\u017cur\u00f3w i przys\u0142uguj\u0105cego w zwi\u0105zku z tym wynagrodzenia;<\/li>\n<li>pracy kadry zarz\u0105dzaj\u0105cej;<\/li>\n<li>wynagrodzenia za czas niezdolno\u015bci do pracy;<\/li>\n<li>odpraw po\u015bmiertnych pracownik\u00f3w;<\/li>\n<li>urlop\u00f3w wypoczynkowych i ekwiwalentu za niewykorzystany urlop;<\/li>\n<li>odpowiedzialno\u015bci porz\u0105dkowej i materialnej pracownik\u00f3w za szkod\u0119 wyrz\u0105dzon\u0105 pracodawcy;<\/li>\n<li>uprawnie\u0144 pracownik\u00f3w zwi\u0105zanych z rodzicielstwem, urlop\u00f3w macierzy\u0144skich, ojcowskich i wychowawczych;<\/li>\n<li>ochrony pracy kobiet, szczeg\u00f3lnej ochrony pracownic w ci\u0105\u017cy;<\/li>\n<li>zatrudniania pracownik\u00f3w m\u0142odocianych;<\/li>\n<li>obowi\u0105zk\u00f3w pracodawc\u00f3w i pracownik\u00f3w w zakresie BHP, pracy pracownik\u00f3w w warunkach szkodliwych dla zdrowia;<\/li>\n<li>obowi\u0105zk\u00f3w pracodawcy w zwi\u0105zku z wypadkiem przy pracy lub stwierdzeniem choroby zawodowej;<\/li>\n<li>ochrony wynagrodzenia za prac\u0119 i dopuszczalnych potr\u0105ce\u0144 np. na \u015bwiadczenia alimentacyjne;<\/li>\n<li>rozwi\u0105zywania um\u00f3w o prac\u0119, og\u00f3lnej i szczeg\u00f3lnej ochrony pracownik\u00f3w przed zwolnieniem, w tym przedemerytalnej, w zwi\u0105zku z rodzicielstwem, w zwi\u0105zku z usprawiedliwion\u0105 nieobecno\u015bci\u0105 w pracy;<\/li>\n<li>odpowiedzialno\u015bci pracodawcy za wykroczenia przeciwko prawom pracownika;<\/li>\n<li>wypowiedzenia warunk\u00f3w pracy i p\u0142acy i porozumienia o stosowaniu mniej korzystnych warunk\u00f3w zatrudnienia;<\/li>\n<li>sytuacji pracownik\u00f3w i ochrony ich praw w zwi\u0105zku z upad\u0142o\u015bci\u0105 pracodawcy, przej\u015bciem przedsi\u0119biorstwa, zak\u0142adu pracy lub jego cz\u0119\u015bci na innego pracodawc\u0119;<\/li>\n<li>zwolnie\u0144 grupowych;<\/li>\n<li>zasad i zakresu podlegania ubezpieczeniu spo\u0142ecznemu (emerytalnemu, rentowemu, chorobowemu i wypadkowemu) i \u015bwiadcze\u0144 przys\u0142uguj\u0105cych z tego tytu\u0142u.<\/li>\n<\/ul>\n<p><\/p>","protected":false},"excerpt":{"rendered":"<p>Nasi prawnicy doradzaj\u0105 klientom w przedmiocie\u00a0szerokiej gamy regulacji prawnych z zakresu\u00a0prawa pracy i ubezpiecze\u0144 spo\u0142ecznych. Nasze us\u0142ugi prawne obejmuj\u0105 w szczeg\u00f3lno\u015bci kwestie dotycz\u0105ce: przygotowania i negocjowania um\u00f3w o prac\u0119 i innych um\u00f3w; przygotowania i negocjowania kontrakt\u00f3w managerskich; Nasi prawnicy reprezentuj\u0105 klient\u00f3w w sprawach spornych, w <span class=\"ellipsis\">&hellip;<\/span> <span class=\"more-link-wrap\"><a href=\"https:\/\/ilc-poland.com\/pl\/individuals\/labour-law-and-social-security\/\" class=\"more-link\"><span>Wi\u0119cej&#8230;<\/span><\/a><\/span><\/p>\n","protected":false},"author":3,"featured_media":0,"parent":11,"menu_order":40,"comment_status":"closed","ping_status":"closed","template":"","meta":{"footnotes":""},"yoast_head":"<!-- This site is optimized with the Yoast SEO plugin v22.9 - https:\/\/yoast.com\/wordpress\/plugins\/seo\/ -->\n<title>PRAWO PRACY i UBEZPIECZE\u0143&nbsp;SPO\u0141ECZNYCH - International Legal Consulting Poland<\/title>\n<meta name=\"robots\" content=\"index, follow, max-snippet:-1, max-image-preview:large, max-video-preview:-1\" \/>\n<link rel=\"canonical\" href=\"https:\/\/ilc-poland.com\/pl\/individuals\/labour-law-and-social-security\/\" \/>\n<meta property=\"og:locale\" content=\"pl_PL\" \/>\n<meta property=\"og:type\" content=\"article\" \/>\n<meta property=\"og:title\" content=\"PRAWO PRACY i UBEZPIECZE\u0143&nbsp;SPO\u0141ECZNYCH - International Legal Consulting Poland\" \/>\n<meta property=\"og:description\" content=\"Nasi prawnicy doradzaj\u0105 klientom w przedmiocie\u00a0szerokiej gamy regulacji prawnych z zakresu\u00a0prawa pracy i ubezpiecze\u0144 spo\u0142ecznych. Nasze us\u0142ugi prawne obejmuj\u0105 w szczeg\u00f3lno\u015bci kwestie dotycz\u0105ce: przygotowania i negocjowania um\u00f3w o prac\u0119 i innych um\u00f3w; przygotowania i negocjowania kontrakt\u00f3w managerskich; Nasi prawnicy reprezentuj\u0105 klient\u00f3w w sprawach spornych, w &hellip; Wi\u0119cej...\" \/>\n<meta property=\"og:url\" content=\"https:\/\/ilc-poland.com\/pl\/individuals\/labour-law-and-social-security\/\" \/>\n<meta property=\"og:site_name\" content=\"International Legal Consulting Poland\" \/>\n<meta property=\"article:modified_time\" content=\"2013-05-30T19:11:25+00:00\" \/>\n<meta name=\"twitter:card\" content=\"summary_large_image\" \/>\n<meta name=\"twitter:label1\" content=\"Szacowany czas czytania\" \/>\n\t<meta name=\"twitter:data1\" content=\"4 minuty\" \/>\n<script type=\"application\/ld+json\" class=\"yoast-schema-graph\">{\"@context\":\"https:\/\/schema.org\",\"@graph\":[{\"@type\":\"WebPage\",\"@id\":\"https:\/\/ilc-poland.com\/pl\/individuals\/labour-law-and-social-security\/\",\"url\":\"https:\/\/ilc-poland.com\/pl\/individuals\/labour-law-and-social-security\/\",\"name\":\"[:en]EMPLOYMENT LAW and SOCIAL&nbsp;SECURITY[:pl]PRAWO PRACY i UBEZPIECZE\u0143&nbsp;SPO\u0141ECZNYCH[:it]DIRITTO del LAVORO e PREVIDENZA&nbsp;SOCIALE[:] - International Legal Consulting Poland\",\"isPartOf\":{\"@id\":\"https:\/\/ilc-poland.com\/pl\/#website\"},\"datePublished\":\"2013-02-01T16:42:30+00:00\",\"dateModified\":\"2013-05-30T19:11:25+00:00\",\"breadcrumb\":{\"@id\":\"https:\/\/ilc-poland.com\/pl\/individuals\/labour-law-and-social-security\/#breadcrumb\"},\"inLanguage\":\"pl-PL\",\"potentialAction\":[{\"@type\":\"ReadAction\",\"target\":[\"https:\/\/ilc-poland.com\/pl\/individuals\/labour-law-and-social-security\/\"]}]},{\"@type\":\"BreadcrumbList\",\"@id\":\"https:\/\/ilc-poland.com\/pl\/individuals\/labour-law-and-social-security\/#breadcrumb\",\"itemListElement\":[{\"@type\":\"ListItem\",\"position\":1,\"name\":\"Home\",\"item\":\"https:\/\/ilc-poland.com\/pl\/\"},{\"@type\":\"ListItem\",\"position\":2,\"name\":\"PRIVATE CLIENTS\",\"item\":\"https:\/\/ilc-poland.com\/individuals\/\"},{\"@type\":\"ListItem\",\"position\":3,\"name\":\"PRAWO PRACY i UBEZPIECZE\u0143&nbsp;SPO\u0141ECZNYCH\"}]},{\"@type\":\"WebSite\",\"@id\":\"https:\/\/ilc-poland.com\/pl\/#website\",\"url\":\"https:\/\/ilc-poland.com\/pl\/\",\"name\":\"International Legal Consulting Poland\",\"description\":\"a law firm presented by Emilia Di Salvo\",\"publisher\":{\"@id\":\"https:\/\/ilc-poland.com\/pl\/#organization\"},\"potentialAction\":[{\"@type\":\"SearchAction\",\"target\":{\"@type\":\"EntryPoint\",\"urlTemplate\":\"https:\/\/ilc-poland.com\/pl\/?s={search_term_string}\"},\"query-input\":\"required name=search_term_string\"}],\"inLanguage\":\"pl-PL\"},{\"@type\":\"Organization\",\"@id\":\"https:\/\/ilc-poland.com\/pl\/#organization\",\"name\":\"International Legal Consulting Poland\",\"url\":\"https:\/\/ilc-poland.com\/pl\/\",\"logo\":{\"@type\":\"ImageObject\",\"inLanguage\":\"pl-PL\",\"@id\":\"https:\/\/ilc-poland.com\/pl\/#\/schema\/logo\/image\/\",\"url\":\"https:\/\/ilc-poland.com\/wp-content\/uploads\/2013\/02\/logo_text_med.png\",\"contentUrl\":\"https:\/\/ilc-poland.com\/wp-content\/uploads\/2013\/02\/logo_text_med.png\",\"width\":200,\"height\":93,\"caption\":\"International Legal Consulting Poland\"},\"image\":{\"@id\":\"https:\/\/ilc-poland.com\/pl\/#\/schema\/logo\/image\/\"},\"sameAs\":[\"https:\/\/www.linkedin.com\/in\/emiliadisalvo\/\"]}]}<\/script>\n<!-- \/ Yoast SEO plugin. -->","yoast_head_json":{"title":"PRAWO PRACY i UBEZPIECZE\u0143&nbsp;SPO\u0141ECZNYCH - International Legal Consulting Poland","robots":{"index":"index","follow":"follow","max-snippet":"max-snippet:-1","max-image-preview":"max-image-preview:large","max-video-preview":"max-video-preview:-1"},"canonical":"https:\/\/ilc-poland.com\/pl\/individuals\/labour-law-and-social-security\/","og_locale":"pl_PL","og_type":"article","og_title":"PRAWO PRACY i UBEZPIECZE\u0143&nbsp;SPO\u0141ECZNYCH - International Legal Consulting Poland","og_description":"Nasi prawnicy doradzaj\u0105 klientom w przedmiocie\u00a0szerokiej gamy regulacji prawnych z zakresu\u00a0prawa pracy i ubezpiecze\u0144 spo\u0142ecznych. Nasze us\u0142ugi prawne obejmuj\u0105 w szczeg\u00f3lno\u015bci kwestie dotycz\u0105ce: przygotowania i negocjowania um\u00f3w o prac\u0119 i innych um\u00f3w; przygotowania i negocjowania kontrakt\u00f3w managerskich; Nasi prawnicy reprezentuj\u0105 klient\u00f3w w sprawach spornych, w &hellip; Wi\u0119cej...","og_url":"https:\/\/ilc-poland.com\/pl\/individuals\/labour-law-and-social-security\/","og_site_name":"International Legal Consulting Poland","article_modified_time":"2013-05-30T19:11:25+00:00","twitter_card":"summary_large_image","twitter_misc":{"Szacowany czas czytania":"4 minuty"},"schema":{"@context":"https:\/\/schema.org","@graph":[{"@type":"WebPage","@id":"https:\/\/ilc-poland.com\/pl\/individuals\/labour-law-and-social-security\/","url":"https:\/\/ilc-poland.com\/pl\/individuals\/labour-law-and-social-security\/","name":"[:en]EMPLOYMENT LAW and SOCIAL&nbsp;SECURITY[:pl]PRAWO PRACY i UBEZPIECZE\u0143&nbsp;SPO\u0141ECZNYCH[:it]DIRITTO del LAVORO e PREVIDENZA&nbsp;SOCIALE[:] - International Legal Consulting Poland","isPartOf":{"@id":"https:\/\/ilc-poland.com\/pl\/#website"},"datePublished":"2013-02-01T16:42:30+00:00","dateModified":"2013-05-30T19:11:25+00:00","breadcrumb":{"@id":"https:\/\/ilc-poland.com\/pl\/individuals\/labour-law-and-social-security\/#breadcrumb"},"inLanguage":"pl-PL","potentialAction":[{"@type":"ReadAction","target":["https:\/\/ilc-poland.com\/pl\/individuals\/labour-law-and-social-security\/"]}]},{"@type":"BreadcrumbList","@id":"https:\/\/ilc-poland.com\/pl\/individuals\/labour-law-and-social-security\/#breadcrumb","itemListElement":[{"@type":"ListItem","position":1,"name":"Home","item":"https:\/\/ilc-poland.com\/pl\/"},{"@type":"ListItem","position":2,"name":"PRIVATE CLIENTS","item":"https:\/\/ilc-poland.com\/individuals\/"},{"@type":"ListItem","position":3,"name":"PRAWO PRACY i UBEZPIECZE\u0143&nbsp;SPO\u0141ECZNYCH"}]},{"@type":"WebSite","@id":"https:\/\/ilc-poland.com\/pl\/#website","url":"https:\/\/ilc-poland.com\/pl\/","name":"International Legal Consulting Poland","description":"a law firm presented by Emilia Di Salvo","publisher":{"@id":"https:\/\/ilc-poland.com\/pl\/#organization"},"potentialAction":[{"@type":"SearchAction","target":{"@type":"EntryPoint","urlTemplate":"https:\/\/ilc-poland.com\/pl\/?s={search_term_string}"},"query-input":"required name=search_term_string"}],"inLanguage":"pl-PL"},{"@type":"Organization","@id":"https:\/\/ilc-poland.com\/pl\/#organization","name":"International Legal Consulting Poland","url":"https:\/\/ilc-poland.com\/pl\/","logo":{"@type":"ImageObject","inLanguage":"pl-PL","@id":"https:\/\/ilc-poland.com\/pl\/#\/schema\/logo\/image\/","url":"https:\/\/ilc-poland.com\/wp-content\/uploads\/2013\/02\/logo_text_med.png","contentUrl":"https:\/\/ilc-poland.com\/wp-content\/uploads\/2013\/02\/logo_text_med.png","width":200,"height":93,"caption":"International Legal Consulting Poland"},"image":{"@id":"https:\/\/ilc-poland.com\/pl\/#\/schema\/logo\/image\/"},"sameAs":["https:\/\/www.linkedin.com\/in\/emiliadisalvo\/"]}]}},"_links":{"self":[{"href":"https:\/\/ilc-poland.com\/pl\/wp-json\/wp\/v2\/pages\/160"}],"collection":[{"href":"https:\/\/ilc-poland.com\/pl\/wp-json\/wp\/v2\/pages"}],"about":[{"href":"https:\/\/ilc-poland.com\/pl\/wp-json\/wp\/v2\/types\/page"}],"author":[{"embeddable":true,"href":"https:\/\/ilc-poland.com\/pl\/wp-json\/wp\/v2\/users\/3"}],"replies":[{"embeddable":true,"href":"https:\/\/ilc-poland.com\/pl\/wp-json\/wp\/v2\/comments?post=160"}],"version-history":[{"count":34,"href":"https:\/\/ilc-poland.com\/pl\/wp-json\/wp\/v2\/pages\/160\/revisions"}],"predecessor-version":[{"id":1150,"href":"https:\/\/ilc-poland.com\/pl\/wp-json\/wp\/v2\/pages\/160\/revisions\/1150"}],"up":[{"embeddable":true,"href":"https:\/\/ilc-poland.com\/pl\/wp-json\/wp\/v2\/pages\/11"}],"wp:attachment":[{"href":"https:\/\/ilc-poland.com\/pl\/wp-json\/wp\/v2\/media?parent=160"}],"curies":[{"name":"wp","href":"https:\/\/api.w.org\/{rel}","templated":true}]}}