{"id":16,"date":"2013-01-23T20:19:41","date_gmt":"2013-01-23T19:19:41","guid":{"rendered":"http:\/\/ilc-poland.com\/?page_id=16"},"modified":"2023-12-31T00:21:23","modified_gmt":"2023-12-30T23:21:23","slug":"partners","status":"publish","type":"page","link":"https:\/\/ilc-poland.com\/pl\/firma\/partners\/","title":{"rendered":"PARTNERZY"},"content":{"rendered":"<p>Naszym klientom mo\u017cemy zaoferowa\u0107 nie tylko us\u0142ugi prawne, ale i profesjonalne wsparcie na ka\u017cdym etapie prowadzonej czy planowanej przez nich dzia\u0142alno\u015bci m.in. w takich obszarach jak:<\/p>\n<ul>\n<li>analiza rynku;<\/li>\n<li>organizowanie sieci dystrybucji;<\/li>\n<li>tworzenie strategii rozwoju firmy;<\/li>\n<li>audyt marketingowy;<\/li>\n<li>analiza marketingowa;<\/li>\n<li>projektowanie odpowiedniej komunikacji marketingowej;<\/li>\n<li>kompleksowe doradztwo marketingowe, w tym szkolenia z zakresu zarz\u0105dzania i marketingu;<\/li>\n<li>kompleksowe us\u0142ugi ksi\u0119gowe;<\/li>\n<li>doradztwo kadrowo \u2013 p\u0142acowo \u2013 podatkowe;<\/li>\n<li>tworzenie stron internetowych;<\/li>\n<li>redagowanie tekst\u00f3w na strony internetowe, ulotek, ofert handlowych, folder\u00f3w;<\/li>\n<li>profesjonalne t\u0142umaczenia tekst\u00f3w.<\/li>\n<\/ul>\n<p>Mo\u017cemy szczyci\u0107 si\u0119 wsp\u00f3\u0142prac\u0105 z wieloma podmiotami partnerskimi, z kt\u00f3rych niekt\u00f3re zgodzi\u0142y si\u0119 na opublikowanie ich nazw i logo na naszej stronie internetowej. Kancelaria posiada r\u00f3wnie\u017c w kontakty z zagranicznymi kancelariami prawnymi\u00a0oraz z\u00a0innymi podmiotami i organizacjami.<\/p>\n<h2>ServiziLAB<\/h2>\n<p>Profesjonalne doradztwo z zakresu zarz\u0105dzania i maeketingu<br \/>\n<a href=\"http:\/\/servizilab.pl\" target=\"_blank\" rel=\"noopener\"><img loading=\"lazy\" decoding=\"async\" class=\"size-medium wp-image-387 alignnone\" title=\"ServiziLAB\" alt=\"ServiziLAB\" src=\"https:\/\/ilc-poland.com\/wp-content\/uploads\/2013\/01\/servizilab-300x77.png\" width=\"300\" height=\"77\" srcset=\"https:\/\/ilc-poland.com\/wp-content\/uploads\/2013\/01\/servizilab-300x77.png 300w, https:\/\/ilc-poland.com\/wp-content\/uploads\/2013\/01\/servizilab-1024x264.png 1024w, https:\/\/ilc-poland.com\/wp-content\/uploads\/2013\/01\/servizilab.png 1980w\" sizes=\"(max-width: 300px) 100vw, 300px\" \/><\/a><\/p>\n<h2>Panaga<\/h2>\n<p>Profesjonalne doradztwo ksi\u0119gowe, kadrowe i podatkowe<br \/>\n<a href=\"http:\/\/panaga.pl\" target=\"_blank\" rel=\"noopener\"><img loading=\"lazy\" decoding=\"async\" class=\"size-medium wp-image-386 alignnone\" title=\"Panaga\" alt=\"Panaga\" src=\"https:\/\/ilc-poland.com\/wp-content\/uploads\/2013\/01\/panaga-300x91.png\" width=\"300\" height=\"91\" srcset=\"https:\/\/ilc-poland.com\/wp-content\/uploads\/2013\/01\/panaga-300x91.png 300w, https:\/\/ilc-poland.com\/wp-content\/uploads\/2013\/01\/panaga-1024x312.png 1024w, https:\/\/ilc-poland.com\/wp-content\/uploads\/2013\/01\/panaga.png 1600w\" sizes=\"(max-width: 300px) 100vw, 300px\" \/><\/a><\/p>","protected":false},"excerpt":{"rendered":"<p>Naszym klientom mo\u017cemy zaoferowa\u0107 nie tylko us\u0142ugi prawne, ale i profesjonalne wsparcie na ka\u017cdym etapie prowadzonej czy planowanej przez nich dzia\u0142alno\u015bci m.in. w takich obszarach jak: analiza rynku; organizowanie sieci dystrybucji; tworzenie strategii rozwoju firmy; audyt marketingowy; analiza marketingowa; projektowanie odpowiedniej komunikacji marketingowej; kompleksowe doradztwo <span class=\"ellipsis\">&hellip;<\/span> <span class=\"more-link-wrap\"><a href=\"https:\/\/ilc-poland.com\/pl\/firma\/partners\/\" class=\"more-link\"><span>Wi\u0119cej&#8230;<\/span><\/a><\/span><\/p>\n","protected":false},"author":2,"featured_media":0,"parent":57,"menu_order":90,"comment_status":"closed","ping_status":"closed","template":"","meta":{"footnotes":""},"yoast_head":"<!-- This site is optimized with the Yoast SEO plugin v22.9 - https:\/\/yoast.com\/wordpress\/plugins\/seo\/ -->\n<title>PARTNERZY - International Legal Consulting Poland<\/title>\n<meta name=\"robots\" content=\"index, follow, max-snippet:-1, max-image-preview:large, max-video-preview:-1\" \/>\n<link rel=\"canonical\" href=\"https:\/\/ilc-poland.com\/firma\/partners\/\" \/>\n<meta property=\"og:locale\" content=\"pl_PL\" \/>\n<meta property=\"og:type\" content=\"article\" \/>\n<meta property=\"og:title\" content=\"PARTNERZY - International Legal Consulting Poland\" \/>\n<meta property=\"og:description\" content=\"Naszym klientom mo\u017cemy zaoferowa\u0107 nie tylko us\u0142ugi prawne, ale i profesjonalne wsparcie na ka\u017cdym etapie prowadzonej czy planowanej przez nich dzia\u0142alno\u015bci m.in. w takich obszarach jak: analiza rynku; organizowanie sieci dystrybucji; tworzenie strategii rozwoju firmy; audyt marketingowy; analiza marketingowa; projektowanie odpowiedniej komunikacji marketingowej; kompleksowe doradztwo &hellip; Wi\u0119cej...\" \/>\n<meta property=\"og:url\" content=\"https:\/\/ilc-poland.com\/firma\/partners\/\" \/>\n<meta property=\"og:site_name\" content=\"International Legal Consulting Poland\" \/>\n<meta property=\"article:modified_time\" content=\"2023-12-30T23:21:23+00:00\" \/>\n<meta property=\"og:image\" content=\"https:\/\/ilc-poland.com\/wp-content\/uploads\/2013\/01\/servizilab-300x77.png\" \/>\n<meta name=\"twitter:card\" content=\"summary_large_image\" \/>\n<meta name=\"twitter:label1\" content=\"Szacowany czas czytania\" \/>\n\t<meta name=\"twitter:data1\" content=\"1 minuta\" \/>\n<script type=\"application\/ld+json\" class=\"yoast-schema-graph\">{\"@context\":\"https:\/\/schema.org\",\"@graph\":[{\"@type\":\"WebPage\",\"@id\":\"https:\/\/ilc-poland.com\/firma\/partners\/\",\"url\":\"https:\/\/ilc-poland.com\/firma\/partners\/\",\"name\":\"[:en]PARTNERS[:pl]PARTNERZY[:it]PARTNER[:] - International Legal Consulting Poland\",\"isPartOf\":{\"@id\":\"https:\/\/ilc-poland.com\/pl\/#website\"},\"primaryImageOfPage\":{\"@id\":\"https:\/\/ilc-poland.com\/firma\/partners\/#primaryimage\"},\"image\":{\"@id\":\"https:\/\/ilc-poland.com\/firma\/partners\/#primaryimage\"},\"thumbnailUrl\":\"https:\/\/ilc-poland.com\/wp-content\/uploads\/2013\/01\/servizilab-300x77.png\",\"datePublished\":\"2013-01-23T19:19:41+00:00\",\"dateModified\":\"2023-12-30T23:21:23+00:00\",\"breadcrumb\":{\"@id\":\"https:\/\/ilc-poland.com\/firma\/partners\/#breadcrumb\"},\"inLanguage\":\"pl-PL\",\"potentialAction\":[{\"@type\":\"ReadAction\",\"target\":[\"https:\/\/ilc-poland.com\/firma\/partners\/\"]}]},{\"@type\":\"ImageObject\",\"inLanguage\":\"pl-PL\",\"@id\":\"https:\/\/ilc-poland.com\/firma\/partners\/#primaryimage\",\"url\":\"https:\/\/ilc-poland.com\/wp-content\/uploads\/2013\/01\/servizilab-300x77.png\",\"contentUrl\":\"https:\/\/ilc-poland.com\/wp-content\/uploads\/2013\/01\/servizilab-300x77.png\"},{\"@type\":\"BreadcrumbList\",\"@id\":\"https:\/\/ilc-poland.com\/firma\/partners\/#breadcrumb\",\"itemListElement\":[{\"@type\":\"ListItem\",\"position\":1,\"name\":\"Home\",\"item\":\"https:\/\/ilc-poland.com\/pl\/\"},{\"@type\":\"ListItem\",\"position\":2,\"name\":\"KANCELARIA\",\"item\":\"https:\/\/ilc-poland.com\/pl\/\"},{\"@type\":\"ListItem\",\"position\":3,\"name\":\"PARTNERS\"}]},{\"@type\":\"WebSite\",\"@id\":\"https:\/\/ilc-poland.com\/pl\/#website\",\"url\":\"https:\/\/ilc-poland.com\/pl\/\",\"name\":\"International Legal Consulting Poland\",\"description\":\"a law firm presented by Emilia Di Salvo\",\"publisher\":{\"@id\":\"https:\/\/ilc-poland.com\/pl\/#organization\"},\"potentialAction\":[{\"@type\":\"SearchAction\",\"target\":{\"@type\":\"EntryPoint\",\"urlTemplate\":\"https:\/\/ilc-poland.com\/pl\/?s={search_term_string}\"},\"query-input\":\"required name=search_term_string\"}],\"inLanguage\":\"pl-PL\"},{\"@type\":\"Organization\",\"@id\":\"https:\/\/ilc-poland.com\/pl\/#organization\",\"name\":\"International Legal Consulting Poland\",\"url\":\"https:\/\/ilc-poland.com\/pl\/\",\"logo\":{\"@type\":\"ImageObject\",\"inLanguage\":\"pl-PL\",\"@id\":\"https:\/\/ilc-poland.com\/pl\/#\/schema\/logo\/image\/\",\"url\":\"https:\/\/ilc-poland.com\/wp-content\/uploads\/2013\/02\/logo_text_med.png\",\"contentUrl\":\"https:\/\/ilc-poland.com\/wp-content\/uploads\/2013\/02\/logo_text_med.png\",\"width\":200,\"height\":93,\"caption\":\"International Legal Consulting Poland\"},\"image\":{\"@id\":\"https:\/\/ilc-poland.com\/pl\/#\/schema\/logo\/image\/\"},\"sameAs\":[\"https:\/\/www.linkedin.com\/in\/emiliadisalvo\/\"]}]}<\/script>\n<!-- \/ Yoast SEO plugin. -->","yoast_head_json":{"title":"PARTNERZY - International Legal Consulting Poland","robots":{"index":"index","follow":"follow","max-snippet":"max-snippet:-1","max-image-preview":"max-image-preview:large","max-video-preview":"max-video-preview:-1"},"canonical":"https:\/\/ilc-poland.com\/firma\/partners\/","og_locale":"pl_PL","og_type":"article","og_title":"PARTNERZY - International Legal Consulting Poland","og_description":"Naszym klientom mo\u017cemy zaoferowa\u0107 nie tylko us\u0142ugi prawne, ale i profesjonalne wsparcie na ka\u017cdym etapie prowadzonej czy planowanej przez nich dzia\u0142alno\u015bci m.in. w takich obszarach jak: analiza rynku; organizowanie sieci dystrybucji; tworzenie strategii rozwoju firmy; audyt marketingowy; analiza marketingowa; projektowanie odpowiedniej komunikacji marketingowej; kompleksowe doradztwo &hellip; Wi\u0119cej...","og_url":"https:\/\/ilc-poland.com\/firma\/partners\/","og_site_name":"International Legal Consulting Poland","article_modified_time":"2023-12-30T23:21:23+00:00","og_image":[{"url":"https:\/\/ilc-poland.com\/wp-content\/uploads\/2013\/01\/servizilab-300x77.png"}],"twitter_card":"summary_large_image","twitter_misc":{"Szacowany czas czytania":"1 minuta"},"schema":{"@context":"https:\/\/schema.org","@graph":[{"@type":"WebPage","@id":"https:\/\/ilc-poland.com\/firma\/partners\/","url":"https:\/\/ilc-poland.com\/firma\/partners\/","name":"[:en]PARTNERS[:pl]PARTNERZY[:it]PARTNER[:] - International Legal Consulting Poland","isPartOf":{"@id":"https:\/\/ilc-poland.com\/pl\/#website"},"primaryImageOfPage":{"@id":"https:\/\/ilc-poland.com\/firma\/partners\/#primaryimage"},"image":{"@id":"https:\/\/ilc-poland.com\/firma\/partners\/#primaryimage"},"thumbnailUrl":"https:\/\/ilc-poland.com\/wp-content\/uploads\/2013\/01\/servizilab-300x77.png","datePublished":"2013-01-23T19:19:41+00:00","dateModified":"2023-12-30T23:21:23+00:00","breadcrumb":{"@id":"https:\/\/ilc-poland.com\/firma\/partners\/#breadcrumb"},"inLanguage":"pl-PL","potentialAction":[{"@type":"ReadAction","target":["https:\/\/ilc-poland.com\/firma\/partners\/"]}]},{"@type":"ImageObject","inLanguage":"pl-PL","@id":"https:\/\/ilc-poland.com\/firma\/partners\/#primaryimage","url":"https:\/\/ilc-poland.com\/wp-content\/uploads\/2013\/01\/servizilab-300x77.png","contentUrl":"https:\/\/ilc-poland.com\/wp-content\/uploads\/2013\/01\/servizilab-300x77.png"},{"@type":"BreadcrumbList","@id":"https:\/\/ilc-poland.com\/firma\/partners\/#breadcrumb","itemListElement":[{"@type":"ListItem","position":1,"name":"Home","item":"https:\/\/ilc-poland.com\/pl\/"},{"@type":"ListItem","position":2,"name":"KANCELARIA","item":"https:\/\/ilc-poland.com\/pl\/"},{"@type":"ListItem","position":3,"name":"PARTNERS"}]},{"@type":"WebSite","@id":"https:\/\/ilc-poland.com\/pl\/#website","url":"https:\/\/ilc-poland.com\/pl\/","name":"International Legal Consulting Poland","description":"a law firm presented by Emilia Di Salvo","publisher":{"@id":"https:\/\/ilc-poland.com\/pl\/#organization"},"potentialAction":[{"@type":"SearchAction","target":{"@type":"EntryPoint","urlTemplate":"https:\/\/ilc-poland.com\/pl\/?s={search_term_string}"},"query-input":"required name=search_term_string"}],"inLanguage":"pl-PL"},{"@type":"Organization","@id":"https:\/\/ilc-poland.com\/pl\/#organization","name":"International Legal Consulting Poland","url":"https:\/\/ilc-poland.com\/pl\/","logo":{"@type":"ImageObject","inLanguage":"pl-PL","@id":"https:\/\/ilc-poland.com\/pl\/#\/schema\/logo\/image\/","url":"https:\/\/ilc-poland.com\/wp-content\/uploads\/2013\/02\/logo_text_med.png","contentUrl":"https:\/\/ilc-poland.com\/wp-content\/uploads\/2013\/02\/logo_text_med.png","width":200,"height":93,"caption":"International Legal Consulting Poland"},"image":{"@id":"https:\/\/ilc-poland.com\/pl\/#\/schema\/logo\/image\/"},"sameAs":["https:\/\/www.linkedin.com\/in\/emiliadisalvo\/"]}]}},"_links":{"self":[{"href":"https:\/\/ilc-poland.com\/pl\/wp-json\/wp\/v2\/pages\/16"}],"collection":[{"href":"https:\/\/ilc-poland.com\/pl\/wp-json\/wp\/v2\/pages"}],"about":[{"href":"https:\/\/ilc-poland.com\/pl\/wp-json\/wp\/v2\/types\/page"}],"author":[{"embeddable":true,"href":"https:\/\/ilc-poland.com\/pl\/wp-json\/wp\/v2\/users\/2"}],"replies":[{"embeddable":true,"href":"https:\/\/ilc-poland.com\/pl\/wp-json\/wp\/v2\/comments?post=16"}],"version-history":[{"count":55,"href":"https:\/\/ilc-poland.com\/pl\/wp-json\/wp\/v2\/pages\/16\/revisions"}],"predecessor-version":[{"id":1635,"href":"https:\/\/ilc-poland.com\/pl\/wp-json\/wp\/v2\/pages\/16\/revisions\/1635"}],"up":[{"embeddable":true,"href":"https:\/\/ilc-poland.com\/pl\/wp-json\/wp\/v2\/pages\/57"}],"wp:attachment":[{"href":"https:\/\/ilc-poland.com\/pl\/wp-json\/wp\/v2\/media?parent=16"}],"curies":[{"name":"wp","href":"https:\/\/api.w.org\/{rel}","templated":true}]}}