{"id":155,"date":"2013-02-01T16:28:40","date_gmt":"2013-02-01T15:28:40","guid":{"rendered":"http:\/\/ilc-poland.com\/?page_id=155"},"modified":"2014-07-24T10:27:55","modified_gmt":"2014-07-24T09:27:55","slug":"family-and-custody-law","status":"publish","type":"page","link":"https:\/\/ilc-poland.com\/pl\/individuals\/family-and-custody-law\/","title":{"rendered":"PRAWO RODZINNE i OPIEKU\u0143CZE"},"content":{"rendered":"<p>Kancelaria \u015bwiadczy kompleksow\u0105 pomoc prawn\u0105 w zakresie prawa rodzinnego i opieku\u0144czego, w tym min. spraw:<\/p>\n<ul>\n<li>o rozw\u00f3d i separacj\u0119, w tym tak\u017ce o uznanie wyroku s\u0105du zagranicznego;<\/li>\n<li>o podzia\u0142 maj\u0105tku wsp\u00f3lnego;<\/li>\n<li>maj\u0105tkowych um\u00f3w ma\u0142\u017ce\u0144skich;<\/li>\n<li>o zniesienie ma\u0142\u017ce\u0144skiej wsp\u00f3lno\u015bci ustawowej;<\/li>\n<li>o ustalenie nier\u00f3wnych udzia\u0142\u00f3w w maj\u0105tku wsp\u00f3lnym;<\/li>\n<li>o alimenty w tym o ustalenie, podwy\u017cszenie, obni\u017cenie, a tak\u017ce o uznanie obowi\u0105zku alimentacyjnego za wygas\u0142y, wspomagamy te\u017c\u00a0 egzekucj\u0119 aliment\u00f3w;<\/li>\n<li>o przyznanie, pozbawienie, ograniczenie w\u0142adzy rodzicielskiej;<\/li>\n<li>o ustalenie kontakt\u00f3w z dzieckiem;<\/li>\n<li>o zezwolenie na rozporz\u0105dzanie maj\u0105tkiem dziecka;<\/li>\n<li>sprawy zwi\u0105zane z pochodzeniem dziecka (o ustalenie b\u0105d\u017a zaprzeczenie ojcostwa i macierzy\u0144stwa);<\/li>\n<li>o adopcj\u0119;<\/li>\n<li>o ubezw\u0142asnowolnienie;<\/li>\n<li>o opiek\u0119 i kuratel\u0119;<\/li>\n<li>karnych (m.in. o przest\u0119pstwa przeciwko rodzinie i opiece, o przest\u0119pstwa z udzia\u0142em b\u0105d\u017a przeciwko ma\u0142oletnim).<\/li>\n<\/ul>\n<p>Nasze us\u0142ugi prawne obejmuj\u0105 m.in. udzielanie porad i opinii prawnych, przygotowanie pism procesowych oraz reprezentowanie klient\u00f3w przed s\u0105dami, organami administracji i innymi instytucjami. Uczestniczymy tak\u017ce w negocjacjach maj\u0105cych na celu polubowne zako\u0144czenie sporu. Przygotowujemy porozumienia w przedmiocie ukszta\u0142towania kontakt\u00f3w z dzieckiem po rozwodzie, a tak\u017ce projekty ug\u00f3d s\u0105dowych i pozas\u0105dowych. Sporz\u0105dzamy tak\u017ce projekty ma\u0142\u017ce\u0144skich um\u00f3w maj\u0105tkowych.<\/p>\n<p><strong>W celu wy\u015bwietlenia opisu oferty w przedmiocie spraw o charakterze mi\u0119dzynarodowym prosimy o przej\u015bcie\u00a0do sekcji Mi\u0119dzynarodowe Post\u0119powania z Zakresu Prawa Rodzinnego.<\/strong><\/p>","protected":false},"excerpt":{"rendered":"<p>Kancelaria \u015bwiadczy kompleksow\u0105 pomoc prawn\u0105 w zakresie prawa rodzinnego i opieku\u0144czego, w tym min. spraw: o rozw\u00f3d i separacj\u0119, w tym tak\u017ce o uznanie wyroku s\u0105du zagranicznego; o podzia\u0142 maj\u0105tku wsp\u00f3lnego; maj\u0105tkowych um\u00f3w ma\u0142\u017ce\u0144skich; o zniesienie ma\u0142\u017ce\u0144skiej wsp\u00f3lno\u015bci ustawowej; o ustalenie nier\u00f3wnych udzia\u0142\u00f3w w maj\u0105tku <span class=\"ellipsis\">&hellip;<\/span> <span class=\"more-link-wrap\"><a href=\"https:\/\/ilc-poland.com\/pl\/individuals\/family-and-custody-law\/\" class=\"more-link\"><span>Wi\u0119cej&#8230;<\/span><\/a><\/span><\/p>\n","protected":false},"author":3,"featured_media":0,"parent":11,"menu_order":1,"comment_status":"closed","ping_status":"closed","template":"","meta":{"footnotes":""},"yoast_head":"<!-- This site is optimized with the Yoast SEO plugin v22.9 - https:\/\/yoast.com\/wordpress\/plugins\/seo\/ -->\n<title>PRAWO RODZINNE i OPIEKU\u0143CZE - International Legal Consulting Poland<\/title>\n<meta name=\"robots\" content=\"index, follow, max-snippet:-1, max-image-preview:large, max-video-preview:-1\" \/>\n<link rel=\"canonical\" href=\"https:\/\/ilc-poland.com\/individuals\/family-and-custody-law\/\" \/>\n<meta property=\"og:locale\" content=\"pl_PL\" \/>\n<meta property=\"og:type\" content=\"article\" \/>\n<meta property=\"og:title\" content=\"PRAWO RODZINNE i OPIEKU\u0143CZE - International Legal Consulting Poland\" \/>\n<meta property=\"og:description\" content=\"Kancelaria \u015bwiadczy kompleksow\u0105 pomoc prawn\u0105 w zakresie prawa rodzinnego i opieku\u0144czego, w tym min. spraw: o rozw\u00f3d i separacj\u0119, w tym tak\u017ce o uznanie wyroku s\u0105du zagranicznego; o podzia\u0142 maj\u0105tku wsp\u00f3lnego; maj\u0105tkowych um\u00f3w ma\u0142\u017ce\u0144skich; o zniesienie ma\u0142\u017ce\u0144skiej wsp\u00f3lno\u015bci ustawowej; o ustalenie nier\u00f3wnych udzia\u0142\u00f3w w maj\u0105tku &hellip; Wi\u0119cej...\" \/>\n<meta property=\"og:url\" content=\"https:\/\/ilc-poland.com\/individuals\/family-and-custody-law\/\" \/>\n<meta property=\"og:site_name\" content=\"International Legal Consulting Poland\" \/>\n<meta property=\"article:modified_time\" content=\"2014-07-24T09:27:55+00:00\" \/>\n<meta name=\"twitter:card\" content=\"summary_large_image\" \/>\n<meta name=\"twitter:label1\" content=\"Szacowany czas czytania\" \/>\n\t<meta name=\"twitter:data1\" content=\"4 minuty\" \/>\n<script type=\"application\/ld+json\" class=\"yoast-schema-graph\">{\"@context\":\"https:\/\/schema.org\",\"@graph\":[{\"@type\":\"WebPage\",\"@id\":\"https:\/\/ilc-poland.com\/individuals\/family-and-custody-law\/\",\"url\":\"https:\/\/ilc-poland.com\/individuals\/family-and-custody-law\/\",\"name\":\"[:en]FAMILY and CUSTODY&nbsp;LAW[:pl]PRAWO RODZINNE i OPIEKU\u0143CZE[:it]DIRITTO di FAMIGLIA[:] - International Legal Consulting Poland\",\"isPartOf\":{\"@id\":\"https:\/\/ilc-poland.com\/pl\/#website\"},\"datePublished\":\"2013-02-01T15:28:40+00:00\",\"dateModified\":\"2014-07-24T09:27:55+00:00\",\"breadcrumb\":{\"@id\":\"https:\/\/ilc-poland.com\/individuals\/family-and-custody-law\/#breadcrumb\"},\"inLanguage\":\"pl-PL\",\"potentialAction\":[{\"@type\":\"ReadAction\",\"target\":[\"https:\/\/ilc-poland.com\/individuals\/family-and-custody-law\/\"]}]},{\"@type\":\"BreadcrumbList\",\"@id\":\"https:\/\/ilc-poland.com\/individuals\/family-and-custody-law\/#breadcrumb\",\"itemListElement\":[{\"@type\":\"ListItem\",\"position\":1,\"name\":\"Home\",\"item\":\"https:\/\/ilc-poland.com\/pl\/\"},{\"@type\":\"ListItem\",\"position\":2,\"name\":\"PRIVATE CLIENTS\",\"item\":\"https:\/\/ilc-poland.com\/individuals\/\"},{\"@type\":\"ListItem\",\"position\":3,\"name\":\"FAMILY and CUSTODY&nbsp;LAW\"}]},{\"@type\":\"WebSite\",\"@id\":\"https:\/\/ilc-poland.com\/pl\/#website\",\"url\":\"https:\/\/ilc-poland.com\/pl\/\",\"name\":\"International Legal Consulting Poland\",\"description\":\"a law firm presented by Emilia Di Salvo\",\"publisher\":{\"@id\":\"https:\/\/ilc-poland.com\/pl\/#organization\"},\"potentialAction\":[{\"@type\":\"SearchAction\",\"target\":{\"@type\":\"EntryPoint\",\"urlTemplate\":\"https:\/\/ilc-poland.com\/pl\/?s={search_term_string}\"},\"query-input\":\"required name=search_term_string\"}],\"inLanguage\":\"pl-PL\"},{\"@type\":\"Organization\",\"@id\":\"https:\/\/ilc-poland.com\/pl\/#organization\",\"name\":\"International Legal Consulting Poland\",\"url\":\"https:\/\/ilc-poland.com\/pl\/\",\"logo\":{\"@type\":\"ImageObject\",\"inLanguage\":\"pl-PL\",\"@id\":\"https:\/\/ilc-poland.com\/pl\/#\/schema\/logo\/image\/\",\"url\":\"https:\/\/ilc-poland.com\/wp-content\/uploads\/2013\/02\/logo_text_med.png\",\"contentUrl\":\"https:\/\/ilc-poland.com\/wp-content\/uploads\/2013\/02\/logo_text_med.png\",\"width\":200,\"height\":93,\"caption\":\"International Legal Consulting Poland\"},\"image\":{\"@id\":\"https:\/\/ilc-poland.com\/pl\/#\/schema\/logo\/image\/\"},\"sameAs\":[\"https:\/\/www.linkedin.com\/in\/emiliadisalvo\/\"]}]}<\/script>\n<!-- \/ Yoast SEO plugin. -->","yoast_head_json":{"title":"PRAWO RODZINNE i OPIEKU\u0143CZE - International Legal Consulting Poland","robots":{"index":"index","follow":"follow","max-snippet":"max-snippet:-1","max-image-preview":"max-image-preview:large","max-video-preview":"max-video-preview:-1"},"canonical":"https:\/\/ilc-poland.com\/individuals\/family-and-custody-law\/","og_locale":"pl_PL","og_type":"article","og_title":"PRAWO RODZINNE i OPIEKU\u0143CZE - International Legal Consulting Poland","og_description":"Kancelaria \u015bwiadczy kompleksow\u0105 pomoc prawn\u0105 w zakresie prawa rodzinnego i opieku\u0144czego, w tym min. spraw: o rozw\u00f3d i separacj\u0119, w tym tak\u017ce o uznanie wyroku s\u0105du zagranicznego; o podzia\u0142 maj\u0105tku wsp\u00f3lnego; maj\u0105tkowych um\u00f3w ma\u0142\u017ce\u0144skich; o zniesienie ma\u0142\u017ce\u0144skiej wsp\u00f3lno\u015bci ustawowej; o ustalenie nier\u00f3wnych udzia\u0142\u00f3w w maj\u0105tku &hellip; Wi\u0119cej...","og_url":"https:\/\/ilc-poland.com\/individuals\/family-and-custody-law\/","og_site_name":"International Legal Consulting Poland","article_modified_time":"2014-07-24T09:27:55+00:00","twitter_card":"summary_large_image","twitter_misc":{"Szacowany czas czytania":"4 minuty"},"schema":{"@context":"https:\/\/schema.org","@graph":[{"@type":"WebPage","@id":"https:\/\/ilc-poland.com\/individuals\/family-and-custody-law\/","url":"https:\/\/ilc-poland.com\/individuals\/family-and-custody-law\/","name":"[:en]FAMILY and CUSTODY&nbsp;LAW[:pl]PRAWO RODZINNE i OPIEKU\u0143CZE[:it]DIRITTO di FAMIGLIA[:] - International Legal Consulting Poland","isPartOf":{"@id":"https:\/\/ilc-poland.com\/pl\/#website"},"datePublished":"2013-02-01T15:28:40+00:00","dateModified":"2014-07-24T09:27:55+00:00","breadcrumb":{"@id":"https:\/\/ilc-poland.com\/individuals\/family-and-custody-law\/#breadcrumb"},"inLanguage":"pl-PL","potentialAction":[{"@type":"ReadAction","target":["https:\/\/ilc-poland.com\/individuals\/family-and-custody-law\/"]}]},{"@type":"BreadcrumbList","@id":"https:\/\/ilc-poland.com\/individuals\/family-and-custody-law\/#breadcrumb","itemListElement":[{"@type":"ListItem","position":1,"name":"Home","item":"https:\/\/ilc-poland.com\/pl\/"},{"@type":"ListItem","position":2,"name":"PRIVATE CLIENTS","item":"https:\/\/ilc-poland.com\/individuals\/"},{"@type":"ListItem","position":3,"name":"FAMILY and CUSTODY&nbsp;LAW"}]},{"@type":"WebSite","@id":"https:\/\/ilc-poland.com\/pl\/#website","url":"https:\/\/ilc-poland.com\/pl\/","name":"International Legal Consulting Poland","description":"a law firm presented by Emilia Di Salvo","publisher":{"@id":"https:\/\/ilc-poland.com\/pl\/#organization"},"potentialAction":[{"@type":"SearchAction","target":{"@type":"EntryPoint","urlTemplate":"https:\/\/ilc-poland.com\/pl\/?s={search_term_string}"},"query-input":"required name=search_term_string"}],"inLanguage":"pl-PL"},{"@type":"Organization","@id":"https:\/\/ilc-poland.com\/pl\/#organization","name":"International Legal Consulting Poland","url":"https:\/\/ilc-poland.com\/pl\/","logo":{"@type":"ImageObject","inLanguage":"pl-PL","@id":"https:\/\/ilc-poland.com\/pl\/#\/schema\/logo\/image\/","url":"https:\/\/ilc-poland.com\/wp-content\/uploads\/2013\/02\/logo_text_med.png","contentUrl":"https:\/\/ilc-poland.com\/wp-content\/uploads\/2013\/02\/logo_text_med.png","width":200,"height":93,"caption":"International Legal Consulting Poland"},"image":{"@id":"https:\/\/ilc-poland.com\/pl\/#\/schema\/logo\/image\/"},"sameAs":["https:\/\/www.linkedin.com\/in\/emiliadisalvo\/"]}]}},"_links":{"self":[{"href":"https:\/\/ilc-poland.com\/pl\/wp-json\/wp\/v2\/pages\/155"}],"collection":[{"href":"https:\/\/ilc-poland.com\/pl\/wp-json\/wp\/v2\/pages"}],"about":[{"href":"https:\/\/ilc-poland.com\/pl\/wp-json\/wp\/v2\/types\/page"}],"author":[{"embeddable":true,"href":"https:\/\/ilc-poland.com\/pl\/wp-json\/wp\/v2\/users\/3"}],"replies":[{"embeddable":true,"href":"https:\/\/ilc-poland.com\/pl\/wp-json\/wp\/v2\/comments?post=155"}],"version-history":[{"count":26,"href":"https:\/\/ilc-poland.com\/pl\/wp-json\/wp\/v2\/pages\/155\/revisions"}],"predecessor-version":[{"id":1491,"href":"https:\/\/ilc-poland.com\/pl\/wp-json\/wp\/v2\/pages\/155\/revisions\/1491"}],"up":[{"embeddable":true,"href":"https:\/\/ilc-poland.com\/pl\/wp-json\/wp\/v2\/pages\/11"}],"wp:attachment":[{"href":"https:\/\/ilc-poland.com\/pl\/wp-json\/wp\/v2\/media?parent=155"}],"curies":[{"name":"wp","href":"https:\/\/api.w.org\/{rel}","templated":true}]}}