{"id":15,"date":"2013-01-23T20:19:20","date_gmt":"2013-01-23T19:19:20","guid":{"rendered":"http:\/\/ilc-poland.com\/?page_id=15"},"modified":"2014-05-05T09:07:14","modified_gmt":"2014-05-05T08:07:14","slug":"terms-of-cooperation","status":"publish","type":"page","link":"https:\/\/ilc-poland.com\/pl\/firma\/terms-of-cooperation\/","title":{"rendered":"ZASADY WSP\u00d3\u0141PRACY"},"content":{"rendered":"<p>Koszty naszych us\u0142ug s\u0105 uzale\u017cnione od wybranej przez klienta formy pomocy prawnej\u00a0(<b>czynno\u015b\u0107 jednorazowa lub sta\u0142a obs\u0142uga prawna<\/b>), stopnia skomplikowania zagadnienia prawnego oraz wymaganych nak\u0142ad\u00f3w pracy.<\/p>\n<p>Kancelaria proponuje nast\u0119puj\u0105ce sposoby rozlicze\u0144:<\/p>\n<h3>Rycza\u0142t bez limitu godzin<\/h3>\n<p>W ramach tego systemu Kancelaria zapewnia kompleksow\u0105 obs\u0142ug\u0119 prawn\u0105 klienta, kt\u00f3ry pragnie zna\u0107 z g\u00f3ry koszty miesi\u0119cznej obs\u0142ugi prawnej. Ta forma rozlicze\u0144 stosowana jest przez przedsi\u0119biorc\u00f3w najcz\u0119\u015bciej. W umowie o obs\u0142ug\u0119 prawn\u0105 wskazuje si\u0119 miesi\u0119czne wynagrodzenie z tytu\u0142u \u015bwiadczenia us\u0142ug prawnych. Stawka wynagrodzenia miesi\u0119cznego ustalana jest w drodze negocjacji i zale\u017cy od takich czynnik\u00f3w jak rodzaj prowadzonej dzia\u0142alno\u015bci gospodarczej, wielko\u015b\u0107 przedsi\u0119biorstwa, stopie\u0144 skomplikowania sytuacji prawnej przedsi\u0119biorcy, wybrana forma us\u0142ug czy przewidywana miesi\u0119czna ilo\u015b\u0107 zlecanych spraw.<\/p>\n<h3>Rycza\u0142t z limitem godzin<\/h3>\n<p>System ten jest stosowany w sytuacjach, gdy mo\u017cna za\u0142o\u017cy\u0107, \u017ce \u0142\u0105czny wymiar czasu pracy w ci\u0105gu miesi\u0105ca wyniesie sta\u0142\u0105 liczb\u0119 godzin. Rozliczenie nast\u0119puje w oparciu o sta\u0142e miesi\u0119czne honorarium w ramach ustalonego rycza\u0142tu. W sytuacji przekroczenia w danym miesi\u0105cu ustalonego limitu czasu pracy Kancelarii, do kwoty wynagrodzenia okre\u015blonego rycza\u0142towo doliczana jest warto\u015b\u0107 us\u0142ug ponad limit, na zasadach og\u00f3lnych wed\u0142ug stawki godzinowej.<\/p>\n<h3>Stawka godzinowa<\/h3>\n<p>W przypadku tego systemu rozlicze\u0144 wynagrodzenie za \u015bwiadczone us\u0142ugi prawne wynika z iloczynu godzin po\u015bwi\u0119conych na realizacj\u0119 zlecenia\/zlece\u0144 i ustalonej wcze\u015bniej z klientem stawki godzinowej.<\/p>\n<h3>Stawka sta\u0142a<\/h3>\n<p>W ramach tego systemu kwota wynagrodzenia okre\u015blona jest z g\u00f3ry i nie wymaga dokonywania przez klienta dodatkowych dop\u0142at. Najcz\u0119\u015bciej stosowana jest przy pojedynczych zleceniach takich jak audyt prawny, tworzenie um\u00f3w, reprezentacja w procesie s\u0105dowym, rejestracja sp\u00f3\u0142ki prawa handlowego, czy zmian w KRS.<\/p>\n<h3>Success fee<\/h3>\n<p>W niekt\u00f3rych przypadkach nasi prawnicy pracuj\u0105 za op\u0142aty podstawowe wed\u0142ug stawek minimalnych za czynno\u015bci adwokackie okre\u015blonych w rozporz\u0105dzeniu Ministra Sprawiedliwo\u015bci, otrzymuj\u0105c dodatkowo procent wygranej w momencie uzyskania rozwi\u0105zania korzystnego dla naszych klient\u00f3w.<\/p>\n<p>Zdajemy sobie spraw\u0119, \u017ce \u017caden sztywny system ustalania p\u0142atno\u015bci nie b\u0119dzie sprawdza\u0142 si\u0119 w ka\u017cdej sytuacji, w zwi\u0105zku ze zr\u00f3\u017cnicowanym charakterem spraw oraz relacji biznesowych, dlatego przy ustalaniu wynagrodzenia w konkretnej sprawie bierzemy pod uwag\u0119 wszystkie jej czynniki. Zawsze staramy si\u0119 osi\u0105gn\u0105\u0107 porozumienie obop\u00f3lnie satysfakcjonuj\u0105ce.<\/p>\n<h4><strong>Zapewniamy r\u00f3wnie\u017c bezp\u0142atn\u0105 i poufn\u0105 wst\u0119pn\u0105 wycen\u0119 ka\u017cdej przes\u0142anej nam sprawy, stanowi\u0105c\u0105 podstaw\u0119 do dalszej wsp\u00f3\u0142pracy.<\/strong><\/h4>\n<p><\/p>","protected":false},"excerpt":{"rendered":"<p>Koszty naszych us\u0142ug s\u0105 uzale\u017cnione od wybranej przez klienta formy pomocy prawnej\u00a0(czynno\u015b\u0107 jednorazowa lub sta\u0142a obs\u0142uga prawna), stopnia skomplikowania zagadnienia prawnego oraz wymaganych nak\u0142ad\u00f3w pracy. Kancelaria proponuje nast\u0119puj\u0105ce sposoby rozlicze\u0144: Rycza\u0142t bez limitu godzin W ramach tego systemu Kancelaria zapewnia kompleksow\u0105 obs\u0142ug\u0119 prawn\u0105 klienta, kt\u00f3ry <span class=\"ellipsis\">&hellip;<\/span> <span class=\"more-link-wrap\"><a href=\"https:\/\/ilc-poland.com\/pl\/firma\/terms-of-cooperation\/\" class=\"more-link\"><span>Wi\u0119cej&#8230;<\/span><\/a><\/span><\/p>\n","protected":false},"author":2,"featured_media":0,"parent":57,"menu_order":95,"comment_status":"closed","ping_status":"closed","template":"","meta":{"footnotes":""},"yoast_head":"<!-- This site is optimized with the Yoast SEO plugin v22.9 - https:\/\/yoast.com\/wordpress\/plugins\/seo\/ -->\n<title>ZASADY WSP\u00d3\u0141PRACY - International Legal Consulting Poland<\/title>\n<meta name=\"robots\" content=\"index, follow, max-snippet:-1, max-image-preview:large, max-video-preview:-1\" \/>\n<link rel=\"canonical\" href=\"https:\/\/ilc-poland.com\/firma\/terms-of-cooperation\/\" \/>\n<meta property=\"og:locale\" content=\"pl_PL\" \/>\n<meta property=\"og:type\" content=\"article\" \/>\n<meta property=\"og:title\" content=\"ZASADY WSP\u00d3\u0141PRACY - International Legal Consulting Poland\" \/>\n<meta property=\"og:description\" content=\"Koszty naszych us\u0142ug s\u0105 uzale\u017cnione od wybranej przez klienta formy pomocy prawnej\u00a0(czynno\u015b\u0107 jednorazowa lub sta\u0142a obs\u0142uga prawna), stopnia skomplikowania zagadnienia prawnego oraz wymaganych nak\u0142ad\u00f3w pracy. Kancelaria proponuje nast\u0119puj\u0105ce sposoby rozlicze\u0144: Rycza\u0142t bez limitu godzin W ramach tego systemu Kancelaria zapewnia kompleksow\u0105 obs\u0142ug\u0119 prawn\u0105 klienta, kt\u00f3ry &hellip; Wi\u0119cej...\" \/>\n<meta property=\"og:url\" content=\"https:\/\/ilc-poland.com\/firma\/terms-of-cooperation\/\" \/>\n<meta property=\"og:site_name\" content=\"International Legal Consulting Poland\" \/>\n<meta property=\"article:modified_time\" content=\"2014-05-05T08:07:14+00:00\" \/>\n<meta name=\"twitter:card\" content=\"summary_large_image\" \/>\n<meta name=\"twitter:label1\" content=\"Szacowany czas czytania\" \/>\n\t<meta name=\"twitter:data1\" content=\"6 minut\" \/>\n<script type=\"application\/ld+json\" class=\"yoast-schema-graph\">{\"@context\":\"https:\/\/schema.org\",\"@graph\":[{\"@type\":\"WebPage\",\"@id\":\"https:\/\/ilc-poland.com\/firma\/terms-of-cooperation\/\",\"url\":\"https:\/\/ilc-poland.com\/firma\/terms-of-cooperation\/\",\"name\":\"[:en]TERMS and CONDITIONS[:pl]ZASADY WSP\u00d3\u0141PRACY[:it]MODALITA' di FATTURAZIONE[:] - International Legal Consulting Poland\",\"isPartOf\":{\"@id\":\"https:\/\/ilc-poland.com\/pl\/#website\"},\"datePublished\":\"2013-01-23T19:19:20+00:00\",\"dateModified\":\"2014-05-05T08:07:14+00:00\",\"breadcrumb\":{\"@id\":\"https:\/\/ilc-poland.com\/firma\/terms-of-cooperation\/#breadcrumb\"},\"inLanguage\":\"pl-PL\",\"potentialAction\":[{\"@type\":\"ReadAction\",\"target\":[\"https:\/\/ilc-poland.com\/firma\/terms-of-cooperation\/\"]}]},{\"@type\":\"BreadcrumbList\",\"@id\":\"https:\/\/ilc-poland.com\/firma\/terms-of-cooperation\/#breadcrumb\",\"itemListElement\":[{\"@type\":\"ListItem\",\"position\":1,\"name\":\"Home\",\"item\":\"https:\/\/ilc-poland.com\/pl\/\"},{\"@type\":\"ListItem\",\"position\":2,\"name\":\"KANCELARIA\",\"item\":\"https:\/\/ilc-poland.com\/pl\/\"},{\"@type\":\"ListItem\",\"position\":3,\"name\":\"TERMS and CONDITIONS\"}]},{\"@type\":\"WebSite\",\"@id\":\"https:\/\/ilc-poland.com\/pl\/#website\",\"url\":\"https:\/\/ilc-poland.com\/pl\/\",\"name\":\"International Legal Consulting Poland\",\"description\":\"a law firm presented by Emilia Di Salvo\",\"publisher\":{\"@id\":\"https:\/\/ilc-poland.com\/pl\/#organization\"},\"potentialAction\":[{\"@type\":\"SearchAction\",\"target\":{\"@type\":\"EntryPoint\",\"urlTemplate\":\"https:\/\/ilc-poland.com\/pl\/?s={search_term_string}\"},\"query-input\":\"required name=search_term_string\"}],\"inLanguage\":\"pl-PL\"},{\"@type\":\"Organization\",\"@id\":\"https:\/\/ilc-poland.com\/pl\/#organization\",\"name\":\"International Legal Consulting Poland\",\"url\":\"https:\/\/ilc-poland.com\/pl\/\",\"logo\":{\"@type\":\"ImageObject\",\"inLanguage\":\"pl-PL\",\"@id\":\"https:\/\/ilc-poland.com\/pl\/#\/schema\/logo\/image\/\",\"url\":\"https:\/\/ilc-poland.com\/wp-content\/uploads\/2013\/02\/logo_text_med.png\",\"contentUrl\":\"https:\/\/ilc-poland.com\/wp-content\/uploads\/2013\/02\/logo_text_med.png\",\"width\":200,\"height\":93,\"caption\":\"International Legal Consulting Poland\"},\"image\":{\"@id\":\"https:\/\/ilc-poland.com\/pl\/#\/schema\/logo\/image\/\"},\"sameAs\":[\"https:\/\/www.linkedin.com\/in\/emiliadisalvo\/\"]}]}<\/script>\n<!-- \/ Yoast SEO plugin. -->","yoast_head_json":{"title":"ZASADY WSP\u00d3\u0141PRACY - International Legal Consulting Poland","robots":{"index":"index","follow":"follow","max-snippet":"max-snippet:-1","max-image-preview":"max-image-preview:large","max-video-preview":"max-video-preview:-1"},"canonical":"https:\/\/ilc-poland.com\/firma\/terms-of-cooperation\/","og_locale":"pl_PL","og_type":"article","og_title":"ZASADY WSP\u00d3\u0141PRACY - International Legal Consulting Poland","og_description":"Koszty naszych us\u0142ug s\u0105 uzale\u017cnione od wybranej przez klienta formy pomocy prawnej\u00a0(czynno\u015b\u0107 jednorazowa lub sta\u0142a obs\u0142uga prawna), stopnia skomplikowania zagadnienia prawnego oraz wymaganych nak\u0142ad\u00f3w pracy. Kancelaria proponuje nast\u0119puj\u0105ce sposoby rozlicze\u0144: Rycza\u0142t bez limitu godzin W ramach tego systemu Kancelaria zapewnia kompleksow\u0105 obs\u0142ug\u0119 prawn\u0105 klienta, kt\u00f3ry &hellip; Wi\u0119cej...","og_url":"https:\/\/ilc-poland.com\/firma\/terms-of-cooperation\/","og_site_name":"International Legal Consulting Poland","article_modified_time":"2014-05-05T08:07:14+00:00","twitter_card":"summary_large_image","twitter_misc":{"Szacowany czas czytania":"6 minut"},"schema":{"@context":"https:\/\/schema.org","@graph":[{"@type":"WebPage","@id":"https:\/\/ilc-poland.com\/firma\/terms-of-cooperation\/","url":"https:\/\/ilc-poland.com\/firma\/terms-of-cooperation\/","name":"[:en]TERMS and CONDITIONS[:pl]ZASADY WSP\u00d3\u0141PRACY[:it]MODALITA' di FATTURAZIONE[:] - International Legal Consulting Poland","isPartOf":{"@id":"https:\/\/ilc-poland.com\/pl\/#website"},"datePublished":"2013-01-23T19:19:20+00:00","dateModified":"2014-05-05T08:07:14+00:00","breadcrumb":{"@id":"https:\/\/ilc-poland.com\/firma\/terms-of-cooperation\/#breadcrumb"},"inLanguage":"pl-PL","potentialAction":[{"@type":"ReadAction","target":["https:\/\/ilc-poland.com\/firma\/terms-of-cooperation\/"]}]},{"@type":"BreadcrumbList","@id":"https:\/\/ilc-poland.com\/firma\/terms-of-cooperation\/#breadcrumb","itemListElement":[{"@type":"ListItem","position":1,"name":"Home","item":"https:\/\/ilc-poland.com\/pl\/"},{"@type":"ListItem","position":2,"name":"KANCELARIA","item":"https:\/\/ilc-poland.com\/pl\/"},{"@type":"ListItem","position":3,"name":"TERMS and CONDITIONS"}]},{"@type":"WebSite","@id":"https:\/\/ilc-poland.com\/pl\/#website","url":"https:\/\/ilc-poland.com\/pl\/","name":"International Legal Consulting Poland","description":"a law firm presented by Emilia Di Salvo","publisher":{"@id":"https:\/\/ilc-poland.com\/pl\/#organization"},"potentialAction":[{"@type":"SearchAction","target":{"@type":"EntryPoint","urlTemplate":"https:\/\/ilc-poland.com\/pl\/?s={search_term_string}"},"query-input":"required name=search_term_string"}],"inLanguage":"pl-PL"},{"@type":"Organization","@id":"https:\/\/ilc-poland.com\/pl\/#organization","name":"International Legal Consulting Poland","url":"https:\/\/ilc-poland.com\/pl\/","logo":{"@type":"ImageObject","inLanguage":"pl-PL","@id":"https:\/\/ilc-poland.com\/pl\/#\/schema\/logo\/image\/","url":"https:\/\/ilc-poland.com\/wp-content\/uploads\/2013\/02\/logo_text_med.png","contentUrl":"https:\/\/ilc-poland.com\/wp-content\/uploads\/2013\/02\/logo_text_med.png","width":200,"height":93,"caption":"International Legal Consulting Poland"},"image":{"@id":"https:\/\/ilc-poland.com\/pl\/#\/schema\/logo\/image\/"},"sameAs":["https:\/\/www.linkedin.com\/in\/emiliadisalvo\/"]}]}},"_links":{"self":[{"href":"https:\/\/ilc-poland.com\/pl\/wp-json\/wp\/v2\/pages\/15"}],"collection":[{"href":"https:\/\/ilc-poland.com\/pl\/wp-json\/wp\/v2\/pages"}],"about":[{"href":"https:\/\/ilc-poland.com\/pl\/wp-json\/wp\/v2\/types\/page"}],"author":[{"embeddable":true,"href":"https:\/\/ilc-poland.com\/pl\/wp-json\/wp\/v2\/users\/2"}],"replies":[{"embeddable":true,"href":"https:\/\/ilc-poland.com\/pl\/wp-json\/wp\/v2\/comments?post=15"}],"version-history":[{"count":46,"href":"https:\/\/ilc-poland.com\/pl\/wp-json\/wp\/v2\/pages\/15\/revisions"}],"predecessor-version":[{"id":1475,"href":"https:\/\/ilc-poland.com\/pl\/wp-json\/wp\/v2\/pages\/15\/revisions\/1475"}],"up":[{"embeddable":true,"href":"https:\/\/ilc-poland.com\/pl\/wp-json\/wp\/v2\/pages\/57"}],"wp:attachment":[{"href":"https:\/\/ilc-poland.com\/pl\/wp-json\/wp\/v2\/media?parent=15"}],"curies":[{"name":"wp","href":"https:\/\/api.w.org\/{rel}","templated":true}]}}