{"id":14,"date":"2013-01-23T20:19:05","date_gmt":"2013-01-23T19:19:05","guid":{"rendered":"http:\/\/ilc-poland.com\/?page_id=14"},"modified":"2023-12-31T00:12:34","modified_gmt":"2023-12-30T23:12:34","slug":"our-team","status":"publish","type":"page","link":"https:\/\/ilc-poland.com\/pl\/firma\/our-team\/","title":{"rendered":"ZESP\u00d3\u0141"},"content":{"rendered":"<p>Kancelari\u0119 tworz\u0105 eksperci z r\u00f3\u017cnych dziedzin prawa, kt\u00f3rych wiedza i do\u015bwiadczenie gwarantuje naszym klientom kompleksowe wsparcie prawne. Nasi prawnicy, wspieraj\u0105c si\u0119 w pracy zespo\u0142owej, znajduj\u0105 najlepsze\u00a0interdyscyplinarne rozwi\u0105zania przedstawionych im problem\u00f3w.<\/p>\n<h2>Emilia Di Salvo, Partner<\/h2>\n<p><img loading=\"lazy\" decoding=\"async\" class=\"alignleft size-full wp-image-1155\" alt=\"Emilia Di Salvo\" src=\"https:\/\/ilc-poland.com\/wp-content\/uploads\/2013\/05\/emilia-mini.jpg\" width=\"150\" height=\"200\" \/>Emilia Di Salvo\u00a0jest adwokatem, cz\u0142onkiem Okr\u0119gowej Izby Adwokackiej w Warszawie. Specjalizuje si\u0119 w sprawach spornych klient\u00f3w krajowych i mi\u0119dzynarodowych przed s\u0105dami powszechnymi, administracyjnymi i arbitra\u017cowymi. Zajmuje si\u0119 sporami zwi\u0105zanymi z obs\u0142ug\u0105 znacz\u0105cych przedsi\u0119wzi\u0119\u0107 gospodarczych ze szczeg\u00f3lnym uwzgl\u0119dnieniem zagadnie\u0144 o charakterze mi\u0119dzynarodowym.<\/p>\n<p>Emilia zajmuje si\u0119 tak\u017ce prawem mi\u0119dzynarodowych kontrakt\u00f3w handlowych, dochodzeniem wierzytelno\u015bci w krajowym i zagranicznym obrocie gospodarczym, prawem handlowym, prawem nieruchomo\u015bci\u00a0oraz prawem upad\u0142o\u015bciowym, w tym post\u0119powaniami upad\u0142o\u015bciowymi o charakterze transgranicznym. Emilia Di Salvo doradza ponadto w kwestiach\u00a0zwi\u0105zanych z\u00a0prawem pracy,\u00a0a tak\u017ce zajmuje si\u0119 rozwi\u0105zywaniem spor\u00f3w z zakresu prawa rodzinnego i opieku\u0144czego o charakterze mi\u0119dzynarodowym.<\/p>\n<p>Adwokat Emilia Di Salvo do\u015bwiadczenie zawodowe zdoby\u0142a w polskim oddziale mi\u0119dzynarodowej kancelarii prawnej White &#038; Case, gdzie uczestniczy\u0142a w obs\u0142udze znacz\u0105cych przedsi\u0119wzi\u0119\u0107 gospodarczych, w tym inwestycji budowlanych opartych o mi\u0119dzynarodowe Warunki Kontraktowe FIDIC. Ponadto Emilia Di Salvo wsp\u00f3\u0142pracowa\u0142a z kilkoma indywidualnymi kancelariami adwokackimi w Warszawie.<\/p>\n<h3>Obszary praktyki<\/h3>\n<ul>\n<li>mi\u0119dzynarodowe kontrakty handlowe;<\/li>\n<li>spory s\u0105dowe i arbitra\u017c;<\/li>\n<li>prawo handlowe i gospodarcze;<\/li>\n<li>prawo pracy i ubezpiecze\u0144 spo\u0142ecznych;<\/li>\n<li>prawo upad\u0142o\u015bciowe i naprawcze;<\/li>\n<li>windykacja wierzytelno\u015bci;<\/li>\n<li>prawo budowlane;<\/li>\n<li>prawo nieruchomo\u015bci;<\/li>\n<li>prawo rodzinne i opieku\u0144cze.<\/li>\n<\/ul>\n<h3>Wykszta\u0142cenie<\/h3>\n<ul>\n<li>Uniwersytet Warszawski, Wydzia\u0142 Prawa i Administracji, <em>cum laude<\/em>, 2006<\/li>\n<li>Universita\u2019 degli studi di Parma, W\u0142ochy,\u00a02004-2005<\/li>\n<li>Centrum Prawa Ameryka\u0144skiego, Uniwersytet\u00a0Floryda, Levin College of Law, 2003\/2004 (uko\u0144czone z wyr\u00f3\u017cnieniem)<\/li>\n<li>Centrum Prawa Angielskiego i Europejskiego, Uniwersytet\u00a0Cambridge, 2002\/2004<\/li>\n<li>Cz\u0142onek Okr\u0119gowej Izby Adwokackiej w Warszawie<\/li>\n<\/ul>\n<h3>J\u0119zyki obce<\/h3>\n<p>polski, angielski, w\u0142oski<\/p>\n<h2>Bartosz Ka\u0142du\u0144ski, Radca Prawny<\/h2>\n<p><img loading=\"lazy\" decoding=\"async\" class=\"alignleft size-full wp-image-1503\" alt=\"Bartosz Kaldunski\" src=\"https:\/\/ilc-poland.com\/wp-content\/uploads\/2014\/11\/Bartosz_Kaldunski.jpg\" width=\"150\" height=\"200\" \/>Bartosz Ka\u0142du\u0144ski jest radc\u0105 prawnym, cz\u0142onkiem Okr\u0119gowej Izby Radc\u00f3w Prawnych w Warszawie. Specjalizuje si\u0119 w prawie ubezpiecze\u0144, prawie sp\u00f3\u0142ek oraz prawie cywilnym i gospodarczym. Posiada znacz\u0105ce do\u015bwiadczenie zawodowe w zakresie spraw spornych przed s\u0105dami powszechnymi i administracyjnymi, w tym w zakresie spor\u00f3w korporacyjnych, dochodzenia odszkodowa\u0144 oraz wierzytelno\u015bci w krajowym i zagranicznym obrocie gospodarczym.<\/p>\n<p>Jego praktyka obejmuje ponadto prawo rodzinne i opieku\u0144cze. Bartosz Ka\u0142du\u0144ski doradza ponadto klientom w zakresie prawa nieruchomo\u015bci, jak r\u00f3wnie\u017c prawa pracy i ubezpiecze\u0144 spo\u0142ecznych.<\/p>\n<p>Bartosz Ka\u0142du\u0144ski zdoby\u0142 wszechstronne do\u015bwiadczenie zawodowe wsp\u00f3\u0142pracuj\u0105c z kilkoma znacz\u0105cymi indywidualnymi kancelariami prawnymi oraz\u00a0z towarzystwem ubezpieczeniowym. Przez kilka lat\u00a0by\u0142 g\u0142\u00f3wnym doradc\u0105 do spraw\u00a0prawnych zarz\u0105du jednego z\u00a0warszawskich towarzystw funduszy inwestycyjnych oraz\u00a0wiod\u0105cej na\u00a0rynku sp\u00f3\u0142ki spedycyjnej. W\u0142ada biegle j\u0119zykiem angielskim. Posiada dyplom International Legal English Certificate.<\/p>\n<h3>Obszary praktyki<\/h3>\n<ul>\n<li>prawo handlowe i gospodarcze;<\/li>\n<li>spory s\u0105dowe i arbitra\u017c;<\/li>\n<li>prawo ubezpiecze\u0144;<\/li>\n<li>dochodzenie odszkodowa\u0144;<\/li>\n<li>prawo pracy i ubezpiecze\u0144 spo\u0142ecznych;<\/li>\n<li>windykacja wierzytelno\u015bci;<\/li>\n<li>prawo budowlane;<\/li>\n<li>prawo nieruchomo\u015bci;<\/li>\n<li>prawo rodzinne i opieku\u0144cze.<\/li>\n<\/ul>\n<h3>Wykszta\u0142cenie<\/h3>\n<ul>\n<li>Uniwersytet im. M. Kopernika w Toruniu, Wydzia\u0142 Prawa i Administracji, 2005<\/li>\n<li>Centrum Studi\u00f3w Europejskich w Toruniu<\/li>\n<li>cz\u0142onek Okr\u0119gowej Izby Radc\u00f3w Prawnych w Warszawie<\/li>\n<\/ul>\n<h3>J\u0119zyki obce<\/h3>\n<p>polski, angielski<\/p>","protected":false},"excerpt":{"rendered":"<p>Kancelari\u0119 tworz\u0105 eksperci z r\u00f3\u017cnych dziedzin prawa, kt\u00f3rych wiedza i do\u015bwiadczenie gwarantuje naszym klientom kompleksowe wsparcie prawne. Nasi prawnicy, wspieraj\u0105c si\u0119 w pracy zespo\u0142owej, znajduj\u0105 najlepsze\u00a0interdyscyplinarne rozwi\u0105zania przedstawionych im problem\u00f3w. Emilia Di Salvo, Partner Emilia Di Salvo\u00a0jest adwokatem, cz\u0142onkiem Okr\u0119gowej Izby Adwokackiej w Warszawie. Specjalizuje <span class=\"ellipsis\">&hellip;<\/span> <span class=\"more-link-wrap\"><a href=\"https:\/\/ilc-poland.com\/pl\/firma\/our-team\/\" class=\"more-link\"><span>Wi\u0119cej&#8230;<\/span><\/a><\/span><\/p>\n","protected":false},"author":2,"featured_media":0,"parent":57,"menu_order":80,"comment_status":"closed","ping_status":"closed","template":"","meta":{"footnotes":""},"yoast_head":"<!-- This site is optimized with the Yoast SEO plugin v22.9 - https:\/\/yoast.com\/wordpress\/plugins\/seo\/ -->\n<title>ZESP\u00d3\u0141 - International Legal Consulting Poland<\/title>\n<meta name=\"robots\" content=\"index, follow, max-snippet:-1, max-image-preview:large, max-video-preview:-1\" \/>\n<link rel=\"canonical\" href=\"https:\/\/ilc-poland.com\/firma\/our-team\/\" \/>\n<meta property=\"og:locale\" content=\"pl_PL\" \/>\n<meta property=\"og:type\" content=\"article\" \/>\n<meta property=\"og:title\" content=\"ZESP\u00d3\u0141 - International Legal Consulting Poland\" \/>\n<meta property=\"og:description\" content=\"Kancelari\u0119 tworz\u0105 eksperci z r\u00f3\u017cnych dziedzin prawa, kt\u00f3rych wiedza i do\u015bwiadczenie gwarantuje naszym klientom kompleksowe wsparcie prawne. Nasi prawnicy, wspieraj\u0105c si\u0119 w pracy zespo\u0142owej, znajduj\u0105 najlepsze\u00a0interdyscyplinarne rozwi\u0105zania przedstawionych im problem\u00f3w. Emilia Di Salvo, Partner Emilia Di Salvo\u00a0jest adwokatem, cz\u0142onkiem Okr\u0119gowej Izby Adwokackiej w Warszawie. Specjalizuje &hellip; Wi\u0119cej...\" \/>\n<meta property=\"og:url\" content=\"https:\/\/ilc-poland.com\/firma\/our-team\/\" \/>\n<meta property=\"og:site_name\" content=\"International Legal Consulting Poland\" \/>\n<meta property=\"article:modified_time\" content=\"2023-12-30T23:12:34+00:00\" \/>\n<meta property=\"og:image\" content=\"https:\/\/ilc-poland.com\/wp-content\/uploads\/2013\/05\/emilia-mini.jpg\" \/>\n<meta name=\"twitter:card\" content=\"summary_large_image\" \/>\n<meta name=\"twitter:label1\" content=\"Szacowany czas czytania\" \/>\n\t<meta name=\"twitter:data1\" content=\"3 minuty\" \/>\n<script type=\"application\/ld+json\" class=\"yoast-schema-graph\">{\"@context\":\"https:\/\/schema.org\",\"@graph\":[{\"@type\":\"WebPage\",\"@id\":\"https:\/\/ilc-poland.com\/firma\/our-team\/\",\"url\":\"https:\/\/ilc-poland.com\/firma\/our-team\/\",\"name\":\"[:en]OUR TEAM[:pl]ZESP\u00d3\u0141[:it]IL NOSTRO TEAM[:] - International Legal Consulting Poland\",\"isPartOf\":{\"@id\":\"https:\/\/ilc-poland.com\/pl\/#website\"},\"primaryImageOfPage\":{\"@id\":\"https:\/\/ilc-poland.com\/firma\/our-team\/#primaryimage\"},\"image\":{\"@id\":\"https:\/\/ilc-poland.com\/firma\/our-team\/#primaryimage\"},\"thumbnailUrl\":\"https:\/\/ilc-poland.com\/wp-content\/uploads\/2013\/05\/emilia-mini.jpg\",\"datePublished\":\"2013-01-23T19:19:05+00:00\",\"dateModified\":\"2023-12-30T23:12:34+00:00\",\"breadcrumb\":{\"@id\":\"https:\/\/ilc-poland.com\/firma\/our-team\/#breadcrumb\"},\"inLanguage\":\"pl-PL\",\"potentialAction\":[{\"@type\":\"ReadAction\",\"target\":[\"https:\/\/ilc-poland.com\/firma\/our-team\/\"]}]},{\"@type\":\"ImageObject\",\"inLanguage\":\"pl-PL\",\"@id\":\"https:\/\/ilc-poland.com\/firma\/our-team\/#primaryimage\",\"url\":\"https:\/\/ilc-poland.com\/wp-content\/uploads\/2013\/05\/emilia-mini.jpg\",\"contentUrl\":\"https:\/\/ilc-poland.com\/wp-content\/uploads\/2013\/05\/emilia-mini.jpg\"},{\"@type\":\"BreadcrumbList\",\"@id\":\"https:\/\/ilc-poland.com\/firma\/our-team\/#breadcrumb\",\"itemListElement\":[{\"@type\":\"ListItem\",\"position\":1,\"name\":\"Home\",\"item\":\"https:\/\/ilc-poland.com\/pl\/\"},{\"@type\":\"ListItem\",\"position\":2,\"name\":\"KANCELARIA\",\"item\":\"https:\/\/ilc-poland.com\/pl\/\"},{\"@type\":\"ListItem\",\"position\":3,\"name\":\"OUR TEAM\"}]},{\"@type\":\"WebSite\",\"@id\":\"https:\/\/ilc-poland.com\/pl\/#website\",\"url\":\"https:\/\/ilc-poland.com\/pl\/\",\"name\":\"International Legal Consulting Poland\",\"description\":\"a law firm presented by Emilia Di Salvo\",\"publisher\":{\"@id\":\"https:\/\/ilc-poland.com\/pl\/#organization\"},\"potentialAction\":[{\"@type\":\"SearchAction\",\"target\":{\"@type\":\"EntryPoint\",\"urlTemplate\":\"https:\/\/ilc-poland.com\/pl\/?s={search_term_string}\"},\"query-input\":\"required name=search_term_string\"}],\"inLanguage\":\"pl-PL\"},{\"@type\":\"Organization\",\"@id\":\"https:\/\/ilc-poland.com\/pl\/#organization\",\"name\":\"International Legal Consulting Poland\",\"url\":\"https:\/\/ilc-poland.com\/pl\/\",\"logo\":{\"@type\":\"ImageObject\",\"inLanguage\":\"pl-PL\",\"@id\":\"https:\/\/ilc-poland.com\/pl\/#\/schema\/logo\/image\/\",\"url\":\"https:\/\/ilc-poland.com\/wp-content\/uploads\/2013\/02\/logo_text_med.png\",\"contentUrl\":\"https:\/\/ilc-poland.com\/wp-content\/uploads\/2013\/02\/logo_text_med.png\",\"width\":200,\"height\":93,\"caption\":\"International Legal Consulting Poland\"},\"image\":{\"@id\":\"https:\/\/ilc-poland.com\/pl\/#\/schema\/logo\/image\/\"},\"sameAs\":[\"https:\/\/www.linkedin.com\/in\/emiliadisalvo\/\"]}]}<\/script>\n<!-- \/ Yoast SEO plugin. -->","yoast_head_json":{"title":"ZESP\u00d3\u0141 - International Legal Consulting Poland","robots":{"index":"index","follow":"follow","max-snippet":"max-snippet:-1","max-image-preview":"max-image-preview:large","max-video-preview":"max-video-preview:-1"},"canonical":"https:\/\/ilc-poland.com\/firma\/our-team\/","og_locale":"pl_PL","og_type":"article","og_title":"ZESP\u00d3\u0141 - International Legal Consulting Poland","og_description":"Kancelari\u0119 tworz\u0105 eksperci z r\u00f3\u017cnych dziedzin prawa, kt\u00f3rych wiedza i do\u015bwiadczenie gwarantuje naszym klientom kompleksowe wsparcie prawne. Nasi prawnicy, wspieraj\u0105c si\u0119 w pracy zespo\u0142owej, znajduj\u0105 najlepsze\u00a0interdyscyplinarne rozwi\u0105zania przedstawionych im problem\u00f3w. Emilia Di Salvo, Partner Emilia Di Salvo\u00a0jest adwokatem, cz\u0142onkiem Okr\u0119gowej Izby Adwokackiej w Warszawie. Specjalizuje &hellip; Wi\u0119cej...","og_url":"https:\/\/ilc-poland.com\/firma\/our-team\/","og_site_name":"International Legal Consulting Poland","article_modified_time":"2023-12-30T23:12:34+00:00","og_image":[{"url":"https:\/\/ilc-poland.com\/wp-content\/uploads\/2013\/05\/emilia-mini.jpg"}],"twitter_card":"summary_large_image","twitter_misc":{"Szacowany czas czytania":"3 minuty"},"schema":{"@context":"https:\/\/schema.org","@graph":[{"@type":"WebPage","@id":"https:\/\/ilc-poland.com\/firma\/our-team\/","url":"https:\/\/ilc-poland.com\/firma\/our-team\/","name":"[:en]OUR TEAM[:pl]ZESP\u00d3\u0141[:it]IL NOSTRO TEAM[:] - International Legal Consulting Poland","isPartOf":{"@id":"https:\/\/ilc-poland.com\/pl\/#website"},"primaryImageOfPage":{"@id":"https:\/\/ilc-poland.com\/firma\/our-team\/#primaryimage"},"image":{"@id":"https:\/\/ilc-poland.com\/firma\/our-team\/#primaryimage"},"thumbnailUrl":"https:\/\/ilc-poland.com\/wp-content\/uploads\/2013\/05\/emilia-mini.jpg","datePublished":"2013-01-23T19:19:05+00:00","dateModified":"2023-12-30T23:12:34+00:00","breadcrumb":{"@id":"https:\/\/ilc-poland.com\/firma\/our-team\/#breadcrumb"},"inLanguage":"pl-PL","potentialAction":[{"@type":"ReadAction","target":["https:\/\/ilc-poland.com\/firma\/our-team\/"]}]},{"@type":"ImageObject","inLanguage":"pl-PL","@id":"https:\/\/ilc-poland.com\/firma\/our-team\/#primaryimage","url":"https:\/\/ilc-poland.com\/wp-content\/uploads\/2013\/05\/emilia-mini.jpg","contentUrl":"https:\/\/ilc-poland.com\/wp-content\/uploads\/2013\/05\/emilia-mini.jpg"},{"@type":"BreadcrumbList","@id":"https:\/\/ilc-poland.com\/firma\/our-team\/#breadcrumb","itemListElement":[{"@type":"ListItem","position":1,"name":"Home","item":"https:\/\/ilc-poland.com\/pl\/"},{"@type":"ListItem","position":2,"name":"KANCELARIA","item":"https:\/\/ilc-poland.com\/pl\/"},{"@type":"ListItem","position":3,"name":"OUR TEAM"}]},{"@type":"WebSite","@id":"https:\/\/ilc-poland.com\/pl\/#website","url":"https:\/\/ilc-poland.com\/pl\/","name":"International Legal Consulting Poland","description":"a law firm presented by Emilia Di Salvo","publisher":{"@id":"https:\/\/ilc-poland.com\/pl\/#organization"},"potentialAction":[{"@type":"SearchAction","target":{"@type":"EntryPoint","urlTemplate":"https:\/\/ilc-poland.com\/pl\/?s={search_term_string}"},"query-input":"required name=search_term_string"}],"inLanguage":"pl-PL"},{"@type":"Organization","@id":"https:\/\/ilc-poland.com\/pl\/#organization","name":"International Legal Consulting Poland","url":"https:\/\/ilc-poland.com\/pl\/","logo":{"@type":"ImageObject","inLanguage":"pl-PL","@id":"https:\/\/ilc-poland.com\/pl\/#\/schema\/logo\/image\/","url":"https:\/\/ilc-poland.com\/wp-content\/uploads\/2013\/02\/logo_text_med.png","contentUrl":"https:\/\/ilc-poland.com\/wp-content\/uploads\/2013\/02\/logo_text_med.png","width":200,"height":93,"caption":"International Legal Consulting Poland"},"image":{"@id":"https:\/\/ilc-poland.com\/pl\/#\/schema\/logo\/image\/"},"sameAs":["https:\/\/www.linkedin.com\/in\/emiliadisalvo\/"]}]}},"_links":{"self":[{"href":"https:\/\/ilc-poland.com\/pl\/wp-json\/wp\/v2\/pages\/14"}],"collection":[{"href":"https:\/\/ilc-poland.com\/pl\/wp-json\/wp\/v2\/pages"}],"about":[{"href":"https:\/\/ilc-poland.com\/pl\/wp-json\/wp\/v2\/types\/page"}],"author":[{"embeddable":true,"href":"https:\/\/ilc-poland.com\/pl\/wp-json\/wp\/v2\/users\/2"}],"replies":[{"embeddable":true,"href":"https:\/\/ilc-poland.com\/pl\/wp-json\/wp\/v2\/comments?post=14"}],"version-history":[{"count":88,"href":"https:\/\/ilc-poland.com\/pl\/wp-json\/wp\/v2\/pages\/14\/revisions"}],"predecessor-version":[{"id":1623,"href":"https:\/\/ilc-poland.com\/pl\/wp-json\/wp\/v2\/pages\/14\/revisions\/1623"}],"up":[{"embeddable":true,"href":"https:\/\/ilc-poland.com\/pl\/wp-json\/wp\/v2\/pages\/57"}],"wp:attachment":[{"href":"https:\/\/ilc-poland.com\/pl\/wp-json\/wp\/v2\/media?parent=14"}],"curies":[{"name":"wp","href":"https:\/\/api.w.org\/{rel}","templated":true}]}}