{"id":13,"date":"2013-01-23T20:18:52","date_gmt":"2013-01-23T19:18:52","guid":{"rendered":"http:\/\/ilc-poland.com\/?page_id=13"},"modified":"2023-12-31T00:19:26","modified_gmt":"2023-12-30T23:19:26","slug":"medical-law","status":"publish","type":"page","link":"https:\/\/ilc-poland.com\/pl\/medical-law\/","title":{"rendered":"PRAWO MEDYCZNE"},"content":{"rendered":"<p><img loading=\"lazy\" decoding=\"async\" class=\"alignleft size-full wp-image-570\" alt=\"Worried woman talking to a man\" src=\"https:\/\/ilc-poland.com\/wp-content\/uploads\/2013\/02\/44939703.jpg\" width=\"283\" height=\"424\" srcset=\"https:\/\/ilc-poland.com\/wp-content\/uploads\/2013\/02\/44939703.jpg 283w, https:\/\/ilc-poland.com\/wp-content\/uploads\/2013\/02\/44939703-200x300.jpg 200w\" sizes=\"(max-width: 283px) 100vw, 283px\" \/><\/p>\n<p>Poziom \u015bwiadcze\u0144 z zakresu ochrony zdrowia w Polsce od wielu lat jest niestety wysoce niezadowalaj\u0105cy. W\u015br\u00f3d przyczyn generuj\u0105cych problemy najwa\u017cniejszymi s\u0105 zad\u0142u\u017cenie, archaiczna i nieefektywna struktura organizacyjna plac\u00f3wek s\u0142u\u017cby zdrowia, korupcja, biurokracja i przerost zatrudnienia. Prowadzi to do szeregu nieprawid\u0142owo\u015bci i zaniedba\u0144, w rezultacie czego niejednokrotnie poszkodowanymi s\u0105\u00a0 pacjenci.<\/p>\n<p><strong>Wed\u0142ug stowarzyszenia\u00a0<i>Primum non nocere<\/i> w Polsce pope\u0142nia si\u0119 co najmniej 20 ty\u015b b\u0142\u0119d\u00f3w medycznych rocznie. W rankingu Europejskiego Konsumenckiego Indeksu Zdrowia Polska klasyfikuje si\u0119 na 27 z 33 pozycji. Poziomem \u015bmiertelno\u015bci w wyniku powik\u0142a\u0144 pooperacyjnych, przekraczaj\u0105c\u0105 17,8 % przy \u015bredniej unijnej na poziomie 4 %. <\/strong><\/p>\n<p>Kancelaria postawi\u0142a sobie za zadanie przeciwdzia\u0142anie temu stanowi rzeczy. Prowadz\u0105c sprawy naszych klient\u00f3w, zdajemy sobie doskonale spraw\u0119, \u017ce wielu b\u0142\u0119d\u00f3w i zaniedba\u0144 mo\u017cna by\u0142o unikn\u0105\u0107, a w konsekwencji oszcz\u0119dzi\u0107 pacjentom i ich rodzinom niepotrzebnych szk\u00f3d oraz cierpie\u0144. Tylko \u015bwiadomo\u015b\u0107 pacjent\u00f3w przys\u0142uguj\u0105cych im praw, jak r\u00f3wnie\u017c gro\u017c\u0105ca plac\u00f3wkom zdrowotnym wysoka odpowiedzialno\u015b\u0107 maj\u0105tkowa, mo\u017ce spowodowa\u0107 zmiany systemowe oraz wi\u0119ksz\u0105 staranno\u015b\u0107 dzia\u0142ania personelu medycznego.<\/p>\n<p>Nasza Kancelaria\u00a0mo\u017ce pochwali\u0107 si\u0119 sukcesami w dochodzeniu roszcze\u0144 wynikaj\u0105cych z naruszenia praw pacjenta. Jest to w du\u017cej mierze spowodowane faktem, i\u017c <strong>Kancelaria \u015bci\u015ble wsp\u00f3\u0142pracuje ze \u015brodowiskiem lekarskim, co pozwala nam\u00a0na dokonanie szybkiej przedprocesowej oceny przekazanych spraw od strony medycznej.<\/strong> Pozwala to na prawid\u0142owy wyb\u00f3r odpowiedniej strategii post\u0119powania, a przede wszystkim umo\u017cliwia klientom zaoszcz\u0119dzenia czasu, nerw\u00f3w i niepotrzebnych koszt\u00f3w.<\/p>\n<p>Reprezentujemy naszych klient\u00f3w na wszystkich etapach post\u0119powania:<\/p>\n<ul>\n<li>w przedprocesowych negocjacjach ze sprawc\u0105 szkody lub ubezpieczycielem zmierzaj\u0105cych w miar\u0119 mo\u017cliwo\u015bci, do polubownego zako\u0144czenia sporu;<\/li>\n<li>w post\u0119powaniu karnym jako pe\u0142nomocnicy oskar\u017cyciela posi\u0142kowego (je\u017celi szkoda &#8211; uszczerbek na zdrowiu lub \u015bmier\u0107 wynik\u0142y z pope\u0142nienia przest\u0119pstwa);<\/li>\n<li>w post\u0119powaniu cywilnym walczymy o uzyskanie na rzecz naszych klient\u00f3w jak najwy\u017cszych kwot odszkodowania, zado\u015b\u0107uczynienia oraz renty;<\/li>\n<li>reprezentujemy klient\u00f3w w post\u0119powaniu administracyjnym przed Wojew\u00f3dzkimi Komisjami do spraw Zdarze\u0144 Medycznych.<\/li>\n<\/ul>\n<p>Zdajemy sobie doskonale spraw\u0119, \u017ce w obliczu szkody wynikaj\u0105cej ze zdarzenia medycznego pacjent jest najcz\u0119\u015bciej bezradny. Napotyka bowiem na olbrzymi\u0105 barier\u0119 finansow\u0105, prawn\u0105 i proceduraln\u0105. Obawiaj\u0105c si\u0119 wrogo\u015bci \u015brodowiska lekarskiego, pacjent najcz\u0119\u015bciej rezygnuje z dochodzenia roszcze\u0144. Wychodz\u0105c naprzeciw tym problemom, <strong>Kancelaria proponuje swoim klientom bardzo atrakcyjne warunki finansowe nawi\u0105zania wsp\u00f3\u0142pracy.<\/strong> Wierzymy, \u017ce \u017cycie i zdrowie cz\u0142owieka s\u0105 najwi\u0119ksz\u0105 warto\u015bci\u0105 i cho\u0107 poszkodowanym cz\u0119sto nic ich nie wr\u00f3ci, zas\u0105dzone odszkodowanie, zado\u015b\u0107uczynienie i renta mog\u0105 znacz\u0105co przyczyni\u0107 si\u0119 do wynagrodzenia krzywdy i z\u0142agodzenia cierpie\u0144.<\/p>","protected":false},"excerpt":{"rendered":"<p>Poziom \u015bwiadcze\u0144 z zakresu ochrony zdrowia w Polsce od wielu lat jest niestety wysoce niezadowalaj\u0105cy. W\u015br\u00f3d przyczyn generuj\u0105cych problemy najwa\u017cniejszymi s\u0105 zad\u0142u\u017cenie, archaiczna i nieefektywna struktura organizacyjna plac\u00f3wek s\u0142u\u017cby zdrowia, korupcja, biurokracja i przerost zatrudnienia. Prowadzi to do szeregu nieprawid\u0142owo\u015bci i zaniedba\u0144, w rezultacie czego <span class=\"ellipsis\">&hellip;<\/span> <span class=\"more-link-wrap\"><a href=\"https:\/\/ilc-poland.com\/pl\/medical-law\/\" class=\"more-link\"><span>Wi\u0119cej&#8230;<\/span><\/a><\/span><\/p>\n","protected":false},"author":2,"featured_media":0,"parent":0,"menu_order":40,"comment_status":"closed","ping_status":"closed","template":"","meta":{"footnotes":""},"yoast_head":"<!-- This site is optimized with the Yoast SEO plugin v22.9 - https:\/\/yoast.com\/wordpress\/plugins\/seo\/ -->\n<title>PRAWO MEDYCZNE - International Legal Consulting Poland<\/title>\n<meta name=\"robots\" content=\"index, follow, max-snippet:-1, max-image-preview:large, max-video-preview:-1\" \/>\n<link rel=\"canonical\" href=\"https:\/\/ilc-poland.com\/it\/medical-law\/\" \/>\n<meta property=\"og:locale\" content=\"pl_PL\" \/>\n<meta property=\"og:type\" content=\"article\" \/>\n<meta property=\"og:title\" content=\"PRAWO MEDYCZNE - International Legal Consulting Poland\" \/>\n<meta property=\"og:description\" content=\"Poziom \u015bwiadcze\u0144 z zakresu ochrony zdrowia w Polsce od wielu lat jest niestety wysoce niezadowalaj\u0105cy. W\u015br\u00f3d przyczyn generuj\u0105cych problemy najwa\u017cniejszymi s\u0105 zad\u0142u\u017cenie, archaiczna i nieefektywna struktura organizacyjna plac\u00f3wek s\u0142u\u017cby zdrowia, korupcja, biurokracja i przerost zatrudnienia. Prowadzi to do szeregu nieprawid\u0142owo\u015bci i zaniedba\u0144, w rezultacie czego &hellip; Wi\u0119cej...\" \/>\n<meta property=\"og:url\" content=\"https:\/\/ilc-poland.com\/it\/medical-law\/\" \/>\n<meta property=\"og:site_name\" content=\"International Legal Consulting Poland\" \/>\n<meta property=\"article:modified_time\" content=\"2023-12-30T23:19:26+00:00\" \/>\n<meta property=\"og:image\" content=\"https:\/\/ilc-poland.com\/wp-content\/uploads\/2013\/02\/44939703.jpg\" \/>\n<meta name=\"twitter:card\" content=\"summary_large_image\" \/>\n<meta name=\"twitter:label1\" content=\"Szacowany czas czytania\" \/>\n\t<meta name=\"twitter:data1\" content=\"2 minuty\" \/>\n<script type=\"application\/ld+json\" class=\"yoast-schema-graph\">{\"@context\":\"https:\/\/schema.org\",\"@graph\":[{\"@type\":\"WebPage\",\"@id\":\"https:\/\/ilc-poland.com\/it\/medical-law\/\",\"url\":\"https:\/\/ilc-poland.com\/it\/medical-law\/\",\"name\":\"[:en]MEDICAL LAW[:pl]PRAWO MEDYCZNE[:it]DIRITTO MEDICO[:] - International Legal Consulting Poland\",\"isPartOf\":{\"@id\":\"https:\/\/ilc-poland.com\/pl\/#website\"},\"primaryImageOfPage\":{\"@id\":\"https:\/\/ilc-poland.com\/it\/medical-law\/#primaryimage\"},\"image\":{\"@id\":\"https:\/\/ilc-poland.com\/it\/medical-law\/#primaryimage\"},\"thumbnailUrl\":\"https:\/\/ilc-poland.com\/wp-content\/uploads\/2013\/02\/44939703.jpg\",\"datePublished\":\"2013-01-23T19:18:52+00:00\",\"dateModified\":\"2023-12-30T23:19:26+00:00\",\"breadcrumb\":{\"@id\":\"https:\/\/ilc-poland.com\/it\/medical-law\/#breadcrumb\"},\"inLanguage\":\"pl-PL\",\"potentialAction\":[{\"@type\":\"ReadAction\",\"target\":[\"https:\/\/ilc-poland.com\/it\/medical-law\/\"]}]},{\"@type\":\"ImageObject\",\"inLanguage\":\"pl-PL\",\"@id\":\"https:\/\/ilc-poland.com\/it\/medical-law\/#primaryimage\",\"url\":\"https:\/\/ilc-poland.com\/wp-content\/uploads\/2013\/02\/44939703.jpg\",\"contentUrl\":\"https:\/\/ilc-poland.com\/wp-content\/uploads\/2013\/02\/44939703.jpg\"},{\"@type\":\"BreadcrumbList\",\"@id\":\"https:\/\/ilc-poland.com\/it\/medical-law\/#breadcrumb\",\"itemListElement\":[{\"@type\":\"ListItem\",\"position\":1,\"name\":\"Home\",\"item\":\"https:\/\/ilc-poland.com\/pl\/\"},{\"@type\":\"ListItem\",\"position\":2,\"name\":\"DIRITTO MEDICO\"}]},{\"@type\":\"WebSite\",\"@id\":\"https:\/\/ilc-poland.com\/pl\/#website\",\"url\":\"https:\/\/ilc-poland.com\/pl\/\",\"name\":\"International Legal Consulting Poland\",\"description\":\"a law firm presented by Emilia Di Salvo\",\"publisher\":{\"@id\":\"https:\/\/ilc-poland.com\/pl\/#organization\"},\"potentialAction\":[{\"@type\":\"SearchAction\",\"target\":{\"@type\":\"EntryPoint\",\"urlTemplate\":\"https:\/\/ilc-poland.com\/pl\/?s={search_term_string}\"},\"query-input\":\"required name=search_term_string\"}],\"inLanguage\":\"pl-PL\"},{\"@type\":\"Organization\",\"@id\":\"https:\/\/ilc-poland.com\/pl\/#organization\",\"name\":\"International Legal Consulting Poland\",\"url\":\"https:\/\/ilc-poland.com\/pl\/\",\"logo\":{\"@type\":\"ImageObject\",\"inLanguage\":\"pl-PL\",\"@id\":\"https:\/\/ilc-poland.com\/pl\/#\/schema\/logo\/image\/\",\"url\":\"https:\/\/ilc-poland.com\/wp-content\/uploads\/2013\/02\/logo_text_med.png\",\"contentUrl\":\"https:\/\/ilc-poland.com\/wp-content\/uploads\/2013\/02\/logo_text_med.png\",\"width\":200,\"height\":93,\"caption\":\"International Legal Consulting Poland\"},\"image\":{\"@id\":\"https:\/\/ilc-poland.com\/pl\/#\/schema\/logo\/image\/\"},\"sameAs\":[\"https:\/\/www.linkedin.com\/in\/emiliadisalvo\/\"]}]}<\/script>\n<!-- \/ Yoast SEO plugin. -->","yoast_head_json":{"title":"PRAWO MEDYCZNE - International Legal Consulting Poland","robots":{"index":"index","follow":"follow","max-snippet":"max-snippet:-1","max-image-preview":"max-image-preview:large","max-video-preview":"max-video-preview:-1"},"canonical":"https:\/\/ilc-poland.com\/it\/medical-law\/","og_locale":"pl_PL","og_type":"article","og_title":"PRAWO MEDYCZNE - International Legal Consulting Poland","og_description":"Poziom \u015bwiadcze\u0144 z zakresu ochrony zdrowia w Polsce od wielu lat jest niestety wysoce niezadowalaj\u0105cy. W\u015br\u00f3d przyczyn generuj\u0105cych problemy najwa\u017cniejszymi s\u0105 zad\u0142u\u017cenie, archaiczna i nieefektywna struktura organizacyjna plac\u00f3wek s\u0142u\u017cby zdrowia, korupcja, biurokracja i przerost zatrudnienia. Prowadzi to do szeregu nieprawid\u0142owo\u015bci i zaniedba\u0144, w rezultacie czego &hellip; Wi\u0119cej...","og_url":"https:\/\/ilc-poland.com\/it\/medical-law\/","og_site_name":"International Legal Consulting Poland","article_modified_time":"2023-12-30T23:19:26+00:00","og_image":[{"url":"https:\/\/ilc-poland.com\/wp-content\/uploads\/2013\/02\/44939703.jpg"}],"twitter_card":"summary_large_image","twitter_misc":{"Szacowany czas czytania":"2 minuty"},"schema":{"@context":"https:\/\/schema.org","@graph":[{"@type":"WebPage","@id":"https:\/\/ilc-poland.com\/it\/medical-law\/","url":"https:\/\/ilc-poland.com\/it\/medical-law\/","name":"[:en]MEDICAL LAW[:pl]PRAWO MEDYCZNE[:it]DIRITTO MEDICO[:] - International Legal Consulting Poland","isPartOf":{"@id":"https:\/\/ilc-poland.com\/pl\/#website"},"primaryImageOfPage":{"@id":"https:\/\/ilc-poland.com\/it\/medical-law\/#primaryimage"},"image":{"@id":"https:\/\/ilc-poland.com\/it\/medical-law\/#primaryimage"},"thumbnailUrl":"https:\/\/ilc-poland.com\/wp-content\/uploads\/2013\/02\/44939703.jpg","datePublished":"2013-01-23T19:18:52+00:00","dateModified":"2023-12-30T23:19:26+00:00","breadcrumb":{"@id":"https:\/\/ilc-poland.com\/it\/medical-law\/#breadcrumb"},"inLanguage":"pl-PL","potentialAction":[{"@type":"ReadAction","target":["https:\/\/ilc-poland.com\/it\/medical-law\/"]}]},{"@type":"ImageObject","inLanguage":"pl-PL","@id":"https:\/\/ilc-poland.com\/it\/medical-law\/#primaryimage","url":"https:\/\/ilc-poland.com\/wp-content\/uploads\/2013\/02\/44939703.jpg","contentUrl":"https:\/\/ilc-poland.com\/wp-content\/uploads\/2013\/02\/44939703.jpg"},{"@type":"BreadcrumbList","@id":"https:\/\/ilc-poland.com\/it\/medical-law\/#breadcrumb","itemListElement":[{"@type":"ListItem","position":1,"name":"Home","item":"https:\/\/ilc-poland.com\/pl\/"},{"@type":"ListItem","position":2,"name":"DIRITTO MEDICO"}]},{"@type":"WebSite","@id":"https:\/\/ilc-poland.com\/pl\/#website","url":"https:\/\/ilc-poland.com\/pl\/","name":"International Legal Consulting Poland","description":"a law firm presented by Emilia Di Salvo","publisher":{"@id":"https:\/\/ilc-poland.com\/pl\/#organization"},"potentialAction":[{"@type":"SearchAction","target":{"@type":"EntryPoint","urlTemplate":"https:\/\/ilc-poland.com\/pl\/?s={search_term_string}"},"query-input":"required name=search_term_string"}],"inLanguage":"pl-PL"},{"@type":"Organization","@id":"https:\/\/ilc-poland.com\/pl\/#organization","name":"International Legal Consulting Poland","url":"https:\/\/ilc-poland.com\/pl\/","logo":{"@type":"ImageObject","inLanguage":"pl-PL","@id":"https:\/\/ilc-poland.com\/pl\/#\/schema\/logo\/image\/","url":"https:\/\/ilc-poland.com\/wp-content\/uploads\/2013\/02\/logo_text_med.png","contentUrl":"https:\/\/ilc-poland.com\/wp-content\/uploads\/2013\/02\/logo_text_med.png","width":200,"height":93,"caption":"International Legal Consulting Poland"},"image":{"@id":"https:\/\/ilc-poland.com\/pl\/#\/schema\/logo\/image\/"},"sameAs":["https:\/\/www.linkedin.com\/in\/emiliadisalvo\/"]}]}},"_links":{"self":[{"href":"https:\/\/ilc-poland.com\/pl\/wp-json\/wp\/v2\/pages\/13"}],"collection":[{"href":"https:\/\/ilc-poland.com\/pl\/wp-json\/wp\/v2\/pages"}],"about":[{"href":"https:\/\/ilc-poland.com\/pl\/wp-json\/wp\/v2\/types\/page"}],"author":[{"embeddable":true,"href":"https:\/\/ilc-poland.com\/pl\/wp-json\/wp\/v2\/users\/2"}],"replies":[{"embeddable":true,"href":"https:\/\/ilc-poland.com\/pl\/wp-json\/wp\/v2\/comments?post=13"}],"version-history":[{"count":53,"href":"https:\/\/ilc-poland.com\/pl\/wp-json\/wp\/v2\/pages\/13\/revisions"}],"predecessor-version":[{"id":1634,"href":"https:\/\/ilc-poland.com\/pl\/wp-json\/wp\/v2\/pages\/13\/revisions\/1634"}],"wp:attachment":[{"href":"https:\/\/ilc-poland.com\/pl\/wp-json\/wp\/v2\/media?parent=13"}],"curies":[{"name":"wp","href":"https:\/\/api.w.org\/{rel}","templated":true}]}}