{"id":10,"date":"2013-01-23T20:18:08","date_gmt":"2013-01-23T19:18:08","guid":{"rendered":"http:\/\/ilc-poland.com\/?page_id=10"},"modified":"2013-05-19T19:37:48","modified_gmt":"2013-05-19T18:37:48","slug":"entrepreneurs","status":"publish","type":"page","link":"https:\/\/ilc-poland.com\/pl\/entrepreneurs\/","title":{"rendered":"PRZEDSI\u0118BIORCY"},"content":{"rendered":"<p>Kancelaria ma przyjemno\u015b\u0107\u00a0zaoferowa\u0107 przedsi\u0119biorcom us\u0142ugi prawne z zakresu:<\/p>\n<ul>\n<li>kontrakt\u00f3w handlowych;<\/li>\n<li>prawa sp\u00f3\u0142ek i obs\u0142ugi dzia\u0142alno\u015bci gospodarczej;<\/li>\n<li>windykacji wierzytelno\u015bci w obrocie gospodarczym;<\/li>\n<li>prawa upad\u0142o\u015bciowego, w tym upad\u0142o\u015bci mi\u0119dzynarodowej;<\/li>\n<li>prawa pracy i ubezpiecze\u0144 spo\u0142ecznych;<\/li>\n<li>spor\u00f3w s\u0105dowych i arbitra\u017cu;<\/li>\n<li>nieruchomo\u015bci i prawa budowlanego<\/li>\n<\/ul>\n<p>W celu wy\u015bwietlenia bardziej szczeg\u00f3\u0142owych informacji, prosimy o przej\u015bcie do poszczeg\u00f3lnych sekcji.<\/p>","protected":false},"excerpt":{"rendered":"<p>Kancelaria ma przyjemno\u015b\u0107\u00a0zaoferowa\u0107 przedsi\u0119biorcom us\u0142ugi prawne z zakresu: kontrakt\u00f3w handlowych; prawa sp\u00f3\u0142ek i obs\u0142ugi dzia\u0142alno\u015bci gospodarczej; windykacji wierzytelno\u015bci w obrocie gospodarczym; prawa upad\u0142o\u015bciowego, w tym upad\u0142o\u015bci mi\u0119dzynarodowej; prawa pracy i ubezpiecze\u0144 spo\u0142ecznych; spor\u00f3w s\u0105dowych i arbitra\u017cu; nieruchomo\u015bci i prawa budowlanego W celu wy\u015bwietlenia bardziej szczeg\u00f3\u0142owych <span class=\"ellipsis\">&hellip;<\/span> <span class=\"more-link-wrap\"><a href=\"https:\/\/ilc-poland.com\/pl\/entrepreneurs\/\" class=\"more-link\"><span>Wi\u0119cej&#8230;<\/span><\/a><\/span><\/p>\n","protected":false},"author":2,"featured_media":0,"parent":0,"menu_order":20,"comment_status":"closed","ping_status":"closed","template":"","meta":{"footnotes":""},"yoast_head":"<!-- This site is optimized with the Yoast SEO plugin v22.9 - https:\/\/yoast.com\/wordpress\/plugins\/seo\/ -->\n<title>PRZEDSI\u0118BIORCY - International Legal Consulting Poland<\/title>\n<meta name=\"robots\" content=\"index, follow, max-snippet:-1, max-image-preview:large, max-video-preview:-1\" \/>\n<link rel=\"canonical\" href=\"https:\/\/ilc-poland.com\/pl\/entrepreneurs\/\" \/>\n<meta property=\"og:locale\" content=\"pl_PL\" \/>\n<meta property=\"og:type\" content=\"article\" \/>\n<meta property=\"og:title\" content=\"PRZEDSI\u0118BIORCY - International Legal Consulting Poland\" \/>\n<meta property=\"og:description\" content=\"Kancelaria ma przyjemno\u015b\u0107\u00a0zaoferowa\u0107 przedsi\u0119biorcom us\u0142ugi prawne z zakresu: kontrakt\u00f3w handlowych; prawa sp\u00f3\u0142ek i obs\u0142ugi dzia\u0142alno\u015bci gospodarczej; windykacji wierzytelno\u015bci w obrocie gospodarczym; prawa upad\u0142o\u015bciowego, w tym upad\u0142o\u015bci mi\u0119dzynarodowej; prawa pracy i ubezpiecze\u0144 spo\u0142ecznych; spor\u00f3w s\u0105dowych i arbitra\u017cu; nieruchomo\u015bci i prawa budowlanego W celu wy\u015bwietlenia bardziej szczeg\u00f3\u0142owych &hellip; Wi\u0119cej...\" \/>\n<meta property=\"og:url\" content=\"https:\/\/ilc-poland.com\/pl\/entrepreneurs\/\" \/>\n<meta property=\"og:site_name\" content=\"International Legal Consulting Poland\" \/>\n<meta property=\"article:modified_time\" content=\"2013-05-19T18:37:48+00:00\" \/>\n<meta name=\"twitter:card\" content=\"summary_large_image\" \/>\n<meta name=\"twitter:label1\" content=\"Szacowany czas czytania\" \/>\n\t<meta name=\"twitter:data1\" content=\"1 minuta\" \/>\n<script type=\"application\/ld+json\" class=\"yoast-schema-graph\">{\"@context\":\"https:\/\/schema.org\",\"@graph\":[{\"@type\":\"WebPage\",\"@id\":\"https:\/\/ilc-poland.com\/pl\/entrepreneurs\/\",\"url\":\"https:\/\/ilc-poland.com\/pl\/entrepreneurs\/\",\"name\":\"[:en]BUSINESS CLIENTS[:pl]PRZEDSI\u0118BIORCY[:it]IMPRENDITORI[:] - International Legal Consulting Poland\",\"isPartOf\":{\"@id\":\"https:\/\/ilc-poland.com\/pl\/#website\"},\"datePublished\":\"2013-01-23T19:18:08+00:00\",\"dateModified\":\"2013-05-19T18:37:48+00:00\",\"breadcrumb\":{\"@id\":\"https:\/\/ilc-poland.com\/pl\/entrepreneurs\/#breadcrumb\"},\"inLanguage\":\"pl-PL\",\"potentialAction\":[{\"@type\":\"ReadAction\",\"target\":[\"https:\/\/ilc-poland.com\/pl\/entrepreneurs\/\"]}]},{\"@type\":\"BreadcrumbList\",\"@id\":\"https:\/\/ilc-poland.com\/pl\/entrepreneurs\/#breadcrumb\",\"itemListElement\":[{\"@type\":\"ListItem\",\"position\":1,\"name\":\"Home\",\"item\":\"https:\/\/ilc-poland.com\/pl\/\"},{\"@type\":\"ListItem\",\"position\":2,\"name\":\"PRZEDSI\u0118BIORCY\"}]},{\"@type\":\"WebSite\",\"@id\":\"https:\/\/ilc-poland.com\/pl\/#website\",\"url\":\"https:\/\/ilc-poland.com\/pl\/\",\"name\":\"International Legal Consulting Poland\",\"description\":\"a law firm presented by Emilia Di Salvo\",\"publisher\":{\"@id\":\"https:\/\/ilc-poland.com\/pl\/#organization\"},\"potentialAction\":[{\"@type\":\"SearchAction\",\"target\":{\"@type\":\"EntryPoint\",\"urlTemplate\":\"https:\/\/ilc-poland.com\/pl\/?s={search_term_string}\"},\"query-input\":\"required name=search_term_string\"}],\"inLanguage\":\"pl-PL\"},{\"@type\":\"Organization\",\"@id\":\"https:\/\/ilc-poland.com\/pl\/#organization\",\"name\":\"International Legal Consulting Poland\",\"url\":\"https:\/\/ilc-poland.com\/pl\/\",\"logo\":{\"@type\":\"ImageObject\",\"inLanguage\":\"pl-PL\",\"@id\":\"https:\/\/ilc-poland.com\/pl\/#\/schema\/logo\/image\/\",\"url\":\"https:\/\/ilc-poland.com\/wp-content\/uploads\/2013\/02\/logo_text_med.png\",\"contentUrl\":\"https:\/\/ilc-poland.com\/wp-content\/uploads\/2013\/02\/logo_text_med.png\",\"width\":200,\"height\":93,\"caption\":\"International Legal Consulting Poland\"},\"image\":{\"@id\":\"https:\/\/ilc-poland.com\/pl\/#\/schema\/logo\/image\/\"},\"sameAs\":[\"https:\/\/www.linkedin.com\/in\/emiliadisalvo\/\"]}]}<\/script>\n<!-- \/ Yoast SEO plugin. -->","yoast_head_json":{"title":"PRZEDSI\u0118BIORCY - International Legal Consulting Poland","robots":{"index":"index","follow":"follow","max-snippet":"max-snippet:-1","max-image-preview":"max-image-preview:large","max-video-preview":"max-video-preview:-1"},"canonical":"https:\/\/ilc-poland.com\/pl\/entrepreneurs\/","og_locale":"pl_PL","og_type":"article","og_title":"PRZEDSI\u0118BIORCY - International Legal Consulting Poland","og_description":"Kancelaria ma przyjemno\u015b\u0107\u00a0zaoferowa\u0107 przedsi\u0119biorcom us\u0142ugi prawne z zakresu: kontrakt\u00f3w handlowych; prawa sp\u00f3\u0142ek i obs\u0142ugi dzia\u0142alno\u015bci gospodarczej; windykacji wierzytelno\u015bci w obrocie gospodarczym; prawa upad\u0142o\u015bciowego, w tym upad\u0142o\u015bci mi\u0119dzynarodowej; prawa pracy i ubezpiecze\u0144 spo\u0142ecznych; spor\u00f3w s\u0105dowych i arbitra\u017cu; nieruchomo\u015bci i prawa budowlanego W celu wy\u015bwietlenia bardziej szczeg\u00f3\u0142owych &hellip; Wi\u0119cej...","og_url":"https:\/\/ilc-poland.com\/pl\/entrepreneurs\/","og_site_name":"International Legal Consulting Poland","article_modified_time":"2013-05-19T18:37:48+00:00","twitter_card":"summary_large_image","twitter_misc":{"Szacowany czas czytania":"1 minuta"},"schema":{"@context":"https:\/\/schema.org","@graph":[{"@type":"WebPage","@id":"https:\/\/ilc-poland.com\/pl\/entrepreneurs\/","url":"https:\/\/ilc-poland.com\/pl\/entrepreneurs\/","name":"[:en]BUSINESS CLIENTS[:pl]PRZEDSI\u0118BIORCY[:it]IMPRENDITORI[:] - International Legal Consulting Poland","isPartOf":{"@id":"https:\/\/ilc-poland.com\/pl\/#website"},"datePublished":"2013-01-23T19:18:08+00:00","dateModified":"2013-05-19T18:37:48+00:00","breadcrumb":{"@id":"https:\/\/ilc-poland.com\/pl\/entrepreneurs\/#breadcrumb"},"inLanguage":"pl-PL","potentialAction":[{"@type":"ReadAction","target":["https:\/\/ilc-poland.com\/pl\/entrepreneurs\/"]}]},{"@type":"BreadcrumbList","@id":"https:\/\/ilc-poland.com\/pl\/entrepreneurs\/#breadcrumb","itemListElement":[{"@type":"ListItem","position":1,"name":"Home","item":"https:\/\/ilc-poland.com\/pl\/"},{"@type":"ListItem","position":2,"name":"PRZEDSI\u0118BIORCY"}]},{"@type":"WebSite","@id":"https:\/\/ilc-poland.com\/pl\/#website","url":"https:\/\/ilc-poland.com\/pl\/","name":"International Legal Consulting Poland","description":"a law firm presented by Emilia Di Salvo","publisher":{"@id":"https:\/\/ilc-poland.com\/pl\/#organization"},"potentialAction":[{"@type":"SearchAction","target":{"@type":"EntryPoint","urlTemplate":"https:\/\/ilc-poland.com\/pl\/?s={search_term_string}"},"query-input":"required name=search_term_string"}],"inLanguage":"pl-PL"},{"@type":"Organization","@id":"https:\/\/ilc-poland.com\/pl\/#organization","name":"International Legal Consulting Poland","url":"https:\/\/ilc-poland.com\/pl\/","logo":{"@type":"ImageObject","inLanguage":"pl-PL","@id":"https:\/\/ilc-poland.com\/pl\/#\/schema\/logo\/image\/","url":"https:\/\/ilc-poland.com\/wp-content\/uploads\/2013\/02\/logo_text_med.png","contentUrl":"https:\/\/ilc-poland.com\/wp-content\/uploads\/2013\/02\/logo_text_med.png","width":200,"height":93,"caption":"International Legal Consulting Poland"},"image":{"@id":"https:\/\/ilc-poland.com\/pl\/#\/schema\/logo\/image\/"},"sameAs":["https:\/\/www.linkedin.com\/in\/emiliadisalvo\/"]}]}},"_links":{"self":[{"href":"https:\/\/ilc-poland.com\/pl\/wp-json\/wp\/v2\/pages\/10"}],"collection":[{"href":"https:\/\/ilc-poland.com\/pl\/wp-json\/wp\/v2\/pages"}],"about":[{"href":"https:\/\/ilc-poland.com\/pl\/wp-json\/wp\/v2\/types\/page"}],"author":[{"embeddable":true,"href":"https:\/\/ilc-poland.com\/pl\/wp-json\/wp\/v2\/users\/2"}],"replies":[{"embeddable":true,"href":"https:\/\/ilc-poland.com\/pl\/wp-json\/wp\/v2\/comments?post=10"}],"version-history":[{"count":16,"href":"https:\/\/ilc-poland.com\/pl\/wp-json\/wp\/v2\/pages\/10\/revisions"}],"predecessor-version":[{"id":1114,"href":"https:\/\/ilc-poland.com\/pl\/wp-json\/wp\/v2\/pages\/10\/revisions\/1114"}],"wp:attachment":[{"href":"https:\/\/ilc-poland.com\/pl\/wp-json\/wp\/v2\/media?parent=10"}],"curies":[{"name":"wp","href":"https:\/\/api.w.org\/{rel}","templated":true}]}}