{"id":9,"date":"2013-01-23T20:17:56","date_gmt":"2013-01-23T19:17:56","guid":{"rendered":"http:\/\/ilc-poland.com\/?page_id=9"},"modified":"2024-02-09T21:34:19","modified_gmt":"2024-02-09T20:34:19","slug":"our-values","status":"publish","type":"page","link":"https:\/\/ilc-poland.com\/it\/firma\/our-values\/","title":{"rendered":"I NOSTRI VALORI"},"content":{"rendered":"<p><\/p>\n<h3>Professionalit\u00e0<\/h3>\n<p>Lo Studio legale International Legal Consulting ha una vasta esperienza internazionale adeguata agli standard aziendali offrendo, cos\u00ec, servizi legali ai pi\u00f9 elevati livelli qualitativi. I nostri avvocati hanno guadagnato una solida reputazione di fronte alla nostra clientela grazie alle loro conoscenze, competenze e professionalit\u00e0, con le quali sono in grado di rispondere alle esigenze pi\u00f9 complesse. Il nostro lavoro \u00e8 anche caratterizzato da forti principi etici e dal rispetto rigoroso delle regole dell\u2019Ordine Professionale degli Avvocati riguardanti il segreto professionale. Nel fornire ai nostri clienti un\u2019assistenza legale di alto livello, ci impegniamo ad agire sempre nel loro migliore interesse, tenendo in conto che la professione di avvocato \u00e8 una professione di fede pubblica.<\/p>\n<h3>Innovazione ed efficienza<\/h3>\n<p>Cerchiamo sempre di essere flessibili e di rispondere rapidamente ai cambiamenti delle esigenze dei nostri clienti. Il nostro approccio ci permette di sviluppare soluzioni pratiche, moderne ed efficaci ai problemi quotidiani dei nostri clienti.<\/p>\n<h3>Flessibilit\u00e0 e coinvolgimento<\/h3>\n<p>I nostri avvocati non sono solo competenti nel proprio settore ma hanno anche ottime capacit\u00e0 di comunicazione che permettono loro di soddisfare perfettamente le esigenze della clientela. Accogliamo le esigenze dei nostri clienti e ci sforziamo di essere flessibili nelle soluzioni proposte. Cerchiamo sempre di capire ci\u00f2 che il cliente si aspetta e lo realizziamo come egli desidera. Il nostro obiettivo principale \u00e8 quello di conquistare la fiducia del cliente per gli anni a venire.<\/p>","protected":false},"excerpt":{"rendered":"<p>Professionalit\u00e0 Lo Studio legale International Legal Consulting ha una vasta esperienza internazionale adeguata agli standard aziendali offrendo, cos\u00ec, servizi legali ai pi\u00f9 elevati livelli qualitativi. I nostri avvocati hanno guadagnato una solida reputazione di fronte alla nostra clientela grazie alle loro conoscenze, competenze e professionalit\u00e0, <span class=\"ellipsis\">&hellip;<\/span> <span class=\"more-link-wrap\"><a href=\"https:\/\/ilc-poland.com\/it\/firma\/our-values\/\" class=\"more-link\"><span>continua&#8230;<\/span><\/a><\/span><\/p>\n","protected":false},"author":2,"featured_media":0,"parent":57,"menu_order":10,"comment_status":"closed","ping_status":"closed","template":"","meta":{"footnotes":""},"yoast_head":"<!-- This site is optimized with the Yoast SEO plugin v22.9 - https:\/\/yoast.com\/wordpress\/plugins\/seo\/ -->\n<title>I NOSTRI VALORI - International Legal Consulting Poland<\/title>\n<meta name=\"robots\" content=\"index, follow, max-snippet:-1, max-image-preview:large, max-video-preview:-1\" \/>\n<link rel=\"canonical\" href=\"https:\/\/ilc-poland.com\/firma\/our-values\/\" \/>\n<meta property=\"og:locale\" content=\"it_IT\" \/>\n<meta property=\"og:type\" content=\"article\" \/>\n<meta property=\"og:title\" content=\"I NOSTRI VALORI - International Legal Consulting Poland\" \/>\n<meta property=\"og:description\" content=\"Professionalit\u00e0 Lo Studio legale International Legal Consulting ha una vasta esperienza internazionale adeguata agli standard aziendali offrendo, cos\u00ec, servizi legali ai pi\u00f9 elevati livelli qualitativi. I nostri avvocati hanno guadagnato una solida reputazione di fronte alla nostra clientela grazie alle loro conoscenze, competenze e professionalit\u00e0, &hellip; continua...\" \/>\n<meta property=\"og:url\" content=\"https:\/\/ilc-poland.com\/firma\/our-values\/\" \/>\n<meta property=\"og:site_name\" content=\"International Legal Consulting Poland\" \/>\n<meta property=\"article:modified_time\" content=\"2024-02-09T20:34:19+00:00\" \/>\n<meta name=\"twitter:card\" content=\"summary_large_image\" \/>\n<meta name=\"twitter:label1\" content=\"Tempo di lettura stimato\" \/>\n\t<meta name=\"twitter:data1\" content=\"1 minuto\" \/>\n<script type=\"application\/ld+json\" class=\"yoast-schema-graph\">{\"@context\":\"https:\/\/schema.org\",\"@graph\":[{\"@type\":\"WebPage\",\"@id\":\"https:\/\/ilc-poland.com\/firma\/our-values\/\",\"url\":\"https:\/\/ilc-poland.com\/firma\/our-values\/\",\"name\":\"[:en]OUR VALUES[:pl]NASZE WARTO\u015aCI[:it]I NOSTRI VALORI[:] - International Legal Consulting Poland\",\"isPartOf\":{\"@id\":\"https:\/\/ilc-poland.com\/pl\/#website\"},\"datePublished\":\"2013-01-23T19:17:56+00:00\",\"dateModified\":\"2024-02-09T20:34:19+00:00\",\"breadcrumb\":{\"@id\":\"https:\/\/ilc-poland.com\/firma\/our-values\/#breadcrumb\"},\"inLanguage\":\"it-IT\",\"potentialAction\":[{\"@type\":\"ReadAction\",\"target\":[\"https:\/\/ilc-poland.com\/firma\/our-values\/\"]}]},{\"@type\":\"BreadcrumbList\",\"@id\":\"https:\/\/ilc-poland.com\/firma\/our-values\/#breadcrumb\",\"itemListElement\":[{\"@type\":\"ListItem\",\"position\":1,\"name\":\"Home\",\"item\":\"https:\/\/ilc-poland.com\/pl\/\"},{\"@type\":\"ListItem\",\"position\":2,\"name\":\"KANCELARIA\",\"item\":\"https:\/\/ilc-poland.com\/pl\/\"},{\"@type\":\"ListItem\",\"position\":3,\"name\":\"OUR VALUES\"}]},{\"@type\":\"WebSite\",\"@id\":\"https:\/\/ilc-poland.com\/pl\/#website\",\"url\":\"https:\/\/ilc-poland.com\/pl\/\",\"name\":\"International Legal Consulting Poland\",\"description\":\"a law firm presented by Emilia Di Salvo\",\"publisher\":{\"@id\":\"https:\/\/ilc-poland.com\/pl\/#organization\"},\"potentialAction\":[{\"@type\":\"SearchAction\",\"target\":{\"@type\":\"EntryPoint\",\"urlTemplate\":\"https:\/\/ilc-poland.com\/pl\/?s={search_term_string}\"},\"query-input\":\"required name=search_term_string\"}],\"inLanguage\":\"it-IT\"},{\"@type\":\"Organization\",\"@id\":\"https:\/\/ilc-poland.com\/pl\/#organization\",\"name\":\"International Legal Consulting Poland\",\"url\":\"https:\/\/ilc-poland.com\/pl\/\",\"logo\":{\"@type\":\"ImageObject\",\"inLanguage\":\"it-IT\",\"@id\":\"https:\/\/ilc-poland.com\/pl\/#\/schema\/logo\/image\/\",\"url\":\"https:\/\/ilc-poland.com\/wp-content\/uploads\/2013\/02\/logo_text_med.png\",\"contentUrl\":\"https:\/\/ilc-poland.com\/wp-content\/uploads\/2013\/02\/logo_text_med.png\",\"width\":200,\"height\":93,\"caption\":\"International Legal Consulting Poland\"},\"image\":{\"@id\":\"https:\/\/ilc-poland.com\/pl\/#\/schema\/logo\/image\/\"},\"sameAs\":[\"https:\/\/www.linkedin.com\/in\/emiliadisalvo\/\"]}]}<\/script>\n<!-- \/ Yoast SEO plugin. -->","yoast_head_json":{"title":"I NOSTRI VALORI - International Legal Consulting Poland","robots":{"index":"index","follow":"follow","max-snippet":"max-snippet:-1","max-image-preview":"max-image-preview:large","max-video-preview":"max-video-preview:-1"},"canonical":"https:\/\/ilc-poland.com\/firma\/our-values\/","og_locale":"it_IT","og_type":"article","og_title":"I NOSTRI VALORI - International Legal Consulting Poland","og_description":"Professionalit\u00e0 Lo Studio legale International Legal Consulting ha una vasta esperienza internazionale adeguata agli standard aziendali offrendo, cos\u00ec, servizi legali ai pi\u00f9 elevati livelli qualitativi. I nostri avvocati hanno guadagnato una solida reputazione di fronte alla nostra clientela grazie alle loro conoscenze, competenze e professionalit\u00e0, &hellip; continua...","og_url":"https:\/\/ilc-poland.com\/firma\/our-values\/","og_site_name":"International Legal Consulting Poland","article_modified_time":"2024-02-09T20:34:19+00:00","twitter_card":"summary_large_image","twitter_misc":{"Tempo di lettura stimato":"1 minuto"},"schema":{"@context":"https:\/\/schema.org","@graph":[{"@type":"WebPage","@id":"https:\/\/ilc-poland.com\/firma\/our-values\/","url":"https:\/\/ilc-poland.com\/firma\/our-values\/","name":"[:en]OUR VALUES[:pl]NASZE WARTO\u015aCI[:it]I NOSTRI VALORI[:] - International Legal Consulting Poland","isPartOf":{"@id":"https:\/\/ilc-poland.com\/pl\/#website"},"datePublished":"2013-01-23T19:17:56+00:00","dateModified":"2024-02-09T20:34:19+00:00","breadcrumb":{"@id":"https:\/\/ilc-poland.com\/firma\/our-values\/#breadcrumb"},"inLanguage":"it-IT","potentialAction":[{"@type":"ReadAction","target":["https:\/\/ilc-poland.com\/firma\/our-values\/"]}]},{"@type":"BreadcrumbList","@id":"https:\/\/ilc-poland.com\/firma\/our-values\/#breadcrumb","itemListElement":[{"@type":"ListItem","position":1,"name":"Home","item":"https:\/\/ilc-poland.com\/pl\/"},{"@type":"ListItem","position":2,"name":"KANCELARIA","item":"https:\/\/ilc-poland.com\/pl\/"},{"@type":"ListItem","position":3,"name":"OUR VALUES"}]},{"@type":"WebSite","@id":"https:\/\/ilc-poland.com\/pl\/#website","url":"https:\/\/ilc-poland.com\/pl\/","name":"International Legal Consulting Poland","description":"a law firm presented by Emilia Di Salvo","publisher":{"@id":"https:\/\/ilc-poland.com\/pl\/#organization"},"potentialAction":[{"@type":"SearchAction","target":{"@type":"EntryPoint","urlTemplate":"https:\/\/ilc-poland.com\/pl\/?s={search_term_string}"},"query-input":"required name=search_term_string"}],"inLanguage":"it-IT"},{"@type":"Organization","@id":"https:\/\/ilc-poland.com\/pl\/#organization","name":"International Legal Consulting Poland","url":"https:\/\/ilc-poland.com\/pl\/","logo":{"@type":"ImageObject","inLanguage":"it-IT","@id":"https:\/\/ilc-poland.com\/pl\/#\/schema\/logo\/image\/","url":"https:\/\/ilc-poland.com\/wp-content\/uploads\/2013\/02\/logo_text_med.png","contentUrl":"https:\/\/ilc-poland.com\/wp-content\/uploads\/2013\/02\/logo_text_med.png","width":200,"height":93,"caption":"International Legal Consulting Poland"},"image":{"@id":"https:\/\/ilc-poland.com\/pl\/#\/schema\/logo\/image\/"},"sameAs":["https:\/\/www.linkedin.com\/in\/emiliadisalvo\/"]}]}},"_links":{"self":[{"href":"https:\/\/ilc-poland.com\/it\/wp-json\/wp\/v2\/pages\/9"}],"collection":[{"href":"https:\/\/ilc-poland.com\/it\/wp-json\/wp\/v2\/pages"}],"about":[{"href":"https:\/\/ilc-poland.com\/it\/wp-json\/wp\/v2\/types\/page"}],"author":[{"embeddable":true,"href":"https:\/\/ilc-poland.com\/it\/wp-json\/wp\/v2\/users\/2"}],"replies":[{"embeddable":true,"href":"https:\/\/ilc-poland.com\/it\/wp-json\/wp\/v2\/comments?post=9"}],"version-history":[{"count":70,"href":"https:\/\/ilc-poland.com\/it\/wp-json\/wp\/v2\/pages\/9\/revisions"}],"predecessor-version":[{"id":1642,"href":"https:\/\/ilc-poland.com\/it\/wp-json\/wp\/v2\/pages\/9\/revisions\/1642"}],"up":[{"embeddable":true,"href":"https:\/\/ilc-poland.com\/it\/wp-json\/wp\/v2\/pages\/57"}],"wp:attachment":[{"href":"https:\/\/ilc-poland.com\/it\/wp-json\/wp\/v2\/media?parent=9"}],"curies":[{"name":"wp","href":"https:\/\/api.w.org\/{rel}","templated":true}]}}