{"id":245,"date":"2013-02-02T14:51:21","date_gmt":"2013-02-02T13:51:21","guid":{"rendered":"http:\/\/ilc-poland.com\/?page_id=245"},"modified":"2013-05-19T19:10:55","modified_gmt":"2013-05-19T18:10:55","slug":"international-insolvency","status":"publish","type":"page","link":"https:\/\/ilc-poland.com\/it\/foreigners\/international-insolvency\/","title":{"rendered":"FALLIMENTO INTERNAZIONALE"},"content":{"rendered":"<p class=\"qtranxs-available-languages-message qtranxs-available-languages-message-it\">Ci spiace, ma questo articolo \u00e8 disponibile soltanto in <a href=\"https:\/\/ilc-poland.com\/en\/wp-json\/wp\/v2\/pages\/245\" class=\"qtranxs-available-language-link qtranxs-available-language-link-en\" title=\"ENGLISH\">Inglese Americano<\/a> e <a href=\"https:\/\/ilc-poland.com\/pl\/wp-json\/wp\/v2\/pages\/245\" class=\"qtranxs-available-language-link qtranxs-available-language-link-pl\" title=\"POLSKI\">Polacco<\/a>.<\/p>","protected":false},"excerpt":{"rendered":"<p>Ci spiace, ma questo articolo \u00e8 disponibile soltanto in Inglese Americano e Polacco.<\/p>\n","protected":false},"author":3,"featured_media":0,"parent":12,"menu_order":35,"comment_status":"closed","ping_status":"closed","template":"","meta":{"footnotes":""},"yoast_head":"<!-- This site is optimized with the Yoast SEO plugin v22.9 - https:\/\/yoast.com\/wordpress\/plugins\/seo\/ -->\n<title>FALLIMENTO INTERNAZIONALE - International Legal Consulting Poland<\/title>\n<meta name=\"robots\" content=\"index, follow, max-snippet:-1, max-image-preview:large, max-video-preview:-1\" \/>\n<link rel=\"canonical\" href=\"https:\/\/ilc-poland.com\/pl\/foreigners\/international-insolvency\/\" \/>\n<meta property=\"og:locale\" content=\"it_IT\" \/>\n<meta property=\"og:type\" content=\"article\" \/>\n<meta property=\"og:title\" content=\"FALLIMENTO INTERNAZIONALE - International Legal Consulting Poland\" \/>\n<meta property=\"og:description\" content=\"Ci spiace, ma questo articolo \u00e8 disponibile soltanto in Inglese Americano e Polacco.\" \/>\n<meta property=\"og:url\" content=\"https:\/\/ilc-poland.com\/pl\/foreigners\/international-insolvency\/\" \/>\n<meta property=\"og:site_name\" content=\"International Legal Consulting Poland\" \/>\n<meta property=\"article:modified_time\" content=\"2013-05-19T18:10:55+00:00\" \/>\n<meta name=\"twitter:card\" content=\"summary_large_image\" \/>\n<meta name=\"twitter:label1\" content=\"Tempo di lettura stimato\" \/>\n\t<meta name=\"twitter:data1\" content=\"4 minuti\" \/>\n<script type=\"application\/ld+json\" class=\"yoast-schema-graph\">{\"@context\":\"https:\/\/schema.org\",\"@graph\":[{\"@type\":\"WebPage\",\"@id\":\"https:\/\/ilc-poland.com\/pl\/foreigners\/international-insolvency\/\",\"url\":\"https:\/\/ilc-poland.com\/pl\/foreigners\/international-insolvency\/\",\"name\":\"[:en]INTERNATIONAL INSOLVENCY[:pl]MI\u0118DZYNARODOWE POST\u0118POWANIE UPAD\u0141O\u015aCIOWE[:it]FALLIMENTO INTERNAZIONALE[:] - International Legal Consulting Poland\",\"isPartOf\":{\"@id\":\"https:\/\/ilc-poland.com\/pl\/#website\"},\"datePublished\":\"2013-02-02T13:51:21+00:00\",\"dateModified\":\"2013-05-19T18:10:55+00:00\",\"breadcrumb\":{\"@id\":\"https:\/\/ilc-poland.com\/pl\/foreigners\/international-insolvency\/#breadcrumb\"},\"inLanguage\":\"it-IT\",\"potentialAction\":[{\"@type\":\"ReadAction\",\"target\":[\"https:\/\/ilc-poland.com\/pl\/foreigners\/international-insolvency\/\"]}]},{\"@type\":\"BreadcrumbList\",\"@id\":\"https:\/\/ilc-poland.com\/pl\/foreigners\/international-insolvency\/#breadcrumb\",\"itemListElement\":[{\"@type\":\"ListItem\",\"position\":1,\"name\":\"Home\",\"item\":\"https:\/\/ilc-poland.com\/pl\/\"},{\"@type\":\"ListItem\",\"position\":2,\"name\":\"SOGGETTI STRANIERI\",\"item\":\"https:\/\/ilc-poland.com\/it\/foreigners\/\"},{\"@type\":\"ListItem\",\"position\":3,\"name\":\"MI\u0118DZYNARODOWE POST\u0118POWANIE UPAD\u0141O\u015aCIOWE\"}]},{\"@type\":\"WebSite\",\"@id\":\"https:\/\/ilc-poland.com\/pl\/#website\",\"url\":\"https:\/\/ilc-poland.com\/pl\/\",\"name\":\"International Legal Consulting Poland\",\"description\":\"a law firm presented by Emilia Di Salvo\",\"publisher\":{\"@id\":\"https:\/\/ilc-poland.com\/pl\/#organization\"},\"potentialAction\":[{\"@type\":\"SearchAction\",\"target\":{\"@type\":\"EntryPoint\",\"urlTemplate\":\"https:\/\/ilc-poland.com\/pl\/?s={search_term_string}\"},\"query-input\":\"required name=search_term_string\"}],\"inLanguage\":\"it-IT\"},{\"@type\":\"Organization\",\"@id\":\"https:\/\/ilc-poland.com\/pl\/#organization\",\"name\":\"International Legal Consulting Poland\",\"url\":\"https:\/\/ilc-poland.com\/pl\/\",\"logo\":{\"@type\":\"ImageObject\",\"inLanguage\":\"it-IT\",\"@id\":\"https:\/\/ilc-poland.com\/pl\/#\/schema\/logo\/image\/\",\"url\":\"https:\/\/ilc-poland.com\/wp-content\/uploads\/2013\/02\/logo_text_med.png\",\"contentUrl\":\"https:\/\/ilc-poland.com\/wp-content\/uploads\/2013\/02\/logo_text_med.png\",\"width\":200,\"height\":93,\"caption\":\"International Legal Consulting Poland\"},\"image\":{\"@id\":\"https:\/\/ilc-poland.com\/pl\/#\/schema\/logo\/image\/\"},\"sameAs\":[\"https:\/\/www.linkedin.com\/in\/emiliadisalvo\/\"]}]}<\/script>\n<!-- \/ Yoast SEO plugin. -->","yoast_head_json":{"title":"FALLIMENTO INTERNAZIONALE - International Legal Consulting Poland","robots":{"index":"index","follow":"follow","max-snippet":"max-snippet:-1","max-image-preview":"max-image-preview:large","max-video-preview":"max-video-preview:-1"},"canonical":"https:\/\/ilc-poland.com\/pl\/foreigners\/international-insolvency\/","og_locale":"it_IT","og_type":"article","og_title":"FALLIMENTO INTERNAZIONALE - International Legal Consulting Poland","og_description":"Ci spiace, ma questo articolo \u00e8 disponibile soltanto in Inglese Americano e Polacco.","og_url":"https:\/\/ilc-poland.com\/pl\/foreigners\/international-insolvency\/","og_site_name":"International Legal Consulting Poland","article_modified_time":"2013-05-19T18:10:55+00:00","twitter_card":"summary_large_image","twitter_misc":{"Tempo di lettura stimato":"4 minuti"},"schema":{"@context":"https:\/\/schema.org","@graph":[{"@type":"WebPage","@id":"https:\/\/ilc-poland.com\/pl\/foreigners\/international-insolvency\/","url":"https:\/\/ilc-poland.com\/pl\/foreigners\/international-insolvency\/","name":"[:en]INTERNATIONAL INSOLVENCY[:pl]MI\u0118DZYNARODOWE POST\u0118POWANIE UPAD\u0141O\u015aCIOWE[:it]FALLIMENTO INTERNAZIONALE[:] - International Legal Consulting Poland","isPartOf":{"@id":"https:\/\/ilc-poland.com\/pl\/#website"},"datePublished":"2013-02-02T13:51:21+00:00","dateModified":"2013-05-19T18:10:55+00:00","breadcrumb":{"@id":"https:\/\/ilc-poland.com\/pl\/foreigners\/international-insolvency\/#breadcrumb"},"inLanguage":"it-IT","potentialAction":[{"@type":"ReadAction","target":["https:\/\/ilc-poland.com\/pl\/foreigners\/international-insolvency\/"]}]},{"@type":"BreadcrumbList","@id":"https:\/\/ilc-poland.com\/pl\/foreigners\/international-insolvency\/#breadcrumb","itemListElement":[{"@type":"ListItem","position":1,"name":"Home","item":"https:\/\/ilc-poland.com\/pl\/"},{"@type":"ListItem","position":2,"name":"SOGGETTI STRANIERI","item":"https:\/\/ilc-poland.com\/it\/foreigners\/"},{"@type":"ListItem","position":3,"name":"MI\u0118DZYNARODOWE POST\u0118POWANIE UPAD\u0141O\u015aCIOWE"}]},{"@type":"WebSite","@id":"https:\/\/ilc-poland.com\/pl\/#website","url":"https:\/\/ilc-poland.com\/pl\/","name":"International Legal Consulting Poland","description":"a law firm presented by Emilia Di Salvo","publisher":{"@id":"https:\/\/ilc-poland.com\/pl\/#organization"},"potentialAction":[{"@type":"SearchAction","target":{"@type":"EntryPoint","urlTemplate":"https:\/\/ilc-poland.com\/pl\/?s={search_term_string}"},"query-input":"required name=search_term_string"}],"inLanguage":"it-IT"},{"@type":"Organization","@id":"https:\/\/ilc-poland.com\/pl\/#organization","name":"International Legal Consulting Poland","url":"https:\/\/ilc-poland.com\/pl\/","logo":{"@type":"ImageObject","inLanguage":"it-IT","@id":"https:\/\/ilc-poland.com\/pl\/#\/schema\/logo\/image\/","url":"https:\/\/ilc-poland.com\/wp-content\/uploads\/2013\/02\/logo_text_med.png","contentUrl":"https:\/\/ilc-poland.com\/wp-content\/uploads\/2013\/02\/logo_text_med.png","width":200,"height":93,"caption":"International Legal Consulting Poland"},"image":{"@id":"https:\/\/ilc-poland.com\/pl\/#\/schema\/logo\/image\/"},"sameAs":["https:\/\/www.linkedin.com\/in\/emiliadisalvo\/"]}]}},"_links":{"self":[{"href":"https:\/\/ilc-poland.com\/it\/wp-json\/wp\/v2\/pages\/245"}],"collection":[{"href":"https:\/\/ilc-poland.com\/it\/wp-json\/wp\/v2\/pages"}],"about":[{"href":"https:\/\/ilc-poland.com\/it\/wp-json\/wp\/v2\/types\/page"}],"author":[{"embeddable":true,"href":"https:\/\/ilc-poland.com\/it\/wp-json\/wp\/v2\/users\/3"}],"replies":[{"embeddable":true,"href":"https:\/\/ilc-poland.com\/it\/wp-json\/wp\/v2\/comments?post=245"}],"version-history":[{"count":10,"href":"https:\/\/ilc-poland.com\/it\/wp-json\/wp\/v2\/pages\/245\/revisions"}],"predecessor-version":[{"id":1111,"href":"https:\/\/ilc-poland.com\/it\/wp-json\/wp\/v2\/pages\/245\/revisions\/1111"}],"up":[{"embeddable":true,"href":"https:\/\/ilc-poland.com\/it\/wp-json\/wp\/v2\/pages\/12"}],"wp:attachment":[{"href":"https:\/\/ilc-poland.com\/it\/wp-json\/wp\/v2\/media?parent=245"}],"curies":[{"name":"wp","href":"https:\/\/api.w.org\/{rel}","templated":true}]}}