{"id":190,"date":"2013-02-01T18:22:19","date_gmt":"2013-02-01T17:22:19","guid":{"rendered":"http:\/\/ilc-poland.com\/?page_id=190"},"modified":"2014-01-15T20:44:47","modified_gmt":"2014-01-15T19:44:47","slug":"company-law-and-business-support","status":"publish","type":"page","link":"https:\/\/ilc-poland.com\/it\/entrepreneurs\/company-law-and-business-support\/","title":{"rendered":"DIRITTO&nbsp;COMMERCIALE e SOCIETARIO"},"content":{"rendered":"<p><img loading=\"lazy\" decoding=\"async\" class=\"alignleft size-full wp-image-560\" alt=\"Varsavia - Notte\" src=\"http:\/\/ilc-poland.com\/wp-content\/uploads\/2013\/02\/39242095.jpg\" width=\"540\" height=\"360\" srcset=\"https:\/\/ilc-poland.com\/wp-content\/uploads\/2013\/02\/39242095.jpg 540w, https:\/\/ilc-poland.com\/wp-content\/uploads\/2013\/02\/39242095-300x200.jpg 300w\" sizes=\"(max-width: 540px) 100vw, 540px\" \/><\/p>\n<p>Offriamo servizi di consulenza professionale alle aziende, fin dal loro avvio attraverso servizi legali completi in ogni fase dell&#8217;attivit\u00e0.<\/p>\n<p>I nostri servizi legali in questo settore comprendono, in particolare:<\/p>\n<ul>\n<li>consulenza sulla scelta ottimale della forma giuridica dell&#8217;attivit\u00e0 in Polonia;<\/li>\n<li>creazione e registrazione di societ\u00e0, agenzie e succursali di societ\u00e0 estere, fondazioni e associazioni;<\/li>\n<li>preparazione dei patti parasociali e dello statuto o l&#8217;emissione di un parere sui progetti di tali documenti;<\/li>\n<li>redazione di deliberazioni emesse dalle societ\u00e0 a responsabilit\u00e0 limitata e delle societ\u00e0 per azioni (consiglio di gestione, consiglio di sorveglianza, assemblea\/assemblea generale);<\/li>\n<li>patrocinio degli azionisti nelle assemblee generali;<\/li>\n<li>sostegno all&#8217;azienda in ogni fase della sua attivit\u00e0;<\/li>\n<li>redazione di contratti relativi al pacchetto azionario della societ\u00e0 (contratti preliminari di acquisto, di vendita, di pegno e contratto d&#8217;uso);<\/li>\n<li>trasformazioni e riorganizzazioni delle imprese;<\/li>\n<li>preparazione, negoziazione e\/o emissione di pareri sugli accordi;<\/li>\n<li>redazione di contratti con i membri del consiglio di amministrazione (contratti di gestione);<\/li>\n<li>completa consulenza giuridica sulle attuali attivit\u00e0 della societ\u00e0 (pareri legali, analisi e protocolli);<\/li>\n<li>patrocinio delle societ\u00e0 nei procedimenti dinanzi ai tribunali e gli organi amministrativi;<\/li>\n<li>consulenza legale sulla tutela dei diritti e degli interessi delle imprese e dei loro azionisti;<\/li>\n<li>risoluzione dei conflitti tra azionisti;<\/li>\n<li>patrocinio del cliente in contenziosi relativi all&#8217;esercizio dei diritti di equit\u00e0 tra i soci o tra soci e la societ\u00e0;<\/li>\n<li>scioglimento e liquidazione degli enti;<\/li>\n<li>negoziazioni economiche nel settore del commercio interno ed estero.<\/li>\n<\/ul>\n<p><\/p>","protected":false},"excerpt":{"rendered":"<p>Offriamo servizi di consulenza professionale alle aziende, fin dal loro avvio attraverso servizi legali completi in ogni fase dell&#8217;attivit\u00e0. I nostri servizi legali in questo settore comprendono, in particolare: consulenza sulla scelta ottimale della forma giuridica dell&#8217;attivit\u00e0 in Polonia; creazione e registrazione di societ\u00e0, agenzie <span class=\"ellipsis\">&hellip;<\/span> <span class=\"more-link-wrap\"><a href=\"https:\/\/ilc-poland.com\/it\/entrepreneurs\/company-law-and-business-support\/\" class=\"more-link\"><span>continua&#8230;<\/span><\/a><\/span><\/p>\n","protected":false},"author":3,"featured_media":0,"parent":10,"menu_order":10,"comment_status":"closed","ping_status":"closed","template":"","meta":{"footnotes":""},"yoast_head":"<!-- This site is optimized with the Yoast SEO plugin v22.9 - https:\/\/yoast.com\/wordpress\/plugins\/seo\/ -->\n<title>DIRITTO&nbsp;COMMERCIALE e SOCIETARIO - International Legal Consulting Poland<\/title>\n<meta name=\"robots\" content=\"index, follow, max-snippet:-1, max-image-preview:large, max-video-preview:-1\" \/>\n<link rel=\"canonical\" href=\"https:\/\/ilc-poland.com\/pl\/entrepreneurs\/company-law-and-business-support\/\" \/>\n<meta property=\"og:locale\" content=\"it_IT\" \/>\n<meta property=\"og:type\" content=\"article\" \/>\n<meta property=\"og:title\" content=\"DIRITTO&nbsp;COMMERCIALE e SOCIETARIO - International Legal Consulting Poland\" \/>\n<meta property=\"og:description\" content=\"Offriamo servizi di consulenza professionale alle aziende, fin dal loro avvio attraverso servizi legali completi in ogni fase dell&#8217;attivit\u00e0. I nostri servizi legali in questo settore comprendono, in particolare: consulenza sulla scelta ottimale della forma giuridica dell&#8217;attivit\u00e0 in Polonia; creazione e registrazione di societ\u00e0, agenzie &hellip; continua...\" \/>\n<meta property=\"og:url\" content=\"https:\/\/ilc-poland.com\/pl\/entrepreneurs\/company-law-and-business-support\/\" \/>\n<meta property=\"og:site_name\" content=\"International Legal Consulting Poland\" \/>\n<meta property=\"article:modified_time\" content=\"2014-01-15T19:44:47+00:00\" \/>\n<meta property=\"og:image\" content=\"http:\/\/ilc-poland.com\/wp-content\/uploads\/2013\/02\/39242095.jpg\" \/>\n<meta name=\"twitter:card\" content=\"summary_large_image\" \/>\n<meta name=\"twitter:label1\" content=\"Tempo di lettura stimato\" \/>\n\t<meta name=\"twitter:data1\" content=\"4 minuti\" \/>\n<script type=\"application\/ld+json\" class=\"yoast-schema-graph\">{\"@context\":\"https:\/\/schema.org\",\"@graph\":[{\"@type\":\"WebPage\",\"@id\":\"https:\/\/ilc-poland.com\/pl\/entrepreneurs\/company-law-and-business-support\/\",\"url\":\"https:\/\/ilc-poland.com\/pl\/entrepreneurs\/company-law-and-business-support\/\",\"name\":\"[:en]COMPANY&nbsp;LAW and BUSINESS&nbsp;SUPPORT[:pl]PRAWO&nbsp;SP\u00d3\u0141EK i OBS\u0141UGA DZIA\u0141ALNO\u015aCI&nbsp;GOSPODARCZEJ[:it]DIRITTO&nbsp;COMMERCIALE e SOCIETARIO[:] - International Legal Consulting Poland\",\"isPartOf\":{\"@id\":\"https:\/\/ilc-poland.com\/pl\/#website\"},\"primaryImageOfPage\":{\"@id\":\"https:\/\/ilc-poland.com\/pl\/entrepreneurs\/company-law-and-business-support\/#primaryimage\"},\"image\":{\"@id\":\"https:\/\/ilc-poland.com\/pl\/entrepreneurs\/company-law-and-business-support\/#primaryimage\"},\"thumbnailUrl\":\"http:\/\/ilc-poland.com\/wp-content\/uploads\/2013\/02\/39242095.jpg\",\"datePublished\":\"2013-02-01T17:22:19+00:00\",\"dateModified\":\"2014-01-15T19:44:47+00:00\",\"breadcrumb\":{\"@id\":\"https:\/\/ilc-poland.com\/pl\/entrepreneurs\/company-law-and-business-support\/#breadcrumb\"},\"inLanguage\":\"it-IT\",\"potentialAction\":[{\"@type\":\"ReadAction\",\"target\":[\"https:\/\/ilc-poland.com\/pl\/entrepreneurs\/company-law-and-business-support\/\"]}]},{\"@type\":\"ImageObject\",\"inLanguage\":\"it-IT\",\"@id\":\"https:\/\/ilc-poland.com\/pl\/entrepreneurs\/company-law-and-business-support\/#primaryimage\",\"url\":\"http:\/\/ilc-poland.com\/wp-content\/uploads\/2013\/02\/39242095.jpg\",\"contentUrl\":\"http:\/\/ilc-poland.com\/wp-content\/uploads\/2013\/02\/39242095.jpg\"},{\"@type\":\"BreadcrumbList\",\"@id\":\"https:\/\/ilc-poland.com\/pl\/entrepreneurs\/company-law-and-business-support\/#breadcrumb\",\"itemListElement\":[{\"@type\":\"ListItem\",\"position\":1,\"name\":\"Home\",\"item\":\"https:\/\/ilc-poland.com\/pl\/\"},{\"@type\":\"ListItem\",\"position\":2,\"name\":\"PRZEDSI\u0118BIORCY\",\"item\":\"https:\/\/ilc-poland.com\/pl\/entrepreneurs\/\"},{\"@type\":\"ListItem\",\"position\":3,\"name\":\"PRAWO&nbsp;SP\u00d3\u0141EK i OBS\u0141UGA DZIA\u0141ALNO\u015aCI&nbsp;GOSPODARCZEJ\"}]},{\"@type\":\"WebSite\",\"@id\":\"https:\/\/ilc-poland.com\/pl\/#website\",\"url\":\"https:\/\/ilc-poland.com\/pl\/\",\"name\":\"International Legal Consulting Poland\",\"description\":\"a law firm presented by Emilia Di Salvo\",\"publisher\":{\"@id\":\"https:\/\/ilc-poland.com\/pl\/#organization\"},\"potentialAction\":[{\"@type\":\"SearchAction\",\"target\":{\"@type\":\"EntryPoint\",\"urlTemplate\":\"https:\/\/ilc-poland.com\/pl\/?s={search_term_string}\"},\"query-input\":\"required name=search_term_string\"}],\"inLanguage\":\"it-IT\"},{\"@type\":\"Organization\",\"@id\":\"https:\/\/ilc-poland.com\/pl\/#organization\",\"name\":\"International Legal Consulting Poland\",\"url\":\"https:\/\/ilc-poland.com\/pl\/\",\"logo\":{\"@type\":\"ImageObject\",\"inLanguage\":\"it-IT\",\"@id\":\"https:\/\/ilc-poland.com\/pl\/#\/schema\/logo\/image\/\",\"url\":\"https:\/\/ilc-poland.com\/wp-content\/uploads\/2013\/02\/logo_text_med.png\",\"contentUrl\":\"https:\/\/ilc-poland.com\/wp-content\/uploads\/2013\/02\/logo_text_med.png\",\"width\":200,\"height\":93,\"caption\":\"International Legal Consulting Poland\"},\"image\":{\"@id\":\"https:\/\/ilc-poland.com\/pl\/#\/schema\/logo\/image\/\"},\"sameAs\":[\"https:\/\/www.linkedin.com\/in\/emiliadisalvo\/\"]}]}<\/script>\n<!-- \/ Yoast SEO plugin. -->","yoast_head_json":{"title":"DIRITTO&nbsp;COMMERCIALE e SOCIETARIO - International Legal Consulting Poland","robots":{"index":"index","follow":"follow","max-snippet":"max-snippet:-1","max-image-preview":"max-image-preview:large","max-video-preview":"max-video-preview:-1"},"canonical":"https:\/\/ilc-poland.com\/pl\/entrepreneurs\/company-law-and-business-support\/","og_locale":"it_IT","og_type":"article","og_title":"DIRITTO&nbsp;COMMERCIALE e SOCIETARIO - International Legal Consulting Poland","og_description":"Offriamo servizi di consulenza professionale alle aziende, fin dal loro avvio attraverso servizi legali completi in ogni fase dell&#8217;attivit\u00e0. I nostri servizi legali in questo settore comprendono, in particolare: consulenza sulla scelta ottimale della forma giuridica dell&#8217;attivit\u00e0 in Polonia; creazione e registrazione di societ\u00e0, agenzie &hellip; continua...","og_url":"https:\/\/ilc-poland.com\/pl\/entrepreneurs\/company-law-and-business-support\/","og_site_name":"International Legal Consulting Poland","article_modified_time":"2014-01-15T19:44:47+00:00","og_image":[{"url":"http:\/\/ilc-poland.com\/wp-content\/uploads\/2013\/02\/39242095.jpg"}],"twitter_card":"summary_large_image","twitter_misc":{"Tempo di lettura stimato":"4 minuti"},"schema":{"@context":"https:\/\/schema.org","@graph":[{"@type":"WebPage","@id":"https:\/\/ilc-poland.com\/pl\/entrepreneurs\/company-law-and-business-support\/","url":"https:\/\/ilc-poland.com\/pl\/entrepreneurs\/company-law-and-business-support\/","name":"[:en]COMPANY&nbsp;LAW and BUSINESS&nbsp;SUPPORT[:pl]PRAWO&nbsp;SP\u00d3\u0141EK i OBS\u0141UGA DZIA\u0141ALNO\u015aCI&nbsp;GOSPODARCZEJ[:it]DIRITTO&nbsp;COMMERCIALE e SOCIETARIO[:] - International Legal Consulting Poland","isPartOf":{"@id":"https:\/\/ilc-poland.com\/pl\/#website"},"primaryImageOfPage":{"@id":"https:\/\/ilc-poland.com\/pl\/entrepreneurs\/company-law-and-business-support\/#primaryimage"},"image":{"@id":"https:\/\/ilc-poland.com\/pl\/entrepreneurs\/company-law-and-business-support\/#primaryimage"},"thumbnailUrl":"http:\/\/ilc-poland.com\/wp-content\/uploads\/2013\/02\/39242095.jpg","datePublished":"2013-02-01T17:22:19+00:00","dateModified":"2014-01-15T19:44:47+00:00","breadcrumb":{"@id":"https:\/\/ilc-poland.com\/pl\/entrepreneurs\/company-law-and-business-support\/#breadcrumb"},"inLanguage":"it-IT","potentialAction":[{"@type":"ReadAction","target":["https:\/\/ilc-poland.com\/pl\/entrepreneurs\/company-law-and-business-support\/"]}]},{"@type":"ImageObject","inLanguage":"it-IT","@id":"https:\/\/ilc-poland.com\/pl\/entrepreneurs\/company-law-and-business-support\/#primaryimage","url":"http:\/\/ilc-poland.com\/wp-content\/uploads\/2013\/02\/39242095.jpg","contentUrl":"http:\/\/ilc-poland.com\/wp-content\/uploads\/2013\/02\/39242095.jpg"},{"@type":"BreadcrumbList","@id":"https:\/\/ilc-poland.com\/pl\/entrepreneurs\/company-law-and-business-support\/#breadcrumb","itemListElement":[{"@type":"ListItem","position":1,"name":"Home","item":"https:\/\/ilc-poland.com\/pl\/"},{"@type":"ListItem","position":2,"name":"PRZEDSI\u0118BIORCY","item":"https:\/\/ilc-poland.com\/pl\/entrepreneurs\/"},{"@type":"ListItem","position":3,"name":"PRAWO&nbsp;SP\u00d3\u0141EK i OBS\u0141UGA DZIA\u0141ALNO\u015aCI&nbsp;GOSPODARCZEJ"}]},{"@type":"WebSite","@id":"https:\/\/ilc-poland.com\/pl\/#website","url":"https:\/\/ilc-poland.com\/pl\/","name":"International Legal Consulting Poland","description":"a law firm presented by Emilia Di Salvo","publisher":{"@id":"https:\/\/ilc-poland.com\/pl\/#organization"},"potentialAction":[{"@type":"SearchAction","target":{"@type":"EntryPoint","urlTemplate":"https:\/\/ilc-poland.com\/pl\/?s={search_term_string}"},"query-input":"required name=search_term_string"}],"inLanguage":"it-IT"},{"@type":"Organization","@id":"https:\/\/ilc-poland.com\/pl\/#organization","name":"International Legal Consulting Poland","url":"https:\/\/ilc-poland.com\/pl\/","logo":{"@type":"ImageObject","inLanguage":"it-IT","@id":"https:\/\/ilc-poland.com\/pl\/#\/schema\/logo\/image\/","url":"https:\/\/ilc-poland.com\/wp-content\/uploads\/2013\/02\/logo_text_med.png","contentUrl":"https:\/\/ilc-poland.com\/wp-content\/uploads\/2013\/02\/logo_text_med.png","width":200,"height":93,"caption":"International Legal Consulting Poland"},"image":{"@id":"https:\/\/ilc-poland.com\/pl\/#\/schema\/logo\/image\/"},"sameAs":["https:\/\/www.linkedin.com\/in\/emiliadisalvo\/"]}]}},"_links":{"self":[{"href":"https:\/\/ilc-poland.com\/it\/wp-json\/wp\/v2\/pages\/190"}],"collection":[{"href":"https:\/\/ilc-poland.com\/it\/wp-json\/wp\/v2\/pages"}],"about":[{"href":"https:\/\/ilc-poland.com\/it\/wp-json\/wp\/v2\/types\/page"}],"author":[{"embeddable":true,"href":"https:\/\/ilc-poland.com\/it\/wp-json\/wp\/v2\/users\/3"}],"replies":[{"embeddable":true,"href":"https:\/\/ilc-poland.com\/it\/wp-json\/wp\/v2\/comments?post=190"}],"version-history":[{"count":24,"href":"https:\/\/ilc-poland.com\/it\/wp-json\/wp\/v2\/pages\/190\/revisions"}],"predecessor-version":[{"id":1456,"href":"https:\/\/ilc-poland.com\/it\/wp-json\/wp\/v2\/pages\/190\/revisions\/1456"}],"up":[{"embeddable":true,"href":"https:\/\/ilc-poland.com\/it\/wp-json\/wp\/v2\/pages\/10"}],"wp:attachment":[{"href":"https:\/\/ilc-poland.com\/it\/wp-json\/wp\/v2\/media?parent=190"}],"curies":[{"name":"wp","href":"https:\/\/api.w.org\/{rel}","templated":true}]}}