{"id":15,"date":"2013-01-23T20:19:20","date_gmt":"2013-01-23T19:19:20","guid":{"rendered":"http:\/\/ilc-poland.com\/?page_id=15"},"modified":"2014-05-05T09:07:14","modified_gmt":"2014-05-05T08:07:14","slug":"terms-of-cooperation","status":"publish","type":"page","link":"https:\/\/ilc-poland.com\/it\/firma\/terms-of-cooperation\/","title":{"rendered":"MODALITA&#8217; di FATTURAZIONE"},"content":{"rendered":"<p>La nostra tariffa dipende dal tipo di servizio scelto (occasionale o regolare), la complessit\u00e0 del caso e la mole di lavoro richiesta.<\/p>\n<p>Il nostro Studio Legale offre le seguenti modalit\u00e0 di fatturazione:<\/p>\n<h3>Pagamento forfettario per un numero illimitato di ore<\/h3>\n<p>Lo Studio Legale fornisce servizi legali completi ai clienti che desiderano stabilire in anticipo il costo mensile di tali servizi. Questa modalit\u00e0 di fatturazione \u00e8 usata dalla maggior parte dei clienti aziendali. Il contratto di consulenza specificher\u00e0 la remunerazione mensile per i servizi richiesti dal cliente. La mensilit\u00e0 viene concordata in base a diversi fattori quali il tipo di business, la dimensione dell\u2019azienda, la complessit\u00e0 delle questioni legali, il tipo di servizi richiesti ed una stima della quantit\u00e0 di casi che potrebbero essere commissionati mensilmente.<\/p>\n<h3>Pagamento forfettario per un numero limitato di ore<\/h3>\n<p>Questo metodo si preferisce in quelle situazione in cui si prevede un numero costante di ore di lavoro mensili. Ci si accorda su una quota fissa mensile; nel caso si ecceda il limite mensile stabilito, il valore del servizio in eccesso sar\u00e0 tariffato su base oraria come da condizioni contrattuali.<\/p>\n<h3>Tariffa oraria<\/h3>\n<p>In questo caso la renumerazione per i servizi legali forniti \u00e8 calcolata in base al tempo impiegato ed alla tariffa oraria concordata con il cliente.<\/p>\n<h3>Tariffa fissa<\/h3>\n<p>Un compenso fisso viene calcolato in anticipo ed al cliente non si richiede alcun pagamento aggiuntivo. Questo metodo \u00e8 comunemente usato per commisioni singole come due diligence, redazione di contratti, rappresentazione in procedimenti legali, registrazione di attivit\u00e0 commerciali o modifiche presso il Registro delle Imprese.<\/p>\n<h3>Compenso legato ai risultati<\/h3>\n<p>In alcuni casi i nostri avvocati lavorano per un onorario minimo stabilito dalla regolamentazione del Ministero di Giustizia al quale si aggiunge un premio al raggiungimento di una risoluzione del caso favorevole al cliente.<\/p>\n<p>Siamo consapevoli che un sistema di tariffazione rigido non pu\u00f2 adeguarsi ad ogni situazione, a causa della diversa natura dei casi. Per tale motivo, nel determinare il costo di ogni servizio, terremo in considerazione ogni aspetto delle necessit\u00e0 del cliente. In ogni caso, perseguiremo il raggiungimento di un accordo mutualmente soddisfacente.<\/p>\n<h4><strong>Forniamo anche gratuitamente e confidenzialmente una valutazione iniziale per ogni caso sottopostoci come base per un\u2019ulteriore cooperazione.<\/strong><\/h4>\n<p><\/p>","protected":false},"excerpt":{"rendered":"<p>La nostra tariffa dipende dal tipo di servizio scelto (occasionale o regolare), la complessit\u00e0 del caso e la mole di lavoro richiesta. Il nostro Studio Legale offre le seguenti modalit\u00e0 di fatturazione: Pagamento forfettario per un numero illimitato di ore Lo Studio Legale fornisce servizi <span class=\"ellipsis\">&hellip;<\/span> <span class=\"more-link-wrap\"><a href=\"https:\/\/ilc-poland.com\/it\/firma\/terms-of-cooperation\/\" class=\"more-link\"><span>continua&#8230;<\/span><\/a><\/span><\/p>\n","protected":false},"author":2,"featured_media":0,"parent":57,"menu_order":95,"comment_status":"closed","ping_status":"closed","template":"","meta":{"footnotes":""},"yoast_head":"<!-- This site is optimized with the Yoast SEO plugin v22.9 - https:\/\/yoast.com\/wordpress\/plugins\/seo\/ -->\n<title>MODALITA&#039; di FATTURAZIONE - International Legal Consulting Poland<\/title>\n<meta name=\"robots\" content=\"index, follow, max-snippet:-1, max-image-preview:large, max-video-preview:-1\" \/>\n<link rel=\"canonical\" href=\"https:\/\/ilc-poland.com\/firma\/terms-of-cooperation\/\" \/>\n<meta property=\"og:locale\" content=\"it_IT\" \/>\n<meta property=\"og:type\" content=\"article\" \/>\n<meta property=\"og:title\" content=\"MODALITA&#039; di FATTURAZIONE - International Legal Consulting Poland\" \/>\n<meta property=\"og:description\" content=\"La nostra tariffa dipende dal tipo di servizio scelto (occasionale o regolare), la complessit\u00e0 del caso e la mole di lavoro richiesta. Il nostro Studio Legale offre le seguenti modalit\u00e0 di fatturazione: Pagamento forfettario per un numero illimitato di ore Lo Studio Legale fornisce servizi &hellip; continua...\" \/>\n<meta property=\"og:url\" content=\"https:\/\/ilc-poland.com\/firma\/terms-of-cooperation\/\" \/>\n<meta property=\"og:site_name\" content=\"International Legal Consulting Poland\" \/>\n<meta property=\"article:modified_time\" content=\"2014-05-05T08:07:14+00:00\" \/>\n<meta name=\"twitter:card\" content=\"summary_large_image\" \/>\n<meta name=\"twitter:label1\" content=\"Tempo di lettura stimato\" \/>\n\t<meta name=\"twitter:data1\" content=\"6 minuti\" \/>\n<script type=\"application\/ld+json\" class=\"yoast-schema-graph\">{\"@context\":\"https:\/\/schema.org\",\"@graph\":[{\"@type\":\"WebPage\",\"@id\":\"https:\/\/ilc-poland.com\/firma\/terms-of-cooperation\/\",\"url\":\"https:\/\/ilc-poland.com\/firma\/terms-of-cooperation\/\",\"name\":\"[:en]TERMS and CONDITIONS[:pl]ZASADY WSP\u00d3\u0141PRACY[:it]MODALITA' di FATTURAZIONE[:] - International Legal Consulting Poland\",\"isPartOf\":{\"@id\":\"https:\/\/ilc-poland.com\/pl\/#website\"},\"datePublished\":\"2013-01-23T19:19:20+00:00\",\"dateModified\":\"2014-05-05T08:07:14+00:00\",\"breadcrumb\":{\"@id\":\"https:\/\/ilc-poland.com\/firma\/terms-of-cooperation\/#breadcrumb\"},\"inLanguage\":\"it-IT\",\"potentialAction\":[{\"@type\":\"ReadAction\",\"target\":[\"https:\/\/ilc-poland.com\/firma\/terms-of-cooperation\/\"]}]},{\"@type\":\"BreadcrumbList\",\"@id\":\"https:\/\/ilc-poland.com\/firma\/terms-of-cooperation\/#breadcrumb\",\"itemListElement\":[{\"@type\":\"ListItem\",\"position\":1,\"name\":\"Home\",\"item\":\"https:\/\/ilc-poland.com\/pl\/\"},{\"@type\":\"ListItem\",\"position\":2,\"name\":\"KANCELARIA\",\"item\":\"https:\/\/ilc-poland.com\/pl\/\"},{\"@type\":\"ListItem\",\"position\":3,\"name\":\"TERMS and CONDITIONS\"}]},{\"@type\":\"WebSite\",\"@id\":\"https:\/\/ilc-poland.com\/pl\/#website\",\"url\":\"https:\/\/ilc-poland.com\/pl\/\",\"name\":\"International Legal Consulting Poland\",\"description\":\"a law firm presented by Emilia Di Salvo\",\"publisher\":{\"@id\":\"https:\/\/ilc-poland.com\/pl\/#organization\"},\"potentialAction\":[{\"@type\":\"SearchAction\",\"target\":{\"@type\":\"EntryPoint\",\"urlTemplate\":\"https:\/\/ilc-poland.com\/pl\/?s={search_term_string}\"},\"query-input\":\"required name=search_term_string\"}],\"inLanguage\":\"it-IT\"},{\"@type\":\"Organization\",\"@id\":\"https:\/\/ilc-poland.com\/pl\/#organization\",\"name\":\"International Legal Consulting Poland\",\"url\":\"https:\/\/ilc-poland.com\/pl\/\",\"logo\":{\"@type\":\"ImageObject\",\"inLanguage\":\"it-IT\",\"@id\":\"https:\/\/ilc-poland.com\/pl\/#\/schema\/logo\/image\/\",\"url\":\"https:\/\/ilc-poland.com\/wp-content\/uploads\/2013\/02\/logo_text_med.png\",\"contentUrl\":\"https:\/\/ilc-poland.com\/wp-content\/uploads\/2013\/02\/logo_text_med.png\",\"width\":200,\"height\":93,\"caption\":\"International Legal Consulting Poland\"},\"image\":{\"@id\":\"https:\/\/ilc-poland.com\/pl\/#\/schema\/logo\/image\/\"},\"sameAs\":[\"https:\/\/www.linkedin.com\/in\/emiliadisalvo\/\"]}]}<\/script>\n<!-- \/ Yoast SEO plugin. -->","yoast_head_json":{"title":"MODALITA' di FATTURAZIONE - International Legal Consulting Poland","robots":{"index":"index","follow":"follow","max-snippet":"max-snippet:-1","max-image-preview":"max-image-preview:large","max-video-preview":"max-video-preview:-1"},"canonical":"https:\/\/ilc-poland.com\/firma\/terms-of-cooperation\/","og_locale":"it_IT","og_type":"article","og_title":"MODALITA' di FATTURAZIONE - International Legal Consulting Poland","og_description":"La nostra tariffa dipende dal tipo di servizio scelto (occasionale o regolare), la complessit\u00e0 del caso e la mole di lavoro richiesta. Il nostro Studio Legale offre le seguenti modalit\u00e0 di fatturazione: Pagamento forfettario per un numero illimitato di ore Lo Studio Legale fornisce servizi &hellip; continua...","og_url":"https:\/\/ilc-poland.com\/firma\/terms-of-cooperation\/","og_site_name":"International Legal Consulting Poland","article_modified_time":"2014-05-05T08:07:14+00:00","twitter_card":"summary_large_image","twitter_misc":{"Tempo di lettura stimato":"6 minuti"},"schema":{"@context":"https:\/\/schema.org","@graph":[{"@type":"WebPage","@id":"https:\/\/ilc-poland.com\/firma\/terms-of-cooperation\/","url":"https:\/\/ilc-poland.com\/firma\/terms-of-cooperation\/","name":"[:en]TERMS and CONDITIONS[:pl]ZASADY WSP\u00d3\u0141PRACY[:it]MODALITA' di FATTURAZIONE[:] - International Legal Consulting Poland","isPartOf":{"@id":"https:\/\/ilc-poland.com\/pl\/#website"},"datePublished":"2013-01-23T19:19:20+00:00","dateModified":"2014-05-05T08:07:14+00:00","breadcrumb":{"@id":"https:\/\/ilc-poland.com\/firma\/terms-of-cooperation\/#breadcrumb"},"inLanguage":"it-IT","potentialAction":[{"@type":"ReadAction","target":["https:\/\/ilc-poland.com\/firma\/terms-of-cooperation\/"]}]},{"@type":"BreadcrumbList","@id":"https:\/\/ilc-poland.com\/firma\/terms-of-cooperation\/#breadcrumb","itemListElement":[{"@type":"ListItem","position":1,"name":"Home","item":"https:\/\/ilc-poland.com\/pl\/"},{"@type":"ListItem","position":2,"name":"KANCELARIA","item":"https:\/\/ilc-poland.com\/pl\/"},{"@type":"ListItem","position":3,"name":"TERMS and CONDITIONS"}]},{"@type":"WebSite","@id":"https:\/\/ilc-poland.com\/pl\/#website","url":"https:\/\/ilc-poland.com\/pl\/","name":"International Legal Consulting Poland","description":"a law firm presented by Emilia Di Salvo","publisher":{"@id":"https:\/\/ilc-poland.com\/pl\/#organization"},"potentialAction":[{"@type":"SearchAction","target":{"@type":"EntryPoint","urlTemplate":"https:\/\/ilc-poland.com\/pl\/?s={search_term_string}"},"query-input":"required name=search_term_string"}],"inLanguage":"it-IT"},{"@type":"Organization","@id":"https:\/\/ilc-poland.com\/pl\/#organization","name":"International Legal Consulting Poland","url":"https:\/\/ilc-poland.com\/pl\/","logo":{"@type":"ImageObject","inLanguage":"it-IT","@id":"https:\/\/ilc-poland.com\/pl\/#\/schema\/logo\/image\/","url":"https:\/\/ilc-poland.com\/wp-content\/uploads\/2013\/02\/logo_text_med.png","contentUrl":"https:\/\/ilc-poland.com\/wp-content\/uploads\/2013\/02\/logo_text_med.png","width":200,"height":93,"caption":"International Legal Consulting Poland"},"image":{"@id":"https:\/\/ilc-poland.com\/pl\/#\/schema\/logo\/image\/"},"sameAs":["https:\/\/www.linkedin.com\/in\/emiliadisalvo\/"]}]}},"_links":{"self":[{"href":"https:\/\/ilc-poland.com\/it\/wp-json\/wp\/v2\/pages\/15"}],"collection":[{"href":"https:\/\/ilc-poland.com\/it\/wp-json\/wp\/v2\/pages"}],"about":[{"href":"https:\/\/ilc-poland.com\/it\/wp-json\/wp\/v2\/types\/page"}],"author":[{"embeddable":true,"href":"https:\/\/ilc-poland.com\/it\/wp-json\/wp\/v2\/users\/2"}],"replies":[{"embeddable":true,"href":"https:\/\/ilc-poland.com\/it\/wp-json\/wp\/v2\/comments?post=15"}],"version-history":[{"count":46,"href":"https:\/\/ilc-poland.com\/it\/wp-json\/wp\/v2\/pages\/15\/revisions"}],"predecessor-version":[{"id":1475,"href":"https:\/\/ilc-poland.com\/it\/wp-json\/wp\/v2\/pages\/15\/revisions\/1475"}],"up":[{"embeddable":true,"href":"https:\/\/ilc-poland.com\/it\/wp-json\/wp\/v2\/pages\/57"}],"wp:attachment":[{"href":"https:\/\/ilc-poland.com\/it\/wp-json\/wp\/v2\/media?parent=15"}],"curies":[{"name":"wp","href":"https:\/\/api.w.org\/{rel}","templated":true}]}}