{"id":14,"date":"2013-01-23T20:19:05","date_gmt":"2013-01-23T19:19:05","guid":{"rendered":"http:\/\/ilc-poland.com\/?page_id=14"},"modified":"2023-12-31T00:12:34","modified_gmt":"2023-12-30T23:12:34","slug":"our-team","status":"publish","type":"page","link":"https:\/\/ilc-poland.com\/it\/firma\/our-team\/","title":{"rendered":"IL NOSTRO TEAM"},"content":{"rendered":"<p>Il nostro Studio legale \u00e8 costituito da specialisti in diversi settori del diritto la cui competenza ed esperienza garantiscono ai nostri clienti una completa assistenza legale.<\/p>\n<h2>Emilia Di Salvo, Partner<\/h2>\n<p><img loading=\"lazy\" decoding=\"async\" class=\"alignleft size-full wp-image-1155\" alt=\"Emilia Di Salvo\" src=\"https:\/\/ilc-poland.com\/wp-content\/uploads\/2013\/05\/emilia-mini.jpg\" width=\"150\" height=\"200\" \/>Emilia Di Salvo \u00e8 un avvocato iscritto all\u2019Ordine degli Avvocati di Varsavia. E\u2019 specializzata nel contenzioso a livello nazionale ed internazionale tra imprese, nel diritto immobiliare, contrattualistica commerciale internazionale e nell\u2019assistenza alle aziende per la realizzazione di progetti di rilevante entit\u00e0, in particolare progetti basati sulle Condizioni Contrattuali FIDIC nel settore delle costruzioni. La sua esperienza include procedimenti relativi a complessi investimenti commerciali, con particolare attenzione alle problematiche di natura internazionale. Si occupa anche di contenziosi e negoziazioni di carettere internazionale nel settore del diritto familiare e della custodia dei minori.<\/p>\n<p>In precedenza ha maturato una rilevante esperienza professionale nella filiale polacca dello Studio legale associato White &#038; Case presso la quale ha fornito assistenza legale a importanti aziende nazionali ed internazionali. Ha cooperato anche con diversi studi legali di Varsavia.<\/p>\n<p>Ha inoltre approfondito la conoscenza dei principi fondamentali della common law avendo frequentato con successo un corso specializzato in diritto americano presso il Center for American Law Studies, organizzato dalla University of Florida Levin College ed un corso specializzato in diritto Inglese presso il British Centre for English and European Legal Studies, organizzato dalla Cambridge University.<\/p>\n<h3>Aree di attivit\u00e0<\/h3>\n<ul>\n<li>contenzioso ed arbitrato;<\/li>\n<li>contrattualistica commerciale internazionale;<\/li>\n<li>diritto commerciale e societario;<\/li>\n<li>diritto fallimentare e ristrutturazione del debito;<\/li>\n<li>recupero crediti;<\/li>\n<li>diritto delle costruzioni;<\/li>\n<li>diritto immobiliare;<\/li>\n<li>diritto di famiglia;<\/li>\n<li>diritto del lavoro.<\/li>\n<\/ul>\n<h3>Studi<\/h3>\n<ul>\n<li>Laurea summa cum laude in Giurisprudenza presso l\u2019Universit\u00e0 di Varsavia, 2006<\/li>\n<li>Programma Socrates-Erasmus presso la Facolt\u00e0 di Giurisprudenza dell\u2019Universit\u00e0 degli Studi di Parma, 2004-2005<\/li>\n<li>Corso specializzato in diritto americano presso il Center for American Law Studies, University of Florida Levin College of Law, 2003-2004<\/li>\n<li>Corso specializzato di diritto inglese presso il British Centre for English and European Legal Studies, Cambridge University, 2002-2004<\/li>\n<\/ul>\n<h3>Lingue<\/h3>\n<p>Polacco (madrelingua), italiano, inglese<\/p>\n<h2>Bartosz Ka\u0142du\u0144ski, Avvocato<\/h2>\n<p><img loading=\"lazy\" decoding=\"async\" class=\"alignleft size-full wp-image-1503\" alt=\"Bartosz Kaldunski\" src=\"https:\/\/ilc-poland.com\/wp-content\/uploads\/2014\/11\/Bartosz_Kaldunski.jpg\" width=\"150\" height=\"200\" \/>Bartosz Ka\u0142du\u0144ski \u00e8 un avvocato iscritto all\u2019Ordine degli Avvocati di Varsavia. La sua esperienza include il diritto delle assicurazioni, i contratti commerciali, il diritto commerciale e societario e gli investimenti immobiliari.<\/p>\n<p>In particolare, si occupa di contenzioso e di arbitrati internazionali. Fornisce assistenza ai clienti nelle controversie aziendali. Inoltre, si occupa di recupero crediti per conto di clienti locali e stranieri e richieste di risarcimento per danni personali. L\u2019avvocato Bartosz Ka\u0142du\u0144ski fornisce anche assistanza legale nell\u2019ambito del diritto di famiglia, del lavoro e della previdenza sociale, nonch\u00e9 di diritto civile.<\/p>\n<p>In precedenza ha cooperato con diversi importanti studi legali di Varsavia ed una societ\u00e0 di assicurazioni. Per diversi anni \u00e8 stato consulente legale principale presso il consiglio d\u2019amministrazione di uno dei fondi di investimento di Varsavia e di una societ\u00e0 di spedizioni leader di mercato. Parla fluentemente inglese ed ha conseguito l\u2019International Legal English Certificate.<\/p>\n<h3>Aree di attivit\u00e0<\/h3>\n<ul>\n<li>diritto delle assicurazioni;<\/li>\n<li>incidenti stradali;<\/li>\n<li>diritto di famiglia;<\/li>\n<li>diritto commerciale e societario;<\/li>\n<li>contenzioso ed arbitrato;<\/li>\n<li>diritto del lavoro;<\/li>\n<li>recupero crediti;<\/li>\n<li>diritto nell\u2019edilizia.<\/li>\n<\/ul>\n<h3>Studi<\/h3>\n<ul>\n<li>Laurea magistrale in Giurisprudenza presso l&#8217;Universit\u00e0 M. Kopernik di Torun, 2005<\/li>\n<li>Studi post-laurea presso il Center for European Studies di Torun<\/li>\n<li>Iscritto all\u2019albo degli avvocati di Varsavia<\/li>\n<\/ul>\n<h3><b>Lingue<\/b><\/h3>\n<p>Polacco (madrelingua), inglese<\/p>","protected":false},"excerpt":{"rendered":"<p>Il nostro Studio legale \u00e8 costituito da specialisti in diversi settori del diritto la cui competenza ed esperienza garantiscono ai nostri clienti una completa assistenza legale. Emilia Di Salvo, Partner Emilia Di Salvo \u00e8 un avvocato iscritto all\u2019Ordine degli Avvocati di Varsavia. E\u2019 specializzata nel <span class=\"ellipsis\">&hellip;<\/span> <span class=\"more-link-wrap\"><a href=\"https:\/\/ilc-poland.com\/it\/firma\/our-team\/\" class=\"more-link\"><span>continua&#8230;<\/span><\/a><\/span><\/p>\n","protected":false},"author":2,"featured_media":0,"parent":57,"menu_order":80,"comment_status":"closed","ping_status":"closed","template":"","meta":{"footnotes":""},"yoast_head":"<!-- This site is optimized with the Yoast SEO plugin v22.9 - https:\/\/yoast.com\/wordpress\/plugins\/seo\/ -->\n<title>IL NOSTRO TEAM - International Legal Consulting Poland<\/title>\n<meta name=\"robots\" content=\"index, follow, max-snippet:-1, max-image-preview:large, max-video-preview:-1\" \/>\n<link rel=\"canonical\" href=\"https:\/\/ilc-poland.com\/firma\/our-team\/\" \/>\n<meta property=\"og:locale\" content=\"it_IT\" \/>\n<meta property=\"og:type\" content=\"article\" \/>\n<meta property=\"og:title\" content=\"IL NOSTRO TEAM - International Legal Consulting Poland\" \/>\n<meta property=\"og:description\" content=\"Il nostro Studio legale \u00e8 costituito da specialisti in diversi settori del diritto la cui competenza ed esperienza garantiscono ai nostri clienti una completa assistenza legale. Emilia Di Salvo, Partner Emilia Di Salvo \u00e8 un avvocato iscritto all\u2019Ordine degli Avvocati di Varsavia. E\u2019 specializzata nel &hellip; continua...\" \/>\n<meta property=\"og:url\" content=\"https:\/\/ilc-poland.com\/firma\/our-team\/\" \/>\n<meta property=\"og:site_name\" content=\"International Legal Consulting Poland\" \/>\n<meta property=\"article:modified_time\" content=\"2023-12-30T23:12:34+00:00\" \/>\n<meta property=\"og:image\" content=\"https:\/\/ilc-poland.com\/wp-content\/uploads\/2013\/05\/emilia-mini.jpg\" \/>\n<meta name=\"twitter:card\" content=\"summary_large_image\" \/>\n<meta name=\"twitter:label1\" content=\"Tempo di lettura stimato\" \/>\n\t<meta name=\"twitter:data1\" content=\"3 minuti\" \/>\n<script type=\"application\/ld+json\" class=\"yoast-schema-graph\">{\"@context\":\"https:\/\/schema.org\",\"@graph\":[{\"@type\":\"WebPage\",\"@id\":\"https:\/\/ilc-poland.com\/firma\/our-team\/\",\"url\":\"https:\/\/ilc-poland.com\/firma\/our-team\/\",\"name\":\"[:en]OUR TEAM[:pl]ZESP\u00d3\u0141[:it]IL NOSTRO TEAM[:] - International Legal Consulting Poland\",\"isPartOf\":{\"@id\":\"https:\/\/ilc-poland.com\/pl\/#website\"},\"primaryImageOfPage\":{\"@id\":\"https:\/\/ilc-poland.com\/firma\/our-team\/#primaryimage\"},\"image\":{\"@id\":\"https:\/\/ilc-poland.com\/firma\/our-team\/#primaryimage\"},\"thumbnailUrl\":\"https:\/\/ilc-poland.com\/wp-content\/uploads\/2013\/05\/emilia-mini.jpg\",\"datePublished\":\"2013-01-23T19:19:05+00:00\",\"dateModified\":\"2023-12-30T23:12:34+00:00\",\"breadcrumb\":{\"@id\":\"https:\/\/ilc-poland.com\/firma\/our-team\/#breadcrumb\"},\"inLanguage\":\"it-IT\",\"potentialAction\":[{\"@type\":\"ReadAction\",\"target\":[\"https:\/\/ilc-poland.com\/firma\/our-team\/\"]}]},{\"@type\":\"ImageObject\",\"inLanguage\":\"it-IT\",\"@id\":\"https:\/\/ilc-poland.com\/firma\/our-team\/#primaryimage\",\"url\":\"https:\/\/ilc-poland.com\/wp-content\/uploads\/2013\/05\/emilia-mini.jpg\",\"contentUrl\":\"https:\/\/ilc-poland.com\/wp-content\/uploads\/2013\/05\/emilia-mini.jpg\"},{\"@type\":\"BreadcrumbList\",\"@id\":\"https:\/\/ilc-poland.com\/firma\/our-team\/#breadcrumb\",\"itemListElement\":[{\"@type\":\"ListItem\",\"position\":1,\"name\":\"Home\",\"item\":\"https:\/\/ilc-poland.com\/pl\/\"},{\"@type\":\"ListItem\",\"position\":2,\"name\":\"KANCELARIA\",\"item\":\"https:\/\/ilc-poland.com\/pl\/\"},{\"@type\":\"ListItem\",\"position\":3,\"name\":\"OUR TEAM\"}]},{\"@type\":\"WebSite\",\"@id\":\"https:\/\/ilc-poland.com\/pl\/#website\",\"url\":\"https:\/\/ilc-poland.com\/pl\/\",\"name\":\"International Legal Consulting Poland\",\"description\":\"a law firm presented by Emilia Di Salvo\",\"publisher\":{\"@id\":\"https:\/\/ilc-poland.com\/pl\/#organization\"},\"potentialAction\":[{\"@type\":\"SearchAction\",\"target\":{\"@type\":\"EntryPoint\",\"urlTemplate\":\"https:\/\/ilc-poland.com\/pl\/?s={search_term_string}\"},\"query-input\":\"required name=search_term_string\"}],\"inLanguage\":\"it-IT\"},{\"@type\":\"Organization\",\"@id\":\"https:\/\/ilc-poland.com\/pl\/#organization\",\"name\":\"International Legal Consulting Poland\",\"url\":\"https:\/\/ilc-poland.com\/pl\/\",\"logo\":{\"@type\":\"ImageObject\",\"inLanguage\":\"it-IT\",\"@id\":\"https:\/\/ilc-poland.com\/pl\/#\/schema\/logo\/image\/\",\"url\":\"https:\/\/ilc-poland.com\/wp-content\/uploads\/2013\/02\/logo_text_med.png\",\"contentUrl\":\"https:\/\/ilc-poland.com\/wp-content\/uploads\/2013\/02\/logo_text_med.png\",\"width\":200,\"height\":93,\"caption\":\"International Legal Consulting Poland\"},\"image\":{\"@id\":\"https:\/\/ilc-poland.com\/pl\/#\/schema\/logo\/image\/\"},\"sameAs\":[\"https:\/\/www.linkedin.com\/in\/emiliadisalvo\/\"]}]}<\/script>\n<!-- \/ Yoast SEO plugin. -->","yoast_head_json":{"title":"IL NOSTRO TEAM - International Legal Consulting Poland","robots":{"index":"index","follow":"follow","max-snippet":"max-snippet:-1","max-image-preview":"max-image-preview:large","max-video-preview":"max-video-preview:-1"},"canonical":"https:\/\/ilc-poland.com\/firma\/our-team\/","og_locale":"it_IT","og_type":"article","og_title":"IL NOSTRO TEAM - International Legal Consulting Poland","og_description":"Il nostro Studio legale \u00e8 costituito da specialisti in diversi settori del diritto la cui competenza ed esperienza garantiscono ai nostri clienti una completa assistenza legale. Emilia Di Salvo, Partner Emilia Di Salvo \u00e8 un avvocato iscritto all\u2019Ordine degli Avvocati di Varsavia. E\u2019 specializzata nel &hellip; continua...","og_url":"https:\/\/ilc-poland.com\/firma\/our-team\/","og_site_name":"International Legal Consulting Poland","article_modified_time":"2023-12-30T23:12:34+00:00","og_image":[{"url":"https:\/\/ilc-poland.com\/wp-content\/uploads\/2013\/05\/emilia-mini.jpg"}],"twitter_card":"summary_large_image","twitter_misc":{"Tempo di lettura stimato":"3 minuti"},"schema":{"@context":"https:\/\/schema.org","@graph":[{"@type":"WebPage","@id":"https:\/\/ilc-poland.com\/firma\/our-team\/","url":"https:\/\/ilc-poland.com\/firma\/our-team\/","name":"[:en]OUR TEAM[:pl]ZESP\u00d3\u0141[:it]IL NOSTRO TEAM[:] - International Legal Consulting Poland","isPartOf":{"@id":"https:\/\/ilc-poland.com\/pl\/#website"},"primaryImageOfPage":{"@id":"https:\/\/ilc-poland.com\/firma\/our-team\/#primaryimage"},"image":{"@id":"https:\/\/ilc-poland.com\/firma\/our-team\/#primaryimage"},"thumbnailUrl":"https:\/\/ilc-poland.com\/wp-content\/uploads\/2013\/05\/emilia-mini.jpg","datePublished":"2013-01-23T19:19:05+00:00","dateModified":"2023-12-30T23:12:34+00:00","breadcrumb":{"@id":"https:\/\/ilc-poland.com\/firma\/our-team\/#breadcrumb"},"inLanguage":"it-IT","potentialAction":[{"@type":"ReadAction","target":["https:\/\/ilc-poland.com\/firma\/our-team\/"]}]},{"@type":"ImageObject","inLanguage":"it-IT","@id":"https:\/\/ilc-poland.com\/firma\/our-team\/#primaryimage","url":"https:\/\/ilc-poland.com\/wp-content\/uploads\/2013\/05\/emilia-mini.jpg","contentUrl":"https:\/\/ilc-poland.com\/wp-content\/uploads\/2013\/05\/emilia-mini.jpg"},{"@type":"BreadcrumbList","@id":"https:\/\/ilc-poland.com\/firma\/our-team\/#breadcrumb","itemListElement":[{"@type":"ListItem","position":1,"name":"Home","item":"https:\/\/ilc-poland.com\/pl\/"},{"@type":"ListItem","position":2,"name":"KANCELARIA","item":"https:\/\/ilc-poland.com\/pl\/"},{"@type":"ListItem","position":3,"name":"OUR TEAM"}]},{"@type":"WebSite","@id":"https:\/\/ilc-poland.com\/pl\/#website","url":"https:\/\/ilc-poland.com\/pl\/","name":"International Legal Consulting Poland","description":"a law firm presented by Emilia Di Salvo","publisher":{"@id":"https:\/\/ilc-poland.com\/pl\/#organization"},"potentialAction":[{"@type":"SearchAction","target":{"@type":"EntryPoint","urlTemplate":"https:\/\/ilc-poland.com\/pl\/?s={search_term_string}"},"query-input":"required name=search_term_string"}],"inLanguage":"it-IT"},{"@type":"Organization","@id":"https:\/\/ilc-poland.com\/pl\/#organization","name":"International Legal Consulting Poland","url":"https:\/\/ilc-poland.com\/pl\/","logo":{"@type":"ImageObject","inLanguage":"it-IT","@id":"https:\/\/ilc-poland.com\/pl\/#\/schema\/logo\/image\/","url":"https:\/\/ilc-poland.com\/wp-content\/uploads\/2013\/02\/logo_text_med.png","contentUrl":"https:\/\/ilc-poland.com\/wp-content\/uploads\/2013\/02\/logo_text_med.png","width":200,"height":93,"caption":"International Legal Consulting Poland"},"image":{"@id":"https:\/\/ilc-poland.com\/pl\/#\/schema\/logo\/image\/"},"sameAs":["https:\/\/www.linkedin.com\/in\/emiliadisalvo\/"]}]}},"_links":{"self":[{"href":"https:\/\/ilc-poland.com\/it\/wp-json\/wp\/v2\/pages\/14"}],"collection":[{"href":"https:\/\/ilc-poland.com\/it\/wp-json\/wp\/v2\/pages"}],"about":[{"href":"https:\/\/ilc-poland.com\/it\/wp-json\/wp\/v2\/types\/page"}],"author":[{"embeddable":true,"href":"https:\/\/ilc-poland.com\/it\/wp-json\/wp\/v2\/users\/2"}],"replies":[{"embeddable":true,"href":"https:\/\/ilc-poland.com\/it\/wp-json\/wp\/v2\/comments?post=14"}],"version-history":[{"count":88,"href":"https:\/\/ilc-poland.com\/it\/wp-json\/wp\/v2\/pages\/14\/revisions"}],"predecessor-version":[{"id":1623,"href":"https:\/\/ilc-poland.com\/it\/wp-json\/wp\/v2\/pages\/14\/revisions\/1623"}],"up":[{"embeddable":true,"href":"https:\/\/ilc-poland.com\/it\/wp-json\/wp\/v2\/pages\/57"}],"wp:attachment":[{"href":"https:\/\/ilc-poland.com\/it\/wp-json\/wp\/v2\/media?parent=14"}],"curies":[{"name":"wp","href":"https:\/\/api.w.org\/{rel}","templated":true}]}}