{"id":1197,"date":"2013-06-24T18:29:12","date_gmt":"2013-06-24T17:29:12","guid":{"rendered":"http:\/\/ilc-poland.com\/?page_id=1197"},"modified":"2023-04-24T10:59:01","modified_gmt":"2023-04-24T09:59:01","slug":"privacy-policy","status":"publish","type":"page","link":"https:\/\/ilc-poland.com\/it\/firma\/privacy-policy\/","title":{"rendered":"TRATTAMENTO DEI DATI"},"content":{"rendered":"<p>L&#8217;International Legal Consulting si impegna a proteggere e rispettare la Vostra riservatezza, segue la nostra politica di trattamento dei\u00a0Vostri dati personali.<\/p>\n<p>Nel caso in cui vogliate contattarci tramite l&#8217;apposito <a title=\"CONTACT US\" href=\"http:\/\/ilc-poland.com\/contact-us\/\">modulo<\/a>, il Vostro nome, il Vostro indirizzo di posta elettronica (email) ed il contenuto del Vostro messaggio ci saranno recapitati via email. Queste informazioni sono mantenute private; le conserveremo nei nostri sistemi di gestione delle email al solo scopo di poterVi rispondere.<\/p>\n<p>Nel caso in cui commentiate un articolo pubblicato sul nostro sito, il Vostro nome, il Vostro indirizzo email, il Vostro indirizzo IP ed il Vostro messaggio saranno archiviati nei nostri sistemi. Queste informazioni saranno visibili pubblicamente sul nostro sito ad eccezione del Vostro indirizzo di posta elettronica.<\/p>\n<p>Questo sito utilizza alcuni cookie (dei piccoli file) quando lo consultate. Questi cookie sono usati per un corretto funzionamento del sito; utilizzando il nostro sito ci autorizzate a salvarli sul Vostro computer, consentendoci di continuare a migliorarlo. Puoi gestire l&#8217;archiviazione dei cookie nelle impostazioni del tuo browser, tuttavia il blocco dei nostri cookie potrebbe impedire il corretto funzionamento del sito web.<\/p>\n<p>Non usiamo alcun cookie per raccogliere informazioni personali su di Voi, n\u00e9 le archiviamo o usiamo.<\/p>\n<p>I cookie che usiamo sono i seguenti:<\/p>\n<ul>\n<li>viewed_cookie_policy:\u00a0 questo cookie contiene &#8220;Yes&#8221; (S\u00ec) per memorizzare la vostra accettazione della nostra politica di trattamento dei dati;<\/li>\n<li>qtrans_cookie_test: questo cookie serve a ricordare la Vostra prefenza in merito alla lingua usata nel sito;<\/li>\n<li>wpmp_switcher: questo sito serve a ricordare se preferite la versione per i dispositivi mobili o quella normale del nostro sito;<\/li>\n<li>blog\/post comments: se si scrive un commento sul nostro sito, per esempio in una pagina o in un articolo, dei cookie vengono usati per ricordare la Vostra email, il Vostro nome ed il Vostro sito web per la prossima volta in cui vogliate lasciare un commento;<\/li>\n<li>Google Analytics(*): questi cookie sono utili a capire come la gente usa il nostro sito ed identificare eventuali sezioni da migliorare.<\/li>\n<\/ul>\n<p><em>\u00a0* Questo sito web utilizza Google Analytics, un servizio di analisi web fornito da Google, Inc. (\u201cGoogle\u201d). Google Analytics utilizza dei \u201ccookies\u201d, che sono file di testo che vengono depositati sul Vostro computer per consentire al sito web di analizzare come gli utenti utilizzano il sito. Le informazioni generate dal cookie sull\u2019utilizzo del sito web da parte Vostra (compreso il Vostro indirizzo IP) verranno trasmesse a, e depositate presso i server di Google negli Stati Uniti. Google utilizzer\u00e0 queste informazioni allo scopo di tracciare e esaminare il Vostro utilizzo del sito web, compilare report sulle attivit\u00e0 del sito web per gli operatori del sito web e fornire altri servizi relativi alle attivit\u00e0 del sito web e all\u2019utilizzo di Internet. Google pu\u00f2 anche trasferire queste informazioni a terzi ove ci\u00f2 sia imposto dalla legge o laddove tali terzi trattino le suddette informazioni per conto di Google. Google non assocer\u00e0 il vostro indirizzo IP a nessun altro dato posseduto da Google. Puoi gestire l&#8217;archiviazione dei cookie nelle impostazioni del tuo browser, tuttavia il blocco dei nostri cookie potrebbe impedire il corretto funzionamento del sito web. Utilizzando il presente sito web, voi acconsentite al trattamento dei Vostri dati da parte di Google per le modalit\u00e0 e i fini sopraindicati.\u00a0<\/em><\/p>\n<h3>Quale ente gestisce le informazioni raccolte<\/h3>\n<p>ILC-Poland.com \u00e8 un sito web gestito da International Legal Consulting, uno studio legale con sede in Polonia.<\/p>\n<h3>Come sono usate queste informazioni<\/h3>\n<p>Se avete scelto di condividerlo con noi, useremo il suo indirizzo email per rispondervi. Se il suo indirizzo email \u00e8 stato inserito per lasciare un commento nel nostro blog, esso \u00e8 usato per identificare il Vostro commento ma non \u00e8 visibile pubblicamente sul sito o condiviso con terze parti.<\/p>\n<p>Potremmo usare la vostra email anche per risolvere problemi tecnici o dispute.<\/p>\n<h3>Condivisione delle informazioni<\/h3>\n<p>Non condividiamo i Vostri dati personali o la Vostra email con terze parti.<\/p>\n<h3>Protezione delle Vostre informazioni<\/h3>\n<p>ILC-Poland.com si impegna al meglio per salvaguardare la riservatezza dei dati che possono identificarvi ma non usiamo tecniche di crittografia (come l&#8217;SSL) o firewall per proteggere il trasferimento dei Vostri dati via Internet; non riteniamo che le informazioni che raccogliamo tramite il sito richiedano questo livello di protezione. Occorre essere consapevoli che non esiste la sicurezza totale in Internet.<\/p>\n<h3>Come correggere o rimuovere i vostri dati personali<\/h3>\n<p>Una volta pubblicato, non Vi \u00e8 possibile cambiare o rimuovere alcun commento inserito nel nostro sito. Tuttavia, se desiderate che queste informazioni siano rimosse o modificate, <a title=\"CONTACT US\" href=\"http:\/\/ilc-poland.com\/contact-us\/\">contattateci<\/a> e lo faremo per Voi.<\/p>\n<p>A causa di limitazioni tecniche, pu\u00f2 non essere possibile rimuovere del tutto le Vostre informazioni dal nostro database a seguito della Vostra richiesta di rimozione dei dati. Tuttavia ci impegniamo a rimuovere tutto ci\u00f2 che \u00e8 accessibile pubblicamente.<\/p>\n<p>Se si desidera cambiare la propria preferenza in merito all&#8217;uso dei cookie e per la loro rimozione, fare riferimento alle seguenti istruzioni:<\/p>\n<ul>\n<li>rimuovere o blocca i cookie\u00a0creati da\u00a0ILC-Poland.com seguendo la\u00a0documentazione relativa al vostro browser, ad esempio: <a title=\"rimozione cookie in Internet Explorer\" href=\"http:\/\/support.microsoft.com\/kb\/278835\/it\" target=\"_blank\" rel=\"noopener noreferrer\">Internet Explorer<\/a>, <a title=\"rimozione cookie in FireFox\" href=\"http:\/\/support.mozilla.org\/it\/kb\/Eliminare%20i%20cookie\" target=\"_blank\" rel=\"noopener noreferrer\">Firefox<\/a>, <a title=\"Rimozione cookie in Google Chrome\" href=\"https:\/\/support.google.com\/chrome\/answer\/95647?hl=it\" target=\"_blank\" rel=\"noopener noreferrer\">Google Chrome<\/a>.<\/li>\n<\/ul>\n<h3>Modifica a questa politica di trattamento dei dati personali<\/h3>\n<p>Questa politica di trattamento dei\u00a0dati personali pu\u00f2 subire delle modifica a seguito di modifiche sul nostro sito web che potrebbero influire sul modo in cui gestiamo i\u00a0vostri dati personali. Se si continua ad usare questo sito,\u00a0si assume che tali modifiche siano accettate. Se tali modifche non sono accettate, dovreste interrompere l&#8217;utilizzo del sito\u00a0ILC-Poland.com e contattarci\u00a0se si desidera anche la rimozione dei vostri dati.<\/p>\n<h3>\u00a0Come contattarci<\/h3>\n<p>Perfavore usare l&#8217;apposito <a title=\"CONTACT US\" href=\"http:\/\/ilc-poland.com\/contact-us\/\" target=\"_blank\" rel=\"noopener noreferrer\">modulo<\/a> disponibile in questo sito.<\/p>","protected":false},"excerpt":{"rendered":"<p>L&#8217;International Legal Consulting si impegna a proteggere e rispettare la Vostra riservatezza, segue la nostra politica di trattamento dei\u00a0Vostri dati personali. Nel caso in cui vogliate contattarci tramite l&#8217;apposito modulo, il Vostro nome, il Vostro indirizzo di posta elettronica (email) ed il contenuto del Vostro <span class=\"ellipsis\">&hellip;<\/span> <span class=\"more-link-wrap\"><a href=\"https:\/\/ilc-poland.com\/it\/firma\/privacy-policy\/\" class=\"more-link\"><span>continua&#8230;<\/span><\/a><\/span><\/p>\n","protected":false},"author":1,"featured_media":0,"parent":57,"menu_order":100,"comment_status":"closed","ping_status":"open","template":"","meta":{"footnotes":""},"yoast_head":"<!-- This site is optimized with the Yoast SEO plugin v22.9 - https:\/\/yoast.com\/wordpress\/plugins\/seo\/ -->\n<title>TRATTAMENTO DEI DATI - International Legal Consulting Poland<\/title>\n<meta name=\"robots\" content=\"index, follow, max-snippet:-1, max-image-preview:large, max-video-preview:-1\" \/>\n<link rel=\"canonical\" href=\"https:\/\/ilc-poland.com\/firma\/privacy-policy\/\" \/>\n<meta property=\"og:locale\" content=\"it_IT\" \/>\n<meta property=\"og:type\" content=\"article\" \/>\n<meta property=\"og:title\" content=\"TRATTAMENTO DEI DATI - International Legal Consulting Poland\" \/>\n<meta property=\"og:description\" content=\"L&#8217;International Legal Consulting si impegna a proteggere e rispettare la Vostra riservatezza, segue la nostra politica di trattamento dei\u00a0Vostri dati personali. Nel caso in cui vogliate contattarci tramite l&#8217;apposito modulo, il Vostro nome, il Vostro indirizzo di posta elettronica (email) ed il contenuto del Vostro &hellip; continua...\" \/>\n<meta property=\"og:url\" content=\"https:\/\/ilc-poland.com\/firma\/privacy-policy\/\" \/>\n<meta property=\"og:site_name\" content=\"International Legal Consulting Poland\" \/>\n<meta property=\"article:modified_time\" content=\"2023-04-24T09:59:01+00:00\" \/>\n<meta name=\"twitter:card\" content=\"summary_large_image\" \/>\n<meta name=\"twitter:label1\" content=\"Tempo di lettura stimato\" \/>\n\t<meta name=\"twitter:data1\" content=\"9 minuti\" \/>\n<script type=\"application\/ld+json\" class=\"yoast-schema-graph\">{\"@context\":\"https:\/\/schema.org\",\"@graph\":[{\"@type\":\"WebPage\",\"@id\":\"https:\/\/ilc-poland.com\/firma\/privacy-policy\/\",\"url\":\"https:\/\/ilc-poland.com\/firma\/privacy-policy\/\",\"name\":\"[:en]PRIVACY POLICY[:it]TRATTAMENTO DEI DATI[:] - International Legal Consulting Poland\",\"isPartOf\":{\"@id\":\"https:\/\/ilc-poland.com\/pl\/#website\"},\"datePublished\":\"2013-06-24T17:29:12+00:00\",\"dateModified\":\"2023-04-24T09:59:01+00:00\",\"breadcrumb\":{\"@id\":\"https:\/\/ilc-poland.com\/firma\/privacy-policy\/#breadcrumb\"},\"inLanguage\":\"it-IT\",\"potentialAction\":[{\"@type\":\"ReadAction\",\"target\":[\"https:\/\/ilc-poland.com\/firma\/privacy-policy\/\"]}]},{\"@type\":\"BreadcrumbList\",\"@id\":\"https:\/\/ilc-poland.com\/firma\/privacy-policy\/#breadcrumb\",\"itemListElement\":[{\"@type\":\"ListItem\",\"position\":1,\"name\":\"Home\",\"item\":\"https:\/\/ilc-poland.com\/pl\/\"},{\"@type\":\"ListItem\",\"position\":2,\"name\":\"KANCELARIA\",\"item\":\"https:\/\/ilc-poland.com\/pl\/\"},{\"@type\":\"ListItem\",\"position\":3,\"name\":\"PRIVACY POLICY\"}]},{\"@type\":\"WebSite\",\"@id\":\"https:\/\/ilc-poland.com\/pl\/#website\",\"url\":\"https:\/\/ilc-poland.com\/pl\/\",\"name\":\"International Legal Consulting Poland\",\"description\":\"a law firm presented by Emilia Di Salvo\",\"publisher\":{\"@id\":\"https:\/\/ilc-poland.com\/pl\/#organization\"},\"potentialAction\":[{\"@type\":\"SearchAction\",\"target\":{\"@type\":\"EntryPoint\",\"urlTemplate\":\"https:\/\/ilc-poland.com\/pl\/?s={search_term_string}\"},\"query-input\":\"required name=search_term_string\"}],\"inLanguage\":\"it-IT\"},{\"@type\":\"Organization\",\"@id\":\"https:\/\/ilc-poland.com\/pl\/#organization\",\"name\":\"International Legal Consulting Poland\",\"url\":\"https:\/\/ilc-poland.com\/pl\/\",\"logo\":{\"@type\":\"ImageObject\",\"inLanguage\":\"it-IT\",\"@id\":\"https:\/\/ilc-poland.com\/pl\/#\/schema\/logo\/image\/\",\"url\":\"https:\/\/ilc-poland.com\/wp-content\/uploads\/2013\/02\/logo_text_med.png\",\"contentUrl\":\"https:\/\/ilc-poland.com\/wp-content\/uploads\/2013\/02\/logo_text_med.png\",\"width\":200,\"height\":93,\"caption\":\"International Legal Consulting Poland\"},\"image\":{\"@id\":\"https:\/\/ilc-poland.com\/pl\/#\/schema\/logo\/image\/\"},\"sameAs\":[\"https:\/\/www.linkedin.com\/in\/emiliadisalvo\/\"]}]}<\/script>\n<!-- \/ Yoast SEO plugin. -->","yoast_head_json":{"title":"TRATTAMENTO DEI DATI - International Legal Consulting Poland","robots":{"index":"index","follow":"follow","max-snippet":"max-snippet:-1","max-image-preview":"max-image-preview:large","max-video-preview":"max-video-preview:-1"},"canonical":"https:\/\/ilc-poland.com\/firma\/privacy-policy\/","og_locale":"it_IT","og_type":"article","og_title":"TRATTAMENTO DEI DATI - International Legal Consulting Poland","og_description":"L&#8217;International Legal Consulting si impegna a proteggere e rispettare la Vostra riservatezza, segue la nostra politica di trattamento dei\u00a0Vostri dati personali. Nel caso in cui vogliate contattarci tramite l&#8217;apposito modulo, il Vostro nome, il Vostro indirizzo di posta elettronica (email) ed il contenuto del Vostro &hellip; continua...","og_url":"https:\/\/ilc-poland.com\/firma\/privacy-policy\/","og_site_name":"International Legal Consulting Poland","article_modified_time":"2023-04-24T09:59:01+00:00","twitter_card":"summary_large_image","twitter_misc":{"Tempo di lettura stimato":"9 minuti"},"schema":{"@context":"https:\/\/schema.org","@graph":[{"@type":"WebPage","@id":"https:\/\/ilc-poland.com\/firma\/privacy-policy\/","url":"https:\/\/ilc-poland.com\/firma\/privacy-policy\/","name":"[:en]PRIVACY POLICY[:it]TRATTAMENTO DEI DATI[:] - International Legal Consulting Poland","isPartOf":{"@id":"https:\/\/ilc-poland.com\/pl\/#website"},"datePublished":"2013-06-24T17:29:12+00:00","dateModified":"2023-04-24T09:59:01+00:00","breadcrumb":{"@id":"https:\/\/ilc-poland.com\/firma\/privacy-policy\/#breadcrumb"},"inLanguage":"it-IT","potentialAction":[{"@type":"ReadAction","target":["https:\/\/ilc-poland.com\/firma\/privacy-policy\/"]}]},{"@type":"BreadcrumbList","@id":"https:\/\/ilc-poland.com\/firma\/privacy-policy\/#breadcrumb","itemListElement":[{"@type":"ListItem","position":1,"name":"Home","item":"https:\/\/ilc-poland.com\/pl\/"},{"@type":"ListItem","position":2,"name":"KANCELARIA","item":"https:\/\/ilc-poland.com\/pl\/"},{"@type":"ListItem","position":3,"name":"PRIVACY POLICY"}]},{"@type":"WebSite","@id":"https:\/\/ilc-poland.com\/pl\/#website","url":"https:\/\/ilc-poland.com\/pl\/","name":"International Legal Consulting Poland","description":"a law firm presented by Emilia Di Salvo","publisher":{"@id":"https:\/\/ilc-poland.com\/pl\/#organization"},"potentialAction":[{"@type":"SearchAction","target":{"@type":"EntryPoint","urlTemplate":"https:\/\/ilc-poland.com\/pl\/?s={search_term_string}"},"query-input":"required name=search_term_string"}],"inLanguage":"it-IT"},{"@type":"Organization","@id":"https:\/\/ilc-poland.com\/pl\/#organization","name":"International Legal Consulting Poland","url":"https:\/\/ilc-poland.com\/pl\/","logo":{"@type":"ImageObject","inLanguage":"it-IT","@id":"https:\/\/ilc-poland.com\/pl\/#\/schema\/logo\/image\/","url":"https:\/\/ilc-poland.com\/wp-content\/uploads\/2013\/02\/logo_text_med.png","contentUrl":"https:\/\/ilc-poland.com\/wp-content\/uploads\/2013\/02\/logo_text_med.png","width":200,"height":93,"caption":"International Legal Consulting Poland"},"image":{"@id":"https:\/\/ilc-poland.com\/pl\/#\/schema\/logo\/image\/"},"sameAs":["https:\/\/www.linkedin.com\/in\/emiliadisalvo\/"]}]}},"_links":{"self":[{"href":"https:\/\/ilc-poland.com\/it\/wp-json\/wp\/v2\/pages\/1197"}],"collection":[{"href":"https:\/\/ilc-poland.com\/it\/wp-json\/wp\/v2\/pages"}],"about":[{"href":"https:\/\/ilc-poland.com\/it\/wp-json\/wp\/v2\/types\/page"}],"author":[{"embeddable":true,"href":"https:\/\/ilc-poland.com\/it\/wp-json\/wp\/v2\/users\/1"}],"replies":[{"embeddable":true,"href":"https:\/\/ilc-poland.com\/it\/wp-json\/wp\/v2\/comments?post=1197"}],"version-history":[{"count":30,"href":"https:\/\/ilc-poland.com\/it\/wp-json\/wp\/v2\/pages\/1197\/revisions"}],"predecessor-version":[{"id":1612,"href":"https:\/\/ilc-poland.com\/it\/wp-json\/wp\/v2\/pages\/1197\/revisions\/1612"}],"up":[{"embeddable":true,"href":"https:\/\/ilc-poland.com\/it\/wp-json\/wp\/v2\/pages\/57"}],"wp:attachment":[{"href":"https:\/\/ilc-poland.com\/it\/wp-json\/wp\/v2\/media?parent=1197"}],"curies":[{"name":"wp","href":"https:\/\/api.w.org\/{rel}","templated":true}]}}